{"id":55809,"date":"2026-01-15T12:10:41","date_gmt":"2026-01-15T11:10:41","guid":{"rendered":"https:\/\/ilcrogiuolo.it\/?post_type=product&#038;p=55809"},"modified":"2026-01-15T12:14:29","modified_gmt":"2026-01-15T11:14:29","slug":"mwen-guede-nibo-italian-language","status":"publish","type":"product","link":"https:\/\/ilcrogiuolo.it\/en\/p\/mwen-guede-nibo-italian-language\/","title":{"rendered":"MWEN GUEDE NIBO &#8211; ITALIAN LANGUAGE"},"content":{"rendered":"<p>Un libro raro. Profondo. Pericoloso. Vivo. Guede Nibo non \u00e8 un \u201cpersonaggio folkloristico\u201d. \u00c8 una potenza del Vodou haitiano, uno spirito della soglia, della morte prematura, della trasformazione e della rinascita. In questo libro l\u2019Autore accompagna il lettore dentro il cuore del culto dei Gued\u00e9, spiegando con chiarezza, rispetto e competenza:<\/p>\n<p>Chi sono davvero i Gued\u00e9<\/p>\n<p>Chi \u00e8 Guede Nibo e perch\u00e9 \u00e8 uno spirito cos\u00ec potente e temuto<\/p>\n<p>Il suo legame con Baron Samedi, Maman Brigitte e il mondo dei morti<\/p>\n<p>Il mistero dell\u2019energia masisi e dell\u2019androginit\u00e0 sacra<\/p>\n<p>Come si prepara uno spazio rituale<\/p>\n<p>Le offerte, i cibi sacri, la pim\u00e0n<\/p>\n<p>Rituali completi: protezione, guarigione, fertilit\u00e0, attrazione, denaro, comunicazione con i morti<\/p>\n<p>Polveri, oli, bagni e pratiche tradizionali spiegate senza folklore e senza invenzioni<\/p>\n<p>Questo non \u00e8 un libro new age. Non \u00e8 nemmeno un semplice saggio. \u00c8 un manuale rituale, teologico e simbolico, scritto da chi questa tradizione la pratica davvero.<\/p>\n<p>Il libro apre ad una serie di testi dedicati alle varie entit\u00e0 del Vodou haitiano ed \u00e8 accompagnato da una pergamena che riporta il vev\u00e8 (sigillo rituale) del lw\u00e0 per cimentarsi nelle pratiche illustrate nel testo.<\/p>\n","protected":false},"excerpt":{"rendered":"<p>Un libro raro. Profondo. Pericoloso. Vivo. Guede Nibo non \u00e8 un \u201cpersonaggio folkloristico\u201d. \u00c8 una potenza del Vodou haitiano, uno&#8230;<\/p>\n","protected":false},"featured_media":55806,"template":"","meta":{"_acf_changed":false},"product_brand":[],"product_cat":[1665,1208,1200],"product_tag":[],"class_list":{"0":"post-55809","1":"product","2":"type-product","3":"status-publish","4":"has-post-thumbnail","6":"product_cat-minibooks-collection","7":"product_cat-esoteric-bookshop","8":"product_cat-esoteric-bookstore","10":"first","11":"instock","12":"taxable","13":"shipping-taxable","14":"purchasable","15":"product-type-simple","16":"add-to-wishlist-before_image"},"acf":[],"yoast_head":"<!-- This site is optimized with the Yoast SEO plugin v26.9 - https:\/\/yoast.com\/product\/yoast-seo-wordpress\/ -->\n<title>MWEN GUEDE NIBO - ITALIAN LANGUAGE - Il Crogiuolo<\/title>\n<meta name=\"description\" content=\"MWEN GUEDE NIBO - ITALIAN LANGUAGE Un libro raro. Profondo. Pericoloso. Vivo. Guede Nibo non \u00e8 un \u201cpersonaggio folkloristico\u201d. \u00c8 una potenza del Vodou haitiano, uno spirito della soglia,\" \/>\n<meta name=\"robots\" content=\"index, follow, max-snippet:-1, max-image-preview:large, max-video-preview:-1\" \/>\n<link rel=\"canonical\" href=\"https:\/\/ilcrogiuolo.it\/en\/p\/mwen-guede-nibo-italian-language\/\" \/>\n<meta property=\"og:locale\" content=\"en_US\" \/>\n<meta property=\"og:type\" content=\"article\" \/>\n<meta property=\"og:title\" content=\"MWEN GUEDE NIBO - ITALIAN LANGUAGE - Il Crogiuolo\" \/>\n<meta property=\"og:description\" content=\"MWEN GUEDE NIBO - ITALIAN LANGUAGE Un libro raro. Profondo. Pericoloso. Vivo. Guede Nibo non \u00e8 un \u201cpersonaggio folkloristico\u201d. \u00c8 una potenza del Vodou haitiano, uno spirito della soglia,\" \/>\n<meta property=\"og:url\" content=\"https:\/\/ilcrogiuolo.it\/en\/p\/mwen-guede-nibo-italian-language\/\" \/>\n<meta property=\"og:site_name\" content=\"Il Crogiuolo\" \/>\n<meta property=\"article:publisher\" content=\"https:\/\/www.facebook.com\/Il-Crogiuolo-681876418491758\" \/>\n<meta property=\"article:modified_time\" content=\"2026-01-15T11:14:29+00:00\" \/>\n<meta property=\"og:image\" content=\"https:\/\/ilcrogiuolo.it\/wp-content\/uploads\/2026\/01\/GUEDE-NIBO-GHEDE-GEDE-NIMBO.png\" \/>\n\t<meta property=\"og:image:width\" content=\"1229\" \/>\n\t<meta property=\"og:image:height\" content=\"1248\" \/>\n\t<meta property=\"og:image:type\" content=\"image\/png\" \/>\n<meta name=\"twitter:card\" content=\"summary_large_image\" \/>\n<meta name=\"twitter:label1\" content=\"Est. reading time\" \/>\n\t<meta name=\"twitter:data1\" content=\"2 minutes\" \/>\n<script type=\"application\/ld+json\" class=\"yoast-schema-graph\">{\"@context\":\"https:\/\/schema.org\",\"@graph\":[{\"@type\":\"WebPage\",\"@id\":\"https:\/\/ilcrogiuolo.it\/en\/p\/mwen-guede-nibo-italian-language\/\",\"url\":\"https:\/\/ilcrogiuolo.it\/en\/p\/mwen-guede-nibo-italian-language\/\",\"name\":\"MWEN GUEDE NIBO - ITALIAN LANGUAGE - Il Crogiuolo\",\"isPartOf\":{\"@id\":\"https:\/\/ilcrogiuolo.it\/en\/#website\"},\"primaryImageOfPage\":{\"@id\":\"https:\/\/ilcrogiuolo.it\/en\/p\/mwen-guede-nibo-italian-language\/#primaryimage\"},\"image\":{\"@id\":\"https:\/\/ilcrogiuolo.it\/en\/p\/mwen-guede-nibo-italian-language\/#primaryimage\"},\"thumbnailUrl\":\"https:\/\/ilcrogiuolo.it\/wp-content\/uploads\/2026\/01\/GUEDE-NIBO-GHEDE-GEDE-NIMBO.png\",\"datePublished\":\"2026-01-15T11:10:41+00:00\",\"dateModified\":\"2026-01-15T11:14:29+00:00\",\"description\":\"MWEN GUEDE NIBO - ITALIAN LANGUAGE Un libro raro. Profondo. Pericoloso. Vivo. Guede Nibo non \u00e8 un \u201cpersonaggio folkloristico\u201d. \u00c8 una potenza del Vodou haitiano, uno spirito della soglia,\",\"breadcrumb\":{\"@id\":\"https:\/\/ilcrogiuolo.it\/en\/p\/mwen-guede-nibo-italian-language\/#breadcrumb\"},\"inLanguage\":\"en-US\",\"potentialAction\":[{\"@type\":\"ReadAction\",\"target\":[\"https:\/\/ilcrogiuolo.it\/en\/p\/mwen-guede-nibo-italian-language\/\"]}]},{\"@type\":\"ImageObject\",\"inLanguage\":\"en-US\",\"@id\":\"https:\/\/ilcrogiuolo.it\/en\/p\/mwen-guede-nibo-italian-language\/#primaryimage\",\"url\":\"https:\/\/ilcrogiuolo.it\/wp-content\/uploads\/2026\/01\/GUEDE-NIBO-GHEDE-GEDE-NIMBO.png\",\"contentUrl\":\"https:\/\/ilcrogiuolo.it\/wp-content\/uploads\/2026\/01\/GUEDE-NIBO-GHEDE-GEDE-NIMBO.png\",\"width\":1229,\"height\":1248},{\"@type\":\"BreadcrumbList\",\"@id\":\"https:\/\/ilcrogiuolo.it\/en\/p\/mwen-guede-nibo-italian-language\/#breadcrumb\",\"itemListElement\":[{\"@type\":\"ListItem\",\"position\":1,\"name\":\"Home\",\"item\":\"https:\/\/ilcrogiuolo.it\/en\/\"},{\"@type\":\"ListItem\",\"position\":2,\"name\":\"Shop\",\"item\":\"https:\/\/ilcrogiuolo.it\/en\/shop\/\"},{\"@type\":\"ListItem\",\"position\":3,\"name\":\"MWEN GUEDE NIBO &#8211; ITALIAN LANGUAGE\"}]},{\"@type\":\"WebSite\",\"@id\":\"https:\/\/ilcrogiuolo.it\/en\/#website\",\"url\":\"https:\/\/ilcrogiuolo.it\/en\/\",\"name\":\"Il Crogiuolo\",\"description\":\"\",\"publisher\":{\"@id\":\"https:\/\/ilcrogiuolo.it\/en\/#organization\"},\"potentialAction\":[{\"@type\":\"SearchAction\",\"target\":{\"@type\":\"EntryPoint\",\"urlTemplate\":\"https:\/\/ilcrogiuolo.it\/en\/?s={search_term_string}\"},\"query-input\":{\"@type\":\"PropertyValueSpecification\",\"valueRequired\":true,\"valueName\":\"search_term_string\"}}],\"inLanguage\":\"en-US\"},{\"@type\":\"Organization\",\"@id\":\"https:\/\/ilcrogiuolo.it\/en\/#organization\",\"name\":\"Il Crogiuolo\",\"url\":\"https:\/\/ilcrogiuolo.it\/en\/\",\"logo\":{\"@type\":\"ImageObject\",\"inLanguage\":\"en-US\",\"@id\":\"https:\/\/ilcrogiuolo.it\/en\/#\/schema\/logo\/image\/\",\"url\":\"https:\/\/ilcrogiuolo.it\/wp-content\/uploads\/2020\/04\/logo.png\",\"contentUrl\":\"https:\/\/ilcrogiuolo.it\/wp-content\/uploads\/2020\/04\/logo.png\",\"width\":200,\"height\":49,\"caption\":\"Il Crogiuolo\"},\"image\":{\"@id\":\"https:\/\/ilcrogiuolo.it\/en\/#\/schema\/logo\/image\/\"},\"sameAs\":[\"https:\/\/www.facebook.com\/Il-Crogiuolo-681876418491758\"]}]}<\/script>\n<!-- \/ Yoast SEO plugin. -->","yoast_head_json":{"title":"MWEN GUEDE NIBO - ITALIAN LANGUAGE - Il Crogiuolo","description":"MWEN GUEDE NIBO - ITALIAN LANGUAGE Un libro raro. Profondo. Pericoloso. Vivo. Guede Nibo non \u00e8 un \u201cpersonaggio folkloristico\u201d. \u00c8 una potenza del Vodou haitiano, uno spirito della soglia,","robots":{"index":"index","follow":"follow","max-snippet":"max-snippet:-1","max-image-preview":"max-image-preview:large","max-video-preview":"max-video-preview:-1"},"canonical":"https:\/\/ilcrogiuolo.it\/en\/p\/mwen-guede-nibo-italian-language\/","og_locale":"en_US","og_type":"article","og_title":"MWEN GUEDE NIBO - ITALIAN LANGUAGE - Il Crogiuolo","og_description":"MWEN GUEDE NIBO - ITALIAN LANGUAGE Un libro raro. Profondo. Pericoloso. Vivo. Guede Nibo non \u00e8 un \u201cpersonaggio folkloristico\u201d. \u00c8 una potenza del Vodou haitiano, uno spirito della soglia,","og_url":"https:\/\/ilcrogiuolo.it\/en\/p\/mwen-guede-nibo-italian-language\/","og_site_name":"Il Crogiuolo","article_publisher":"https:\/\/www.facebook.com\/Il-Crogiuolo-681876418491758","article_modified_time":"2026-01-15T11:14:29+00:00","og_image":[{"width":1229,"height":1248,"url":"https:\/\/ilcrogiuolo.it\/wp-content\/uploads\/2026\/01\/GUEDE-NIBO-GHEDE-GEDE-NIMBO.png","type":"image\/png"}],"twitter_card":"summary_large_image","twitter_misc":{"Est. reading time":"2 minutes"},"schema":{"@context":"https:\/\/schema.org","@graph":[{"@type":"WebPage","@id":"https:\/\/ilcrogiuolo.it\/en\/p\/mwen-guede-nibo-italian-language\/","url":"https:\/\/ilcrogiuolo.it\/en\/p\/mwen-guede-nibo-italian-language\/","name":"MWEN GUEDE NIBO - ITALIAN LANGUAGE - Il Crogiuolo","isPartOf":{"@id":"https:\/\/ilcrogiuolo.it\/en\/#website"},"primaryImageOfPage":{"@id":"https:\/\/ilcrogiuolo.it\/en\/p\/mwen-guede-nibo-italian-language\/#primaryimage"},"image":{"@id":"https:\/\/ilcrogiuolo.it\/en\/p\/mwen-guede-nibo-italian-language\/#primaryimage"},"thumbnailUrl":"https:\/\/ilcrogiuolo.it\/wp-content\/uploads\/2026\/01\/GUEDE-NIBO-GHEDE-GEDE-NIMBO.png","datePublished":"2026-01-15T11:10:41+00:00","dateModified":"2026-01-15T11:14:29+00:00","description":"MWEN GUEDE NIBO - ITALIAN LANGUAGE Un libro raro. Profondo. Pericoloso. Vivo. Guede Nibo non \u00e8 un \u201cpersonaggio folkloristico\u201d. \u00c8 una potenza del Vodou haitiano, uno spirito della soglia,","breadcrumb":{"@id":"https:\/\/ilcrogiuolo.it\/en\/p\/mwen-guede-nibo-italian-language\/#breadcrumb"},"inLanguage":"en-US","potentialAction":[{"@type":"ReadAction","target":["https:\/\/ilcrogiuolo.it\/en\/p\/mwen-guede-nibo-italian-language\/"]}]},{"@type":"ImageObject","inLanguage":"en-US","@id":"https:\/\/ilcrogiuolo.it\/en\/p\/mwen-guede-nibo-italian-language\/#primaryimage","url":"https:\/\/ilcrogiuolo.it\/wp-content\/uploads\/2026\/01\/GUEDE-NIBO-GHEDE-GEDE-NIMBO.png","contentUrl":"https:\/\/ilcrogiuolo.it\/wp-content\/uploads\/2026\/01\/GUEDE-NIBO-GHEDE-GEDE-NIMBO.png","width":1229,"height":1248},{"@type":"BreadcrumbList","@id":"https:\/\/ilcrogiuolo.it\/en\/p\/mwen-guede-nibo-italian-language\/#breadcrumb","itemListElement":[{"@type":"ListItem","position":1,"name":"Home","item":"https:\/\/ilcrogiuolo.it\/en\/"},{"@type":"ListItem","position":2,"name":"Shop","item":"https:\/\/ilcrogiuolo.it\/en\/shop\/"},{"@type":"ListItem","position":3,"name":"MWEN GUEDE NIBO &#8211; ITALIAN LANGUAGE"}]},{"@type":"WebSite","@id":"https:\/\/ilcrogiuolo.it\/en\/#website","url":"https:\/\/ilcrogiuolo.it\/en\/","name":"Il Crogiuolo","description":"","publisher":{"@id":"https:\/\/ilcrogiuolo.it\/en\/#organization"},"potentialAction":[{"@type":"SearchAction","target":{"@type":"EntryPoint","urlTemplate":"https:\/\/ilcrogiuolo.it\/en\/?s={search_term_string}"},"query-input":{"@type":"PropertyValueSpecification","valueRequired":true,"valueName":"search_term_string"}}],"inLanguage":"en-US"},{"@type":"Organization","@id":"https:\/\/ilcrogiuolo.it\/en\/#organization","name":"Il Crogiuolo","url":"https:\/\/ilcrogiuolo.it\/en\/","logo":{"@type":"ImageObject","inLanguage":"en-US","@id":"https:\/\/ilcrogiuolo.it\/en\/#\/schema\/logo\/image\/","url":"https:\/\/ilcrogiuolo.it\/wp-content\/uploads\/2020\/04\/logo.png","contentUrl":"https:\/\/ilcrogiuolo.it\/wp-content\/uploads\/2020\/04\/logo.png","width":200,"height":49,"caption":"Il Crogiuolo"},"image":{"@id":"https:\/\/ilcrogiuolo.it\/en\/#\/schema\/logo\/image\/"},"sameAs":["https:\/\/www.facebook.com\/Il-Crogiuolo-681876418491758"]}]}},"_links":{"self":[{"href":"https:\/\/ilcrogiuolo.it\/en\/wp-json\/wp\/v2\/product\/55809","targetHints":{"allow":["GET"]}}],"collection":[{"href":"https:\/\/ilcrogiuolo.it\/en\/wp-json\/wp\/v2\/product"}],"about":[{"href":"https:\/\/ilcrogiuolo.it\/en\/wp-json\/wp\/v2\/types\/product"}],"wp:featuredmedia":[{"embeddable":true,"href":"https:\/\/ilcrogiuolo.it\/en\/wp-json\/wp\/v2\/media\/55806"}],"wp:attachment":[{"href":"https:\/\/ilcrogiuolo.it\/en\/wp-json\/wp\/v2\/media?parent=55809"}],"wp:term":[{"taxonomy":"product_brand","embeddable":true,"href":"https:\/\/ilcrogiuolo.it\/en\/wp-json\/wp\/v2\/product_brand?post=55809"},{"taxonomy":"product_cat","embeddable":true,"href":"https:\/\/ilcrogiuolo.it\/en\/wp-json\/wp\/v2\/product_cat?post=55809"},{"taxonomy":"product_tag","embeddable":true,"href":"https:\/\/ilcrogiuolo.it\/en\/wp-json\/wp\/v2\/product_tag?post=55809"}],"curies":[{"name":"wp","href":"https:\/\/api.w.org\/{rel}","templated":true}]}}