{"id":48159,"date":"2024-11-14T16:11:21","date_gmt":"2024-11-14T15:11:21","guid":{"rendered":"https:\/\/ilcrogiuolo.it\/?post_type=product&#038;p=48159"},"modified":"2024-11-14T16:18:05","modified_gmt":"2024-11-14T15:18:05","slug":"magia-naturale","status":"publish","type":"product","link":"https:\/\/ilcrogiuolo.it\/en\/p\/magia-naturale\/","title":{"rendered":"MAGIA NATURALE"},"content":{"rendered":"<p>La magia \u00e8 tutto intorno a noi, tutto ci\u00f2 di cui abbiamo bisogno \u00e8 l\u2019abilit\u00e0 di vederla, di capirla e applicarla.<br \/>\nQuesto libro spiega come praticare l\u2019antica magia bianca che le sagge donne dei villaggi hanno utilizzato per secoli. Si tratta di una magia che usa erbe e fiori, i quattro elementi, numeri e colori, amuleti, talismani e molto altro.<br \/>\nAlcuni capitoli sono incentrati sui segreti della magia del sesso, e sull\u2019utilizzo degli incantesimi razionali.<br \/>\nMagia Naturale \u00e8 un trattato pratico la cui intenzione \u00e8 mostrare come la magia possa esistere per ognuno, e come \u00e8 sempre stata intrinseca nella vita dell\u2019uomo e nella natura. Un libro incantevole ed educativo per l\u2019uso della magia pratica nella vita di tutti i giorni, sia per i novizi, che per coloro i quali hanno pi\u00f9 esperienza<br \/>\nalle spalle.<\/p>\n<p>Doreen Valiente, l&#8217;autrice, una dei fondatori della Wicca, \u00e8 stata iniziata in quattro diversi rami della Vecchia Religione, in Gran Bretagna. Ha studiato l\u2019occulto per pi\u00f9 di trent\u2019anni ed \u00e8 una delle figure pi\u00f9 note della stregoneria moderna. Nel corso degli anni \u00e8 intervenuta in numerose trasmissioni televisive e radiofoniche, parlando di stregoneria e folklore e mostrando articoli tratti dalla sua collezione di oggetti e strumenti stregoneschi. Tra le sue opere ricordiamo: Natural Magic (Magia Naturale), An ABC of Witchcraft: Past and Present, The Rebirth of Witchcraft e Witchcraft: A Tradition Renewed (in collaborazione con Evan John Jones).<\/p>\n","protected":false},"excerpt":{"rendered":"<p>La magia \u00e8 tutto intorno a noi, tutto ci\u00f2 di cui abbiamo bisogno \u00e8 l\u2019abilit\u00e0 di vederla, di capirla e&#8230;<\/p>\n","protected":false},"featured_media":48158,"template":"","meta":{"_acf_changed":false},"product_brand":[],"product_cat":[1738,1804,1208,1200],"product_tag":[],"class_list":{"0":"post-48159","1":"product","2":"type-product","3":"status-publish","4":"has-post-thumbnail","6":"product_cat-edizioni-psiche-2","7":"product_cat-other-editions","8":"product_cat-esoteric-bookshop","9":"product_cat-esoteric-bookstore","11":"first","12":"instock","13":"sale","14":"taxable","15":"shipping-taxable","16":"purchasable","17":"product-type-simple","18":"add-to-wishlist-before_image"},"acf":[],"yoast_head":"<!-- This site is optimized with the Yoast SEO plugin v26.9 - https:\/\/yoast.com\/product\/yoast-seo-wordpress\/ -->\n<title>MAGIA NATURALE - Il Crogiuolo<\/title>\n<meta name=\"description\" content=\"MAGIA NATURALE La magia \u00e8 tutto intorno a noi, tutto ci\u00f2 di cui abbiamo bisogno \u00e8 l\u2019abilit\u00e0 di vederla, di capirla e applicarla. Questo libro spiega come praticare\" \/>\n<meta name=\"robots\" content=\"index, follow, max-snippet:-1, max-image-preview:large, max-video-preview:-1\" \/>\n<link rel=\"canonical\" href=\"https:\/\/ilcrogiuolo.it\/en\/p\/magia-naturale\/\" \/>\n<meta property=\"og:locale\" content=\"en_US\" \/>\n<meta property=\"og:type\" content=\"article\" \/>\n<meta property=\"og:title\" content=\"MAGIA NATURALE - Il Crogiuolo\" \/>\n<meta property=\"og:description\" content=\"MAGIA NATURALE La magia \u00e8 tutto intorno a noi, tutto ci\u00f2 di cui abbiamo bisogno \u00e8 l\u2019abilit\u00e0 di vederla, di capirla e applicarla. Questo libro spiega come praticare\" \/>\n<meta property=\"og:url\" content=\"https:\/\/ilcrogiuolo.it\/en\/p\/magia-naturale\/\" \/>\n<meta property=\"og:site_name\" content=\"Il Crogiuolo\" \/>\n<meta property=\"article:publisher\" content=\"https:\/\/www.facebook.com\/Il-Crogiuolo-681876418491758\" \/>\n<meta property=\"article:modified_time\" content=\"2024-11-14T15:18:05+00:00\" \/>\n<meta property=\"og:image\" content=\"https:\/\/ilcrogiuolo.it\/wp-content\/uploads\/2024\/11\/MAGIA-NATURALE.png\" \/>\n\t<meta property=\"og:image:width\" content=\"575\" \/>\n\t<meta property=\"og:image:height\" content=\"549\" \/>\n\t<meta property=\"og:image:type\" content=\"image\/png\" \/>\n<meta name=\"twitter:card\" content=\"summary_large_image\" \/>\n<meta name=\"twitter:label1\" content=\"Est. reading time\" \/>\n\t<meta name=\"twitter:data1\" content=\"2 minutes\" \/>\n<script type=\"application\/ld+json\" class=\"yoast-schema-graph\">{\"@context\":\"https:\/\/schema.org\",\"@graph\":[{\"@type\":\"WebPage\",\"@id\":\"https:\/\/ilcrogiuolo.it\/en\/p\/magia-naturale\/\",\"url\":\"https:\/\/ilcrogiuolo.it\/en\/p\/magia-naturale\/\",\"name\":\"MAGIA NATURALE - Il Crogiuolo\",\"isPartOf\":{\"@id\":\"https:\/\/ilcrogiuolo.it\/en\/#website\"},\"primaryImageOfPage\":{\"@id\":\"https:\/\/ilcrogiuolo.it\/en\/p\/magia-naturale\/#primaryimage\"},\"image\":{\"@id\":\"https:\/\/ilcrogiuolo.it\/en\/p\/magia-naturale\/#primaryimage\"},\"thumbnailUrl\":\"https:\/\/ilcrogiuolo.it\/wp-content\/uploads\/2024\/11\/MAGIA-NATURALE.png\",\"datePublished\":\"2024-11-14T15:11:21+00:00\",\"dateModified\":\"2024-11-14T15:18:05+00:00\",\"description\":\"MAGIA NATURALE La magia \u00e8 tutto intorno a noi, tutto ci\u00f2 di cui abbiamo bisogno \u00e8 l\u2019abilit\u00e0 di vederla, di capirla e applicarla. Questo libro spiega come praticare\",\"breadcrumb\":{\"@id\":\"https:\/\/ilcrogiuolo.it\/en\/p\/magia-naturale\/#breadcrumb\"},\"inLanguage\":\"en-US\",\"potentialAction\":[{\"@type\":\"ReadAction\",\"target\":[\"https:\/\/ilcrogiuolo.it\/en\/p\/magia-naturale\/\"]}]},{\"@type\":\"ImageObject\",\"inLanguage\":\"en-US\",\"@id\":\"https:\/\/ilcrogiuolo.it\/en\/p\/magia-naturale\/#primaryimage\",\"url\":\"https:\/\/ilcrogiuolo.it\/wp-content\/uploads\/2024\/11\/MAGIA-NATURALE.png\",\"contentUrl\":\"https:\/\/ilcrogiuolo.it\/wp-content\/uploads\/2024\/11\/MAGIA-NATURALE.png\",\"width\":575,\"height\":549},{\"@type\":\"BreadcrumbList\",\"@id\":\"https:\/\/ilcrogiuolo.it\/en\/p\/magia-naturale\/#breadcrumb\",\"itemListElement\":[{\"@type\":\"ListItem\",\"position\":1,\"name\":\"Home\",\"item\":\"https:\/\/ilcrogiuolo.it\/en\/\"},{\"@type\":\"ListItem\",\"position\":2,\"name\":\"Shop\",\"item\":\"https:\/\/ilcrogiuolo.it\/en\/shop\/\"},{\"@type\":\"ListItem\",\"position\":3,\"name\":\"MAGIA NATURALE\"}]},{\"@type\":\"WebSite\",\"@id\":\"https:\/\/ilcrogiuolo.it\/en\/#website\",\"url\":\"https:\/\/ilcrogiuolo.it\/en\/\",\"name\":\"Il Crogiuolo\",\"description\":\"\",\"publisher\":{\"@id\":\"https:\/\/ilcrogiuolo.it\/en\/#organization\"},\"potentialAction\":[{\"@type\":\"SearchAction\",\"target\":{\"@type\":\"EntryPoint\",\"urlTemplate\":\"https:\/\/ilcrogiuolo.it\/en\/?s={search_term_string}\"},\"query-input\":{\"@type\":\"PropertyValueSpecification\",\"valueRequired\":true,\"valueName\":\"search_term_string\"}}],\"inLanguage\":\"en-US\"},{\"@type\":\"Organization\",\"@id\":\"https:\/\/ilcrogiuolo.it\/en\/#organization\",\"name\":\"Il Crogiuolo\",\"url\":\"https:\/\/ilcrogiuolo.it\/en\/\",\"logo\":{\"@type\":\"ImageObject\",\"inLanguage\":\"en-US\",\"@id\":\"https:\/\/ilcrogiuolo.it\/en\/#\/schema\/logo\/image\/\",\"url\":\"https:\/\/ilcrogiuolo.it\/wp-content\/uploads\/2020\/04\/logo.png\",\"contentUrl\":\"https:\/\/ilcrogiuolo.it\/wp-content\/uploads\/2020\/04\/logo.png\",\"width\":200,\"height\":49,\"caption\":\"Il Crogiuolo\"},\"image\":{\"@id\":\"https:\/\/ilcrogiuolo.it\/en\/#\/schema\/logo\/image\/\"},\"sameAs\":[\"https:\/\/www.facebook.com\/Il-Crogiuolo-681876418491758\"]}]}<\/script>\n<!-- \/ Yoast SEO plugin. -->","yoast_head_json":{"title":"MAGIA NATURALE - Il Crogiuolo","description":"MAGIA NATURALE La magia \u00e8 tutto intorno a noi, tutto ci\u00f2 di cui abbiamo bisogno \u00e8 l\u2019abilit\u00e0 di vederla, di capirla e applicarla. Questo libro spiega come praticare","robots":{"index":"index","follow":"follow","max-snippet":"max-snippet:-1","max-image-preview":"max-image-preview:large","max-video-preview":"max-video-preview:-1"},"canonical":"https:\/\/ilcrogiuolo.it\/en\/p\/magia-naturale\/","og_locale":"en_US","og_type":"article","og_title":"MAGIA NATURALE - Il Crogiuolo","og_description":"MAGIA NATURALE La magia \u00e8 tutto intorno a noi, tutto ci\u00f2 di cui abbiamo bisogno \u00e8 l\u2019abilit\u00e0 di vederla, di capirla e applicarla. Questo libro spiega come praticare","og_url":"https:\/\/ilcrogiuolo.it\/en\/p\/magia-naturale\/","og_site_name":"Il Crogiuolo","article_publisher":"https:\/\/www.facebook.com\/Il-Crogiuolo-681876418491758","article_modified_time":"2024-11-14T15:18:05+00:00","og_image":[{"width":575,"height":549,"url":"https:\/\/ilcrogiuolo.it\/wp-content\/uploads\/2024\/11\/MAGIA-NATURALE.png","type":"image\/png"}],"twitter_card":"summary_large_image","twitter_misc":{"Est. reading time":"2 minutes"},"schema":{"@context":"https:\/\/schema.org","@graph":[{"@type":"WebPage","@id":"https:\/\/ilcrogiuolo.it\/en\/p\/magia-naturale\/","url":"https:\/\/ilcrogiuolo.it\/en\/p\/magia-naturale\/","name":"MAGIA NATURALE - Il Crogiuolo","isPartOf":{"@id":"https:\/\/ilcrogiuolo.it\/en\/#website"},"primaryImageOfPage":{"@id":"https:\/\/ilcrogiuolo.it\/en\/p\/magia-naturale\/#primaryimage"},"image":{"@id":"https:\/\/ilcrogiuolo.it\/en\/p\/magia-naturale\/#primaryimage"},"thumbnailUrl":"https:\/\/ilcrogiuolo.it\/wp-content\/uploads\/2024\/11\/MAGIA-NATURALE.png","datePublished":"2024-11-14T15:11:21+00:00","dateModified":"2024-11-14T15:18:05+00:00","description":"MAGIA NATURALE La magia \u00e8 tutto intorno a noi, tutto ci\u00f2 di cui abbiamo bisogno \u00e8 l\u2019abilit\u00e0 di vederla, di capirla e applicarla. Questo libro spiega come praticare","breadcrumb":{"@id":"https:\/\/ilcrogiuolo.it\/en\/p\/magia-naturale\/#breadcrumb"},"inLanguage":"en-US","potentialAction":[{"@type":"ReadAction","target":["https:\/\/ilcrogiuolo.it\/en\/p\/magia-naturale\/"]}]},{"@type":"ImageObject","inLanguage":"en-US","@id":"https:\/\/ilcrogiuolo.it\/en\/p\/magia-naturale\/#primaryimage","url":"https:\/\/ilcrogiuolo.it\/wp-content\/uploads\/2024\/11\/MAGIA-NATURALE.png","contentUrl":"https:\/\/ilcrogiuolo.it\/wp-content\/uploads\/2024\/11\/MAGIA-NATURALE.png","width":575,"height":549},{"@type":"BreadcrumbList","@id":"https:\/\/ilcrogiuolo.it\/en\/p\/magia-naturale\/#breadcrumb","itemListElement":[{"@type":"ListItem","position":1,"name":"Home","item":"https:\/\/ilcrogiuolo.it\/en\/"},{"@type":"ListItem","position":2,"name":"Shop","item":"https:\/\/ilcrogiuolo.it\/en\/shop\/"},{"@type":"ListItem","position":3,"name":"MAGIA NATURALE"}]},{"@type":"WebSite","@id":"https:\/\/ilcrogiuolo.it\/en\/#website","url":"https:\/\/ilcrogiuolo.it\/en\/","name":"Il Crogiuolo","description":"","publisher":{"@id":"https:\/\/ilcrogiuolo.it\/en\/#organization"},"potentialAction":[{"@type":"SearchAction","target":{"@type":"EntryPoint","urlTemplate":"https:\/\/ilcrogiuolo.it\/en\/?s={search_term_string}"},"query-input":{"@type":"PropertyValueSpecification","valueRequired":true,"valueName":"search_term_string"}}],"inLanguage":"en-US"},{"@type":"Organization","@id":"https:\/\/ilcrogiuolo.it\/en\/#organization","name":"Il Crogiuolo","url":"https:\/\/ilcrogiuolo.it\/en\/","logo":{"@type":"ImageObject","inLanguage":"en-US","@id":"https:\/\/ilcrogiuolo.it\/en\/#\/schema\/logo\/image\/","url":"https:\/\/ilcrogiuolo.it\/wp-content\/uploads\/2020\/04\/logo.png","contentUrl":"https:\/\/ilcrogiuolo.it\/wp-content\/uploads\/2020\/04\/logo.png","width":200,"height":49,"caption":"Il Crogiuolo"},"image":{"@id":"https:\/\/ilcrogiuolo.it\/en\/#\/schema\/logo\/image\/"},"sameAs":["https:\/\/www.facebook.com\/Il-Crogiuolo-681876418491758"]}]}},"_links":{"self":[{"href":"https:\/\/ilcrogiuolo.it\/en\/wp-json\/wp\/v2\/product\/48159","targetHints":{"allow":["GET"]}}],"collection":[{"href":"https:\/\/ilcrogiuolo.it\/en\/wp-json\/wp\/v2\/product"}],"about":[{"href":"https:\/\/ilcrogiuolo.it\/en\/wp-json\/wp\/v2\/types\/product"}],"wp:featuredmedia":[{"embeddable":true,"href":"https:\/\/ilcrogiuolo.it\/en\/wp-json\/wp\/v2\/media\/48158"}],"wp:attachment":[{"href":"https:\/\/ilcrogiuolo.it\/en\/wp-json\/wp\/v2\/media?parent=48159"}],"wp:term":[{"taxonomy":"product_brand","embeddable":true,"href":"https:\/\/ilcrogiuolo.it\/en\/wp-json\/wp\/v2\/product_brand?post=48159"},{"taxonomy":"product_cat","embeddable":true,"href":"https:\/\/ilcrogiuolo.it\/en\/wp-json\/wp\/v2\/product_cat?post=48159"},{"taxonomy":"product_tag","embeddable":true,"href":"https:\/\/ilcrogiuolo.it\/en\/wp-json\/wp\/v2\/product_tag?post=48159"}],"curies":[{"name":"wp","href":"https:\/\/api.w.org\/{rel}","templated":true}]}}