{"id":46904,"date":"2024-08-02T15:05:31","date_gmt":"2024-08-02T13:11:21","guid":{"rendered":"https:\/\/ilcrogiuolo.it\/?post_type=product&#038;p=46904"},"modified":"2024-08-02T15:12:45","modified_gmt":"2024-08-02T13:12:45","slug":"alfanje-de-aco-metal-sword-for-oxaguian-ayguna","status":"publish","type":"product","link":"https:\/\/ilcrogiuolo.it\/en\/p\/alfanje-de-aco-metal-sword-for-oxaguian-ayguna\/","title":{"rendered":"ALFANJ\u00c9 DE A\u00c7O &#8211; METAL SWORD FOR OXAGUIAN &#8211; AYAGUNA IN SANTERIA"},"content":{"rendered":"<p>Alfanj\u00e8, wonderful white metal sword used in ceremonies and as decoration in altars dedicated to Oxaguian It is also kept in homes and premises to break envy, keep enemies or malevolent entities away, as well as to ward off obsessors and negative vibrations.<\/p>\n","protected":false},"excerpt":{"rendered":"<p>Alfanj\u00e8, wonderful white metal sword used in ceremonies and as decoration in altars dedicated to Oxaguian It is also kept&#8230;<\/p>\n","protected":false},"featured_media":46903,"template":"","meta":{"_acf_changed":false},"product_brand":[],"product_cat":[1627,1217,1203],"product_tag":[],"class_list":{"0":"post-46904","1":"product","2":"type-product","3":"status-publish","4":"has-post-thumbnail","6":"product_cat-ferramentas","7":"product_cat-basic-items-and-ritual-foods","8":"product_cat-ritual-tools","10":"first","11":"instock","12":"taxable","13":"shipping-taxable","14":"purchasable","15":"product-type-simple","16":"add-to-wishlist-before_image"},"acf":[],"yoast_head":"<!-- This site is optimized with the Yoast SEO plugin v26.9 - https:\/\/yoast.com\/product\/yoast-seo-wordpress\/ -->\n<title>ALFANJ\u00c9 DE A\u00c7O - METAL SWORD FOR OXAGUIAN - AYAGUNA IN SANTERIA - Il Crogiuolo<\/title>\n<meta name=\"description\" content=\"ALFANJ\u00c9 DE A\u00c7O - METAL SWORD FOR OXAGUIAN - AYAGUNA IN SANTERIA Alfanj\u00e8, wonderful white metal sword used in ceremonies and as decoration in altars dedicated to Oxaguian It is also kept in homes and premises to break\" \/>\n<meta name=\"robots\" content=\"index, follow, max-snippet:-1, max-image-preview:large, max-video-preview:-1\" \/>\n<link rel=\"canonical\" href=\"https:\/\/ilcrogiuolo.it\/en\/p\/alfanje-de-aco-metal-sword-for-oxaguian-ayguna\/\" \/>\n<meta property=\"og:locale\" content=\"en_US\" \/>\n<meta property=\"og:type\" content=\"article\" \/>\n<meta property=\"og:title\" content=\"ALFANJ\u00c9 DE A\u00c7O - METAL SWORD FOR OXAGUIAN - AYAGUNA IN SANTERIA - Il Crogiuolo\" \/>\n<meta property=\"og:description\" content=\"ALFANJ\u00c9 DE A\u00c7O - METAL SWORD FOR OXAGUIAN - AYAGUNA IN SANTERIA Alfanj\u00e8, wonderful white metal sword used in ceremonies and as decoration in altars dedicated to Oxaguian It is also kept in homes and premises to break\" \/>\n<meta property=\"og:url\" content=\"https:\/\/ilcrogiuolo.it\/en\/p\/alfanje-de-aco-metal-sword-for-oxaguian-ayguna\/\" \/>\n<meta property=\"og:site_name\" content=\"Il Crogiuolo\" \/>\n<meta property=\"article:publisher\" content=\"https:\/\/www.facebook.com\/Il-Crogiuolo-681876418491758\" \/>\n<meta property=\"article:modified_time\" content=\"2024-08-02T13:12:45+00:00\" \/>\n<meta property=\"og:image\" content=\"https:\/\/ilcrogiuolo.it\/wp-content\/uploads\/2024\/08\/ALFANJE-AcO-OXAGUIAN-IANSA.png\" \/>\n\t<meta property=\"og:image:width\" content=\"627\" \/>\n\t<meta property=\"og:image:height\" content=\"600\" \/>\n\t<meta property=\"og:image:type\" content=\"image\/png\" \/>\n<meta name=\"twitter:card\" content=\"summary_large_image\" \/>\n<meta name=\"twitter:label1\" content=\"Est. reading time\" \/>\n\t<meta name=\"twitter:data1\" content=\"1 minute\" \/>\n<script type=\"application\/ld+json\" class=\"yoast-schema-graph\">{\"@context\":\"https:\/\/schema.org\",\"@graph\":[{\"@type\":\"WebPage\",\"@id\":\"https:\/\/ilcrogiuolo.it\/en\/p\/alfanje-de-aco-metal-sword-for-oxaguian-ayguna\/\",\"url\":\"https:\/\/ilcrogiuolo.it\/en\/p\/alfanje-de-aco-metal-sword-for-oxaguian-ayguna\/\",\"name\":\"ALFANJ\u00c9 DE A\u00c7O - METAL SWORD FOR OXAGUIAN - AYAGUNA IN SANTERIA - Il Crogiuolo\",\"isPartOf\":{\"@id\":\"https:\/\/ilcrogiuolo.it\/en\/#website\"},\"primaryImageOfPage\":{\"@id\":\"https:\/\/ilcrogiuolo.it\/en\/p\/alfanje-de-aco-metal-sword-for-oxaguian-ayguna\/#primaryimage\"},\"image\":{\"@id\":\"https:\/\/ilcrogiuolo.it\/en\/p\/alfanje-de-aco-metal-sword-for-oxaguian-ayguna\/#primaryimage\"},\"thumbnailUrl\":\"https:\/\/ilcrogiuolo.it\/wp-content\/uploads\/2024\/08\/ALFANJE-AcO-OXAGUIAN-IANSA.png\",\"datePublished\":\"2024-08-02T13:11:21+00:00\",\"dateModified\":\"2024-08-02T13:12:45+00:00\",\"description\":\"ALFANJ\u00c9 DE A\u00c7O - METAL SWORD FOR OXAGUIAN - AYAGUNA IN SANTERIA Alfanj\u00e8, wonderful white metal sword used in ceremonies and as decoration in altars dedicated to Oxaguian It is also kept in homes and premises to break\",\"breadcrumb\":{\"@id\":\"https:\/\/ilcrogiuolo.it\/en\/p\/alfanje-de-aco-metal-sword-for-oxaguian-ayguna\/#breadcrumb\"},\"inLanguage\":\"en-US\",\"potentialAction\":[{\"@type\":\"ReadAction\",\"target\":[\"https:\/\/ilcrogiuolo.it\/en\/p\/alfanje-de-aco-metal-sword-for-oxaguian-ayguna\/\"]}]},{\"@type\":\"ImageObject\",\"inLanguage\":\"en-US\",\"@id\":\"https:\/\/ilcrogiuolo.it\/en\/p\/alfanje-de-aco-metal-sword-for-oxaguian-ayguna\/#primaryimage\",\"url\":\"https:\/\/ilcrogiuolo.it\/wp-content\/uploads\/2024\/08\/ALFANJE-AcO-OXAGUIAN-IANSA.png\",\"contentUrl\":\"https:\/\/ilcrogiuolo.it\/wp-content\/uploads\/2024\/08\/ALFANJE-AcO-OXAGUIAN-IANSA.png\",\"width\":627,\"height\":600},{\"@type\":\"BreadcrumbList\",\"@id\":\"https:\/\/ilcrogiuolo.it\/en\/p\/alfanje-de-aco-metal-sword-for-oxaguian-ayguna\/#breadcrumb\",\"itemListElement\":[{\"@type\":\"ListItem\",\"position\":1,\"name\":\"Home\",\"item\":\"https:\/\/ilcrogiuolo.it\/en\/\"},{\"@type\":\"ListItem\",\"position\":2,\"name\":\"Shop\",\"item\":\"https:\/\/ilcrogiuolo.it\/en\/shop\/\"},{\"@type\":\"ListItem\",\"position\":3,\"name\":\"ALFANJ\u00c9 DE A\u00c7O &#8211; METAL SWORD FOR OXAGUIAN &#8211; AYAGUNA IN SANTERIA\"}]},{\"@type\":\"WebSite\",\"@id\":\"https:\/\/ilcrogiuolo.it\/en\/#website\",\"url\":\"https:\/\/ilcrogiuolo.it\/en\/\",\"name\":\"Il Crogiuolo\",\"description\":\"\",\"publisher\":{\"@id\":\"https:\/\/ilcrogiuolo.it\/en\/#organization\"},\"potentialAction\":[{\"@type\":\"SearchAction\",\"target\":{\"@type\":\"EntryPoint\",\"urlTemplate\":\"https:\/\/ilcrogiuolo.it\/en\/?s={search_term_string}\"},\"query-input\":{\"@type\":\"PropertyValueSpecification\",\"valueRequired\":true,\"valueName\":\"search_term_string\"}}],\"inLanguage\":\"en-US\"},{\"@type\":\"Organization\",\"@id\":\"https:\/\/ilcrogiuolo.it\/en\/#organization\",\"name\":\"Il Crogiuolo\",\"url\":\"https:\/\/ilcrogiuolo.it\/en\/\",\"logo\":{\"@type\":\"ImageObject\",\"inLanguage\":\"en-US\",\"@id\":\"https:\/\/ilcrogiuolo.it\/en\/#\/schema\/logo\/image\/\",\"url\":\"https:\/\/ilcrogiuolo.it\/wp-content\/uploads\/2020\/04\/logo.png\",\"contentUrl\":\"https:\/\/ilcrogiuolo.it\/wp-content\/uploads\/2020\/04\/logo.png\",\"width\":200,\"height\":49,\"caption\":\"Il Crogiuolo\"},\"image\":{\"@id\":\"https:\/\/ilcrogiuolo.it\/en\/#\/schema\/logo\/image\/\"},\"sameAs\":[\"https:\/\/www.facebook.com\/Il-Crogiuolo-681876418491758\"]}]}<\/script>\n<!-- \/ Yoast SEO plugin. -->","yoast_head_json":{"title":"ALFANJ\u00c9 DE A\u00c7O - METAL SWORD FOR OXAGUIAN - AYAGUNA IN SANTERIA - Il Crogiuolo","description":"ALFANJ\u00c9 DE A\u00c7O - METAL SWORD FOR OXAGUIAN - AYAGUNA IN SANTERIA Alfanj\u00e8, wonderful white metal sword used in ceremonies and as decoration in altars dedicated to Oxaguian It is also kept in homes and premises to break","robots":{"index":"index","follow":"follow","max-snippet":"max-snippet:-1","max-image-preview":"max-image-preview:large","max-video-preview":"max-video-preview:-1"},"canonical":"https:\/\/ilcrogiuolo.it\/en\/p\/alfanje-de-aco-metal-sword-for-oxaguian-ayguna\/","og_locale":"en_US","og_type":"article","og_title":"ALFANJ\u00c9 DE A\u00c7O - METAL SWORD FOR OXAGUIAN - AYAGUNA IN SANTERIA - Il Crogiuolo","og_description":"ALFANJ\u00c9 DE A\u00c7O - METAL SWORD FOR OXAGUIAN - AYAGUNA IN SANTERIA Alfanj\u00e8, wonderful white metal sword used in ceremonies and as decoration in altars dedicated to Oxaguian It is also kept in homes and premises to break","og_url":"https:\/\/ilcrogiuolo.it\/en\/p\/alfanje-de-aco-metal-sword-for-oxaguian-ayguna\/","og_site_name":"Il Crogiuolo","article_publisher":"https:\/\/www.facebook.com\/Il-Crogiuolo-681876418491758","article_modified_time":"2024-08-02T13:12:45+00:00","og_image":[{"width":627,"height":600,"url":"https:\/\/ilcrogiuolo.it\/wp-content\/uploads\/2024\/08\/ALFANJE-AcO-OXAGUIAN-IANSA.png","type":"image\/png"}],"twitter_card":"summary_large_image","twitter_misc":{"Est. reading time":"1 minute"},"schema":{"@context":"https:\/\/schema.org","@graph":[{"@type":"WebPage","@id":"https:\/\/ilcrogiuolo.it\/en\/p\/alfanje-de-aco-metal-sword-for-oxaguian-ayguna\/","url":"https:\/\/ilcrogiuolo.it\/en\/p\/alfanje-de-aco-metal-sword-for-oxaguian-ayguna\/","name":"ALFANJ\u00c9 DE A\u00c7O - METAL SWORD FOR OXAGUIAN - AYAGUNA IN SANTERIA - Il Crogiuolo","isPartOf":{"@id":"https:\/\/ilcrogiuolo.it\/en\/#website"},"primaryImageOfPage":{"@id":"https:\/\/ilcrogiuolo.it\/en\/p\/alfanje-de-aco-metal-sword-for-oxaguian-ayguna\/#primaryimage"},"image":{"@id":"https:\/\/ilcrogiuolo.it\/en\/p\/alfanje-de-aco-metal-sword-for-oxaguian-ayguna\/#primaryimage"},"thumbnailUrl":"https:\/\/ilcrogiuolo.it\/wp-content\/uploads\/2024\/08\/ALFANJE-AcO-OXAGUIAN-IANSA.png","datePublished":"2024-08-02T13:11:21+00:00","dateModified":"2024-08-02T13:12:45+00:00","description":"ALFANJ\u00c9 DE A\u00c7O - METAL SWORD FOR OXAGUIAN - AYAGUNA IN SANTERIA Alfanj\u00e8, wonderful white metal sword used in ceremonies and as decoration in altars dedicated to Oxaguian It is also kept in homes and premises to break","breadcrumb":{"@id":"https:\/\/ilcrogiuolo.it\/en\/p\/alfanje-de-aco-metal-sword-for-oxaguian-ayguna\/#breadcrumb"},"inLanguage":"en-US","potentialAction":[{"@type":"ReadAction","target":["https:\/\/ilcrogiuolo.it\/en\/p\/alfanje-de-aco-metal-sword-for-oxaguian-ayguna\/"]}]},{"@type":"ImageObject","inLanguage":"en-US","@id":"https:\/\/ilcrogiuolo.it\/en\/p\/alfanje-de-aco-metal-sword-for-oxaguian-ayguna\/#primaryimage","url":"https:\/\/ilcrogiuolo.it\/wp-content\/uploads\/2024\/08\/ALFANJE-AcO-OXAGUIAN-IANSA.png","contentUrl":"https:\/\/ilcrogiuolo.it\/wp-content\/uploads\/2024\/08\/ALFANJE-AcO-OXAGUIAN-IANSA.png","width":627,"height":600},{"@type":"BreadcrumbList","@id":"https:\/\/ilcrogiuolo.it\/en\/p\/alfanje-de-aco-metal-sword-for-oxaguian-ayguna\/#breadcrumb","itemListElement":[{"@type":"ListItem","position":1,"name":"Home","item":"https:\/\/ilcrogiuolo.it\/en\/"},{"@type":"ListItem","position":2,"name":"Shop","item":"https:\/\/ilcrogiuolo.it\/en\/shop\/"},{"@type":"ListItem","position":3,"name":"ALFANJ\u00c9 DE A\u00c7O &#8211; METAL SWORD FOR OXAGUIAN &#8211; AYAGUNA IN SANTERIA"}]},{"@type":"WebSite","@id":"https:\/\/ilcrogiuolo.it\/en\/#website","url":"https:\/\/ilcrogiuolo.it\/en\/","name":"Il Crogiuolo","description":"","publisher":{"@id":"https:\/\/ilcrogiuolo.it\/en\/#organization"},"potentialAction":[{"@type":"SearchAction","target":{"@type":"EntryPoint","urlTemplate":"https:\/\/ilcrogiuolo.it\/en\/?s={search_term_string}"},"query-input":{"@type":"PropertyValueSpecification","valueRequired":true,"valueName":"search_term_string"}}],"inLanguage":"en-US"},{"@type":"Organization","@id":"https:\/\/ilcrogiuolo.it\/en\/#organization","name":"Il Crogiuolo","url":"https:\/\/ilcrogiuolo.it\/en\/","logo":{"@type":"ImageObject","inLanguage":"en-US","@id":"https:\/\/ilcrogiuolo.it\/en\/#\/schema\/logo\/image\/","url":"https:\/\/ilcrogiuolo.it\/wp-content\/uploads\/2020\/04\/logo.png","contentUrl":"https:\/\/ilcrogiuolo.it\/wp-content\/uploads\/2020\/04\/logo.png","width":200,"height":49,"caption":"Il Crogiuolo"},"image":{"@id":"https:\/\/ilcrogiuolo.it\/en\/#\/schema\/logo\/image\/"},"sameAs":["https:\/\/www.facebook.com\/Il-Crogiuolo-681876418491758"]}]}},"_links":{"self":[{"href":"https:\/\/ilcrogiuolo.it\/en\/wp-json\/wp\/v2\/product\/46904","targetHints":{"allow":["GET"]}}],"collection":[{"href":"https:\/\/ilcrogiuolo.it\/en\/wp-json\/wp\/v2\/product"}],"about":[{"href":"https:\/\/ilcrogiuolo.it\/en\/wp-json\/wp\/v2\/types\/product"}],"wp:featuredmedia":[{"embeddable":true,"href":"https:\/\/ilcrogiuolo.it\/en\/wp-json\/wp\/v2\/media\/46903"}],"wp:attachment":[{"href":"https:\/\/ilcrogiuolo.it\/en\/wp-json\/wp\/v2\/media?parent=46904"}],"wp:term":[{"taxonomy":"product_brand","embeddable":true,"href":"https:\/\/ilcrogiuolo.it\/en\/wp-json\/wp\/v2\/product_brand?post=46904"},{"taxonomy":"product_cat","embeddable":true,"href":"https:\/\/ilcrogiuolo.it\/en\/wp-json\/wp\/v2\/product_cat?post=46904"},{"taxonomy":"product_tag","embeddable":true,"href":"https:\/\/ilcrogiuolo.it\/en\/wp-json\/wp\/v2\/product_tag?post=46904"}],"curies":[{"name":"wp","href":"https:\/\/api.w.org\/{rel}","templated":true}]}}