{"id":40792,"date":"2023-01-27T12:58:11","date_gmt":"2023-01-27T11:58:44","guid":{"rendered":"https:\/\/ilcrogiuolo.it\/?post_type=product&#038;p=40792"},"modified":"2023-01-27T12:58:44","modified_gmt":"2023-01-27T11:58:44","slug":"rituali-della-massoneria-egiziana","status":"publish","type":"product","link":"https:\/\/ilcrogiuolo.it\/en\/p\/rituali-della-massoneria-egiziana\/","title":{"rendered":"RITUALI DELLA MASSONERIA EGIZIANA"},"content":{"rendered":"<p>Il libro &#8220;Rituali della Massoneria Egiziana&#8221; presenta per la prima volta in lingua italiana i Rituali d\u2019Iniziazione della Vera Massoneria Egiziana di Cagliostro.<br \/>\nQuesto \u00e8 un documento importante, poich\u00e9 consente a tutti di alzare un velo sulla storia della Massoneria moderna in generale e di quella Egizia in particolare.<br \/>\nQuesta edizione \u00e8 la fedele riproduzione dell\u2019originale in lingua francese, con l&#8217;aggiunta delle famose \u201cquarantene\u201d, istruzioni per lo pi\u00f9 introvabili.<br \/>\nNon si tratta solo di un testo \u201ctecnico\u201d, ma di un prezioso ausilio per comprendere pi\u00f9 profondamente e in modo autonomo i meccanismi operativi dell\u2019Ermetismo nella sua forma pi\u00f9 diretta e operativa.<br \/>\nSi \u00e8 scritto tanto sulla vita di Alessandro Conte di Cagliostro o Giuseppe Balsamo che sia, ognuno pensi ci\u00f2 che vuole in merito, ma si \u00e8 svelato poco, soprattutto in Italia e al grande pubblico, di ci\u00f2 che Cagliostro faceva realmente.<br \/>\nRiunendo in un unico testo i rituali d\u2019iniziazione ai tre gradi della massoneria a lui attribuiti, il suo testamento filosofico, la preghiera ad uso degli iniziati alla massoneria egiziana e le famose quarantene, proveremo ad aprire uno squarcio diretto, senza il filtro dell&#8217;esegesi spiritualistica a tutti i costi.<br \/>\nIl segreto della grande Opera \u00e8 la fissazione della luce astrale per mezzo di un\u2019emissione sovrana di volont\u00e0, atto che gli adepti raffigurano con un serpente trapassato da una freccia con la quale forma la lettera ebraica Alef.<br \/>\nEliphas Levi<\/p>\n","protected":false},"excerpt":{"rendered":"<p>Il libro &#8220;Rituali della Massoneria Egiziana&#8221; presenta per la prima volta in lingua italiana i Rituali d\u2019Iniziazione della Vera Massoneria&#8230;<\/p>\n","protected":false},"featured_media":40791,"template":"","meta":{"_acf_changed":false},"product_brand":[],"product_cat":[1738,1208,1200],"product_tag":[],"class_list":{"0":"post-40792","1":"product","2":"type-product","3":"status-publish","4":"has-post-thumbnail","6":"product_cat-edizioni-psiche-2","7":"product_cat-esoteric-bookshop","8":"product_cat-esoteric-bookstore","10":"first","11":"instock","12":"taxable","13":"shipping-taxable","14":"purchasable","15":"product-type-simple","16":"add-to-wishlist-before_image"},"acf":[],"yoast_head":"<!-- This site is optimized with the Yoast SEO plugin v26.9 - https:\/\/yoast.com\/product\/yoast-seo-wordpress\/ -->\n<title>RITUALI DELLA MASSONERIA EGIZIANA - Il Crogiuolo<\/title>\n<meta name=\"description\" content=\"RITUALI DELLA MASSONERIA EGIZIANA Il libro &quot;Rituali della Massoneria Egiziana&quot; presenta per la prima volta in lingua italiana i Rituali d\u2019Iniziazione della Vera Massoneria Egiziana di\" \/>\n<meta name=\"robots\" content=\"index, follow, max-snippet:-1, max-image-preview:large, max-video-preview:-1\" \/>\n<link rel=\"canonical\" href=\"https:\/\/ilcrogiuolo.it\/en\/p\/rituali-della-massoneria-egiziana\/\" \/>\n<meta property=\"og:locale\" content=\"en_US\" \/>\n<meta property=\"og:type\" content=\"article\" \/>\n<meta property=\"og:title\" content=\"RITUALI DELLA MASSONERIA EGIZIANA - Il Crogiuolo\" \/>\n<meta property=\"og:description\" content=\"RITUALI DELLA MASSONERIA EGIZIANA Il libro &quot;Rituali della Massoneria Egiziana&quot; presenta per la prima volta in lingua italiana i Rituali d\u2019Iniziazione della Vera Massoneria Egiziana di\" \/>\n<meta property=\"og:url\" content=\"https:\/\/ilcrogiuolo.it\/en\/p\/rituali-della-massoneria-egiziana\/\" \/>\n<meta property=\"og:site_name\" content=\"Il Crogiuolo\" \/>\n<meta property=\"article:publisher\" content=\"https:\/\/www.facebook.com\/Il-Crogiuolo-681876418491758\" \/>\n<meta property=\"og:image\" content=\"https:\/\/ilcrogiuolo.it\/wp-content\/uploads\/2023\/01\/RITUALI-MASSONERIA-CAGLIOSTRO-EGITTO-EGIZIANA-1.png\" \/>\n\t<meta property=\"og:image:width\" content=\"896\" \/>\n\t<meta property=\"og:image:height\" content=\"918\" \/>\n\t<meta property=\"og:image:type\" content=\"image\/png\" \/>\n<meta name=\"twitter:card\" content=\"summary_large_image\" \/>\n<script type=\"application\/ld+json\" class=\"yoast-schema-graph\">{\"@context\":\"https:\/\/schema.org\",\"@graph\":[{\"@type\":\"WebPage\",\"@id\":\"https:\/\/ilcrogiuolo.it\/en\/p\/rituali-della-massoneria-egiziana\/\",\"url\":\"https:\/\/ilcrogiuolo.it\/en\/p\/rituali-della-massoneria-egiziana\/\",\"name\":\"RITUALI DELLA MASSONERIA EGIZIANA - Il Crogiuolo\",\"isPartOf\":{\"@id\":\"https:\/\/ilcrogiuolo.it\/en\/#website\"},\"primaryImageOfPage\":{\"@id\":\"https:\/\/ilcrogiuolo.it\/en\/p\/rituali-della-massoneria-egiziana\/#primaryimage\"},\"image\":{\"@id\":\"https:\/\/ilcrogiuolo.it\/en\/p\/rituali-della-massoneria-egiziana\/#primaryimage\"},\"thumbnailUrl\":\"https:\/\/ilcrogiuolo.it\/wp-content\/uploads\/2023\/01\/RITUALI-MASSONERIA-CAGLIOSTRO-EGITTO-EGIZIANA-1.png\",\"datePublished\":\"2023-01-27T11:58:44+00:00\",\"description\":\"RITUALI DELLA MASSONERIA EGIZIANA Il libro \\\"Rituali della Massoneria Egiziana\\\" presenta per la prima volta in lingua italiana i Rituali d\u2019Iniziazione della Vera Massoneria Egiziana di\",\"breadcrumb\":{\"@id\":\"https:\/\/ilcrogiuolo.it\/en\/p\/rituali-della-massoneria-egiziana\/#breadcrumb\"},\"inLanguage\":\"en-US\",\"potentialAction\":[{\"@type\":\"ReadAction\",\"target\":[\"https:\/\/ilcrogiuolo.it\/en\/p\/rituali-della-massoneria-egiziana\/\"]}]},{\"@type\":\"ImageObject\",\"inLanguage\":\"en-US\",\"@id\":\"https:\/\/ilcrogiuolo.it\/en\/p\/rituali-della-massoneria-egiziana\/#primaryimage\",\"url\":\"https:\/\/ilcrogiuolo.it\/wp-content\/uploads\/2023\/01\/RITUALI-MASSONERIA-CAGLIOSTRO-EGITTO-EGIZIANA-1.png\",\"contentUrl\":\"https:\/\/ilcrogiuolo.it\/wp-content\/uploads\/2023\/01\/RITUALI-MASSONERIA-CAGLIOSTRO-EGITTO-EGIZIANA-1.png\",\"width\":896,\"height\":918},{\"@type\":\"BreadcrumbList\",\"@id\":\"https:\/\/ilcrogiuolo.it\/en\/p\/rituali-della-massoneria-egiziana\/#breadcrumb\",\"itemListElement\":[{\"@type\":\"ListItem\",\"position\":1,\"name\":\"Home\",\"item\":\"https:\/\/ilcrogiuolo.it\/en\/\"},{\"@type\":\"ListItem\",\"position\":2,\"name\":\"Shop\",\"item\":\"https:\/\/ilcrogiuolo.it\/en\/shop\/\"},{\"@type\":\"ListItem\",\"position\":3,\"name\":\"RITUALI DELLA MASSONERIA EGIZIANA\"}]},{\"@type\":\"WebSite\",\"@id\":\"https:\/\/ilcrogiuolo.it\/en\/#website\",\"url\":\"https:\/\/ilcrogiuolo.it\/en\/\",\"name\":\"Il Crogiuolo\",\"description\":\"\",\"publisher\":{\"@id\":\"https:\/\/ilcrogiuolo.it\/en\/#organization\"},\"potentialAction\":[{\"@type\":\"SearchAction\",\"target\":{\"@type\":\"EntryPoint\",\"urlTemplate\":\"https:\/\/ilcrogiuolo.it\/en\/?s={search_term_string}\"},\"query-input\":{\"@type\":\"PropertyValueSpecification\",\"valueRequired\":true,\"valueName\":\"search_term_string\"}}],\"inLanguage\":\"en-US\"},{\"@type\":\"Organization\",\"@id\":\"https:\/\/ilcrogiuolo.it\/en\/#organization\",\"name\":\"Il Crogiuolo\",\"url\":\"https:\/\/ilcrogiuolo.it\/en\/\",\"logo\":{\"@type\":\"ImageObject\",\"inLanguage\":\"en-US\",\"@id\":\"https:\/\/ilcrogiuolo.it\/en\/#\/schema\/logo\/image\/\",\"url\":\"https:\/\/ilcrogiuolo.it\/wp-content\/uploads\/2020\/04\/logo.png\",\"contentUrl\":\"https:\/\/ilcrogiuolo.it\/wp-content\/uploads\/2020\/04\/logo.png\",\"width\":200,\"height\":49,\"caption\":\"Il Crogiuolo\"},\"image\":{\"@id\":\"https:\/\/ilcrogiuolo.it\/en\/#\/schema\/logo\/image\/\"},\"sameAs\":[\"https:\/\/www.facebook.com\/Il-Crogiuolo-681876418491758\"]}]}<\/script>\n<!-- \/ Yoast SEO plugin. -->","yoast_head_json":{"title":"RITUALI DELLA MASSONERIA EGIZIANA - Il Crogiuolo","description":"RITUALI DELLA MASSONERIA EGIZIANA Il libro \"Rituali della Massoneria Egiziana\" presenta per la prima volta in lingua italiana i Rituali d\u2019Iniziazione della Vera Massoneria Egiziana di","robots":{"index":"index","follow":"follow","max-snippet":"max-snippet:-1","max-image-preview":"max-image-preview:large","max-video-preview":"max-video-preview:-1"},"canonical":"https:\/\/ilcrogiuolo.it\/en\/p\/rituali-della-massoneria-egiziana\/","og_locale":"en_US","og_type":"article","og_title":"RITUALI DELLA MASSONERIA EGIZIANA - Il Crogiuolo","og_description":"RITUALI DELLA MASSONERIA EGIZIANA Il libro \"Rituali della Massoneria Egiziana\" presenta per la prima volta in lingua italiana i Rituali d\u2019Iniziazione della Vera Massoneria Egiziana di","og_url":"https:\/\/ilcrogiuolo.it\/en\/p\/rituali-della-massoneria-egiziana\/","og_site_name":"Il Crogiuolo","article_publisher":"https:\/\/www.facebook.com\/Il-Crogiuolo-681876418491758","og_image":[{"width":896,"height":918,"url":"https:\/\/ilcrogiuolo.it\/wp-content\/uploads\/2023\/01\/RITUALI-MASSONERIA-CAGLIOSTRO-EGITTO-EGIZIANA-1.png","type":"image\/png"}],"twitter_card":"summary_large_image","schema":{"@context":"https:\/\/schema.org","@graph":[{"@type":"WebPage","@id":"https:\/\/ilcrogiuolo.it\/en\/p\/rituali-della-massoneria-egiziana\/","url":"https:\/\/ilcrogiuolo.it\/en\/p\/rituali-della-massoneria-egiziana\/","name":"RITUALI DELLA MASSONERIA EGIZIANA - Il Crogiuolo","isPartOf":{"@id":"https:\/\/ilcrogiuolo.it\/en\/#website"},"primaryImageOfPage":{"@id":"https:\/\/ilcrogiuolo.it\/en\/p\/rituali-della-massoneria-egiziana\/#primaryimage"},"image":{"@id":"https:\/\/ilcrogiuolo.it\/en\/p\/rituali-della-massoneria-egiziana\/#primaryimage"},"thumbnailUrl":"https:\/\/ilcrogiuolo.it\/wp-content\/uploads\/2023\/01\/RITUALI-MASSONERIA-CAGLIOSTRO-EGITTO-EGIZIANA-1.png","datePublished":"2023-01-27T11:58:44+00:00","description":"RITUALI DELLA MASSONERIA EGIZIANA Il libro \"Rituali della Massoneria Egiziana\" presenta per la prima volta in lingua italiana i Rituali d\u2019Iniziazione della Vera Massoneria Egiziana di","breadcrumb":{"@id":"https:\/\/ilcrogiuolo.it\/en\/p\/rituali-della-massoneria-egiziana\/#breadcrumb"},"inLanguage":"en-US","potentialAction":[{"@type":"ReadAction","target":["https:\/\/ilcrogiuolo.it\/en\/p\/rituali-della-massoneria-egiziana\/"]}]},{"@type":"ImageObject","inLanguage":"en-US","@id":"https:\/\/ilcrogiuolo.it\/en\/p\/rituali-della-massoneria-egiziana\/#primaryimage","url":"https:\/\/ilcrogiuolo.it\/wp-content\/uploads\/2023\/01\/RITUALI-MASSONERIA-CAGLIOSTRO-EGITTO-EGIZIANA-1.png","contentUrl":"https:\/\/ilcrogiuolo.it\/wp-content\/uploads\/2023\/01\/RITUALI-MASSONERIA-CAGLIOSTRO-EGITTO-EGIZIANA-1.png","width":896,"height":918},{"@type":"BreadcrumbList","@id":"https:\/\/ilcrogiuolo.it\/en\/p\/rituali-della-massoneria-egiziana\/#breadcrumb","itemListElement":[{"@type":"ListItem","position":1,"name":"Home","item":"https:\/\/ilcrogiuolo.it\/en\/"},{"@type":"ListItem","position":2,"name":"Shop","item":"https:\/\/ilcrogiuolo.it\/en\/shop\/"},{"@type":"ListItem","position":3,"name":"RITUALI DELLA MASSONERIA EGIZIANA"}]},{"@type":"WebSite","@id":"https:\/\/ilcrogiuolo.it\/en\/#website","url":"https:\/\/ilcrogiuolo.it\/en\/","name":"Il Crogiuolo","description":"","publisher":{"@id":"https:\/\/ilcrogiuolo.it\/en\/#organization"},"potentialAction":[{"@type":"SearchAction","target":{"@type":"EntryPoint","urlTemplate":"https:\/\/ilcrogiuolo.it\/en\/?s={search_term_string}"},"query-input":{"@type":"PropertyValueSpecification","valueRequired":true,"valueName":"search_term_string"}}],"inLanguage":"en-US"},{"@type":"Organization","@id":"https:\/\/ilcrogiuolo.it\/en\/#organization","name":"Il Crogiuolo","url":"https:\/\/ilcrogiuolo.it\/en\/","logo":{"@type":"ImageObject","inLanguage":"en-US","@id":"https:\/\/ilcrogiuolo.it\/en\/#\/schema\/logo\/image\/","url":"https:\/\/ilcrogiuolo.it\/wp-content\/uploads\/2020\/04\/logo.png","contentUrl":"https:\/\/ilcrogiuolo.it\/wp-content\/uploads\/2020\/04\/logo.png","width":200,"height":49,"caption":"Il Crogiuolo"},"image":{"@id":"https:\/\/ilcrogiuolo.it\/en\/#\/schema\/logo\/image\/"},"sameAs":["https:\/\/www.facebook.com\/Il-Crogiuolo-681876418491758"]}]}},"_links":{"self":[{"href":"https:\/\/ilcrogiuolo.it\/en\/wp-json\/wp\/v2\/product\/40792","targetHints":{"allow":["GET"]}}],"collection":[{"href":"https:\/\/ilcrogiuolo.it\/en\/wp-json\/wp\/v2\/product"}],"about":[{"href":"https:\/\/ilcrogiuolo.it\/en\/wp-json\/wp\/v2\/types\/product"}],"wp:featuredmedia":[{"embeddable":true,"href":"https:\/\/ilcrogiuolo.it\/en\/wp-json\/wp\/v2\/media\/40791"}],"wp:attachment":[{"href":"https:\/\/ilcrogiuolo.it\/en\/wp-json\/wp\/v2\/media?parent=40792"}],"wp:term":[{"taxonomy":"product_brand","embeddable":true,"href":"https:\/\/ilcrogiuolo.it\/en\/wp-json\/wp\/v2\/product_brand?post=40792"},{"taxonomy":"product_cat","embeddable":true,"href":"https:\/\/ilcrogiuolo.it\/en\/wp-json\/wp\/v2\/product_cat?post=40792"},{"taxonomy":"product_tag","embeddable":true,"href":"https:\/\/ilcrogiuolo.it\/en\/wp-json\/wp\/v2\/product_tag?post=40792"}],"curies":[{"name":"wp","href":"https:\/\/api.w.org\/{rel}","templated":true}]}}