{"id":38144,"date":"2022-07-25T12:37:27","date_gmt":"2022-07-25T10:37:27","guid":{"rendered":"https:\/\/ilcrogiuolo.it\/?post_type=product&#038;p=38144"},"modified":"2024-11-14T14:50:04","modified_gmt":"2024-11-14T13:50:04","slug":"calendario-2024-incantesimo-del-giorno","status":"publish","type":"product","link":"https:\/\/ilcrogiuolo.it\/en\/p\/calendario-2024-incantesimo-del-giorno\/","title":{"rendered":"CALENDARIO 2025 &#8211; INCANTESIMO DEL GIORNO"},"content":{"rendered":"<p>Il <strong>Calendario 2025 &#8211; Incantesimo del Giorno<\/strong> di <strong>Om Edizioni<\/strong> racchiude 365 pagine da leggere, strappare, usare, conservare per alimentare lo spirito per tutto l&#8217;anno.<\/p>\n<p>Ogni giorno, potrai svolgere un piccolo incantesimo oppure scoprire un consiglio magico che migliorer\u00e0 la tua giornata e render\u00e0 pi\u00f9 ricca la tua vita.<\/p>\n<p>Giorno dopo giorno, imparerai a praticare incantesimi per trasformare i tuoi schemi di pensiero, sviluppare riflessioni inedite e acquisire una maggiore saggezza.<\/p>\n<p><strong>In questo speciale calendario a strappo 2024 potrai trovare<\/strong>:<\/p>\n<ul>\n<li>Rituali di magia;<\/li>\n<li>consigli ispirati al mondo dei numeri;<\/li>\n<li>idee per aumentare la serenit\u00e0;<\/li>\n<li>informazioni relative alle fasi lunari;<\/li>\n<li>curiosit\u00e0 esoteriche;<\/li>\n<li>indicazioni per realizzare i tuoi desideri profondi.<\/li>\n<\/ul>\n<p>Dona <strong>un pizzico di magia e bellezza alla tua vita<\/strong>, leggendo\u00a0un incantesimo al giorno!<\/p>\n<p>&nbsp;<\/p>\n<p>&nbsp;<\/p>\n","protected":false},"excerpt":{"rendered":"<p>Il Calendario 2025 &#8211; Incantesimo del Giorno di Om Edizioni racchiude 365 pagine da leggere, strappare, usare, conservare per alimentare&#8230;<\/p>\n","protected":false},"featured_media":51441,"template":"","meta":{"_acf_changed":false},"product_brand":[],"product_cat":[1804,1208],"product_tag":[],"class_list":{"0":"post-38144","1":"product","2":"type-product","3":"status-publish","4":"has-post-thumbnail","6":"product_cat-other-editions","7":"product_cat-esoteric-bookshop","9":"first","10":"instock","11":"purchasable","12":"product-type-simple","13":"add-to-wishlist-before_image"},"acf":[],"yoast_head":"<!-- This site is optimized with the Yoast SEO plugin v26.9 - https:\/\/yoast.com\/product\/yoast-seo-wordpress\/ -->\n<title>CALENDARIO 2025 - INCANTESIMO DEL GIORNO - Il Crogiuolo<\/title>\n<meta name=\"description\" content=\"CALENDARIO 2025 - INCANTESIMO DEL GIORNO Il Calendario 2025 - Incantesimo del Giorno di Om Edizioni racchiude 365 pagine da leggere, strappare, usare, conservare per alimentare lo spirito per\" \/>\n<meta name=\"robots\" content=\"index, follow, max-snippet:-1, max-image-preview:large, max-video-preview:-1\" \/>\n<link rel=\"canonical\" href=\"https:\/\/ilcrogiuolo.it\/en\/p\/calendario-2024-incantesimo-del-giorno\/\" \/>\n<meta property=\"og:locale\" content=\"en_US\" \/>\n<meta property=\"og:type\" content=\"article\" \/>\n<meta property=\"og:title\" content=\"CALENDARIO 2025 - INCANTESIMO DEL GIORNO - Il Crogiuolo\" \/>\n<meta property=\"og:description\" content=\"CALENDARIO 2025 - INCANTESIMO DEL GIORNO Il Calendario 2025 - Incantesimo del Giorno di Om Edizioni racchiude 365 pagine da leggere, strappare, usare, conservare per alimentare lo spirito per\" \/>\n<meta property=\"og:url\" content=\"https:\/\/ilcrogiuolo.it\/en\/p\/calendario-2024-incantesimo-del-giorno\/\" \/>\n<meta property=\"og:site_name\" content=\"Il Crogiuolo\" \/>\n<meta property=\"article:publisher\" content=\"https:\/\/www.facebook.com\/Il-Crogiuolo-681876418491758\" \/>\n<meta property=\"article:modified_time\" content=\"2024-11-14T13:50:04+00:00\" \/>\n<meta property=\"og:image\" content=\"https:\/\/ilcrogiuolo.it\/wp-content\/uploads\/2022\/07\/CALENDARIO-2025-MAGIA-STREGONERIA-WICCA.png\" \/>\n\t<meta property=\"og:image:width\" content=\"575\" \/>\n\t<meta property=\"og:image:height\" content=\"549\" \/>\n\t<meta property=\"og:image:type\" content=\"image\/png\" \/>\n<meta name=\"twitter:card\" content=\"summary_large_image\" \/>\n<meta name=\"twitter:label1\" content=\"Est. reading time\" \/>\n\t<meta name=\"twitter:data1\" content=\"1 minute\" \/>\n<script type=\"application\/ld+json\" class=\"yoast-schema-graph\">{\"@context\":\"https:\/\/schema.org\",\"@graph\":[{\"@type\":\"WebPage\",\"@id\":\"https:\/\/ilcrogiuolo.it\/en\/p\/calendario-2024-incantesimo-del-giorno\/\",\"url\":\"https:\/\/ilcrogiuolo.it\/en\/p\/calendario-2024-incantesimo-del-giorno\/\",\"name\":\"CALENDARIO 2025 - INCANTESIMO DEL GIORNO - Il Crogiuolo\",\"isPartOf\":{\"@id\":\"https:\/\/ilcrogiuolo.it\/en\/#website\"},\"primaryImageOfPage\":{\"@id\":\"https:\/\/ilcrogiuolo.it\/en\/p\/calendario-2024-incantesimo-del-giorno\/#primaryimage\"},\"image\":{\"@id\":\"https:\/\/ilcrogiuolo.it\/en\/p\/calendario-2024-incantesimo-del-giorno\/#primaryimage\"},\"thumbnailUrl\":\"https:\/\/ilcrogiuolo.it\/wp-content\/uploads\/2022\/07\/INCANTESIMO-DEL-GIORNO.png\",\"datePublished\":\"2022-07-25T10:37:27+00:00\",\"dateModified\":\"2024-11-14T13:50:04+00:00\",\"description\":\"CALENDARIO 2025 - INCANTESIMO DEL GIORNO Il Calendario 2025 - Incantesimo del Giorno di Om Edizioni racchiude 365 pagine da leggere, strappare, usare, conservare per alimentare lo spirito per\",\"breadcrumb\":{\"@id\":\"https:\/\/ilcrogiuolo.it\/en\/p\/calendario-2024-incantesimo-del-giorno\/#breadcrumb\"},\"inLanguage\":\"en-US\",\"potentialAction\":[{\"@type\":\"ReadAction\",\"target\":[\"https:\/\/ilcrogiuolo.it\/en\/p\/calendario-2024-incantesimo-del-giorno\/\"]}]},{\"@type\":\"ImageObject\",\"inLanguage\":\"en-US\",\"@id\":\"https:\/\/ilcrogiuolo.it\/en\/p\/calendario-2024-incantesimo-del-giorno\/#primaryimage\",\"url\":\"https:\/\/ilcrogiuolo.it\/wp-content\/uploads\/2022\/07\/INCANTESIMO-DEL-GIORNO.png\",\"contentUrl\":\"https:\/\/ilcrogiuolo.it\/wp-content\/uploads\/2022\/07\/INCANTESIMO-DEL-GIORNO.png\",\"width\":751,\"height\":770},{\"@type\":\"BreadcrumbList\",\"@id\":\"https:\/\/ilcrogiuolo.it\/en\/p\/calendario-2024-incantesimo-del-giorno\/#breadcrumb\",\"itemListElement\":[{\"@type\":\"ListItem\",\"position\":1,\"name\":\"Home\",\"item\":\"https:\/\/ilcrogiuolo.it\/en\/\"},{\"@type\":\"ListItem\",\"position\":2,\"name\":\"Shop\",\"item\":\"https:\/\/ilcrogiuolo.it\/en\/shop\/\"},{\"@type\":\"ListItem\",\"position\":3,\"name\":\"CALENDARIO 2025 &#8211; INCANTESIMO DEL GIORNO\"}]},{\"@type\":\"WebSite\",\"@id\":\"https:\/\/ilcrogiuolo.it\/en\/#website\",\"url\":\"https:\/\/ilcrogiuolo.it\/en\/\",\"name\":\"Il Crogiuolo\",\"description\":\"\",\"publisher\":{\"@id\":\"https:\/\/ilcrogiuolo.it\/en\/#organization\"},\"potentialAction\":[{\"@type\":\"SearchAction\",\"target\":{\"@type\":\"EntryPoint\",\"urlTemplate\":\"https:\/\/ilcrogiuolo.it\/en\/?s={search_term_string}\"},\"query-input\":{\"@type\":\"PropertyValueSpecification\",\"valueRequired\":true,\"valueName\":\"search_term_string\"}}],\"inLanguage\":\"en-US\"},{\"@type\":\"Organization\",\"@id\":\"https:\/\/ilcrogiuolo.it\/en\/#organization\",\"name\":\"Il Crogiuolo\",\"url\":\"https:\/\/ilcrogiuolo.it\/en\/\",\"logo\":{\"@type\":\"ImageObject\",\"inLanguage\":\"en-US\",\"@id\":\"https:\/\/ilcrogiuolo.it\/en\/#\/schema\/logo\/image\/\",\"url\":\"https:\/\/ilcrogiuolo.it\/wp-content\/uploads\/2020\/04\/logo.png\",\"contentUrl\":\"https:\/\/ilcrogiuolo.it\/wp-content\/uploads\/2020\/04\/logo.png\",\"width\":200,\"height\":49,\"caption\":\"Il Crogiuolo\"},\"image\":{\"@id\":\"https:\/\/ilcrogiuolo.it\/en\/#\/schema\/logo\/image\/\"},\"sameAs\":[\"https:\/\/www.facebook.com\/Il-Crogiuolo-681876418491758\"]}]}<\/script>\n<!-- \/ Yoast SEO plugin. -->","yoast_head_json":{"title":"CALENDARIO 2025 - INCANTESIMO DEL GIORNO - Il Crogiuolo","description":"CALENDARIO 2025 - INCANTESIMO DEL GIORNO Il Calendario 2025 - Incantesimo del Giorno di Om Edizioni racchiude 365 pagine da leggere, strappare, usare, conservare per alimentare lo spirito per","robots":{"index":"index","follow":"follow","max-snippet":"max-snippet:-1","max-image-preview":"max-image-preview:large","max-video-preview":"max-video-preview:-1"},"canonical":"https:\/\/ilcrogiuolo.it\/en\/p\/calendario-2024-incantesimo-del-giorno\/","og_locale":"en_US","og_type":"article","og_title":"CALENDARIO 2025 - INCANTESIMO DEL GIORNO - Il Crogiuolo","og_description":"CALENDARIO 2025 - INCANTESIMO DEL GIORNO Il Calendario 2025 - Incantesimo del Giorno di Om Edizioni racchiude 365 pagine da leggere, strappare, usare, conservare per alimentare lo spirito per","og_url":"https:\/\/ilcrogiuolo.it\/en\/p\/calendario-2024-incantesimo-del-giorno\/","og_site_name":"Il Crogiuolo","article_publisher":"https:\/\/www.facebook.com\/Il-Crogiuolo-681876418491758","article_modified_time":"2024-11-14T13:50:04+00:00","og_image":[{"width":575,"height":549,"url":"https:\/\/ilcrogiuolo.it\/wp-content\/uploads\/2022\/07\/CALENDARIO-2025-MAGIA-STREGONERIA-WICCA.png","type":"image\/png"}],"twitter_card":"summary_large_image","twitter_misc":{"Est. reading time":"1 minute"},"schema":{"@context":"https:\/\/schema.org","@graph":[{"@type":"WebPage","@id":"https:\/\/ilcrogiuolo.it\/en\/p\/calendario-2024-incantesimo-del-giorno\/","url":"https:\/\/ilcrogiuolo.it\/en\/p\/calendario-2024-incantesimo-del-giorno\/","name":"CALENDARIO 2025 - INCANTESIMO DEL GIORNO - Il Crogiuolo","isPartOf":{"@id":"https:\/\/ilcrogiuolo.it\/en\/#website"},"primaryImageOfPage":{"@id":"https:\/\/ilcrogiuolo.it\/en\/p\/calendario-2024-incantesimo-del-giorno\/#primaryimage"},"image":{"@id":"https:\/\/ilcrogiuolo.it\/en\/p\/calendario-2024-incantesimo-del-giorno\/#primaryimage"},"thumbnailUrl":"https:\/\/ilcrogiuolo.it\/wp-content\/uploads\/2022\/07\/INCANTESIMO-DEL-GIORNO.png","datePublished":"2022-07-25T10:37:27+00:00","dateModified":"2024-11-14T13:50:04+00:00","description":"CALENDARIO 2025 - INCANTESIMO DEL GIORNO Il Calendario 2025 - Incantesimo del Giorno di Om Edizioni racchiude 365 pagine da leggere, strappare, usare, conservare per alimentare lo spirito per","breadcrumb":{"@id":"https:\/\/ilcrogiuolo.it\/en\/p\/calendario-2024-incantesimo-del-giorno\/#breadcrumb"},"inLanguage":"en-US","potentialAction":[{"@type":"ReadAction","target":["https:\/\/ilcrogiuolo.it\/en\/p\/calendario-2024-incantesimo-del-giorno\/"]}]},{"@type":"ImageObject","inLanguage":"en-US","@id":"https:\/\/ilcrogiuolo.it\/en\/p\/calendario-2024-incantesimo-del-giorno\/#primaryimage","url":"https:\/\/ilcrogiuolo.it\/wp-content\/uploads\/2022\/07\/INCANTESIMO-DEL-GIORNO.png","contentUrl":"https:\/\/ilcrogiuolo.it\/wp-content\/uploads\/2022\/07\/INCANTESIMO-DEL-GIORNO.png","width":751,"height":770},{"@type":"BreadcrumbList","@id":"https:\/\/ilcrogiuolo.it\/en\/p\/calendario-2024-incantesimo-del-giorno\/#breadcrumb","itemListElement":[{"@type":"ListItem","position":1,"name":"Home","item":"https:\/\/ilcrogiuolo.it\/en\/"},{"@type":"ListItem","position":2,"name":"Shop","item":"https:\/\/ilcrogiuolo.it\/en\/shop\/"},{"@type":"ListItem","position":3,"name":"CALENDARIO 2025 &#8211; INCANTESIMO DEL GIORNO"}]},{"@type":"WebSite","@id":"https:\/\/ilcrogiuolo.it\/en\/#website","url":"https:\/\/ilcrogiuolo.it\/en\/","name":"Il Crogiuolo","description":"","publisher":{"@id":"https:\/\/ilcrogiuolo.it\/en\/#organization"},"potentialAction":[{"@type":"SearchAction","target":{"@type":"EntryPoint","urlTemplate":"https:\/\/ilcrogiuolo.it\/en\/?s={search_term_string}"},"query-input":{"@type":"PropertyValueSpecification","valueRequired":true,"valueName":"search_term_string"}}],"inLanguage":"en-US"},{"@type":"Organization","@id":"https:\/\/ilcrogiuolo.it\/en\/#organization","name":"Il Crogiuolo","url":"https:\/\/ilcrogiuolo.it\/en\/","logo":{"@type":"ImageObject","inLanguage":"en-US","@id":"https:\/\/ilcrogiuolo.it\/en\/#\/schema\/logo\/image\/","url":"https:\/\/ilcrogiuolo.it\/wp-content\/uploads\/2020\/04\/logo.png","contentUrl":"https:\/\/ilcrogiuolo.it\/wp-content\/uploads\/2020\/04\/logo.png","width":200,"height":49,"caption":"Il Crogiuolo"},"image":{"@id":"https:\/\/ilcrogiuolo.it\/en\/#\/schema\/logo\/image\/"},"sameAs":["https:\/\/www.facebook.com\/Il-Crogiuolo-681876418491758"]}]}},"_links":{"self":[{"href":"https:\/\/ilcrogiuolo.it\/en\/wp-json\/wp\/v2\/product\/38144","targetHints":{"allow":["GET"]}}],"collection":[{"href":"https:\/\/ilcrogiuolo.it\/en\/wp-json\/wp\/v2\/product"}],"about":[{"href":"https:\/\/ilcrogiuolo.it\/en\/wp-json\/wp\/v2\/types\/product"}],"wp:featuredmedia":[{"embeddable":true,"href":"https:\/\/ilcrogiuolo.it\/en\/wp-json\/wp\/v2\/media\/51441"}],"wp:attachment":[{"href":"https:\/\/ilcrogiuolo.it\/en\/wp-json\/wp\/v2\/media?parent=38144"}],"wp:term":[{"taxonomy":"product_brand","embeddable":true,"href":"https:\/\/ilcrogiuolo.it\/en\/wp-json\/wp\/v2\/product_brand?post=38144"},{"taxonomy":"product_cat","embeddable":true,"href":"https:\/\/ilcrogiuolo.it\/en\/wp-json\/wp\/v2\/product_cat?post=38144"},{"taxonomy":"product_tag","embeddable":true,"href":"https:\/\/ilcrogiuolo.it\/en\/wp-json\/wp\/v2\/product_tag?post=38144"}],"curies":[{"name":"wp","href":"https:\/\/api.w.org\/{rel}","templated":true}]}}