{"id":34867,"date":"2022-01-20T16:31:32","date_gmt":"2022-01-20T15:31:32","guid":{"rendered":"https:\/\/ilcrogiuolo.it\/?post_type=product&#038;p=34867"},"modified":"2022-01-20T16:44:51","modified_gmt":"2022-01-20T15:44:51","slug":"fourth-pentacle-majeur-by-dom-bernardin-le-roi","status":"publish","type":"product","link":"https:\/\/ilcrogiuolo.it\/en\/p\/fourth-pentacle-majeur-by-dom-bernardin-le-roi\/","title":{"rendered":"Fourth Pentacle Majeur by Dom Bernardin &#8211; Le Roi"},"content":{"rendered":"<p>Nella seconda met\u00e0 del secolo scorso il mondo occidentale si trov\u00f2 dinnanzi ad una delle crisi umanitarie pi\u00f9 pesanti della storia. L\u2019Europa, aldil\u00e0 degli esiti bellici, aveva dovuto fare i conti con perdite umane ed economiche. In questo clima si erge in Francia la figura di Dom Bernardin, pseudonimo di un autore che rivoluzion\u00f2 l\u2019esoterismo d\u2019Oltralpe associando, come gi\u00e0 fece l\u2019Abate Julio nel secolo precedente, orazioni all\u2019impiego di pentacoli. I suoi testi di Magia Bianca portarono la speranza alle generazioni postbelliche aiutando moltissime persone a superare quel periodo di crisi alla luce del credo Cristiano e di una nuova speranza verso l\u2019avvenire.<br \/>\nIl Crogiuolo\u00ae vi propone i Pentacoli Maggiori di Dom Bernardin tratti dal testo Les Pri\u00e9res Dor\u00e9es, incisi su medaglie in argento 925 ed accompagnati dall\u2019orazione appropriata per trarre da questo strumento teurgico benedizioni per superare ogni difficolt\u00e0 della vita.<br \/>\nIl Quarto Pentacolo Maggiore \u00e8 il pentacolo della riuscita, del successo e del trionfo in ogni ambito della vita, propizia affari e transazioni, aiuta in esami e concorsi. Allontana la rovina e la povert\u00e0 nonch\u00e8 gli affari sbagliati. Aiuta a risolvere i crolli di fortuna apportando benessere e successo.<\/p>\n","protected":false},"excerpt":{"rendered":"<p>Nella seconda met\u00e0 del secolo scorso il mondo occidentale si trov\u00f2 dinnanzi ad una delle crisi umanitarie pi\u00f9 pesanti della&#8230;<\/p>\n","protected":false},"featured_media":34848,"template":"","meta":{"_acf_changed":false},"product_brand":[],"product_cat":[2023],"product_tag":[],"class_list":{"0":"post-34867","1":"product","2":"type-product","3":"status-publish","4":"has-post-thumbnail","6":"product_cat-senza-categoria-en","8":"first","9":"instock","10":"sale","11":"taxable","12":"shipping-taxable","13":"purchasable","14":"product-type-variable","15":"has-default-attributes","16":"add-to-wishlist-before_image"},"acf":[],"yoast_head":"<!-- This site is optimized with the Yoast SEO plugin v26.9 - https:\/\/yoast.com\/product\/yoast-seo-wordpress\/ -->\n<title>Fourth Pentacle Majeur by Dom Bernardin - Le Roi - Il Crogiuolo<\/title>\n<meta name=\"description\" content=\"Fourth Pentacle Majeur by Dom Bernardin - Le Roi Nella seconda met\u00e0 del secolo scorso il mondo occidentale si trov\u00f2 dinnanzi ad una delle crisi umanitarie pi\u00f9 pesanti della storia. L\u2019Europa, aldil\u00e0 degli\" \/>\n<meta name=\"robots\" content=\"index, follow, max-snippet:-1, max-image-preview:large, max-video-preview:-1\" \/>\n<link rel=\"canonical\" href=\"https:\/\/ilcrogiuolo.it\/en\/p\/fourth-pentacle-majeur-by-dom-bernardin-le-roi\/\" \/>\n<meta property=\"og:locale\" content=\"en_US\" \/>\n<meta property=\"og:type\" content=\"article\" \/>\n<meta property=\"og:title\" content=\"Fourth Pentacle Majeur by Dom Bernardin - Le Roi - Il Crogiuolo\" \/>\n<meta property=\"og:description\" content=\"Fourth Pentacle Majeur by Dom Bernardin - Le Roi Nella seconda met\u00e0 del secolo scorso il mondo occidentale si trov\u00f2 dinnanzi ad una delle crisi umanitarie pi\u00f9 pesanti della storia. L\u2019Europa, aldil\u00e0 degli\" \/>\n<meta property=\"og:url\" content=\"https:\/\/ilcrogiuolo.it\/en\/p\/fourth-pentacle-majeur-by-dom-bernardin-le-roi\/\" \/>\n<meta property=\"og:site_name\" content=\"Il Crogiuolo\" \/>\n<meta property=\"article:publisher\" content=\"https:\/\/www.facebook.com\/Il-Crogiuolo-681876418491758\" \/>\n<meta property=\"article:modified_time\" content=\"2022-01-20T15:44:51+00:00\" \/>\n<meta property=\"og:image\" content=\"https:\/\/ilcrogiuolo.it\/wp-content\/uploads\/2022\/01\/pentacolo_le_roi_argento.jpg\" \/>\n\t<meta property=\"og:image:width\" content=\"2361\" \/>\n\t<meta property=\"og:image:height\" content=\"2361\" \/>\n\t<meta property=\"og:image:type\" content=\"image\/jpeg\" \/>\n<meta name=\"twitter:card\" content=\"summary_large_image\" \/>\n<meta name=\"twitter:label1\" content=\"Est. reading time\" \/>\n\t<meta name=\"twitter:data1\" content=\"1 minute\" \/>\n<script type=\"application\/ld+json\" class=\"yoast-schema-graph\">{\"@context\":\"https:\/\/schema.org\",\"@graph\":[{\"@type\":\"WebPage\",\"@id\":\"https:\/\/ilcrogiuolo.it\/en\/p\/fourth-pentacle-majeur-by-dom-bernardin-le-roi\/\",\"url\":\"https:\/\/ilcrogiuolo.it\/en\/p\/fourth-pentacle-majeur-by-dom-bernardin-le-roi\/\",\"name\":\"Fourth Pentacle Majeur by Dom Bernardin - Le Roi - Il Crogiuolo\",\"isPartOf\":{\"@id\":\"https:\/\/ilcrogiuolo.it\/en\/#website\"},\"primaryImageOfPage\":{\"@id\":\"https:\/\/ilcrogiuolo.it\/en\/p\/fourth-pentacle-majeur-by-dom-bernardin-le-roi\/#primaryimage\"},\"image\":{\"@id\":\"https:\/\/ilcrogiuolo.it\/en\/p\/fourth-pentacle-majeur-by-dom-bernardin-le-roi\/#primaryimage\"},\"thumbnailUrl\":\"https:\/\/ilcrogiuolo.it\/wp-content\/uploads\/2022\/01\/pentacolo_le_roi_argento.jpg\",\"datePublished\":\"2022-01-20T15:31:32+00:00\",\"dateModified\":\"2022-01-20T15:44:51+00:00\",\"description\":\"Fourth Pentacle Majeur by Dom Bernardin - Le Roi Nella seconda met\u00e0 del secolo scorso il mondo occidentale si trov\u00f2 dinnanzi ad una delle crisi umanitarie pi\u00f9 pesanti della storia. L\u2019Europa, aldil\u00e0 degli\",\"breadcrumb\":{\"@id\":\"https:\/\/ilcrogiuolo.it\/en\/p\/fourth-pentacle-majeur-by-dom-bernardin-le-roi\/#breadcrumb\"},\"inLanguage\":\"en-US\",\"potentialAction\":[{\"@type\":\"ReadAction\",\"target\":[\"https:\/\/ilcrogiuolo.it\/en\/p\/fourth-pentacle-majeur-by-dom-bernardin-le-roi\/\"]}]},{\"@type\":\"ImageObject\",\"inLanguage\":\"en-US\",\"@id\":\"https:\/\/ilcrogiuolo.it\/en\/p\/fourth-pentacle-majeur-by-dom-bernardin-le-roi\/#primaryimage\",\"url\":\"https:\/\/ilcrogiuolo.it\/wp-content\/uploads\/2022\/01\/pentacolo_le_roi_argento.jpg\",\"contentUrl\":\"https:\/\/ilcrogiuolo.it\/wp-content\/uploads\/2022\/01\/pentacolo_le_roi_argento.jpg\",\"width\":2361,\"height\":2361},{\"@type\":\"BreadcrumbList\",\"@id\":\"https:\/\/ilcrogiuolo.it\/en\/p\/fourth-pentacle-majeur-by-dom-bernardin-le-roi\/#breadcrumb\",\"itemListElement\":[{\"@type\":\"ListItem\",\"position\":1,\"name\":\"Home\",\"item\":\"https:\/\/ilcrogiuolo.it\/en\/\"},{\"@type\":\"ListItem\",\"position\":2,\"name\":\"Shop\",\"item\":\"https:\/\/ilcrogiuolo.it\/en\/shop\/\"},{\"@type\":\"ListItem\",\"position\":3,\"name\":\"Fourth Pentacle Majeur by Dom Bernardin &#8211; Le Roi\"}]},{\"@type\":\"WebSite\",\"@id\":\"https:\/\/ilcrogiuolo.it\/en\/#website\",\"url\":\"https:\/\/ilcrogiuolo.it\/en\/\",\"name\":\"Il Crogiuolo\",\"description\":\"\",\"publisher\":{\"@id\":\"https:\/\/ilcrogiuolo.it\/en\/#organization\"},\"potentialAction\":[{\"@type\":\"SearchAction\",\"target\":{\"@type\":\"EntryPoint\",\"urlTemplate\":\"https:\/\/ilcrogiuolo.it\/en\/?s={search_term_string}\"},\"query-input\":{\"@type\":\"PropertyValueSpecification\",\"valueRequired\":true,\"valueName\":\"search_term_string\"}}],\"inLanguage\":\"en-US\"},{\"@type\":\"Organization\",\"@id\":\"https:\/\/ilcrogiuolo.it\/en\/#organization\",\"name\":\"Il Crogiuolo\",\"url\":\"https:\/\/ilcrogiuolo.it\/en\/\",\"logo\":{\"@type\":\"ImageObject\",\"inLanguage\":\"en-US\",\"@id\":\"https:\/\/ilcrogiuolo.it\/en\/#\/schema\/logo\/image\/\",\"url\":\"https:\/\/ilcrogiuolo.it\/wp-content\/uploads\/2020\/04\/logo.png\",\"contentUrl\":\"https:\/\/ilcrogiuolo.it\/wp-content\/uploads\/2020\/04\/logo.png\",\"width\":200,\"height\":49,\"caption\":\"Il Crogiuolo\"},\"image\":{\"@id\":\"https:\/\/ilcrogiuolo.it\/en\/#\/schema\/logo\/image\/\"},\"sameAs\":[\"https:\/\/www.facebook.com\/Il-Crogiuolo-681876418491758\"]}]}<\/script>\n<!-- \/ Yoast SEO plugin. -->","yoast_head_json":{"title":"Fourth Pentacle Majeur by Dom Bernardin - Le Roi - Il Crogiuolo","description":"Fourth Pentacle Majeur by Dom Bernardin - Le Roi Nella seconda met\u00e0 del secolo scorso il mondo occidentale si trov\u00f2 dinnanzi ad una delle crisi umanitarie pi\u00f9 pesanti della storia. L\u2019Europa, aldil\u00e0 degli","robots":{"index":"index","follow":"follow","max-snippet":"max-snippet:-1","max-image-preview":"max-image-preview:large","max-video-preview":"max-video-preview:-1"},"canonical":"https:\/\/ilcrogiuolo.it\/en\/p\/fourth-pentacle-majeur-by-dom-bernardin-le-roi\/","og_locale":"en_US","og_type":"article","og_title":"Fourth Pentacle Majeur by Dom Bernardin - Le Roi - Il Crogiuolo","og_description":"Fourth Pentacle Majeur by Dom Bernardin - Le Roi Nella seconda met\u00e0 del secolo scorso il mondo occidentale si trov\u00f2 dinnanzi ad una delle crisi umanitarie pi\u00f9 pesanti della storia. L\u2019Europa, aldil\u00e0 degli","og_url":"https:\/\/ilcrogiuolo.it\/en\/p\/fourth-pentacle-majeur-by-dom-bernardin-le-roi\/","og_site_name":"Il Crogiuolo","article_publisher":"https:\/\/www.facebook.com\/Il-Crogiuolo-681876418491758","article_modified_time":"2022-01-20T15:44:51+00:00","og_image":[{"width":2361,"height":2361,"url":"https:\/\/ilcrogiuolo.it\/wp-content\/uploads\/2022\/01\/pentacolo_le_roi_argento.jpg","type":"image\/jpeg"}],"twitter_card":"summary_large_image","twitter_misc":{"Est. reading time":"1 minute"},"schema":{"@context":"https:\/\/schema.org","@graph":[{"@type":"WebPage","@id":"https:\/\/ilcrogiuolo.it\/en\/p\/fourth-pentacle-majeur-by-dom-bernardin-le-roi\/","url":"https:\/\/ilcrogiuolo.it\/en\/p\/fourth-pentacle-majeur-by-dom-bernardin-le-roi\/","name":"Fourth Pentacle Majeur by Dom Bernardin - Le Roi - Il Crogiuolo","isPartOf":{"@id":"https:\/\/ilcrogiuolo.it\/en\/#website"},"primaryImageOfPage":{"@id":"https:\/\/ilcrogiuolo.it\/en\/p\/fourth-pentacle-majeur-by-dom-bernardin-le-roi\/#primaryimage"},"image":{"@id":"https:\/\/ilcrogiuolo.it\/en\/p\/fourth-pentacle-majeur-by-dom-bernardin-le-roi\/#primaryimage"},"thumbnailUrl":"https:\/\/ilcrogiuolo.it\/wp-content\/uploads\/2022\/01\/pentacolo_le_roi_argento.jpg","datePublished":"2022-01-20T15:31:32+00:00","dateModified":"2022-01-20T15:44:51+00:00","description":"Fourth Pentacle Majeur by Dom Bernardin - Le Roi Nella seconda met\u00e0 del secolo scorso il mondo occidentale si trov\u00f2 dinnanzi ad una delle crisi umanitarie pi\u00f9 pesanti della storia. L\u2019Europa, aldil\u00e0 degli","breadcrumb":{"@id":"https:\/\/ilcrogiuolo.it\/en\/p\/fourth-pentacle-majeur-by-dom-bernardin-le-roi\/#breadcrumb"},"inLanguage":"en-US","potentialAction":[{"@type":"ReadAction","target":["https:\/\/ilcrogiuolo.it\/en\/p\/fourth-pentacle-majeur-by-dom-bernardin-le-roi\/"]}]},{"@type":"ImageObject","inLanguage":"en-US","@id":"https:\/\/ilcrogiuolo.it\/en\/p\/fourth-pentacle-majeur-by-dom-bernardin-le-roi\/#primaryimage","url":"https:\/\/ilcrogiuolo.it\/wp-content\/uploads\/2022\/01\/pentacolo_le_roi_argento.jpg","contentUrl":"https:\/\/ilcrogiuolo.it\/wp-content\/uploads\/2022\/01\/pentacolo_le_roi_argento.jpg","width":2361,"height":2361},{"@type":"BreadcrumbList","@id":"https:\/\/ilcrogiuolo.it\/en\/p\/fourth-pentacle-majeur-by-dom-bernardin-le-roi\/#breadcrumb","itemListElement":[{"@type":"ListItem","position":1,"name":"Home","item":"https:\/\/ilcrogiuolo.it\/en\/"},{"@type":"ListItem","position":2,"name":"Shop","item":"https:\/\/ilcrogiuolo.it\/en\/shop\/"},{"@type":"ListItem","position":3,"name":"Fourth Pentacle Majeur by Dom Bernardin &#8211; Le Roi"}]},{"@type":"WebSite","@id":"https:\/\/ilcrogiuolo.it\/en\/#website","url":"https:\/\/ilcrogiuolo.it\/en\/","name":"Il Crogiuolo","description":"","publisher":{"@id":"https:\/\/ilcrogiuolo.it\/en\/#organization"},"potentialAction":[{"@type":"SearchAction","target":{"@type":"EntryPoint","urlTemplate":"https:\/\/ilcrogiuolo.it\/en\/?s={search_term_string}"},"query-input":{"@type":"PropertyValueSpecification","valueRequired":true,"valueName":"search_term_string"}}],"inLanguage":"en-US"},{"@type":"Organization","@id":"https:\/\/ilcrogiuolo.it\/en\/#organization","name":"Il Crogiuolo","url":"https:\/\/ilcrogiuolo.it\/en\/","logo":{"@type":"ImageObject","inLanguage":"en-US","@id":"https:\/\/ilcrogiuolo.it\/en\/#\/schema\/logo\/image\/","url":"https:\/\/ilcrogiuolo.it\/wp-content\/uploads\/2020\/04\/logo.png","contentUrl":"https:\/\/ilcrogiuolo.it\/wp-content\/uploads\/2020\/04\/logo.png","width":200,"height":49,"caption":"Il Crogiuolo"},"image":{"@id":"https:\/\/ilcrogiuolo.it\/en\/#\/schema\/logo\/image\/"},"sameAs":["https:\/\/www.facebook.com\/Il-Crogiuolo-681876418491758"]}]}},"_links":{"self":[{"href":"https:\/\/ilcrogiuolo.it\/en\/wp-json\/wp\/v2\/product\/34867","targetHints":{"allow":["GET"]}}],"collection":[{"href":"https:\/\/ilcrogiuolo.it\/en\/wp-json\/wp\/v2\/product"}],"about":[{"href":"https:\/\/ilcrogiuolo.it\/en\/wp-json\/wp\/v2\/types\/product"}],"wp:featuredmedia":[{"embeddable":true,"href":"https:\/\/ilcrogiuolo.it\/en\/wp-json\/wp\/v2\/media\/34848"}],"wp:attachment":[{"href":"https:\/\/ilcrogiuolo.it\/en\/wp-json\/wp\/v2\/media?parent=34867"}],"wp:term":[{"taxonomy":"product_brand","embeddable":true,"href":"https:\/\/ilcrogiuolo.it\/en\/wp-json\/wp\/v2\/product_brand?post=34867"},{"taxonomy":"product_cat","embeddable":true,"href":"https:\/\/ilcrogiuolo.it\/en\/wp-json\/wp\/v2\/product_cat?post=34867"},{"taxonomy":"product_tag","embeddable":true,"href":"https:\/\/ilcrogiuolo.it\/en\/wp-json\/wp\/v2\/product_tag?post=34867"}],"curies":[{"name":"wp","href":"https:\/\/api.w.org\/{rel}","templated":true}]}}