{"id":30462,"date":"2021-09-15T15:50:19","date_gmt":"2021-09-15T13:50:19","guid":{"rendered":"https:\/\/ilcrogiuolo.it\/?post_type=product&#038;p=30462"},"modified":"2025-01-14T10:39:48","modified_gmt":"2025-01-14T09:39:48","slug":"il-calendario-degli-incantesimi","status":"publish","type":"product","link":"https:\/\/ilcrogiuolo.it\/en\/p\/il-calendario-degli-incantesimi\/","title":{"rendered":"IL CALENDARIO DEGLI INCANTESIMI 2025"},"content":{"rendered":"<div class=\"catDescription\">\n<p><strong>&#8220;<em>Il Calendario degli Incantesimi 2025<\/em>&#8221; \u00e8 un\u2019agenda un po\u2019 particolare e un po\u2019 sorprendente.<\/strong><\/p>\n<p>Ti accompagner\u00e0, come sempre, dal 1\u00b0 gennaio al 31 dicembre, e ogni giorno troverai <strong>curiosit\u00e0 e consigli interessanti sul mondo della spiritualit\u00e0, della magia, delle tradizioni e molto altro<\/strong>, che scoprirai sfogliando e leggendo.<\/p>\n<p>Ma quest\u2019anno c\u2019\u00e8 di pi\u00f9: <strong>ogni mese, infatti, \u00e8 dedicato a un valore specifico<\/strong>, l\u2019amore, il coraggio, la fortuna, la salute e molti altri, e ogni mese Francesco Pi ti dar\u00e0 spunti per sviluppare, curare, coltivare quel valore in particolare.<\/p>\n<p>Troverai consigli, letture, sfide ed esercizi, tutti pensati per farti crescere interiormente e per diventare la versione migliore di te stesso, quella che magari desideri essere da un po\u2019.<\/p>\n<p>Non mancheranno, certo, moltissimi rituali, che sono da sempre la cifra delle agende curate da Francesco, ma ti stupirai anche nel trovare nuove esperienze e qualche confidenza su come l&#8217;autore stesso affronta la vita.<\/p>\n<p>Quindi, dal 1\u00b0 gennaio, ogni giorno, segui il ritmo del Calendario degli Incantesimi <strong>per avere un anno che faccia davvero la differenza<\/strong>, che valga la pena di essere vissuto e gustato fino in fondo e che, una volta finito, ti faccia voltare indietro con grande soddisfazione.<\/p>\n<table class=\"table table-bordered table-striped\">\n<tbody>\n<tr>\n<td>Editore<\/td>\n<td>Om Edizioni<\/td>\n<\/tr>\n<tr>\n<td>Anno Pubblicazione<\/td>\n<td>2024<\/td>\n<\/tr>\n<tr>\n<td>Formato<\/td>\n<td>Pagine: 364 &#8211; 13x21cm<\/td>\n<\/tr>\n<\/tbody>\n<\/table>\n<\/div>\n<p>&nbsp;<\/p>\n<p>&nbsp;<\/p>\n<p>&nbsp;<\/p>\n<p>&nbsp;<\/p>\n","protected":false},"excerpt":{"rendered":"<p>&#8220;Il Calendario degli Incantesimi 2025&#8221; \u00e8 un\u2019agenda un po\u2019 particolare e un po\u2019 sorprendente. Ti accompagner\u00e0, come sempre, dal 1\u00b0&#8230;<\/p>\n","protected":false},"featured_media":48998,"template":"","meta":{"_acf_changed":false},"product_brand":[],"product_cat":[2023],"product_tag":[],"class_list":{"0":"post-30462","1":"product","2":"type-product","3":"status-publish","4":"has-post-thumbnail","6":"product_cat-senza-categoria-en","8":"first","9":"instock","10":"purchasable","11":"product-type-simple","12":"add-to-wishlist-before_image"},"acf":[],"yoast_head":"<!-- This site is optimized with the Yoast SEO plugin v26.9 - https:\/\/yoast.com\/product\/yoast-seo-wordpress\/ -->\n<title>IL CALENDARIO DEGLI INCANTESIMI 2025 - Il Crogiuolo<\/title>\n<meta name=\"description\" content=\"IL CALENDARIO DEGLI INCANTESIMI 2025 &quot;Il Calendario degli Incantesimi 2025&quot; \u00e8 un\u2019agenda un po\u2019 particolare e un po\u2019 sorprendente. Ti accompagner\u00e0, come sempre, dal 1\u00b0 gennaio al 31 dicembre,\" \/>\n<meta name=\"robots\" content=\"index, follow, max-snippet:-1, max-image-preview:large, max-video-preview:-1\" \/>\n<link rel=\"canonical\" href=\"https:\/\/ilcrogiuolo.it\/en\/p\/il-calendario-degli-incantesimi\/\" \/>\n<meta property=\"og:locale\" content=\"en_US\" \/>\n<meta property=\"og:type\" content=\"article\" \/>\n<meta property=\"og:title\" content=\"IL CALENDARIO DEGLI INCANTESIMI 2025 - Il Crogiuolo\" \/>\n<meta property=\"og:description\" content=\"IL CALENDARIO DEGLI INCANTESIMI 2025 &quot;Il Calendario degli Incantesimi 2025&quot; \u00e8 un\u2019agenda un po\u2019 particolare e un po\u2019 sorprendente. Ti accompagner\u00e0, come sempre, dal 1\u00b0 gennaio al 31 dicembre,\" \/>\n<meta property=\"og:url\" content=\"https:\/\/ilcrogiuolo.it\/en\/p\/il-calendario-degli-incantesimi\/\" \/>\n<meta property=\"og:site_name\" content=\"Il Crogiuolo\" \/>\n<meta property=\"article:publisher\" content=\"https:\/\/www.facebook.com\/Il-Crogiuolo-681876418491758\" \/>\n<meta property=\"article:modified_time\" content=\"2025-01-14T09:39:48+00:00\" \/>\n<meta property=\"og:image\" content=\"https:\/\/ilcrogiuolo.it\/wp-content\/uploads\/2021\/09\/CALENDARIO-INCANTESIMI.png\" \/>\n\t<meta property=\"og:image:width\" content=\"473\" \/>\n\t<meta property=\"og:image:height\" content=\"466\" \/>\n\t<meta property=\"og:image:type\" content=\"image\/png\" \/>\n<meta name=\"twitter:card\" content=\"summary_large_image\" \/>\n<meta name=\"twitter:label1\" content=\"Est. reading time\" \/>\n\t<meta name=\"twitter:data1\" content=\"2 minutes\" \/>\n<script type=\"application\/ld+json\" class=\"yoast-schema-graph\">{\"@context\":\"https:\/\/schema.org\",\"@graph\":[{\"@type\":\"WebPage\",\"@id\":\"https:\/\/ilcrogiuolo.it\/en\/p\/il-calendario-degli-incantesimi\/\",\"url\":\"https:\/\/ilcrogiuolo.it\/en\/p\/il-calendario-degli-incantesimi\/\",\"name\":\"IL CALENDARIO DEGLI INCANTESIMI 2025 - Il Crogiuolo\",\"isPartOf\":{\"@id\":\"https:\/\/ilcrogiuolo.it\/en\/#website\"},\"primaryImageOfPage\":{\"@id\":\"https:\/\/ilcrogiuolo.it\/en\/p\/il-calendario-degli-incantesimi\/#primaryimage\"},\"image\":{\"@id\":\"https:\/\/ilcrogiuolo.it\/en\/p\/il-calendario-degli-incantesimi\/#primaryimage\"},\"thumbnailUrl\":\"https:\/\/ilcrogiuolo.it\/wp-content\/uploads\/2021\/09\/CALENDARIO-INCANTESIMI.png\",\"datePublished\":\"2021-09-15T13:50:19+00:00\",\"dateModified\":\"2025-01-14T09:39:48+00:00\",\"description\":\"IL CALENDARIO DEGLI INCANTESIMI 2025 \\\"Il Calendario degli Incantesimi 2025\\\" \u00e8 un\u2019agenda un po\u2019 particolare e un po\u2019 sorprendente. Ti accompagner\u00e0, come sempre, dal 1\u00b0 gennaio al 31 dicembre,\",\"breadcrumb\":{\"@id\":\"https:\/\/ilcrogiuolo.it\/en\/p\/il-calendario-degli-incantesimi\/#breadcrumb\"},\"inLanguage\":\"en-US\",\"potentialAction\":[{\"@type\":\"ReadAction\",\"target\":[\"https:\/\/ilcrogiuolo.it\/en\/p\/il-calendario-degli-incantesimi\/\"]}]},{\"@type\":\"ImageObject\",\"inLanguage\":\"en-US\",\"@id\":\"https:\/\/ilcrogiuolo.it\/en\/p\/il-calendario-degli-incantesimi\/#primaryimage\",\"url\":\"https:\/\/ilcrogiuolo.it\/wp-content\/uploads\/2021\/09\/CALENDARIO-INCANTESIMI.png\",\"contentUrl\":\"https:\/\/ilcrogiuolo.it\/wp-content\/uploads\/2021\/09\/CALENDARIO-INCANTESIMI.png\",\"width\":473,\"height\":466},{\"@type\":\"BreadcrumbList\",\"@id\":\"https:\/\/ilcrogiuolo.it\/en\/p\/il-calendario-degli-incantesimi\/#breadcrumb\",\"itemListElement\":[{\"@type\":\"ListItem\",\"position\":1,\"name\":\"Home\",\"item\":\"https:\/\/ilcrogiuolo.it\/en\/\"},{\"@type\":\"ListItem\",\"position\":2,\"name\":\"Shop\",\"item\":\"https:\/\/ilcrogiuolo.it\/en\/shop\/\"},{\"@type\":\"ListItem\",\"position\":3,\"name\":\"IL CALENDARIO DEGLI INCANTESIMI 2025\"}]},{\"@type\":\"WebSite\",\"@id\":\"https:\/\/ilcrogiuolo.it\/en\/#website\",\"url\":\"https:\/\/ilcrogiuolo.it\/en\/\",\"name\":\"Il Crogiuolo\",\"description\":\"\",\"publisher\":{\"@id\":\"https:\/\/ilcrogiuolo.it\/en\/#organization\"},\"potentialAction\":[{\"@type\":\"SearchAction\",\"target\":{\"@type\":\"EntryPoint\",\"urlTemplate\":\"https:\/\/ilcrogiuolo.it\/en\/?s={search_term_string}\"},\"query-input\":{\"@type\":\"PropertyValueSpecification\",\"valueRequired\":true,\"valueName\":\"search_term_string\"}}],\"inLanguage\":\"en-US\"},{\"@type\":\"Organization\",\"@id\":\"https:\/\/ilcrogiuolo.it\/en\/#organization\",\"name\":\"Il Crogiuolo\",\"url\":\"https:\/\/ilcrogiuolo.it\/en\/\",\"logo\":{\"@type\":\"ImageObject\",\"inLanguage\":\"en-US\",\"@id\":\"https:\/\/ilcrogiuolo.it\/en\/#\/schema\/logo\/image\/\",\"url\":\"https:\/\/ilcrogiuolo.it\/wp-content\/uploads\/2020\/04\/logo.png\",\"contentUrl\":\"https:\/\/ilcrogiuolo.it\/wp-content\/uploads\/2020\/04\/logo.png\",\"width\":200,\"height\":49,\"caption\":\"Il Crogiuolo\"},\"image\":{\"@id\":\"https:\/\/ilcrogiuolo.it\/en\/#\/schema\/logo\/image\/\"},\"sameAs\":[\"https:\/\/www.facebook.com\/Il-Crogiuolo-681876418491758\"]}]}<\/script>\n<!-- \/ Yoast SEO plugin. -->","yoast_head_json":{"title":"IL CALENDARIO DEGLI INCANTESIMI 2025 - Il Crogiuolo","description":"IL CALENDARIO DEGLI INCANTESIMI 2025 \"Il Calendario degli Incantesimi 2025\" \u00e8 un\u2019agenda un po\u2019 particolare e un po\u2019 sorprendente. Ti accompagner\u00e0, come sempre, dal 1\u00b0 gennaio al 31 dicembre,","robots":{"index":"index","follow":"follow","max-snippet":"max-snippet:-1","max-image-preview":"max-image-preview:large","max-video-preview":"max-video-preview:-1"},"canonical":"https:\/\/ilcrogiuolo.it\/en\/p\/il-calendario-degli-incantesimi\/","og_locale":"en_US","og_type":"article","og_title":"IL CALENDARIO DEGLI INCANTESIMI 2025 - Il Crogiuolo","og_description":"IL CALENDARIO DEGLI INCANTESIMI 2025 \"Il Calendario degli Incantesimi 2025\" \u00e8 un\u2019agenda un po\u2019 particolare e un po\u2019 sorprendente. Ti accompagner\u00e0, come sempre, dal 1\u00b0 gennaio al 31 dicembre,","og_url":"https:\/\/ilcrogiuolo.it\/en\/p\/il-calendario-degli-incantesimi\/","og_site_name":"Il Crogiuolo","article_publisher":"https:\/\/www.facebook.com\/Il-Crogiuolo-681876418491758","article_modified_time":"2025-01-14T09:39:48+00:00","og_image":[{"width":473,"height":466,"url":"https:\/\/ilcrogiuolo.it\/wp-content\/uploads\/2021\/09\/CALENDARIO-INCANTESIMI.png","type":"image\/png"}],"twitter_card":"summary_large_image","twitter_misc":{"Est. reading time":"2 minutes"},"schema":{"@context":"https:\/\/schema.org","@graph":[{"@type":"WebPage","@id":"https:\/\/ilcrogiuolo.it\/en\/p\/il-calendario-degli-incantesimi\/","url":"https:\/\/ilcrogiuolo.it\/en\/p\/il-calendario-degli-incantesimi\/","name":"IL CALENDARIO DEGLI INCANTESIMI 2025 - Il Crogiuolo","isPartOf":{"@id":"https:\/\/ilcrogiuolo.it\/en\/#website"},"primaryImageOfPage":{"@id":"https:\/\/ilcrogiuolo.it\/en\/p\/il-calendario-degli-incantesimi\/#primaryimage"},"image":{"@id":"https:\/\/ilcrogiuolo.it\/en\/p\/il-calendario-degli-incantesimi\/#primaryimage"},"thumbnailUrl":"https:\/\/ilcrogiuolo.it\/wp-content\/uploads\/2021\/09\/CALENDARIO-INCANTESIMI.png","datePublished":"2021-09-15T13:50:19+00:00","dateModified":"2025-01-14T09:39:48+00:00","description":"IL CALENDARIO DEGLI INCANTESIMI 2025 \"Il Calendario degli Incantesimi 2025\" \u00e8 un\u2019agenda un po\u2019 particolare e un po\u2019 sorprendente. Ti accompagner\u00e0, come sempre, dal 1\u00b0 gennaio al 31 dicembre,","breadcrumb":{"@id":"https:\/\/ilcrogiuolo.it\/en\/p\/il-calendario-degli-incantesimi\/#breadcrumb"},"inLanguage":"en-US","potentialAction":[{"@type":"ReadAction","target":["https:\/\/ilcrogiuolo.it\/en\/p\/il-calendario-degli-incantesimi\/"]}]},{"@type":"ImageObject","inLanguage":"en-US","@id":"https:\/\/ilcrogiuolo.it\/en\/p\/il-calendario-degli-incantesimi\/#primaryimage","url":"https:\/\/ilcrogiuolo.it\/wp-content\/uploads\/2021\/09\/CALENDARIO-INCANTESIMI.png","contentUrl":"https:\/\/ilcrogiuolo.it\/wp-content\/uploads\/2021\/09\/CALENDARIO-INCANTESIMI.png","width":473,"height":466},{"@type":"BreadcrumbList","@id":"https:\/\/ilcrogiuolo.it\/en\/p\/il-calendario-degli-incantesimi\/#breadcrumb","itemListElement":[{"@type":"ListItem","position":1,"name":"Home","item":"https:\/\/ilcrogiuolo.it\/en\/"},{"@type":"ListItem","position":2,"name":"Shop","item":"https:\/\/ilcrogiuolo.it\/en\/shop\/"},{"@type":"ListItem","position":3,"name":"IL CALENDARIO DEGLI INCANTESIMI 2025"}]},{"@type":"WebSite","@id":"https:\/\/ilcrogiuolo.it\/en\/#website","url":"https:\/\/ilcrogiuolo.it\/en\/","name":"Il Crogiuolo","description":"","publisher":{"@id":"https:\/\/ilcrogiuolo.it\/en\/#organization"},"potentialAction":[{"@type":"SearchAction","target":{"@type":"EntryPoint","urlTemplate":"https:\/\/ilcrogiuolo.it\/en\/?s={search_term_string}"},"query-input":{"@type":"PropertyValueSpecification","valueRequired":true,"valueName":"search_term_string"}}],"inLanguage":"en-US"},{"@type":"Organization","@id":"https:\/\/ilcrogiuolo.it\/en\/#organization","name":"Il Crogiuolo","url":"https:\/\/ilcrogiuolo.it\/en\/","logo":{"@type":"ImageObject","inLanguage":"en-US","@id":"https:\/\/ilcrogiuolo.it\/en\/#\/schema\/logo\/image\/","url":"https:\/\/ilcrogiuolo.it\/wp-content\/uploads\/2020\/04\/logo.png","contentUrl":"https:\/\/ilcrogiuolo.it\/wp-content\/uploads\/2020\/04\/logo.png","width":200,"height":49,"caption":"Il Crogiuolo"},"image":{"@id":"https:\/\/ilcrogiuolo.it\/en\/#\/schema\/logo\/image\/"},"sameAs":["https:\/\/www.facebook.com\/Il-Crogiuolo-681876418491758"]}]}},"_links":{"self":[{"href":"https:\/\/ilcrogiuolo.it\/en\/wp-json\/wp\/v2\/product\/30462","targetHints":{"allow":["GET"]}}],"collection":[{"href":"https:\/\/ilcrogiuolo.it\/en\/wp-json\/wp\/v2\/product"}],"about":[{"href":"https:\/\/ilcrogiuolo.it\/en\/wp-json\/wp\/v2\/types\/product"}],"wp:featuredmedia":[{"embeddable":true,"href":"https:\/\/ilcrogiuolo.it\/en\/wp-json\/wp\/v2\/media\/48998"}],"wp:attachment":[{"href":"https:\/\/ilcrogiuolo.it\/en\/wp-json\/wp\/v2\/media?parent=30462"}],"wp:term":[{"taxonomy":"product_brand","embeddable":true,"href":"https:\/\/ilcrogiuolo.it\/en\/wp-json\/wp\/v2\/product_brand?post=30462"},{"taxonomy":"product_cat","embeddable":true,"href":"https:\/\/ilcrogiuolo.it\/en\/wp-json\/wp\/v2\/product_cat?post=30462"},{"taxonomy":"product_tag","embeddable":true,"href":"https:\/\/ilcrogiuolo.it\/en\/wp-json\/wp\/v2\/product_tag?post=30462"}],"curies":[{"name":"wp","href":"https:\/\/api.w.org\/{rel}","templated":true}]}}