{"id":30456,"date":"2021-09-15T15:41:07","date_gmt":"2021-09-15T13:41:06","guid":{"rendered":"https:\/\/ilcrogiuolo.it\/?post_type=product&#038;p=30456"},"modified":"2021-09-15T15:46:29","modified_gmt":"2021-09-15T13:46:29","slug":"introduzione-alla-magia-radionica","status":"publish","type":"product","link":"https:\/\/ilcrogiuolo.it\/en\/p\/introduzione-alla-magia-radionica\/","title":{"rendered":"INTRODUZIONE ALLA MAGIA RADIONICA"},"content":{"rendered":"<p>&#8220;Introduzione alla Magia Radionica&#8221; \u00e8 un libro dedicato ai principianti, i quali verranno accompagnati per mano su una strada certa e di antica tradizione. Quando si intraprende un percorso di crescita spirituale, qualunque sia la direzione che avremo scelto e che il nostro Spirito ha previsto per noi, sar\u00e0 sempre fondamentale ricominciare da zero, svuotarsi delle sovrastrutture e tornare all&#8217;essenziale. Come incominciare questo meraviglioso percorso che render\u00e0 finalmente liberi e in armonia con il Creatore e con la Dazione? &#8220;Introduzione alla Magia Radionica&#8221; insegna a usare pi\u00f9 strategie pratiche. Ripulirsi diventa un buon modo per iniziare a vedere di nuovo le cose per quelle che sono, senza condizionamenti preconfezionati e partendo dalla nostra capacit\u00e0 di percepire e comprendere quanto ci circonda con un sano ed equilibrato senso critico. La radionica apre le porte alla trasmutazione degli aspetti della nostra esistenza che richiedono di essere corretti o potenziati. Lavora sul corpo eterico del testimone, modificando sostanzialmente le sue vibrazioni ed emanazioni, fino a portare risultati reali e concreti sul piano fisico. In questo senso, questa scienza si presta ad accompagnare in modo stretto, quasi inseparabile, la pratica magica. Cos&#8217;\u00e8 la magia in fondo, se non l&#8217;arte di modificare la realt\u00e0 con l&#8217;imposizione di una Volont\u00e0 pi\u00f9 forte? In un mondo in cui regna il caos delle informazioni, dei Guru e dei Maestri, dove si mercifica lo Spirito, che diventa business per curiosi e per ricercatori fiduciosi, in un mondo dove \u00e8 facile cadere nelle strade facili della New Age piene di promesse e deviazioni, Ilde Garda intende portare un contributo per il bene dell&#8217;umanit\u00e0 e dei veri ricercatori dello Spirito. Per coloro che non vorranno solo leggere e accumulare nozioni, ma applicare fin da subito degli insegnamenti che con tempo, costanza e perseveranza porteranno i frutti migliori.<\/p>\n<p>&nbsp;<\/p>\n<p>&nbsp;<\/p>\n<p>Pagine: 90 &#8211; cm 15&#215;21<\/p>\n","protected":false},"excerpt":{"rendered":"<p>&#8220;Introduzione alla Magia Radionica&#8221; \u00e8 un libro dedicato ai principianti, i quali verranno accompagnati per mano su una strada certa&#8230;<\/p>\n","protected":false},"featured_media":30458,"template":"","meta":{"_acf_changed":false},"product_brand":[],"product_cat":[2023],"product_tag":[],"class_list":{"0":"post-30456","1":"product","2":"type-product","3":"status-publish","4":"has-post-thumbnail","6":"product_cat-senza-categoria-en","8":"first","9":"instock","10":"purchasable","11":"product-type-simple","12":"add-to-wishlist-before_image"},"acf":[],"yoast_head":"<!-- This site is optimized with the Yoast SEO plugin v26.9 - https:\/\/yoast.com\/product\/yoast-seo-wordpress\/ -->\n<title>INTRODUZIONE ALLA MAGIA RADIONICA - Il Crogiuolo<\/title>\n<meta name=\"description\" content=\"INTRODUZIONE ALLA MAGIA RADIONICA &quot;Introduzione alla Magia Radionica&quot; \u00e8 un libro dedicato ai principianti, i quali verranno accompagnati per mano su una strada certa e di antica\" \/>\n<meta name=\"robots\" content=\"index, follow, max-snippet:-1, max-image-preview:large, max-video-preview:-1\" \/>\n<link rel=\"canonical\" href=\"https:\/\/ilcrogiuolo.it\/en\/p\/introduzione-alla-magia-radionica\/\" \/>\n<meta property=\"og:locale\" content=\"en_US\" \/>\n<meta property=\"og:type\" content=\"article\" \/>\n<meta property=\"og:title\" content=\"INTRODUZIONE ALLA MAGIA RADIONICA - Il Crogiuolo\" \/>\n<meta property=\"og:description\" content=\"INTRODUZIONE ALLA MAGIA RADIONICA &quot;Introduzione alla Magia Radionica&quot; \u00e8 un libro dedicato ai principianti, i quali verranno accompagnati per mano su una strada certa e di antica\" \/>\n<meta property=\"og:url\" content=\"https:\/\/ilcrogiuolo.it\/en\/p\/introduzione-alla-magia-radionica\/\" \/>\n<meta property=\"og:site_name\" content=\"Il Crogiuolo\" \/>\n<meta property=\"article:publisher\" content=\"https:\/\/www.facebook.com\/Il-Crogiuolo-681876418491758\" \/>\n<meta property=\"article:modified_time\" content=\"2021-09-15T13:46:29+00:00\" \/>\n<meta property=\"og:image\" content=\"https:\/\/ilcrogiuolo.it\/wp-content\/uploads\/2021\/09\/MAGIA-RADIONICA.jpg\" \/>\n\t<meta property=\"og:image:width\" content=\"627\" \/>\n\t<meta property=\"og:image:height\" content=\"600\" \/>\n\t<meta property=\"og:image:type\" content=\"image\/jpeg\" \/>\n<meta name=\"twitter:card\" content=\"summary_large_image\" \/>\n<meta name=\"twitter:label1\" content=\"Est. reading time\" \/>\n\t<meta name=\"twitter:data1\" content=\"2 minutes\" \/>\n<script type=\"application\/ld+json\" class=\"yoast-schema-graph\">{\"@context\":\"https:\/\/schema.org\",\"@graph\":[{\"@type\":\"WebPage\",\"@id\":\"https:\/\/ilcrogiuolo.it\/en\/p\/introduzione-alla-magia-radionica\/\",\"url\":\"https:\/\/ilcrogiuolo.it\/en\/p\/introduzione-alla-magia-radionica\/\",\"name\":\"INTRODUZIONE ALLA MAGIA RADIONICA - Il Crogiuolo\",\"isPartOf\":{\"@id\":\"https:\/\/ilcrogiuolo.it\/en\/#website\"},\"primaryImageOfPage\":{\"@id\":\"https:\/\/ilcrogiuolo.it\/en\/p\/introduzione-alla-magia-radionica\/#primaryimage\"},\"image\":{\"@id\":\"https:\/\/ilcrogiuolo.it\/en\/p\/introduzione-alla-magia-radionica\/#primaryimage\"},\"thumbnailUrl\":\"https:\/\/ilcrogiuolo.it\/wp-content\/uploads\/2021\/09\/MAGIA-RADIONICA.jpg\",\"datePublished\":\"2021-09-15T13:41:06+00:00\",\"dateModified\":\"2021-09-15T13:46:29+00:00\",\"description\":\"INTRODUZIONE ALLA MAGIA RADIONICA \\\"Introduzione alla Magia Radionica\\\" \u00e8 un libro dedicato ai principianti, i quali verranno accompagnati per mano su una strada certa e di antica\",\"breadcrumb\":{\"@id\":\"https:\/\/ilcrogiuolo.it\/en\/p\/introduzione-alla-magia-radionica\/#breadcrumb\"},\"inLanguage\":\"en-US\",\"potentialAction\":[{\"@type\":\"ReadAction\",\"target\":[\"https:\/\/ilcrogiuolo.it\/en\/p\/introduzione-alla-magia-radionica\/\"]}]},{\"@type\":\"ImageObject\",\"inLanguage\":\"en-US\",\"@id\":\"https:\/\/ilcrogiuolo.it\/en\/p\/introduzione-alla-magia-radionica\/#primaryimage\",\"url\":\"https:\/\/ilcrogiuolo.it\/wp-content\/uploads\/2021\/09\/MAGIA-RADIONICA.jpg\",\"contentUrl\":\"https:\/\/ilcrogiuolo.it\/wp-content\/uploads\/2021\/09\/MAGIA-RADIONICA.jpg\",\"width\":627,\"height\":600},{\"@type\":\"BreadcrumbList\",\"@id\":\"https:\/\/ilcrogiuolo.it\/en\/p\/introduzione-alla-magia-radionica\/#breadcrumb\",\"itemListElement\":[{\"@type\":\"ListItem\",\"position\":1,\"name\":\"Home\",\"item\":\"https:\/\/ilcrogiuolo.it\/en\/\"},{\"@type\":\"ListItem\",\"position\":2,\"name\":\"Shop\",\"item\":\"https:\/\/ilcrogiuolo.it\/en\/shop\/\"},{\"@type\":\"ListItem\",\"position\":3,\"name\":\"INTRODUZIONE ALLA MAGIA RADIONICA\"}]},{\"@type\":\"WebSite\",\"@id\":\"https:\/\/ilcrogiuolo.it\/en\/#website\",\"url\":\"https:\/\/ilcrogiuolo.it\/en\/\",\"name\":\"Il Crogiuolo\",\"description\":\"\",\"publisher\":{\"@id\":\"https:\/\/ilcrogiuolo.it\/en\/#organization\"},\"potentialAction\":[{\"@type\":\"SearchAction\",\"target\":{\"@type\":\"EntryPoint\",\"urlTemplate\":\"https:\/\/ilcrogiuolo.it\/en\/?s={search_term_string}\"},\"query-input\":{\"@type\":\"PropertyValueSpecification\",\"valueRequired\":true,\"valueName\":\"search_term_string\"}}],\"inLanguage\":\"en-US\"},{\"@type\":\"Organization\",\"@id\":\"https:\/\/ilcrogiuolo.it\/en\/#organization\",\"name\":\"Il Crogiuolo\",\"url\":\"https:\/\/ilcrogiuolo.it\/en\/\",\"logo\":{\"@type\":\"ImageObject\",\"inLanguage\":\"en-US\",\"@id\":\"https:\/\/ilcrogiuolo.it\/en\/#\/schema\/logo\/image\/\",\"url\":\"https:\/\/ilcrogiuolo.it\/wp-content\/uploads\/2020\/04\/logo.png\",\"contentUrl\":\"https:\/\/ilcrogiuolo.it\/wp-content\/uploads\/2020\/04\/logo.png\",\"width\":200,\"height\":49,\"caption\":\"Il Crogiuolo\"},\"image\":{\"@id\":\"https:\/\/ilcrogiuolo.it\/en\/#\/schema\/logo\/image\/\"},\"sameAs\":[\"https:\/\/www.facebook.com\/Il-Crogiuolo-681876418491758\"]}]}<\/script>\n<!-- \/ Yoast SEO plugin. -->","yoast_head_json":{"title":"INTRODUZIONE ALLA MAGIA RADIONICA - Il Crogiuolo","description":"INTRODUZIONE ALLA MAGIA RADIONICA \"Introduzione alla Magia Radionica\" \u00e8 un libro dedicato ai principianti, i quali verranno accompagnati per mano su una strada certa e di antica","robots":{"index":"index","follow":"follow","max-snippet":"max-snippet:-1","max-image-preview":"max-image-preview:large","max-video-preview":"max-video-preview:-1"},"canonical":"https:\/\/ilcrogiuolo.it\/en\/p\/introduzione-alla-magia-radionica\/","og_locale":"en_US","og_type":"article","og_title":"INTRODUZIONE ALLA MAGIA RADIONICA - Il Crogiuolo","og_description":"INTRODUZIONE ALLA MAGIA RADIONICA \"Introduzione alla Magia Radionica\" \u00e8 un libro dedicato ai principianti, i quali verranno accompagnati per mano su una strada certa e di antica","og_url":"https:\/\/ilcrogiuolo.it\/en\/p\/introduzione-alla-magia-radionica\/","og_site_name":"Il Crogiuolo","article_publisher":"https:\/\/www.facebook.com\/Il-Crogiuolo-681876418491758","article_modified_time":"2021-09-15T13:46:29+00:00","og_image":[{"width":627,"height":600,"url":"https:\/\/ilcrogiuolo.it\/wp-content\/uploads\/2021\/09\/MAGIA-RADIONICA.jpg","type":"image\/jpeg"}],"twitter_card":"summary_large_image","twitter_misc":{"Est. reading time":"2 minutes"},"schema":{"@context":"https:\/\/schema.org","@graph":[{"@type":"WebPage","@id":"https:\/\/ilcrogiuolo.it\/en\/p\/introduzione-alla-magia-radionica\/","url":"https:\/\/ilcrogiuolo.it\/en\/p\/introduzione-alla-magia-radionica\/","name":"INTRODUZIONE ALLA MAGIA RADIONICA - Il Crogiuolo","isPartOf":{"@id":"https:\/\/ilcrogiuolo.it\/en\/#website"},"primaryImageOfPage":{"@id":"https:\/\/ilcrogiuolo.it\/en\/p\/introduzione-alla-magia-radionica\/#primaryimage"},"image":{"@id":"https:\/\/ilcrogiuolo.it\/en\/p\/introduzione-alla-magia-radionica\/#primaryimage"},"thumbnailUrl":"https:\/\/ilcrogiuolo.it\/wp-content\/uploads\/2021\/09\/MAGIA-RADIONICA.jpg","datePublished":"2021-09-15T13:41:06+00:00","dateModified":"2021-09-15T13:46:29+00:00","description":"INTRODUZIONE ALLA MAGIA RADIONICA \"Introduzione alla Magia Radionica\" \u00e8 un libro dedicato ai principianti, i quali verranno accompagnati per mano su una strada certa e di antica","breadcrumb":{"@id":"https:\/\/ilcrogiuolo.it\/en\/p\/introduzione-alla-magia-radionica\/#breadcrumb"},"inLanguage":"en-US","potentialAction":[{"@type":"ReadAction","target":["https:\/\/ilcrogiuolo.it\/en\/p\/introduzione-alla-magia-radionica\/"]}]},{"@type":"ImageObject","inLanguage":"en-US","@id":"https:\/\/ilcrogiuolo.it\/en\/p\/introduzione-alla-magia-radionica\/#primaryimage","url":"https:\/\/ilcrogiuolo.it\/wp-content\/uploads\/2021\/09\/MAGIA-RADIONICA.jpg","contentUrl":"https:\/\/ilcrogiuolo.it\/wp-content\/uploads\/2021\/09\/MAGIA-RADIONICA.jpg","width":627,"height":600},{"@type":"BreadcrumbList","@id":"https:\/\/ilcrogiuolo.it\/en\/p\/introduzione-alla-magia-radionica\/#breadcrumb","itemListElement":[{"@type":"ListItem","position":1,"name":"Home","item":"https:\/\/ilcrogiuolo.it\/en\/"},{"@type":"ListItem","position":2,"name":"Shop","item":"https:\/\/ilcrogiuolo.it\/en\/shop\/"},{"@type":"ListItem","position":3,"name":"INTRODUZIONE ALLA MAGIA RADIONICA"}]},{"@type":"WebSite","@id":"https:\/\/ilcrogiuolo.it\/en\/#website","url":"https:\/\/ilcrogiuolo.it\/en\/","name":"Il Crogiuolo","description":"","publisher":{"@id":"https:\/\/ilcrogiuolo.it\/en\/#organization"},"potentialAction":[{"@type":"SearchAction","target":{"@type":"EntryPoint","urlTemplate":"https:\/\/ilcrogiuolo.it\/en\/?s={search_term_string}"},"query-input":{"@type":"PropertyValueSpecification","valueRequired":true,"valueName":"search_term_string"}}],"inLanguage":"en-US"},{"@type":"Organization","@id":"https:\/\/ilcrogiuolo.it\/en\/#organization","name":"Il Crogiuolo","url":"https:\/\/ilcrogiuolo.it\/en\/","logo":{"@type":"ImageObject","inLanguage":"en-US","@id":"https:\/\/ilcrogiuolo.it\/en\/#\/schema\/logo\/image\/","url":"https:\/\/ilcrogiuolo.it\/wp-content\/uploads\/2020\/04\/logo.png","contentUrl":"https:\/\/ilcrogiuolo.it\/wp-content\/uploads\/2020\/04\/logo.png","width":200,"height":49,"caption":"Il Crogiuolo"},"image":{"@id":"https:\/\/ilcrogiuolo.it\/en\/#\/schema\/logo\/image\/"},"sameAs":["https:\/\/www.facebook.com\/Il-Crogiuolo-681876418491758"]}]}},"_links":{"self":[{"href":"https:\/\/ilcrogiuolo.it\/en\/wp-json\/wp\/v2\/product\/30456","targetHints":{"allow":["GET"]}}],"collection":[{"href":"https:\/\/ilcrogiuolo.it\/en\/wp-json\/wp\/v2\/product"}],"about":[{"href":"https:\/\/ilcrogiuolo.it\/en\/wp-json\/wp\/v2\/types\/product"}],"wp:featuredmedia":[{"embeddable":true,"href":"https:\/\/ilcrogiuolo.it\/en\/wp-json\/wp\/v2\/media\/30458"}],"wp:attachment":[{"href":"https:\/\/ilcrogiuolo.it\/en\/wp-json\/wp\/v2\/media?parent=30456"}],"wp:term":[{"taxonomy":"product_brand","embeddable":true,"href":"https:\/\/ilcrogiuolo.it\/en\/wp-json\/wp\/v2\/product_brand?post=30456"},{"taxonomy":"product_cat","embeddable":true,"href":"https:\/\/ilcrogiuolo.it\/en\/wp-json\/wp\/v2\/product_cat?post=30456"},{"taxonomy":"product_tag","embeddable":true,"href":"https:\/\/ilcrogiuolo.it\/en\/wp-json\/wp\/v2\/product_tag?post=30456"}],"curies":[{"name":"wp","href":"https:\/\/api.w.org\/{rel}","templated":true}]}}