{"id":26102,"date":"2021-01-19T13:13:43","date_gmt":"2021-01-19T12:13:43","guid":{"rendered":"https:\/\/ilcrogiuolo.it\/?post_type=product&#038;p=26102"},"modified":"2021-03-25T15:19:24","modified_gmt":"2021-03-25T14:19:24","slug":"thanks-to-orixas-ebo-ritual-copia","status":"publish","type":"product","link":"https:\/\/ilcrogiuolo.it\/en\/p\/thanks-to-orixas-ebo-ritual-copia\/","title":{"rendered":"RITUAL EBO TO IEMANJA&#8217; FOR PREGNANCY"},"content":{"rendered":"<p>In the Umbandist tradition the eb\u00f2 are ritual offerings paid to the various entities of the cult. They generally consist of candles, foods, perfumes, incense in symbolic harmony with the entity to which they are dedicated. This eb\u00f2 is performed to implore Iemanj\u00e0 to become pregnant. In the Umbandist tradition, Iemanj\u00e0 is the lady of salty waters and the mother of all orix\u00e0s. Traditionally it is also performed when fertility problems are encountered.<\/p>\n","protected":false},"excerpt":{"rendered":"<p>In the Umbandist tradition the eb\u00f2 are ritual offerings paid to the various entities of the cult. They generally consist&#8230;<\/p>\n","protected":false},"featured_media":26104,"template":"","meta":{"_acf_changed":false},"product_brand":[],"product_cat":[1580,1210,1199],"product_tag":[],"class_list":{"0":"post-26102","1":"product","2":"type-product","3":"status-publish","4":"has-post-thumbnail","6":"product_cat-ebo-offerings-to-te-orixas-and-exus","7":"product_cat-afro-brazilian-rituals-saints-items","8":"product_cat-esoteric","10":"first","11":"instock","12":"taxable","13":"shipping-taxable","14":"purchasable","15":"product-type-simple","16":"add-to-wishlist-before_image"},"acf":[],"yoast_head":"<!-- This site is optimized with the Yoast SEO plugin v26.9 - https:\/\/yoast.com\/product\/yoast-seo-wordpress\/ -->\n<title>RITUAL EBO TO IEMANJA&#039; FOR PREGNANCY - Il Crogiuolo<\/title>\n<meta name=\"description\" content=\"RITUAL EBO TO IEMANJA&#039; FOR PREGNANCY In the Umbandist tradition the eb\u00f2 are ritual offerings paid to the various entities of the cult. They generally consist of candles, foods, perfumes,\" \/>\n<meta name=\"robots\" content=\"index, follow, max-snippet:-1, max-image-preview:large, max-video-preview:-1\" \/>\n<link rel=\"canonical\" href=\"https:\/\/ilcrogiuolo.it\/en\/p\/thanks-to-orixas-ebo-ritual-copia\/\" \/>\n<meta property=\"og:locale\" content=\"en_US\" \/>\n<meta property=\"og:type\" content=\"article\" \/>\n<meta property=\"og:title\" content=\"RITUAL EBO TO IEMANJA&#039; FOR PREGNANCY - Il Crogiuolo\" \/>\n<meta property=\"og:description\" content=\"RITUAL EBO TO IEMANJA&#039; FOR PREGNANCY In the Umbandist tradition the eb\u00f2 are ritual offerings paid to the various entities of the cult. They generally consist of candles, foods, perfumes,\" \/>\n<meta property=\"og:url\" content=\"https:\/\/ilcrogiuolo.it\/en\/p\/thanks-to-orixas-ebo-ritual-copia\/\" \/>\n<meta property=\"og:site_name\" content=\"Il Crogiuolo\" \/>\n<meta property=\"article:publisher\" content=\"https:\/\/www.facebook.com\/Il-Crogiuolo-681876418491758\" \/>\n<meta property=\"article:modified_time\" content=\"2021-03-25T14:19:24+00:00\" \/>\n<meta property=\"og:image\" content=\"https:\/\/ilcrogiuolo.it\/wp-content\/uploads\/2021\/01\/ebo-rituale-gravidanza-aver.jpg\" \/>\n\t<meta property=\"og:image:width\" content=\"627\" \/>\n\t<meta property=\"og:image:height\" content=\"600\" \/>\n\t<meta property=\"og:image:type\" content=\"image\/jpeg\" \/>\n<meta name=\"twitter:card\" content=\"summary_large_image\" \/>\n<meta name=\"twitter:label1\" content=\"Est. reading time\" \/>\n\t<meta name=\"twitter:data1\" content=\"1 minute\" \/>\n<script type=\"application\/ld+json\" class=\"yoast-schema-graph\">{\"@context\":\"https:\/\/schema.org\",\"@graph\":[{\"@type\":\"WebPage\",\"@id\":\"https:\/\/ilcrogiuolo.it\/en\/p\/thanks-to-orixas-ebo-ritual-copia\/\",\"url\":\"https:\/\/ilcrogiuolo.it\/en\/p\/thanks-to-orixas-ebo-ritual-copia\/\",\"name\":\"RITUAL EBO TO IEMANJA' FOR PREGNANCY - Il Crogiuolo\",\"isPartOf\":{\"@id\":\"https:\/\/ilcrogiuolo.it\/en\/#website\"},\"primaryImageOfPage\":{\"@id\":\"https:\/\/ilcrogiuolo.it\/en\/p\/thanks-to-orixas-ebo-ritual-copia\/#primaryimage\"},\"image\":{\"@id\":\"https:\/\/ilcrogiuolo.it\/en\/p\/thanks-to-orixas-ebo-ritual-copia\/#primaryimage\"},\"thumbnailUrl\":\"https:\/\/ilcrogiuolo.it\/wp-content\/uploads\/2021\/01\/ebo-rituale-gravidanza-aver.jpg\",\"datePublished\":\"2021-01-19T12:13:43+00:00\",\"dateModified\":\"2021-03-25T14:19:24+00:00\",\"description\":\"RITUAL EBO TO IEMANJA' FOR PREGNANCY In the Umbandist tradition the eb\u00f2 are ritual offerings paid to the various entities of the cult. They generally consist of candles, foods, perfumes,\",\"breadcrumb\":{\"@id\":\"https:\/\/ilcrogiuolo.it\/en\/p\/thanks-to-orixas-ebo-ritual-copia\/#breadcrumb\"},\"inLanguage\":\"en-US\",\"potentialAction\":[{\"@type\":\"ReadAction\",\"target\":[\"https:\/\/ilcrogiuolo.it\/en\/p\/thanks-to-orixas-ebo-ritual-copia\/\"]}]},{\"@type\":\"ImageObject\",\"inLanguage\":\"en-US\",\"@id\":\"https:\/\/ilcrogiuolo.it\/en\/p\/thanks-to-orixas-ebo-ritual-copia\/#primaryimage\",\"url\":\"https:\/\/ilcrogiuolo.it\/wp-content\/uploads\/2021\/01\/ebo-rituale-gravidanza-aver.jpg\",\"contentUrl\":\"https:\/\/ilcrogiuolo.it\/wp-content\/uploads\/2021\/01\/ebo-rituale-gravidanza-aver.jpg\",\"width\":627,\"height\":600},{\"@type\":\"BreadcrumbList\",\"@id\":\"https:\/\/ilcrogiuolo.it\/en\/p\/thanks-to-orixas-ebo-ritual-copia\/#breadcrumb\",\"itemListElement\":[{\"@type\":\"ListItem\",\"position\":1,\"name\":\"Home\",\"item\":\"https:\/\/ilcrogiuolo.it\/en\/\"},{\"@type\":\"ListItem\",\"position\":2,\"name\":\"Shop\",\"item\":\"https:\/\/ilcrogiuolo.it\/en\/shop\/\"},{\"@type\":\"ListItem\",\"position\":3,\"name\":\"RITUAL EBO TO IEMANJA&#8217; FOR PREGNANCY\"}]},{\"@type\":\"WebSite\",\"@id\":\"https:\/\/ilcrogiuolo.it\/en\/#website\",\"url\":\"https:\/\/ilcrogiuolo.it\/en\/\",\"name\":\"Il Crogiuolo\",\"description\":\"\",\"publisher\":{\"@id\":\"https:\/\/ilcrogiuolo.it\/en\/#organization\"},\"potentialAction\":[{\"@type\":\"SearchAction\",\"target\":{\"@type\":\"EntryPoint\",\"urlTemplate\":\"https:\/\/ilcrogiuolo.it\/en\/?s={search_term_string}\"},\"query-input\":{\"@type\":\"PropertyValueSpecification\",\"valueRequired\":true,\"valueName\":\"search_term_string\"}}],\"inLanguage\":\"en-US\"},{\"@type\":\"Organization\",\"@id\":\"https:\/\/ilcrogiuolo.it\/en\/#organization\",\"name\":\"Il Crogiuolo\",\"url\":\"https:\/\/ilcrogiuolo.it\/en\/\",\"logo\":{\"@type\":\"ImageObject\",\"inLanguage\":\"en-US\",\"@id\":\"https:\/\/ilcrogiuolo.it\/en\/#\/schema\/logo\/image\/\",\"url\":\"https:\/\/ilcrogiuolo.it\/wp-content\/uploads\/2020\/04\/logo.png\",\"contentUrl\":\"https:\/\/ilcrogiuolo.it\/wp-content\/uploads\/2020\/04\/logo.png\",\"width\":200,\"height\":49,\"caption\":\"Il Crogiuolo\"},\"image\":{\"@id\":\"https:\/\/ilcrogiuolo.it\/en\/#\/schema\/logo\/image\/\"},\"sameAs\":[\"https:\/\/www.facebook.com\/Il-Crogiuolo-681876418491758\"]}]}<\/script>\n<!-- \/ Yoast SEO plugin. -->","yoast_head_json":{"title":"RITUAL EBO TO IEMANJA' FOR PREGNANCY - Il Crogiuolo","description":"RITUAL EBO TO IEMANJA' FOR PREGNANCY In the Umbandist tradition the eb\u00f2 are ritual offerings paid to the various entities of the cult. They generally consist of candles, foods, perfumes,","robots":{"index":"index","follow":"follow","max-snippet":"max-snippet:-1","max-image-preview":"max-image-preview:large","max-video-preview":"max-video-preview:-1"},"canonical":"https:\/\/ilcrogiuolo.it\/en\/p\/thanks-to-orixas-ebo-ritual-copia\/","og_locale":"en_US","og_type":"article","og_title":"RITUAL EBO TO IEMANJA' FOR PREGNANCY - Il Crogiuolo","og_description":"RITUAL EBO TO IEMANJA' FOR PREGNANCY In the Umbandist tradition the eb\u00f2 are ritual offerings paid to the various entities of the cult. They generally consist of candles, foods, perfumes,","og_url":"https:\/\/ilcrogiuolo.it\/en\/p\/thanks-to-orixas-ebo-ritual-copia\/","og_site_name":"Il Crogiuolo","article_publisher":"https:\/\/www.facebook.com\/Il-Crogiuolo-681876418491758","article_modified_time":"2021-03-25T14:19:24+00:00","og_image":[{"width":627,"height":600,"url":"https:\/\/ilcrogiuolo.it\/wp-content\/uploads\/2021\/01\/ebo-rituale-gravidanza-aver.jpg","type":"image\/jpeg"}],"twitter_card":"summary_large_image","twitter_misc":{"Est. reading time":"1 minute"},"schema":{"@context":"https:\/\/schema.org","@graph":[{"@type":"WebPage","@id":"https:\/\/ilcrogiuolo.it\/en\/p\/thanks-to-orixas-ebo-ritual-copia\/","url":"https:\/\/ilcrogiuolo.it\/en\/p\/thanks-to-orixas-ebo-ritual-copia\/","name":"RITUAL EBO TO IEMANJA' FOR PREGNANCY - Il Crogiuolo","isPartOf":{"@id":"https:\/\/ilcrogiuolo.it\/en\/#website"},"primaryImageOfPage":{"@id":"https:\/\/ilcrogiuolo.it\/en\/p\/thanks-to-orixas-ebo-ritual-copia\/#primaryimage"},"image":{"@id":"https:\/\/ilcrogiuolo.it\/en\/p\/thanks-to-orixas-ebo-ritual-copia\/#primaryimage"},"thumbnailUrl":"https:\/\/ilcrogiuolo.it\/wp-content\/uploads\/2021\/01\/ebo-rituale-gravidanza-aver.jpg","datePublished":"2021-01-19T12:13:43+00:00","dateModified":"2021-03-25T14:19:24+00:00","description":"RITUAL EBO TO IEMANJA' FOR PREGNANCY In the Umbandist tradition the eb\u00f2 are ritual offerings paid to the various entities of the cult. They generally consist of candles, foods, perfumes,","breadcrumb":{"@id":"https:\/\/ilcrogiuolo.it\/en\/p\/thanks-to-orixas-ebo-ritual-copia\/#breadcrumb"},"inLanguage":"en-US","potentialAction":[{"@type":"ReadAction","target":["https:\/\/ilcrogiuolo.it\/en\/p\/thanks-to-orixas-ebo-ritual-copia\/"]}]},{"@type":"ImageObject","inLanguage":"en-US","@id":"https:\/\/ilcrogiuolo.it\/en\/p\/thanks-to-orixas-ebo-ritual-copia\/#primaryimage","url":"https:\/\/ilcrogiuolo.it\/wp-content\/uploads\/2021\/01\/ebo-rituale-gravidanza-aver.jpg","contentUrl":"https:\/\/ilcrogiuolo.it\/wp-content\/uploads\/2021\/01\/ebo-rituale-gravidanza-aver.jpg","width":627,"height":600},{"@type":"BreadcrumbList","@id":"https:\/\/ilcrogiuolo.it\/en\/p\/thanks-to-orixas-ebo-ritual-copia\/#breadcrumb","itemListElement":[{"@type":"ListItem","position":1,"name":"Home","item":"https:\/\/ilcrogiuolo.it\/en\/"},{"@type":"ListItem","position":2,"name":"Shop","item":"https:\/\/ilcrogiuolo.it\/en\/shop\/"},{"@type":"ListItem","position":3,"name":"RITUAL EBO TO IEMANJA&#8217; FOR PREGNANCY"}]},{"@type":"WebSite","@id":"https:\/\/ilcrogiuolo.it\/en\/#website","url":"https:\/\/ilcrogiuolo.it\/en\/","name":"Il Crogiuolo","description":"","publisher":{"@id":"https:\/\/ilcrogiuolo.it\/en\/#organization"},"potentialAction":[{"@type":"SearchAction","target":{"@type":"EntryPoint","urlTemplate":"https:\/\/ilcrogiuolo.it\/en\/?s={search_term_string}"},"query-input":{"@type":"PropertyValueSpecification","valueRequired":true,"valueName":"search_term_string"}}],"inLanguage":"en-US"},{"@type":"Organization","@id":"https:\/\/ilcrogiuolo.it\/en\/#organization","name":"Il Crogiuolo","url":"https:\/\/ilcrogiuolo.it\/en\/","logo":{"@type":"ImageObject","inLanguage":"en-US","@id":"https:\/\/ilcrogiuolo.it\/en\/#\/schema\/logo\/image\/","url":"https:\/\/ilcrogiuolo.it\/wp-content\/uploads\/2020\/04\/logo.png","contentUrl":"https:\/\/ilcrogiuolo.it\/wp-content\/uploads\/2020\/04\/logo.png","width":200,"height":49,"caption":"Il Crogiuolo"},"image":{"@id":"https:\/\/ilcrogiuolo.it\/en\/#\/schema\/logo\/image\/"},"sameAs":["https:\/\/www.facebook.com\/Il-Crogiuolo-681876418491758"]}]}},"_links":{"self":[{"href":"https:\/\/ilcrogiuolo.it\/en\/wp-json\/wp\/v2\/product\/26102","targetHints":{"allow":["GET"]}}],"collection":[{"href":"https:\/\/ilcrogiuolo.it\/en\/wp-json\/wp\/v2\/product"}],"about":[{"href":"https:\/\/ilcrogiuolo.it\/en\/wp-json\/wp\/v2\/types\/product"}],"wp:featuredmedia":[{"embeddable":true,"href":"https:\/\/ilcrogiuolo.it\/en\/wp-json\/wp\/v2\/media\/26104"}],"wp:attachment":[{"href":"https:\/\/ilcrogiuolo.it\/en\/wp-json\/wp\/v2\/media?parent=26102"}],"wp:term":[{"taxonomy":"product_brand","embeddable":true,"href":"https:\/\/ilcrogiuolo.it\/en\/wp-json\/wp\/v2\/product_brand?post=26102"},{"taxonomy":"product_cat","embeddable":true,"href":"https:\/\/ilcrogiuolo.it\/en\/wp-json\/wp\/v2\/product_cat?post=26102"},{"taxonomy":"product_tag","embeddable":true,"href":"https:\/\/ilcrogiuolo.it\/en\/wp-json\/wp\/v2\/product_tag?post=26102"}],"curies":[{"name":"wp","href":"https:\/\/api.w.org\/{rel}","templated":true}]}}