{"id":22368,"date":"2020-01-14T17:14:22","date_gmt":"2020-01-14T16:14:22","guid":{"rendered":"https:\/\/ilcrogiuolo.it\/p\/trattato-pratico-di-astrologia-andre-barbault\/"},"modified":"2020-01-14T17:14:22","modified_gmt":"2020-01-14T16:14:22","slug":"trattato-pratico-di-astrologia-andre-barbault","status":"publish","type":"product","link":"https:\/\/ilcrogiuolo.it\/en\/p\/trattato-pratico-di-astrologia-andre-barbault\/","title":{"rendered":"TRATTATO PRATICO DI ASTROLOGIA &#8211; Andr\u00e8 Barbault"},"content":{"rendered":"<p>ANDR\u00c9 BARBAULT, born in France on October 1, 1921, is considered among the leading experts in world astrology. He devoted most of his life to the study of astrology. He was vice-president of the International Center of Astrology from 1953 to 1965, and director of the magazine, &#8220;Modern astrology&#8221;. He has participated in numerous conferences, seminars and conferences and has written about thirty works translated into many languages. Description: A long thought-out work, the result of an experience gained from the examination of thousands of themes, the composition of various works and a study of over thirty years.<\/p>\n","protected":false},"excerpt":{"rendered":"<p>ANDR\u00c9 BARBAULT, born in France on October 1, 1921, is considered among the leading experts in world astrology. He devoted&#8230;<\/p>\n","protected":false},"featured_media":22366,"template":"","meta":{"_acf_changed":false},"product_brand":[],"product_cat":[1682,1208,1200],"product_tag":[],"class_list":{"0":"post-22368","1":"product","2":"type-product","3":"status-publish","4":"has-post-thumbnail","6":"product_cat-astrolabio-publications","7":"product_cat-esoteric-bookshop","8":"product_cat-esoteric-bookstore","10":"first","11":"instock","12":"taxable","13":"shipping-taxable","14":"purchasable","15":"product-type-simple","16":"add-to-wishlist-before_image"},"acf":[],"yoast_head":"<!-- This site is optimized with the Yoast SEO plugin v26.9 - https:\/\/yoast.com\/product\/yoast-seo-wordpress\/ -->\n<title>TRATTATO PRATICO DI ASTROLOGIA - Andr\u00e8 Barbault - Il Crogiuolo<\/title>\n<meta name=\"description\" content=\"TRATTATO PRATICO DI ASTROLOGIA - Andr\u00e8 Barbault ANDR\u00c9 BARBAULT, born in France on October 1, 1921, is considered among the leading experts in world astrology. He devoted most of his life to the study of\" \/>\n<meta name=\"robots\" content=\"index, follow, max-snippet:-1, max-image-preview:large, max-video-preview:-1\" \/>\n<link rel=\"canonical\" href=\"https:\/\/ilcrogiuolo.it\/en\/p\/trattato-pratico-di-astrologia-andre-barbault\/\" \/>\n<meta property=\"og:locale\" content=\"en_US\" \/>\n<meta property=\"og:type\" content=\"article\" \/>\n<meta property=\"og:title\" content=\"TRATTATO PRATICO DI ASTROLOGIA - Andr\u00e8 Barbault - Il Crogiuolo\" \/>\n<meta property=\"og:description\" content=\"TRATTATO PRATICO DI ASTROLOGIA - Andr\u00e8 Barbault ANDR\u00c9 BARBAULT, born in France on October 1, 1921, is considered among the leading experts in world astrology. He devoted most of his life to the study of\" \/>\n<meta property=\"og:url\" content=\"https:\/\/ilcrogiuolo.it\/en\/p\/trattato-pratico-di-astrologia-andre-barbault\/\" \/>\n<meta property=\"og:site_name\" content=\"Il Crogiuolo\" \/>\n<meta property=\"article:publisher\" content=\"https:\/\/www.facebook.com\/Il-Crogiuolo-681876418491758\" \/>\n<meta property=\"og:image\" content=\"https:\/\/ilcrogiuolo.it\/wp-content\/uploads\/2020\/01\/trattato-pratico-di-astrologia.jpg\" \/>\n\t<meta property=\"og:image:width\" content=\"627\" \/>\n\t<meta property=\"og:image:height\" content=\"600\" \/>\n\t<meta property=\"og:image:type\" content=\"image\/jpeg\" \/>\n<meta name=\"twitter:card\" content=\"summary_large_image\" \/>\n<script type=\"application\/ld+json\" class=\"yoast-schema-graph\">{\"@context\":\"https:\/\/schema.org\",\"@graph\":[{\"@type\":\"WebPage\",\"@id\":\"https:\/\/ilcrogiuolo.it\/en\/p\/trattato-pratico-di-astrologia-andre-barbault\/\",\"url\":\"https:\/\/ilcrogiuolo.it\/en\/p\/trattato-pratico-di-astrologia-andre-barbault\/\",\"name\":\"TRATTATO PRATICO DI ASTROLOGIA - Andr\u00e8 Barbault - Il Crogiuolo\",\"isPartOf\":{\"@id\":\"https:\/\/ilcrogiuolo.it\/en\/#website\"},\"primaryImageOfPage\":{\"@id\":\"https:\/\/ilcrogiuolo.it\/en\/p\/trattato-pratico-di-astrologia-andre-barbault\/#primaryimage\"},\"image\":{\"@id\":\"https:\/\/ilcrogiuolo.it\/en\/p\/trattato-pratico-di-astrologia-andre-barbault\/#primaryimage\"},\"thumbnailUrl\":\"https:\/\/ilcrogiuolo.it\/wp-content\/uploads\/2020\/01\/trattato-pratico-di-astrologia.jpg\",\"datePublished\":\"2020-01-14T16:14:22+00:00\",\"description\":\"TRATTATO PRATICO DI ASTROLOGIA - Andr\u00e8 Barbault ANDR\u00c9 BARBAULT, born in France on October 1, 1921, is considered among the leading experts in world astrology. He devoted most of his life to the study of\",\"breadcrumb\":{\"@id\":\"https:\/\/ilcrogiuolo.it\/en\/p\/trattato-pratico-di-astrologia-andre-barbault\/#breadcrumb\"},\"inLanguage\":\"en-US\",\"potentialAction\":[{\"@type\":\"ReadAction\",\"target\":[\"https:\/\/ilcrogiuolo.it\/en\/p\/trattato-pratico-di-astrologia-andre-barbault\/\"]}]},{\"@type\":\"ImageObject\",\"inLanguage\":\"en-US\",\"@id\":\"https:\/\/ilcrogiuolo.it\/en\/p\/trattato-pratico-di-astrologia-andre-barbault\/#primaryimage\",\"url\":\"https:\/\/ilcrogiuolo.it\/wp-content\/uploads\/2020\/01\/trattato-pratico-di-astrologia.jpg\",\"contentUrl\":\"https:\/\/ilcrogiuolo.it\/wp-content\/uploads\/2020\/01\/trattato-pratico-di-astrologia.jpg\",\"width\":627,\"height\":600},{\"@type\":\"BreadcrumbList\",\"@id\":\"https:\/\/ilcrogiuolo.it\/en\/p\/trattato-pratico-di-astrologia-andre-barbault\/#breadcrumb\",\"itemListElement\":[{\"@type\":\"ListItem\",\"position\":1,\"name\":\"Home\",\"item\":\"https:\/\/ilcrogiuolo.it\/en\/\"},{\"@type\":\"ListItem\",\"position\":2,\"name\":\"Shop\",\"item\":\"https:\/\/ilcrogiuolo.it\/en\/shop\/\"},{\"@type\":\"ListItem\",\"position\":3,\"name\":\"TRATTATO PRATICO DI ASTROLOGIA &#8211; Andr\u00e8 Barbault\"}]},{\"@type\":\"WebSite\",\"@id\":\"https:\/\/ilcrogiuolo.it\/en\/#website\",\"url\":\"https:\/\/ilcrogiuolo.it\/en\/\",\"name\":\"Il Crogiuolo\",\"description\":\"\",\"publisher\":{\"@id\":\"https:\/\/ilcrogiuolo.it\/en\/#organization\"},\"potentialAction\":[{\"@type\":\"SearchAction\",\"target\":{\"@type\":\"EntryPoint\",\"urlTemplate\":\"https:\/\/ilcrogiuolo.it\/en\/?s={search_term_string}\"},\"query-input\":{\"@type\":\"PropertyValueSpecification\",\"valueRequired\":true,\"valueName\":\"search_term_string\"}}],\"inLanguage\":\"en-US\"},{\"@type\":\"Organization\",\"@id\":\"https:\/\/ilcrogiuolo.it\/en\/#organization\",\"name\":\"Il Crogiuolo\",\"url\":\"https:\/\/ilcrogiuolo.it\/en\/\",\"logo\":{\"@type\":\"ImageObject\",\"inLanguage\":\"en-US\",\"@id\":\"https:\/\/ilcrogiuolo.it\/en\/#\/schema\/logo\/image\/\",\"url\":\"https:\/\/ilcrogiuolo.it\/wp-content\/uploads\/2020\/04\/logo.png\",\"contentUrl\":\"https:\/\/ilcrogiuolo.it\/wp-content\/uploads\/2020\/04\/logo.png\",\"width\":200,\"height\":49,\"caption\":\"Il Crogiuolo\"},\"image\":{\"@id\":\"https:\/\/ilcrogiuolo.it\/en\/#\/schema\/logo\/image\/\"},\"sameAs\":[\"https:\/\/www.facebook.com\/Il-Crogiuolo-681876418491758\"]}]}<\/script>\n<!-- \/ Yoast SEO plugin. -->","yoast_head_json":{"title":"TRATTATO PRATICO DI ASTROLOGIA - Andr\u00e8 Barbault - Il Crogiuolo","description":"TRATTATO PRATICO DI ASTROLOGIA - Andr\u00e8 Barbault ANDR\u00c9 BARBAULT, born in France on October 1, 1921, is considered among the leading experts in world astrology. He devoted most of his life to the study of","robots":{"index":"index","follow":"follow","max-snippet":"max-snippet:-1","max-image-preview":"max-image-preview:large","max-video-preview":"max-video-preview:-1"},"canonical":"https:\/\/ilcrogiuolo.it\/en\/p\/trattato-pratico-di-astrologia-andre-barbault\/","og_locale":"en_US","og_type":"article","og_title":"TRATTATO PRATICO DI ASTROLOGIA - Andr\u00e8 Barbault - Il Crogiuolo","og_description":"TRATTATO PRATICO DI ASTROLOGIA - Andr\u00e8 Barbault ANDR\u00c9 BARBAULT, born in France on October 1, 1921, is considered among the leading experts in world astrology. He devoted most of his life to the study of","og_url":"https:\/\/ilcrogiuolo.it\/en\/p\/trattato-pratico-di-astrologia-andre-barbault\/","og_site_name":"Il Crogiuolo","article_publisher":"https:\/\/www.facebook.com\/Il-Crogiuolo-681876418491758","og_image":[{"width":627,"height":600,"url":"https:\/\/ilcrogiuolo.it\/wp-content\/uploads\/2020\/01\/trattato-pratico-di-astrologia.jpg","type":"image\/jpeg"}],"twitter_card":"summary_large_image","schema":{"@context":"https:\/\/schema.org","@graph":[{"@type":"WebPage","@id":"https:\/\/ilcrogiuolo.it\/en\/p\/trattato-pratico-di-astrologia-andre-barbault\/","url":"https:\/\/ilcrogiuolo.it\/en\/p\/trattato-pratico-di-astrologia-andre-barbault\/","name":"TRATTATO PRATICO DI ASTROLOGIA - Andr\u00e8 Barbault - Il Crogiuolo","isPartOf":{"@id":"https:\/\/ilcrogiuolo.it\/en\/#website"},"primaryImageOfPage":{"@id":"https:\/\/ilcrogiuolo.it\/en\/p\/trattato-pratico-di-astrologia-andre-barbault\/#primaryimage"},"image":{"@id":"https:\/\/ilcrogiuolo.it\/en\/p\/trattato-pratico-di-astrologia-andre-barbault\/#primaryimage"},"thumbnailUrl":"https:\/\/ilcrogiuolo.it\/wp-content\/uploads\/2020\/01\/trattato-pratico-di-astrologia.jpg","datePublished":"2020-01-14T16:14:22+00:00","description":"TRATTATO PRATICO DI ASTROLOGIA - Andr\u00e8 Barbault ANDR\u00c9 BARBAULT, born in France on October 1, 1921, is considered among the leading experts in world astrology. He devoted most of his life to the study of","breadcrumb":{"@id":"https:\/\/ilcrogiuolo.it\/en\/p\/trattato-pratico-di-astrologia-andre-barbault\/#breadcrumb"},"inLanguage":"en-US","potentialAction":[{"@type":"ReadAction","target":["https:\/\/ilcrogiuolo.it\/en\/p\/trattato-pratico-di-astrologia-andre-barbault\/"]}]},{"@type":"ImageObject","inLanguage":"en-US","@id":"https:\/\/ilcrogiuolo.it\/en\/p\/trattato-pratico-di-astrologia-andre-barbault\/#primaryimage","url":"https:\/\/ilcrogiuolo.it\/wp-content\/uploads\/2020\/01\/trattato-pratico-di-astrologia.jpg","contentUrl":"https:\/\/ilcrogiuolo.it\/wp-content\/uploads\/2020\/01\/trattato-pratico-di-astrologia.jpg","width":627,"height":600},{"@type":"BreadcrumbList","@id":"https:\/\/ilcrogiuolo.it\/en\/p\/trattato-pratico-di-astrologia-andre-barbault\/#breadcrumb","itemListElement":[{"@type":"ListItem","position":1,"name":"Home","item":"https:\/\/ilcrogiuolo.it\/en\/"},{"@type":"ListItem","position":2,"name":"Shop","item":"https:\/\/ilcrogiuolo.it\/en\/shop\/"},{"@type":"ListItem","position":3,"name":"TRATTATO PRATICO DI ASTROLOGIA &#8211; Andr\u00e8 Barbault"}]},{"@type":"WebSite","@id":"https:\/\/ilcrogiuolo.it\/en\/#website","url":"https:\/\/ilcrogiuolo.it\/en\/","name":"Il Crogiuolo","description":"","publisher":{"@id":"https:\/\/ilcrogiuolo.it\/en\/#organization"},"potentialAction":[{"@type":"SearchAction","target":{"@type":"EntryPoint","urlTemplate":"https:\/\/ilcrogiuolo.it\/en\/?s={search_term_string}"},"query-input":{"@type":"PropertyValueSpecification","valueRequired":true,"valueName":"search_term_string"}}],"inLanguage":"en-US"},{"@type":"Organization","@id":"https:\/\/ilcrogiuolo.it\/en\/#organization","name":"Il Crogiuolo","url":"https:\/\/ilcrogiuolo.it\/en\/","logo":{"@type":"ImageObject","inLanguage":"en-US","@id":"https:\/\/ilcrogiuolo.it\/en\/#\/schema\/logo\/image\/","url":"https:\/\/ilcrogiuolo.it\/wp-content\/uploads\/2020\/04\/logo.png","contentUrl":"https:\/\/ilcrogiuolo.it\/wp-content\/uploads\/2020\/04\/logo.png","width":200,"height":49,"caption":"Il Crogiuolo"},"image":{"@id":"https:\/\/ilcrogiuolo.it\/en\/#\/schema\/logo\/image\/"},"sameAs":["https:\/\/www.facebook.com\/Il-Crogiuolo-681876418491758"]}]}},"_links":{"self":[{"href":"https:\/\/ilcrogiuolo.it\/en\/wp-json\/wp\/v2\/product\/22368","targetHints":{"allow":["GET"]}}],"collection":[{"href":"https:\/\/ilcrogiuolo.it\/en\/wp-json\/wp\/v2\/product"}],"about":[{"href":"https:\/\/ilcrogiuolo.it\/en\/wp-json\/wp\/v2\/types\/product"}],"wp:featuredmedia":[{"embeddable":true,"href":"https:\/\/ilcrogiuolo.it\/en\/wp-json\/wp\/v2\/media\/22366"}],"wp:attachment":[{"href":"https:\/\/ilcrogiuolo.it\/en\/wp-json\/wp\/v2\/media?parent=22368"}],"wp:term":[{"taxonomy":"product_brand","embeddable":true,"href":"https:\/\/ilcrogiuolo.it\/en\/wp-json\/wp\/v2\/product_brand?post=22368"},{"taxonomy":"product_cat","embeddable":true,"href":"https:\/\/ilcrogiuolo.it\/en\/wp-json\/wp\/v2\/product_cat?post=22368"},{"taxonomy":"product_tag","embeddable":true,"href":"https:\/\/ilcrogiuolo.it\/en\/wp-json\/wp\/v2\/product_tag?post=22368"}],"curies":[{"name":"wp","href":"https:\/\/api.w.org\/{rel}","templated":true}]}}