{"id":20110,"date":"2020-01-14T17:10:43","date_gmt":"2020-01-14T16:10:43","guid":{"rendered":"https:\/\/ilcrogiuolo.it\/p\/botanica-magica-pagine-135-formato-tascabile\/"},"modified":"2020-02-28T07:42:44","modified_gmt":"2020-02-28T06:42:44","slug":"botanica-magica-magical-botanic-pocket-format","status":"publish","type":"product","link":"https:\/\/ilcrogiuolo.it\/en\/p\/botanica-magica-magical-botanic-pocket-format\/","title":{"rendered":"BOTANICA MAGICA (Magical botanic) &#8211; POCKET FORMAT"},"content":{"rendered":"<p><strong>Language: Italian<\/strong><\/p>\n<p>The magical herbs Occult phytology<\/p>\n<p>The magic of herbs, popularly called Green Magic, is certainly, together with the imitative one, the cornerstone of all magical practice. Each plant traditionally has its own character, its vibration, its message and, of course, its esoteric power. Without plants there would be no magic, in fact there are very few practices that are performed without a plant component. The esoteric botanical panorama is very vast, heterogeneous and its occult phytology rather complex. In this text you will learn about the most important magical plants, their properties attributed by tradition, their secrets and formulas for composing powders, baths, defumations, dyes &#8230;<\/p>\n<p>Most of the authors have worked in a magical classification of plants based on their planetary nature, we wanted to go further. Each plant is accompanied by the botanical name, by the popular name, by the planet that holds it, by the Orix\u00e0 of the Afro-Brazilian tradition to which it is dedicated and with which it works and it is also indicated the day, or days, in which its power is expressed better. Some plants are the preserve of several Orix\u00e0s and work with several Saints, this is because a vegetable acts differently according to the intended use. Og\u00f9m and Oxosse willingly exchange plants, they are considered friends; not so Og\u00f9m with Xango. Obb\u00e0 will never work with plants of Ox\u00f9m, but with those of Xang\u00f2, Iemanj\u00e0 and Oxal\u00e0 yes. The legends about the Orix\u00e0s become, as always, explanatory on the use of some plants and so it happens that certain plants are the symbol of a precise mythical event. Hence the sword of St. George (Sanseveria) has been associated with Og\u00f9m and is used to fight enemies and eliminate evil; spicy chilli well summarizes the disturbing and warming action of Ex\u00f9 and is used in its rituals, but at the same time its martial nature is explained and how it can also be used in sympathetic magic.<\/p>\n<p>PAGES 135<\/p>\n","protected":false},"excerpt":{"rendered":"<p>Language: Italian The magical herbs Occult phytology The magic of herbs, popularly called Green Magic, is certainly, together with the&#8230;<\/p>\n","protected":false},"featured_media":38921,"template":"","meta":{"_acf_changed":false},"product_brand":[],"product_cat":[1804,1208,1200],"product_tag":[],"class_list":{"0":"post-20110","1":"product","2":"type-product","3":"status-publish","4":"has-post-thumbnail","6":"product_cat-other-editions","7":"product_cat-esoteric-bookshop","8":"product_cat-esoteric-bookstore","10":"first","11":"instock","12":"sale","13":"taxable","14":"shipping-taxable","15":"purchasable","16":"product-type-simple","17":"add-to-wishlist-before_image"},"acf":[],"yoast_head":"<!-- This site is optimized with the Yoast SEO plugin v26.9 - https:\/\/yoast.com\/product\/yoast-seo-wordpress\/ -->\n<title>BOTANICA MAGICA (Magical botanic) - POCKET FORMAT - Il Crogiuolo<\/title>\n<meta name=\"description\" content=\"BOTANICA MAGICA (Magical botanic) - POCKET FORMAT Language: Italian The magical herbs Occult phytology The magic of herbs, popularly called Green Magic, is certainly, together with the imitative one, the\" \/>\n<meta name=\"robots\" content=\"index, follow, max-snippet:-1, max-image-preview:large, max-video-preview:-1\" \/>\n<link rel=\"canonical\" href=\"https:\/\/ilcrogiuolo.it\/en\/p\/botanica-magica-magical-botanic-pocket-format\/\" \/>\n<meta property=\"og:locale\" content=\"en_US\" \/>\n<meta property=\"og:type\" content=\"article\" \/>\n<meta property=\"og:title\" content=\"BOTANICA MAGICA (Magical botanic) - POCKET FORMAT - Il Crogiuolo\" \/>\n<meta property=\"og:description\" content=\"BOTANICA MAGICA (Magical botanic) - POCKET FORMAT Language: Italian The magical herbs Occult phytology The magic of herbs, popularly called Green Magic, is certainly, together with the imitative one, the\" \/>\n<meta property=\"og:url\" content=\"https:\/\/ilcrogiuolo.it\/en\/p\/botanica-magica-magical-botanic-pocket-format\/\" \/>\n<meta property=\"og:site_name\" content=\"Il Crogiuolo\" \/>\n<meta property=\"article:publisher\" content=\"https:\/\/www.facebook.com\/Il-Crogiuolo-681876418491758\" \/>\n<meta property=\"article:modified_time\" content=\"2020-02-28T06:42:44+00:00\" \/>\n<meta property=\"og:image\" content=\"https:\/\/ilcrogiuolo.it\/wp-content\/uploads\/2020\/01\/botanica-magica.png\" \/>\n\t<meta property=\"og:image:width\" content=\"627\" \/>\n\t<meta property=\"og:image:height\" content=\"600\" \/>\n\t<meta property=\"og:image:type\" content=\"image\/png\" \/>\n<meta name=\"twitter:card\" content=\"summary_large_image\" \/>\n<meta name=\"twitter:label1\" content=\"Est. reading time\" \/>\n\t<meta name=\"twitter:data1\" content=\"2 minutes\" \/>\n<script type=\"application\/ld+json\" class=\"yoast-schema-graph\">{\"@context\":\"https:\/\/schema.org\",\"@graph\":[{\"@type\":\"WebPage\",\"@id\":\"https:\/\/ilcrogiuolo.it\/en\/p\/botanica-magica-magical-botanic-pocket-format\/\",\"url\":\"https:\/\/ilcrogiuolo.it\/en\/p\/botanica-magica-magical-botanic-pocket-format\/\",\"name\":\"BOTANICA MAGICA (Magical botanic) - POCKET FORMAT - Il Crogiuolo\",\"isPartOf\":{\"@id\":\"https:\/\/ilcrogiuolo.it\/en\/#website\"},\"primaryImageOfPage\":{\"@id\":\"https:\/\/ilcrogiuolo.it\/en\/p\/botanica-magica-magical-botanic-pocket-format\/#primaryimage\"},\"image\":{\"@id\":\"https:\/\/ilcrogiuolo.it\/en\/p\/botanica-magica-magical-botanic-pocket-format\/#primaryimage\"},\"thumbnailUrl\":\"https:\/\/ilcrogiuolo.it\/wp-content\/uploads\/2020\/01\/botanica-magica.png\",\"datePublished\":\"2020-01-14T16:10:43+00:00\",\"dateModified\":\"2020-02-28T06:42:44+00:00\",\"description\":\"BOTANICA MAGICA (Magical botanic) - POCKET FORMAT Language: Italian The magical herbs Occult phytology The magic of herbs, popularly called Green Magic, is certainly, together with the imitative one, the\",\"breadcrumb\":{\"@id\":\"https:\/\/ilcrogiuolo.it\/en\/p\/botanica-magica-magical-botanic-pocket-format\/#breadcrumb\"},\"inLanguage\":\"en-US\",\"potentialAction\":[{\"@type\":\"ReadAction\",\"target\":[\"https:\/\/ilcrogiuolo.it\/en\/p\/botanica-magica-magical-botanic-pocket-format\/\"]}]},{\"@type\":\"ImageObject\",\"inLanguage\":\"en-US\",\"@id\":\"https:\/\/ilcrogiuolo.it\/en\/p\/botanica-magica-magical-botanic-pocket-format\/#primaryimage\",\"url\":\"https:\/\/ilcrogiuolo.it\/wp-content\/uploads\/2020\/01\/botanica-magica.png\",\"contentUrl\":\"https:\/\/ilcrogiuolo.it\/wp-content\/uploads\/2020\/01\/botanica-magica.png\",\"width\":627,\"height\":600},{\"@type\":\"BreadcrumbList\",\"@id\":\"https:\/\/ilcrogiuolo.it\/en\/p\/botanica-magica-magical-botanic-pocket-format\/#breadcrumb\",\"itemListElement\":[{\"@type\":\"ListItem\",\"position\":1,\"name\":\"Home\",\"item\":\"https:\/\/ilcrogiuolo.it\/en\/\"},{\"@type\":\"ListItem\",\"position\":2,\"name\":\"Shop\",\"item\":\"https:\/\/ilcrogiuolo.it\/en\/shop\/\"},{\"@type\":\"ListItem\",\"position\":3,\"name\":\"BOTANICA MAGICA (Magical botanic) &#8211; POCKET FORMAT\"}]},{\"@type\":\"WebSite\",\"@id\":\"https:\/\/ilcrogiuolo.it\/en\/#website\",\"url\":\"https:\/\/ilcrogiuolo.it\/en\/\",\"name\":\"Il Crogiuolo\",\"description\":\"\",\"publisher\":{\"@id\":\"https:\/\/ilcrogiuolo.it\/en\/#organization\"},\"potentialAction\":[{\"@type\":\"SearchAction\",\"target\":{\"@type\":\"EntryPoint\",\"urlTemplate\":\"https:\/\/ilcrogiuolo.it\/en\/?s={search_term_string}\"},\"query-input\":{\"@type\":\"PropertyValueSpecification\",\"valueRequired\":true,\"valueName\":\"search_term_string\"}}],\"inLanguage\":\"en-US\"},{\"@type\":\"Organization\",\"@id\":\"https:\/\/ilcrogiuolo.it\/en\/#organization\",\"name\":\"Il Crogiuolo\",\"url\":\"https:\/\/ilcrogiuolo.it\/en\/\",\"logo\":{\"@type\":\"ImageObject\",\"inLanguage\":\"en-US\",\"@id\":\"https:\/\/ilcrogiuolo.it\/en\/#\/schema\/logo\/image\/\",\"url\":\"https:\/\/ilcrogiuolo.it\/wp-content\/uploads\/2020\/04\/logo.png\",\"contentUrl\":\"https:\/\/ilcrogiuolo.it\/wp-content\/uploads\/2020\/04\/logo.png\",\"width\":200,\"height\":49,\"caption\":\"Il Crogiuolo\"},\"image\":{\"@id\":\"https:\/\/ilcrogiuolo.it\/en\/#\/schema\/logo\/image\/\"},\"sameAs\":[\"https:\/\/www.facebook.com\/Il-Crogiuolo-681876418491758\"]}]}<\/script>\n<!-- \/ Yoast SEO plugin. -->","yoast_head_json":{"title":"BOTANICA MAGICA (Magical botanic) - POCKET FORMAT - Il Crogiuolo","description":"BOTANICA MAGICA (Magical botanic) - POCKET FORMAT Language: Italian The magical herbs Occult phytology The magic of herbs, popularly called Green Magic, is certainly, together with the imitative one, the","robots":{"index":"index","follow":"follow","max-snippet":"max-snippet:-1","max-image-preview":"max-image-preview:large","max-video-preview":"max-video-preview:-1"},"canonical":"https:\/\/ilcrogiuolo.it\/en\/p\/botanica-magica-magical-botanic-pocket-format\/","og_locale":"en_US","og_type":"article","og_title":"BOTANICA MAGICA (Magical botanic) - POCKET FORMAT - Il Crogiuolo","og_description":"BOTANICA MAGICA (Magical botanic) - POCKET FORMAT Language: Italian The magical herbs Occult phytology The magic of herbs, popularly called Green Magic, is certainly, together with the imitative one, the","og_url":"https:\/\/ilcrogiuolo.it\/en\/p\/botanica-magica-magical-botanic-pocket-format\/","og_site_name":"Il Crogiuolo","article_publisher":"https:\/\/www.facebook.com\/Il-Crogiuolo-681876418491758","article_modified_time":"2020-02-28T06:42:44+00:00","og_image":[{"width":627,"height":600,"url":"https:\/\/ilcrogiuolo.it\/wp-content\/uploads\/2020\/01\/botanica-magica.png","type":"image\/png"}],"twitter_card":"summary_large_image","twitter_misc":{"Est. reading time":"2 minutes"},"schema":{"@context":"https:\/\/schema.org","@graph":[{"@type":"WebPage","@id":"https:\/\/ilcrogiuolo.it\/en\/p\/botanica-magica-magical-botanic-pocket-format\/","url":"https:\/\/ilcrogiuolo.it\/en\/p\/botanica-magica-magical-botanic-pocket-format\/","name":"BOTANICA MAGICA (Magical botanic) - POCKET FORMAT - Il Crogiuolo","isPartOf":{"@id":"https:\/\/ilcrogiuolo.it\/en\/#website"},"primaryImageOfPage":{"@id":"https:\/\/ilcrogiuolo.it\/en\/p\/botanica-magica-magical-botanic-pocket-format\/#primaryimage"},"image":{"@id":"https:\/\/ilcrogiuolo.it\/en\/p\/botanica-magica-magical-botanic-pocket-format\/#primaryimage"},"thumbnailUrl":"https:\/\/ilcrogiuolo.it\/wp-content\/uploads\/2020\/01\/botanica-magica.png","datePublished":"2020-01-14T16:10:43+00:00","dateModified":"2020-02-28T06:42:44+00:00","description":"BOTANICA MAGICA (Magical botanic) - POCKET FORMAT Language: Italian The magical herbs Occult phytology The magic of herbs, popularly called Green Magic, is certainly, together with the imitative one, the","breadcrumb":{"@id":"https:\/\/ilcrogiuolo.it\/en\/p\/botanica-magica-magical-botanic-pocket-format\/#breadcrumb"},"inLanguage":"en-US","potentialAction":[{"@type":"ReadAction","target":["https:\/\/ilcrogiuolo.it\/en\/p\/botanica-magica-magical-botanic-pocket-format\/"]}]},{"@type":"ImageObject","inLanguage":"en-US","@id":"https:\/\/ilcrogiuolo.it\/en\/p\/botanica-magica-magical-botanic-pocket-format\/#primaryimage","url":"https:\/\/ilcrogiuolo.it\/wp-content\/uploads\/2020\/01\/botanica-magica.png","contentUrl":"https:\/\/ilcrogiuolo.it\/wp-content\/uploads\/2020\/01\/botanica-magica.png","width":627,"height":600},{"@type":"BreadcrumbList","@id":"https:\/\/ilcrogiuolo.it\/en\/p\/botanica-magica-magical-botanic-pocket-format\/#breadcrumb","itemListElement":[{"@type":"ListItem","position":1,"name":"Home","item":"https:\/\/ilcrogiuolo.it\/en\/"},{"@type":"ListItem","position":2,"name":"Shop","item":"https:\/\/ilcrogiuolo.it\/en\/shop\/"},{"@type":"ListItem","position":3,"name":"BOTANICA MAGICA (Magical botanic) &#8211; POCKET FORMAT"}]},{"@type":"WebSite","@id":"https:\/\/ilcrogiuolo.it\/en\/#website","url":"https:\/\/ilcrogiuolo.it\/en\/","name":"Il Crogiuolo","description":"","publisher":{"@id":"https:\/\/ilcrogiuolo.it\/en\/#organization"},"potentialAction":[{"@type":"SearchAction","target":{"@type":"EntryPoint","urlTemplate":"https:\/\/ilcrogiuolo.it\/en\/?s={search_term_string}"},"query-input":{"@type":"PropertyValueSpecification","valueRequired":true,"valueName":"search_term_string"}}],"inLanguage":"en-US"},{"@type":"Organization","@id":"https:\/\/ilcrogiuolo.it\/en\/#organization","name":"Il Crogiuolo","url":"https:\/\/ilcrogiuolo.it\/en\/","logo":{"@type":"ImageObject","inLanguage":"en-US","@id":"https:\/\/ilcrogiuolo.it\/en\/#\/schema\/logo\/image\/","url":"https:\/\/ilcrogiuolo.it\/wp-content\/uploads\/2020\/04\/logo.png","contentUrl":"https:\/\/ilcrogiuolo.it\/wp-content\/uploads\/2020\/04\/logo.png","width":200,"height":49,"caption":"Il Crogiuolo"},"image":{"@id":"https:\/\/ilcrogiuolo.it\/en\/#\/schema\/logo\/image\/"},"sameAs":["https:\/\/www.facebook.com\/Il-Crogiuolo-681876418491758"]}]}},"_links":{"self":[{"href":"https:\/\/ilcrogiuolo.it\/en\/wp-json\/wp\/v2\/product\/20110","targetHints":{"allow":["GET"]}}],"collection":[{"href":"https:\/\/ilcrogiuolo.it\/en\/wp-json\/wp\/v2\/product"}],"about":[{"href":"https:\/\/ilcrogiuolo.it\/en\/wp-json\/wp\/v2\/types\/product"}],"wp:featuredmedia":[{"embeddable":true,"href":"https:\/\/ilcrogiuolo.it\/en\/wp-json\/wp\/v2\/media\/38921"}],"wp:attachment":[{"href":"https:\/\/ilcrogiuolo.it\/en\/wp-json\/wp\/v2\/media?parent=20110"}],"wp:term":[{"taxonomy":"product_brand","embeddable":true,"href":"https:\/\/ilcrogiuolo.it\/en\/wp-json\/wp\/v2\/product_brand?post=20110"},{"taxonomy":"product_cat","embeddable":true,"href":"https:\/\/ilcrogiuolo.it\/en\/wp-json\/wp\/v2\/product_cat?post=20110"},{"taxonomy":"product_tag","embeddable":true,"href":"https:\/\/ilcrogiuolo.it\/en\/wp-json\/wp\/v2\/product_tag?post=20110"}],"curies":[{"name":"wp","href":"https:\/\/api.w.org\/{rel}","templated":true}]}}