{"id":20031,"date":"2020-01-14T17:09:45","date_gmt":"2020-01-14T16:09:45","guid":{"rendered":"https:\/\/ilcrogiuolo.it\/p\/collezione-minilibro-santantonio-eleg-bara\/"},"modified":"2020-02-26T20:24:28","modified_gmt":"2020-02-26T19:24:28","slug":"minibook-collection-santantonio-eleg-bara","status":"publish","type":"product","link":"https:\/\/ilcrogiuolo.it\/en\/p\/minibook-collection-santantonio-eleg-bara\/","title":{"rendered":"MINIBOOK COLLECTION SANT&#8217;ANTONIO ELEG BARA&#8217;"},"content":{"rendered":"<p><strong>Language: Italian<\/strong><\/p>\n<p>Elegar\u00e0, in the Afro-Brazilian tradition, is the Orix\u00e0 to protect passages and communications, roads and crossroads. Without his intercession, no man \/ God communication is possible. The myth presents it as an ambiguous entity, if with one hand it touches the sky, with the other it can easily touch the deepest regions of the darkness, having as its prerogative that of communicating the various existing worlds. Brother of Og\u00f9m and Oxossi he is considered a Holy Warrior. In popular imagination he is seen as a child with an old man&#8217;s face, this to underline his ambiguity, his being everything and the opposite of everything.<\/p>\n<p>His weapon is the word, sagacity and cunning act as a shield, allowing him to triumph in any situation. Turn the law upside down and vice versa, upsetting the most accurate forecasts and upsetting the order of things and then bringing everything back to its current state.<\/p>\n<p>He is invoked in the resolution of every type of problem, from the financial to the most exquisitely sentimental. We also turn to him when we want to get married at the right wedding, for this reason he is called the saint &#8220;casamenteiro&#8221; or the one who promotes weddings. In syncretism, he is portrayed with Saint Anthony of Padua and celebrated on June 13th.<\/p>\n<p>Elegbar\u00e0, also called Bar\u00e0 or Eleggu\u00e0 is cultured in all African American traditions and has many manifestations. One of Bar\u00e0&#8217;s most feared manifestations is Ex\u00f9, which in its different paths populates the world of Quimbanda together with its female counterpart: Pomba Gira.<\/p>\n<p>In this book you will learn about this particular Orix\u00e0, its mysteries, its history and its charms, how to cultivate it or how to ingratiate it to obtain luck, success, love, success and triumph in every type of battle of life.<\/p>\n<p>PAPER PRINTED BOOKLET VERSION<\/p>\n","protected":false},"excerpt":{"rendered":"<p>Language: Italian Elegar\u00e0, in the Afro-Brazilian tradition, is the Orix\u00e0 to protect passages and communications, roads and crossroads. Without his&#8230;<\/p>\n","protected":false},"featured_media":4913,"template":"","meta":{"_acf_changed":false},"product_brand":[],"product_cat":[1665,1208,1200],"product_tag":[],"class_list":{"0":"post-20031","1":"product","2":"type-product","3":"status-publish","4":"has-post-thumbnail","6":"product_cat-minibooks-collection","7":"product_cat-esoteric-bookshop","8":"product_cat-esoteric-bookstore","10":"first","11":"instock","12":"taxable","13":"shipping-taxable","14":"purchasable","15":"product-type-simple","16":"add-to-wishlist-before_image"},"acf":[],"yoast_head":"<!-- This site is optimized with the Yoast SEO plugin v26.9 - https:\/\/yoast.com\/product\/yoast-seo-wordpress\/ -->\n<title>MINIBOOK COLLECTION SANT&#039;ANTONIO ELEG BARA&#039; - Il Crogiuolo<\/title>\n<meta name=\"description\" content=\"MINIBOOK COLLECTION SANT&#039;ANTONIO ELEG BARA&#039; Language: Italian Elegar\u00e0, in the Afro-Brazilian tradition, is the Orix\u00e0 to protect passages and communications, roads and crossroads. Without his\" \/>\n<meta name=\"robots\" content=\"index, follow, max-snippet:-1, max-image-preview:large, max-video-preview:-1\" \/>\n<link rel=\"canonical\" href=\"https:\/\/ilcrogiuolo.it\/en\/p\/minibook-collection-santantonio-eleg-bara\/\" \/>\n<meta property=\"og:locale\" content=\"en_US\" \/>\n<meta property=\"og:type\" content=\"article\" \/>\n<meta property=\"og:title\" content=\"MINIBOOK COLLECTION SANT&#039;ANTONIO ELEG BARA&#039; - Il Crogiuolo\" \/>\n<meta property=\"og:description\" content=\"MINIBOOK COLLECTION SANT&#039;ANTONIO ELEG BARA&#039; Language: Italian Elegar\u00e0, in the Afro-Brazilian tradition, is the Orix\u00e0 to protect passages and communications, roads and crossroads. Without his\" \/>\n<meta property=\"og:url\" content=\"https:\/\/ilcrogiuolo.it\/en\/p\/minibook-collection-santantonio-eleg-bara\/\" \/>\n<meta property=\"og:site_name\" content=\"Il Crogiuolo\" \/>\n<meta property=\"article:publisher\" content=\"https:\/\/www.facebook.com\/Il-Crogiuolo-681876418491758\" \/>\n<meta property=\"article:modified_time\" content=\"2020-02-26T19:24:28+00:00\" \/>\n<meta property=\"og:image\" content=\"https:\/\/ilcrogiuolo.it\/wp-content\/uploads\/2020\/01\/elegbaraeleggualibro_3265948.jpg\" \/>\n\t<meta property=\"og:image:width\" content=\"627\" \/>\n\t<meta property=\"og:image:height\" content=\"600\" \/>\n\t<meta property=\"og:image:type\" content=\"image\/jpeg\" \/>\n<meta name=\"twitter:card\" content=\"summary_large_image\" \/>\n<meta name=\"twitter:label1\" content=\"Est. reading time\" \/>\n\t<meta name=\"twitter:data1\" content=\"2 minutes\" \/>\n<script type=\"application\/ld+json\" class=\"yoast-schema-graph\">{\"@context\":\"https:\/\/schema.org\",\"@graph\":[{\"@type\":\"WebPage\",\"@id\":\"https:\/\/ilcrogiuolo.it\/en\/p\/minibook-collection-santantonio-eleg-bara\/\",\"url\":\"https:\/\/ilcrogiuolo.it\/en\/p\/minibook-collection-santantonio-eleg-bara\/\",\"name\":\"MINIBOOK COLLECTION SANT'ANTONIO ELEG BARA' - Il Crogiuolo\",\"isPartOf\":{\"@id\":\"https:\/\/ilcrogiuolo.it\/en\/#website\"},\"primaryImageOfPage\":{\"@id\":\"https:\/\/ilcrogiuolo.it\/en\/p\/minibook-collection-santantonio-eleg-bara\/#primaryimage\"},\"image\":{\"@id\":\"https:\/\/ilcrogiuolo.it\/en\/p\/minibook-collection-santantonio-eleg-bara\/#primaryimage\"},\"thumbnailUrl\":\"https:\/\/ilcrogiuolo.it\/wp-content\/uploads\/2020\/01\/elegbaraeleggualibro_3265948.jpg\",\"datePublished\":\"2020-01-14T16:09:45+00:00\",\"dateModified\":\"2020-02-26T19:24:28+00:00\",\"description\":\"MINIBOOK COLLECTION SANT'ANTONIO ELEG BARA' Language: Italian Elegar\u00e0, in the Afro-Brazilian tradition, is the Orix\u00e0 to protect passages and communications, roads and crossroads. Without his\",\"breadcrumb\":{\"@id\":\"https:\/\/ilcrogiuolo.it\/en\/p\/minibook-collection-santantonio-eleg-bara\/#breadcrumb\"},\"inLanguage\":\"en-US\",\"potentialAction\":[{\"@type\":\"ReadAction\",\"target\":[\"https:\/\/ilcrogiuolo.it\/en\/p\/minibook-collection-santantonio-eleg-bara\/\"]}]},{\"@type\":\"ImageObject\",\"inLanguage\":\"en-US\",\"@id\":\"https:\/\/ilcrogiuolo.it\/en\/p\/minibook-collection-santantonio-eleg-bara\/#primaryimage\",\"url\":\"https:\/\/ilcrogiuolo.it\/wp-content\/uploads\/2020\/01\/elegbaraeleggualibro_3265948.jpg\",\"contentUrl\":\"https:\/\/ilcrogiuolo.it\/wp-content\/uploads\/2020\/01\/elegbaraeleggualibro_3265948.jpg\",\"width\":627,\"height\":600},{\"@type\":\"BreadcrumbList\",\"@id\":\"https:\/\/ilcrogiuolo.it\/en\/p\/minibook-collection-santantonio-eleg-bara\/#breadcrumb\",\"itemListElement\":[{\"@type\":\"ListItem\",\"position\":1,\"name\":\"Home\",\"item\":\"https:\/\/ilcrogiuolo.it\/en\/\"},{\"@type\":\"ListItem\",\"position\":2,\"name\":\"Shop\",\"item\":\"https:\/\/ilcrogiuolo.it\/en\/shop\/\"},{\"@type\":\"ListItem\",\"position\":3,\"name\":\"MINIBOOK COLLECTION SANT&#8217;ANTONIO ELEG BARA&#8217;\"}]},{\"@type\":\"WebSite\",\"@id\":\"https:\/\/ilcrogiuolo.it\/en\/#website\",\"url\":\"https:\/\/ilcrogiuolo.it\/en\/\",\"name\":\"Il Crogiuolo\",\"description\":\"\",\"publisher\":{\"@id\":\"https:\/\/ilcrogiuolo.it\/en\/#organization\"},\"potentialAction\":[{\"@type\":\"SearchAction\",\"target\":{\"@type\":\"EntryPoint\",\"urlTemplate\":\"https:\/\/ilcrogiuolo.it\/en\/?s={search_term_string}\"},\"query-input\":{\"@type\":\"PropertyValueSpecification\",\"valueRequired\":true,\"valueName\":\"search_term_string\"}}],\"inLanguage\":\"en-US\"},{\"@type\":\"Organization\",\"@id\":\"https:\/\/ilcrogiuolo.it\/en\/#organization\",\"name\":\"Il Crogiuolo\",\"url\":\"https:\/\/ilcrogiuolo.it\/en\/\",\"logo\":{\"@type\":\"ImageObject\",\"inLanguage\":\"en-US\",\"@id\":\"https:\/\/ilcrogiuolo.it\/en\/#\/schema\/logo\/image\/\",\"url\":\"https:\/\/ilcrogiuolo.it\/wp-content\/uploads\/2020\/04\/logo.png\",\"contentUrl\":\"https:\/\/ilcrogiuolo.it\/wp-content\/uploads\/2020\/04\/logo.png\",\"width\":200,\"height\":49,\"caption\":\"Il Crogiuolo\"},\"image\":{\"@id\":\"https:\/\/ilcrogiuolo.it\/en\/#\/schema\/logo\/image\/\"},\"sameAs\":[\"https:\/\/www.facebook.com\/Il-Crogiuolo-681876418491758\"]}]}<\/script>\n<!-- \/ Yoast SEO plugin. -->","yoast_head_json":{"title":"MINIBOOK COLLECTION SANT'ANTONIO ELEG BARA' - Il Crogiuolo","description":"MINIBOOK COLLECTION SANT'ANTONIO ELEG BARA' Language: Italian Elegar\u00e0, in the Afro-Brazilian tradition, is the Orix\u00e0 to protect passages and communications, roads and crossroads. Without his","robots":{"index":"index","follow":"follow","max-snippet":"max-snippet:-1","max-image-preview":"max-image-preview:large","max-video-preview":"max-video-preview:-1"},"canonical":"https:\/\/ilcrogiuolo.it\/en\/p\/minibook-collection-santantonio-eleg-bara\/","og_locale":"en_US","og_type":"article","og_title":"MINIBOOK COLLECTION SANT'ANTONIO ELEG BARA' - Il Crogiuolo","og_description":"MINIBOOK COLLECTION SANT'ANTONIO ELEG BARA' Language: Italian Elegar\u00e0, in the Afro-Brazilian tradition, is the Orix\u00e0 to protect passages and communications, roads and crossroads. Without his","og_url":"https:\/\/ilcrogiuolo.it\/en\/p\/minibook-collection-santantonio-eleg-bara\/","og_site_name":"Il Crogiuolo","article_publisher":"https:\/\/www.facebook.com\/Il-Crogiuolo-681876418491758","article_modified_time":"2020-02-26T19:24:28+00:00","og_image":[{"width":627,"height":600,"url":"https:\/\/ilcrogiuolo.it\/wp-content\/uploads\/2020\/01\/elegbaraeleggualibro_3265948.jpg","type":"image\/jpeg"}],"twitter_card":"summary_large_image","twitter_misc":{"Est. reading time":"2 minutes"},"schema":{"@context":"https:\/\/schema.org","@graph":[{"@type":"WebPage","@id":"https:\/\/ilcrogiuolo.it\/en\/p\/minibook-collection-santantonio-eleg-bara\/","url":"https:\/\/ilcrogiuolo.it\/en\/p\/minibook-collection-santantonio-eleg-bara\/","name":"MINIBOOK COLLECTION SANT'ANTONIO ELEG BARA' - Il Crogiuolo","isPartOf":{"@id":"https:\/\/ilcrogiuolo.it\/en\/#website"},"primaryImageOfPage":{"@id":"https:\/\/ilcrogiuolo.it\/en\/p\/minibook-collection-santantonio-eleg-bara\/#primaryimage"},"image":{"@id":"https:\/\/ilcrogiuolo.it\/en\/p\/minibook-collection-santantonio-eleg-bara\/#primaryimage"},"thumbnailUrl":"https:\/\/ilcrogiuolo.it\/wp-content\/uploads\/2020\/01\/elegbaraeleggualibro_3265948.jpg","datePublished":"2020-01-14T16:09:45+00:00","dateModified":"2020-02-26T19:24:28+00:00","description":"MINIBOOK COLLECTION SANT'ANTONIO ELEG BARA' Language: Italian Elegar\u00e0, in the Afro-Brazilian tradition, is the Orix\u00e0 to protect passages and communications, roads and crossroads. Without his","breadcrumb":{"@id":"https:\/\/ilcrogiuolo.it\/en\/p\/minibook-collection-santantonio-eleg-bara\/#breadcrumb"},"inLanguage":"en-US","potentialAction":[{"@type":"ReadAction","target":["https:\/\/ilcrogiuolo.it\/en\/p\/minibook-collection-santantonio-eleg-bara\/"]}]},{"@type":"ImageObject","inLanguage":"en-US","@id":"https:\/\/ilcrogiuolo.it\/en\/p\/minibook-collection-santantonio-eleg-bara\/#primaryimage","url":"https:\/\/ilcrogiuolo.it\/wp-content\/uploads\/2020\/01\/elegbaraeleggualibro_3265948.jpg","contentUrl":"https:\/\/ilcrogiuolo.it\/wp-content\/uploads\/2020\/01\/elegbaraeleggualibro_3265948.jpg","width":627,"height":600},{"@type":"BreadcrumbList","@id":"https:\/\/ilcrogiuolo.it\/en\/p\/minibook-collection-santantonio-eleg-bara\/#breadcrumb","itemListElement":[{"@type":"ListItem","position":1,"name":"Home","item":"https:\/\/ilcrogiuolo.it\/en\/"},{"@type":"ListItem","position":2,"name":"Shop","item":"https:\/\/ilcrogiuolo.it\/en\/shop\/"},{"@type":"ListItem","position":3,"name":"MINIBOOK COLLECTION SANT&#8217;ANTONIO ELEG BARA&#8217;"}]},{"@type":"WebSite","@id":"https:\/\/ilcrogiuolo.it\/en\/#website","url":"https:\/\/ilcrogiuolo.it\/en\/","name":"Il Crogiuolo","description":"","publisher":{"@id":"https:\/\/ilcrogiuolo.it\/en\/#organization"},"potentialAction":[{"@type":"SearchAction","target":{"@type":"EntryPoint","urlTemplate":"https:\/\/ilcrogiuolo.it\/en\/?s={search_term_string}"},"query-input":{"@type":"PropertyValueSpecification","valueRequired":true,"valueName":"search_term_string"}}],"inLanguage":"en-US"},{"@type":"Organization","@id":"https:\/\/ilcrogiuolo.it\/en\/#organization","name":"Il Crogiuolo","url":"https:\/\/ilcrogiuolo.it\/en\/","logo":{"@type":"ImageObject","inLanguage":"en-US","@id":"https:\/\/ilcrogiuolo.it\/en\/#\/schema\/logo\/image\/","url":"https:\/\/ilcrogiuolo.it\/wp-content\/uploads\/2020\/04\/logo.png","contentUrl":"https:\/\/ilcrogiuolo.it\/wp-content\/uploads\/2020\/04\/logo.png","width":200,"height":49,"caption":"Il Crogiuolo"},"image":{"@id":"https:\/\/ilcrogiuolo.it\/en\/#\/schema\/logo\/image\/"},"sameAs":["https:\/\/www.facebook.com\/Il-Crogiuolo-681876418491758"]}]}},"_links":{"self":[{"href":"https:\/\/ilcrogiuolo.it\/en\/wp-json\/wp\/v2\/product\/20031","targetHints":{"allow":["GET"]}}],"collection":[{"href":"https:\/\/ilcrogiuolo.it\/en\/wp-json\/wp\/v2\/product"}],"about":[{"href":"https:\/\/ilcrogiuolo.it\/en\/wp-json\/wp\/v2\/types\/product"}],"wp:featuredmedia":[{"embeddable":true,"href":"https:\/\/ilcrogiuolo.it\/en\/wp-json\/wp\/v2\/media\/4913"}],"wp:attachment":[{"href":"https:\/\/ilcrogiuolo.it\/en\/wp-json\/wp\/v2\/media?parent=20031"}],"wp:term":[{"taxonomy":"product_brand","embeddable":true,"href":"https:\/\/ilcrogiuolo.it\/en\/wp-json\/wp\/v2\/product_brand?post=20031"},{"taxonomy":"product_cat","embeddable":true,"href":"https:\/\/ilcrogiuolo.it\/en\/wp-json\/wp\/v2\/product_cat?post=20031"},{"taxonomy":"product_tag","embeddable":true,"href":"https:\/\/ilcrogiuolo.it\/en\/wp-json\/wp\/v2\/product_tag?post=20031"}],"curies":[{"name":"wp","href":"https:\/\/api.w.org\/{rel}","templated":true}]}}