{"id":20016,"date":"2020-01-14T17:09:22","date_gmt":"2020-02-26T08:31:20","guid":{"rendered":"https:\/\/ilcrogiuolo.it\/?post_type=product&#038;p=20016"},"modified":"2020-02-26T09:31:20","modified_gmt":"2020-02-26T08:31:20","slug":"minbook-collection-pomba-gira-maria-padilha-ebook-version","status":"publish","type":"product","link":"https:\/\/ilcrogiuolo.it\/en\/p\/minbook-collection-pomba-gira-maria-padilha-ebook-version\/","title":{"rendered":"MINBOOK COLLECTION POMBA GIRA MARIA PADILHA    ***EBOOK VERSION***"},"content":{"rendered":"<p><strong>Language: Italian<\/strong><\/p>\n<p>Try to imagine the sun without the moon, salt without sugar, day without night, good without evil &#8230; everything that exists has its opposite, its double beyond a cosmic mirror in which is reflected in the world of being.<\/p>\n<p>Opposite does not necessarily mean evil, it simply marks a diversity. God created man in his image and likeness, it is written in Genesis, and created him male and female. This shows that God is simultaneously Father and Mother. Everything that exists on this plane therefore has a sex. Pomba Gira is the female counterpart of Ex\u00f9, the Ex\u00f9 Mulher (Ex\u00f9 Female) as they say in Brazil.<\/p>\n<p>By the name of Pomba Gira, in Brazil, we mean a real phalanx of female Ex\u00f9.<\/p>\n<p>Each of us, male or female, has an Ex\u00f9 and a Pomba Gira, because the female is present in the male and vice versa. This concept has nothing to do with homosexuality. It is in the nature of man to have a female and a male part, regardless of one&#8217;s birth gender. If each male Orix\u00e0 has one or more Exus that act in his vibration (Line), each female Orix\u00e0 has one or more Pomba Giras that act in his. We can therefore say that every man, male or female that he is, in addition to having a male Orix\u00e0 that protects him, also has a female Orix\u00e0 that harmonizes his vibrational field and could not be otherwise. In the same way, each of us has a male Ex\u00f9 and an female Ex\u00f9, a Pomba Gira.<\/p>\n<p><strong>DIGITAL EBOOK VERSION &#8211; PDF FORMAT<\/strong><\/p>\n<p>&nbsp;<\/p>\n<p dir=\"ltr\">\n","protected":false},"excerpt":{"rendered":"<p>Language: Italian Try to imagine the sun without the moon, salt without sugar, day without night, good without evil &#8230;&#8230;<\/p>\n","protected":false},"featured_media":4742,"template":"","meta":{"_acf_changed":false},"product_brand":[],"product_cat":[1666,1222,1200],"product_tag":[],"class_list":{"0":"post-20016","1":"product","2":"type-product","3":"status-publish","4":"has-post-thumbnail","6":"product_cat-minibooks-collection-ebook","7":"product_cat-esoteric-bookshop-ebook","8":"product_cat-esoteric-bookstore","10":"first","11":"instock","12":"downloadable","13":"virtual","14":"taxable","15":"purchasable","16":"product-type-simple","17":"add-to-wishlist-before_image"},"acf":[],"yoast_head":"<!-- This site is optimized with the Yoast SEO plugin v26.9 - https:\/\/yoast.com\/product\/yoast-seo-wordpress\/ -->\n<title>MINBOOK COLLECTION POMBA GIRA MARIA PADILHA  ***EBOOK VERSION*** - Il Crogiuolo<\/title>\n<meta name=\"description\" content=\"MINBOOK COLLECTION POMBA GIRA MARIA PADILHA  ***EBOOK VERSION*** Language: Italian Try to imagine the sun without the moon, salt without sugar, day without night, good without evil ... everything that exists has its\" \/>\n<meta name=\"robots\" content=\"index, follow, max-snippet:-1, max-image-preview:large, max-video-preview:-1\" \/>\n<link rel=\"canonical\" href=\"https:\/\/ilcrogiuolo.it\/en\/p\/minbook-collection-pomba-gira-maria-padilha-ebook-version\/\" \/>\n<meta property=\"og:locale\" content=\"en_US\" \/>\n<meta property=\"og:type\" content=\"article\" \/>\n<meta property=\"og:title\" content=\"MINBOOK COLLECTION POMBA GIRA MARIA PADILHA  ***EBOOK VERSION*** - Il Crogiuolo\" \/>\n<meta property=\"og:description\" content=\"MINBOOK COLLECTION POMBA GIRA MARIA PADILHA  ***EBOOK VERSION*** Language: Italian Try to imagine the sun without the moon, salt without sugar, day without night, good without evil ... everything that exists has its\" \/>\n<meta property=\"og:url\" content=\"https:\/\/ilcrogiuolo.it\/en\/p\/minbook-collection-pomba-gira-maria-padilha-ebook-version\/\" \/>\n<meta property=\"og:site_name\" content=\"Il Crogiuolo\" \/>\n<meta property=\"article:publisher\" content=\"https:\/\/www.facebook.com\/Il-Crogiuolo-681876418491758\" \/>\n<meta property=\"og:image\" content=\"https:\/\/ilcrogiuolo.it\/wp-content\/uploads\/2020\/01\/mariapadilha_5931764.jpg\" \/>\n\t<meta property=\"og:image:width\" content=\"627\" \/>\n\t<meta property=\"og:image:height\" content=\"600\" \/>\n\t<meta property=\"og:image:type\" content=\"image\/jpeg\" \/>\n<meta name=\"twitter:card\" content=\"summary_large_image\" \/>\n<meta name=\"twitter:label1\" content=\"Est. reading time\" \/>\n\t<meta name=\"twitter:data1\" content=\"1 minute\" \/>\n<script type=\"application\/ld+json\" class=\"yoast-schema-graph\">{\"@context\":\"https:\/\/schema.org\",\"@graph\":[{\"@type\":\"WebPage\",\"@id\":\"https:\/\/ilcrogiuolo.it\/en\/p\/minbook-collection-pomba-gira-maria-padilha-ebook-version\/\",\"url\":\"https:\/\/ilcrogiuolo.it\/en\/p\/minbook-collection-pomba-gira-maria-padilha-ebook-version\/\",\"name\":\"MINBOOK COLLECTION POMBA GIRA MARIA PADILHA ***EBOOK VERSION*** - Il Crogiuolo\",\"isPartOf\":{\"@id\":\"https:\/\/ilcrogiuolo.it\/en\/#website\"},\"primaryImageOfPage\":{\"@id\":\"https:\/\/ilcrogiuolo.it\/en\/p\/minbook-collection-pomba-gira-maria-padilha-ebook-version\/#primaryimage\"},\"image\":{\"@id\":\"https:\/\/ilcrogiuolo.it\/en\/p\/minbook-collection-pomba-gira-maria-padilha-ebook-version\/#primaryimage\"},\"thumbnailUrl\":\"https:\/\/ilcrogiuolo.it\/wp-content\/uploads\/2020\/01\/mariapadilha_5931764.jpg\",\"datePublished\":\"2020-02-26T08:31:20+00:00\",\"description\":\"MINBOOK COLLECTION POMBA GIRA MARIA PADILHA ***EBOOK VERSION*** Language: Italian Try to imagine the sun without the moon, salt without sugar, day without night, good without evil ... everything that exists has its\",\"breadcrumb\":{\"@id\":\"https:\/\/ilcrogiuolo.it\/en\/p\/minbook-collection-pomba-gira-maria-padilha-ebook-version\/#breadcrumb\"},\"inLanguage\":\"en-US\",\"potentialAction\":[{\"@type\":\"ReadAction\",\"target\":[\"https:\/\/ilcrogiuolo.it\/en\/p\/minbook-collection-pomba-gira-maria-padilha-ebook-version\/\"]}]},{\"@type\":\"ImageObject\",\"inLanguage\":\"en-US\",\"@id\":\"https:\/\/ilcrogiuolo.it\/en\/p\/minbook-collection-pomba-gira-maria-padilha-ebook-version\/#primaryimage\",\"url\":\"https:\/\/ilcrogiuolo.it\/wp-content\/uploads\/2020\/01\/mariapadilha_5931764.jpg\",\"contentUrl\":\"https:\/\/ilcrogiuolo.it\/wp-content\/uploads\/2020\/01\/mariapadilha_5931764.jpg\",\"width\":627,\"height\":600},{\"@type\":\"BreadcrumbList\",\"@id\":\"https:\/\/ilcrogiuolo.it\/en\/p\/minbook-collection-pomba-gira-maria-padilha-ebook-version\/#breadcrumb\",\"itemListElement\":[{\"@type\":\"ListItem\",\"position\":1,\"name\":\"Home\",\"item\":\"https:\/\/ilcrogiuolo.it\/en\/\"},{\"@type\":\"ListItem\",\"position\":2,\"name\":\"Shop\",\"item\":\"https:\/\/ilcrogiuolo.it\/en\/shop\/\"},{\"@type\":\"ListItem\",\"position\":3,\"name\":\"MINBOOK COLLECTION POMBA GIRA MARIA PADILHA ***EBOOK VERSION***\"}]},{\"@type\":\"WebSite\",\"@id\":\"https:\/\/ilcrogiuolo.it\/en\/#website\",\"url\":\"https:\/\/ilcrogiuolo.it\/en\/\",\"name\":\"Il Crogiuolo\",\"description\":\"\",\"publisher\":{\"@id\":\"https:\/\/ilcrogiuolo.it\/en\/#organization\"},\"potentialAction\":[{\"@type\":\"SearchAction\",\"target\":{\"@type\":\"EntryPoint\",\"urlTemplate\":\"https:\/\/ilcrogiuolo.it\/en\/?s={search_term_string}\"},\"query-input\":{\"@type\":\"PropertyValueSpecification\",\"valueRequired\":true,\"valueName\":\"search_term_string\"}}],\"inLanguage\":\"en-US\"},{\"@type\":\"Organization\",\"@id\":\"https:\/\/ilcrogiuolo.it\/en\/#organization\",\"name\":\"Il Crogiuolo\",\"url\":\"https:\/\/ilcrogiuolo.it\/en\/\",\"logo\":{\"@type\":\"ImageObject\",\"inLanguage\":\"en-US\",\"@id\":\"https:\/\/ilcrogiuolo.it\/en\/#\/schema\/logo\/image\/\",\"url\":\"https:\/\/ilcrogiuolo.it\/wp-content\/uploads\/2020\/04\/logo.png\",\"contentUrl\":\"https:\/\/ilcrogiuolo.it\/wp-content\/uploads\/2020\/04\/logo.png\",\"width\":200,\"height\":49,\"caption\":\"Il Crogiuolo\"},\"image\":{\"@id\":\"https:\/\/ilcrogiuolo.it\/en\/#\/schema\/logo\/image\/\"},\"sameAs\":[\"https:\/\/www.facebook.com\/Il-Crogiuolo-681876418491758\"]}]}<\/script>\n<!-- \/ Yoast SEO plugin. -->","yoast_head_json":{"title":"MINBOOK COLLECTION POMBA GIRA MARIA PADILHA  ***EBOOK VERSION*** - Il Crogiuolo","description":"MINBOOK COLLECTION POMBA GIRA MARIA PADILHA  ***EBOOK VERSION*** Language: Italian Try to imagine the sun without the moon, salt without sugar, day without night, good without evil ... everything that exists has its","robots":{"index":"index","follow":"follow","max-snippet":"max-snippet:-1","max-image-preview":"max-image-preview:large","max-video-preview":"max-video-preview:-1"},"canonical":"https:\/\/ilcrogiuolo.it\/en\/p\/minbook-collection-pomba-gira-maria-padilha-ebook-version\/","og_locale":"en_US","og_type":"article","og_title":"MINBOOK COLLECTION POMBA GIRA MARIA PADILHA  ***EBOOK VERSION*** - Il Crogiuolo","og_description":"MINBOOK COLLECTION POMBA GIRA MARIA PADILHA  ***EBOOK VERSION*** Language: Italian Try to imagine the sun without the moon, salt without sugar, day without night, good without evil ... everything that exists has its","og_url":"https:\/\/ilcrogiuolo.it\/en\/p\/minbook-collection-pomba-gira-maria-padilha-ebook-version\/","og_site_name":"Il Crogiuolo","article_publisher":"https:\/\/www.facebook.com\/Il-Crogiuolo-681876418491758","og_image":[{"width":627,"height":600,"url":"https:\/\/ilcrogiuolo.it\/wp-content\/uploads\/2020\/01\/mariapadilha_5931764.jpg","type":"image\/jpeg"}],"twitter_card":"summary_large_image","twitter_misc":{"Est. reading time":"1 minute"},"schema":{"@context":"https:\/\/schema.org","@graph":[{"@type":"WebPage","@id":"https:\/\/ilcrogiuolo.it\/en\/p\/minbook-collection-pomba-gira-maria-padilha-ebook-version\/","url":"https:\/\/ilcrogiuolo.it\/en\/p\/minbook-collection-pomba-gira-maria-padilha-ebook-version\/","name":"MINBOOK COLLECTION POMBA GIRA MARIA PADILHA ***EBOOK VERSION*** - Il Crogiuolo","isPartOf":{"@id":"https:\/\/ilcrogiuolo.it\/en\/#website"},"primaryImageOfPage":{"@id":"https:\/\/ilcrogiuolo.it\/en\/p\/minbook-collection-pomba-gira-maria-padilha-ebook-version\/#primaryimage"},"image":{"@id":"https:\/\/ilcrogiuolo.it\/en\/p\/minbook-collection-pomba-gira-maria-padilha-ebook-version\/#primaryimage"},"thumbnailUrl":"https:\/\/ilcrogiuolo.it\/wp-content\/uploads\/2020\/01\/mariapadilha_5931764.jpg","datePublished":"2020-02-26T08:31:20+00:00","description":"MINBOOK COLLECTION POMBA GIRA MARIA PADILHA ***EBOOK VERSION*** Language: Italian Try to imagine the sun without the moon, salt without sugar, day without night, good without evil ... everything that exists has its","breadcrumb":{"@id":"https:\/\/ilcrogiuolo.it\/en\/p\/minbook-collection-pomba-gira-maria-padilha-ebook-version\/#breadcrumb"},"inLanguage":"en-US","potentialAction":[{"@type":"ReadAction","target":["https:\/\/ilcrogiuolo.it\/en\/p\/minbook-collection-pomba-gira-maria-padilha-ebook-version\/"]}]},{"@type":"ImageObject","inLanguage":"en-US","@id":"https:\/\/ilcrogiuolo.it\/en\/p\/minbook-collection-pomba-gira-maria-padilha-ebook-version\/#primaryimage","url":"https:\/\/ilcrogiuolo.it\/wp-content\/uploads\/2020\/01\/mariapadilha_5931764.jpg","contentUrl":"https:\/\/ilcrogiuolo.it\/wp-content\/uploads\/2020\/01\/mariapadilha_5931764.jpg","width":627,"height":600},{"@type":"BreadcrumbList","@id":"https:\/\/ilcrogiuolo.it\/en\/p\/minbook-collection-pomba-gira-maria-padilha-ebook-version\/#breadcrumb","itemListElement":[{"@type":"ListItem","position":1,"name":"Home","item":"https:\/\/ilcrogiuolo.it\/en\/"},{"@type":"ListItem","position":2,"name":"Shop","item":"https:\/\/ilcrogiuolo.it\/en\/shop\/"},{"@type":"ListItem","position":3,"name":"MINBOOK COLLECTION POMBA GIRA MARIA PADILHA ***EBOOK VERSION***"}]},{"@type":"WebSite","@id":"https:\/\/ilcrogiuolo.it\/en\/#website","url":"https:\/\/ilcrogiuolo.it\/en\/","name":"Il Crogiuolo","description":"","publisher":{"@id":"https:\/\/ilcrogiuolo.it\/en\/#organization"},"potentialAction":[{"@type":"SearchAction","target":{"@type":"EntryPoint","urlTemplate":"https:\/\/ilcrogiuolo.it\/en\/?s={search_term_string}"},"query-input":{"@type":"PropertyValueSpecification","valueRequired":true,"valueName":"search_term_string"}}],"inLanguage":"en-US"},{"@type":"Organization","@id":"https:\/\/ilcrogiuolo.it\/en\/#organization","name":"Il Crogiuolo","url":"https:\/\/ilcrogiuolo.it\/en\/","logo":{"@type":"ImageObject","inLanguage":"en-US","@id":"https:\/\/ilcrogiuolo.it\/en\/#\/schema\/logo\/image\/","url":"https:\/\/ilcrogiuolo.it\/wp-content\/uploads\/2020\/04\/logo.png","contentUrl":"https:\/\/ilcrogiuolo.it\/wp-content\/uploads\/2020\/04\/logo.png","width":200,"height":49,"caption":"Il Crogiuolo"},"image":{"@id":"https:\/\/ilcrogiuolo.it\/en\/#\/schema\/logo\/image\/"},"sameAs":["https:\/\/www.facebook.com\/Il-Crogiuolo-681876418491758"]}]}},"_links":{"self":[{"href":"https:\/\/ilcrogiuolo.it\/en\/wp-json\/wp\/v2\/product\/20016","targetHints":{"allow":["GET"]}}],"collection":[{"href":"https:\/\/ilcrogiuolo.it\/en\/wp-json\/wp\/v2\/product"}],"about":[{"href":"https:\/\/ilcrogiuolo.it\/en\/wp-json\/wp\/v2\/types\/product"}],"wp:featuredmedia":[{"embeddable":true,"href":"https:\/\/ilcrogiuolo.it\/en\/wp-json\/wp\/v2\/media\/4742"}],"wp:attachment":[{"href":"https:\/\/ilcrogiuolo.it\/en\/wp-json\/wp\/v2\/media?parent=20016"}],"wp:term":[{"taxonomy":"product_brand","embeddable":true,"href":"https:\/\/ilcrogiuolo.it\/en\/wp-json\/wp\/v2\/product_brand?post=20016"},{"taxonomy":"product_cat","embeddable":true,"href":"https:\/\/ilcrogiuolo.it\/en\/wp-json\/wp\/v2\/product_cat?post=20016"},{"taxonomy":"product_tag","embeddable":true,"href":"https:\/\/ilcrogiuolo.it\/en\/wp-json\/wp\/v2\/product_tag?post=20016"}],"curies":[{"name":"wp","href":"https:\/\/api.w.org\/{rel}","templated":true}]}}