{"id":19987,"date":"2020-01-14T17:09:16","date_gmt":"2020-01-14T16:09:16","guid":{"rendered":"https:\/\/ilcrogiuolo.it\/p\/collezione-minilibro-pomba-gira-maria-padilha\/"},"modified":"2020-02-25T09:40:13","modified_gmt":"2020-02-25T08:40:13","slug":"minibook-colection-pomba-gira-maria-padilha","status":"publish","type":"product","link":"https:\/\/ilcrogiuolo.it\/en\/p\/minibook-colection-pomba-gira-maria-padilha\/","title":{"rendered":"MINIBOOK COLECTION POMBA GIRA MARIA PADILHA"},"content":{"rendered":"<p><strong>Language: Italian<\/strong><\/p>\n<p>Try to imagine the sun without the moon, salt without sugar, day without night, good without evil &#8230; everything that exists has its opposite, its double beyond a cosmic mirror in which is reflected in the world of being.<\/p>\n<p>Opposite does not necessarily mean evil, it simply marks a diversity. God created man in his image and likeness, it is written in Genesis, and created him male and female. This shows that God is simultaneously Father and Mother. Everything that exists on this plane therefore has a sex. Pomba Gira is the female counterpart of Ex\u00f9, the Ex\u00f9 Mulher (Ex\u00f9 Female) as they say in Brazil.<\/p>\n<p>By the name of Pomba Gira, in Brazil, we mean a real phalanx of female Ex\u00f9.<\/p>\n<p>Each of us, male or female, has an Ex\u00f9 and a Pomba Gira, because the female is present in the male and vice versa. This concept has nothing to do with homosexuality. It is in the nature of man to have a female and a male part, regardless of one&#8217;s birth gender. If each male Orix\u00e0 has one or more Exus that act in his vibration (Line), each female Orix\u00e0 has one or more Pomba Giras that act in his. We can therefore say that every man, male or female that he is, in addition to having a male Orix\u00e0 that protects him, also has a female Orix\u00e0 that harmonizes his vibrational field and could not be otherwise. In the same way, each of us has a male Ex\u00f9 and an female Ex\u00f9, a Pomba Gira.<\/p>\n<p>PAPER PRINTED BOOKLET VERSION<\/p>\n<p>&nbsp;<\/p>\n<p dir=\"ltr\">\n","protected":false},"excerpt":{"rendered":"<p>Language: Italian Try to imagine the sun without the moon, salt without sugar, day without night, good without evil &#8230;&#8230;<\/p>\n","protected":false},"featured_media":4712,"template":"","meta":{"_acf_changed":false},"product_brand":[],"product_cat":[1665,1208,1200],"product_tag":[],"class_list":{"0":"post-19987","1":"product","2":"type-product","3":"status-publish","4":"has-post-thumbnail","6":"product_cat-minibooks-collection","7":"product_cat-esoteric-bookshop","8":"product_cat-esoteric-bookstore","10":"first","11":"instock","12":"taxable","13":"shipping-taxable","14":"purchasable","15":"product-type-simple","16":"add-to-wishlist-before_image"},"acf":[],"yoast_head":"<!-- This site is optimized with the Yoast SEO plugin v26.9 - https:\/\/yoast.com\/product\/yoast-seo-wordpress\/ -->\n<title>MINIBOOK COLECTION POMBA GIRA MARIA PADILHA - Il Crogiuolo<\/title>\n<meta name=\"description\" content=\"MINIBOOK COLECTION POMBA GIRA MARIA PADILHA Language: Italian Try to imagine the sun without the moon, salt without sugar, day without night, good without evil ... everything that exists has its\" \/>\n<meta name=\"robots\" content=\"index, follow, max-snippet:-1, max-image-preview:large, max-video-preview:-1\" \/>\n<link rel=\"canonical\" href=\"https:\/\/ilcrogiuolo.it\/en\/p\/minibook-colection-pomba-gira-maria-padilha\/\" \/>\n<meta property=\"og:locale\" content=\"en_US\" \/>\n<meta property=\"og:type\" content=\"article\" \/>\n<meta property=\"og:title\" content=\"MINIBOOK COLECTION POMBA GIRA MARIA PADILHA - Il Crogiuolo\" \/>\n<meta property=\"og:description\" content=\"MINIBOOK COLECTION POMBA GIRA MARIA PADILHA Language: Italian Try to imagine the sun without the moon, salt without sugar, day without night, good without evil ... everything that exists has its\" \/>\n<meta property=\"og:url\" content=\"https:\/\/ilcrogiuolo.it\/en\/p\/minibook-colection-pomba-gira-maria-padilha\/\" \/>\n<meta property=\"og:site_name\" content=\"Il Crogiuolo\" \/>\n<meta property=\"article:publisher\" content=\"https:\/\/www.facebook.com\/Il-Crogiuolo-681876418491758\" \/>\n<meta property=\"article:modified_time\" content=\"2020-02-25T08:40:13+00:00\" \/>\n<meta property=\"og:image\" content=\"https:\/\/ilcrogiuolo.it\/wp-content\/uploads\/2020\/01\/mariapadilha_4589549.jpg\" \/>\n\t<meta property=\"og:image:width\" content=\"627\" \/>\n\t<meta property=\"og:image:height\" content=\"600\" \/>\n\t<meta property=\"og:image:type\" content=\"image\/jpeg\" \/>\n<meta name=\"twitter:card\" content=\"summary_large_image\" \/>\n<meta name=\"twitter:label1\" content=\"Est. reading time\" \/>\n\t<meta name=\"twitter:data1\" content=\"1 minute\" \/>\n<script type=\"application\/ld+json\" class=\"yoast-schema-graph\">{\"@context\":\"https:\/\/schema.org\",\"@graph\":[{\"@type\":\"WebPage\",\"@id\":\"https:\/\/ilcrogiuolo.it\/en\/p\/minibook-colection-pomba-gira-maria-padilha\/\",\"url\":\"https:\/\/ilcrogiuolo.it\/en\/p\/minibook-colection-pomba-gira-maria-padilha\/\",\"name\":\"MINIBOOK COLECTION POMBA GIRA MARIA PADILHA - Il Crogiuolo\",\"isPartOf\":{\"@id\":\"https:\/\/ilcrogiuolo.it\/en\/#website\"},\"primaryImageOfPage\":{\"@id\":\"https:\/\/ilcrogiuolo.it\/en\/p\/minibook-colection-pomba-gira-maria-padilha\/#primaryimage\"},\"image\":{\"@id\":\"https:\/\/ilcrogiuolo.it\/en\/p\/minibook-colection-pomba-gira-maria-padilha\/#primaryimage\"},\"thumbnailUrl\":\"https:\/\/ilcrogiuolo.it\/wp-content\/uploads\/2020\/01\/mariapadilha_4589549.jpg\",\"datePublished\":\"2020-01-14T16:09:16+00:00\",\"dateModified\":\"2020-02-25T08:40:13+00:00\",\"description\":\"MINIBOOK COLECTION POMBA GIRA MARIA PADILHA Language: Italian Try to imagine the sun without the moon, salt without sugar, day without night, good without evil ... everything that exists has its\",\"breadcrumb\":{\"@id\":\"https:\/\/ilcrogiuolo.it\/en\/p\/minibook-colection-pomba-gira-maria-padilha\/#breadcrumb\"},\"inLanguage\":\"en-US\",\"potentialAction\":[{\"@type\":\"ReadAction\",\"target\":[\"https:\/\/ilcrogiuolo.it\/en\/p\/minibook-colection-pomba-gira-maria-padilha\/\"]}]},{\"@type\":\"ImageObject\",\"inLanguage\":\"en-US\",\"@id\":\"https:\/\/ilcrogiuolo.it\/en\/p\/minibook-colection-pomba-gira-maria-padilha\/#primaryimage\",\"url\":\"https:\/\/ilcrogiuolo.it\/wp-content\/uploads\/2020\/01\/mariapadilha_4589549.jpg\",\"contentUrl\":\"https:\/\/ilcrogiuolo.it\/wp-content\/uploads\/2020\/01\/mariapadilha_4589549.jpg\",\"width\":627,\"height\":600},{\"@type\":\"BreadcrumbList\",\"@id\":\"https:\/\/ilcrogiuolo.it\/en\/p\/minibook-colection-pomba-gira-maria-padilha\/#breadcrumb\",\"itemListElement\":[{\"@type\":\"ListItem\",\"position\":1,\"name\":\"Home\",\"item\":\"https:\/\/ilcrogiuolo.it\/en\/\"},{\"@type\":\"ListItem\",\"position\":2,\"name\":\"Shop\",\"item\":\"https:\/\/ilcrogiuolo.it\/en\/shop\/\"},{\"@type\":\"ListItem\",\"position\":3,\"name\":\"MINIBOOK COLECTION POMBA GIRA MARIA PADILHA\"}]},{\"@type\":\"WebSite\",\"@id\":\"https:\/\/ilcrogiuolo.it\/en\/#website\",\"url\":\"https:\/\/ilcrogiuolo.it\/en\/\",\"name\":\"Il Crogiuolo\",\"description\":\"\",\"publisher\":{\"@id\":\"https:\/\/ilcrogiuolo.it\/en\/#organization\"},\"potentialAction\":[{\"@type\":\"SearchAction\",\"target\":{\"@type\":\"EntryPoint\",\"urlTemplate\":\"https:\/\/ilcrogiuolo.it\/en\/?s={search_term_string}\"},\"query-input\":{\"@type\":\"PropertyValueSpecification\",\"valueRequired\":true,\"valueName\":\"search_term_string\"}}],\"inLanguage\":\"en-US\"},{\"@type\":\"Organization\",\"@id\":\"https:\/\/ilcrogiuolo.it\/en\/#organization\",\"name\":\"Il Crogiuolo\",\"url\":\"https:\/\/ilcrogiuolo.it\/en\/\",\"logo\":{\"@type\":\"ImageObject\",\"inLanguage\":\"en-US\",\"@id\":\"https:\/\/ilcrogiuolo.it\/en\/#\/schema\/logo\/image\/\",\"url\":\"https:\/\/ilcrogiuolo.it\/wp-content\/uploads\/2020\/04\/logo.png\",\"contentUrl\":\"https:\/\/ilcrogiuolo.it\/wp-content\/uploads\/2020\/04\/logo.png\",\"width\":200,\"height\":49,\"caption\":\"Il Crogiuolo\"},\"image\":{\"@id\":\"https:\/\/ilcrogiuolo.it\/en\/#\/schema\/logo\/image\/\"},\"sameAs\":[\"https:\/\/www.facebook.com\/Il-Crogiuolo-681876418491758\"]}]}<\/script>\n<!-- \/ Yoast SEO plugin. -->","yoast_head_json":{"title":"MINIBOOK COLECTION POMBA GIRA MARIA PADILHA - Il Crogiuolo","description":"MINIBOOK COLECTION POMBA GIRA MARIA PADILHA Language: Italian Try to imagine the sun without the moon, salt without sugar, day without night, good without evil ... everything that exists has its","robots":{"index":"index","follow":"follow","max-snippet":"max-snippet:-1","max-image-preview":"max-image-preview:large","max-video-preview":"max-video-preview:-1"},"canonical":"https:\/\/ilcrogiuolo.it\/en\/p\/minibook-colection-pomba-gira-maria-padilha\/","og_locale":"en_US","og_type":"article","og_title":"MINIBOOK COLECTION POMBA GIRA MARIA PADILHA - Il Crogiuolo","og_description":"MINIBOOK COLECTION POMBA GIRA MARIA PADILHA Language: Italian Try to imagine the sun without the moon, salt without sugar, day without night, good without evil ... everything that exists has its","og_url":"https:\/\/ilcrogiuolo.it\/en\/p\/minibook-colection-pomba-gira-maria-padilha\/","og_site_name":"Il Crogiuolo","article_publisher":"https:\/\/www.facebook.com\/Il-Crogiuolo-681876418491758","article_modified_time":"2020-02-25T08:40:13+00:00","og_image":[{"width":627,"height":600,"url":"https:\/\/ilcrogiuolo.it\/wp-content\/uploads\/2020\/01\/mariapadilha_4589549.jpg","type":"image\/jpeg"}],"twitter_card":"summary_large_image","twitter_misc":{"Est. reading time":"1 minute"},"schema":{"@context":"https:\/\/schema.org","@graph":[{"@type":"WebPage","@id":"https:\/\/ilcrogiuolo.it\/en\/p\/minibook-colection-pomba-gira-maria-padilha\/","url":"https:\/\/ilcrogiuolo.it\/en\/p\/minibook-colection-pomba-gira-maria-padilha\/","name":"MINIBOOK COLECTION POMBA GIRA MARIA PADILHA - Il Crogiuolo","isPartOf":{"@id":"https:\/\/ilcrogiuolo.it\/en\/#website"},"primaryImageOfPage":{"@id":"https:\/\/ilcrogiuolo.it\/en\/p\/minibook-colection-pomba-gira-maria-padilha\/#primaryimage"},"image":{"@id":"https:\/\/ilcrogiuolo.it\/en\/p\/minibook-colection-pomba-gira-maria-padilha\/#primaryimage"},"thumbnailUrl":"https:\/\/ilcrogiuolo.it\/wp-content\/uploads\/2020\/01\/mariapadilha_4589549.jpg","datePublished":"2020-01-14T16:09:16+00:00","dateModified":"2020-02-25T08:40:13+00:00","description":"MINIBOOK COLECTION POMBA GIRA MARIA PADILHA Language: Italian Try to imagine the sun without the moon, salt without sugar, day without night, good without evil ... everything that exists has its","breadcrumb":{"@id":"https:\/\/ilcrogiuolo.it\/en\/p\/minibook-colection-pomba-gira-maria-padilha\/#breadcrumb"},"inLanguage":"en-US","potentialAction":[{"@type":"ReadAction","target":["https:\/\/ilcrogiuolo.it\/en\/p\/minibook-colection-pomba-gira-maria-padilha\/"]}]},{"@type":"ImageObject","inLanguage":"en-US","@id":"https:\/\/ilcrogiuolo.it\/en\/p\/minibook-colection-pomba-gira-maria-padilha\/#primaryimage","url":"https:\/\/ilcrogiuolo.it\/wp-content\/uploads\/2020\/01\/mariapadilha_4589549.jpg","contentUrl":"https:\/\/ilcrogiuolo.it\/wp-content\/uploads\/2020\/01\/mariapadilha_4589549.jpg","width":627,"height":600},{"@type":"BreadcrumbList","@id":"https:\/\/ilcrogiuolo.it\/en\/p\/minibook-colection-pomba-gira-maria-padilha\/#breadcrumb","itemListElement":[{"@type":"ListItem","position":1,"name":"Home","item":"https:\/\/ilcrogiuolo.it\/en\/"},{"@type":"ListItem","position":2,"name":"Shop","item":"https:\/\/ilcrogiuolo.it\/en\/shop\/"},{"@type":"ListItem","position":3,"name":"MINIBOOK COLECTION POMBA GIRA MARIA PADILHA"}]},{"@type":"WebSite","@id":"https:\/\/ilcrogiuolo.it\/en\/#website","url":"https:\/\/ilcrogiuolo.it\/en\/","name":"Il Crogiuolo","description":"","publisher":{"@id":"https:\/\/ilcrogiuolo.it\/en\/#organization"},"potentialAction":[{"@type":"SearchAction","target":{"@type":"EntryPoint","urlTemplate":"https:\/\/ilcrogiuolo.it\/en\/?s={search_term_string}"},"query-input":{"@type":"PropertyValueSpecification","valueRequired":true,"valueName":"search_term_string"}}],"inLanguage":"en-US"},{"@type":"Organization","@id":"https:\/\/ilcrogiuolo.it\/en\/#organization","name":"Il Crogiuolo","url":"https:\/\/ilcrogiuolo.it\/en\/","logo":{"@type":"ImageObject","inLanguage":"en-US","@id":"https:\/\/ilcrogiuolo.it\/en\/#\/schema\/logo\/image\/","url":"https:\/\/ilcrogiuolo.it\/wp-content\/uploads\/2020\/04\/logo.png","contentUrl":"https:\/\/ilcrogiuolo.it\/wp-content\/uploads\/2020\/04\/logo.png","width":200,"height":49,"caption":"Il Crogiuolo"},"image":{"@id":"https:\/\/ilcrogiuolo.it\/en\/#\/schema\/logo\/image\/"},"sameAs":["https:\/\/www.facebook.com\/Il-Crogiuolo-681876418491758"]}]}},"_links":{"self":[{"href":"https:\/\/ilcrogiuolo.it\/en\/wp-json\/wp\/v2\/product\/19987","targetHints":{"allow":["GET"]}}],"collection":[{"href":"https:\/\/ilcrogiuolo.it\/en\/wp-json\/wp\/v2\/product"}],"about":[{"href":"https:\/\/ilcrogiuolo.it\/en\/wp-json\/wp\/v2\/types\/product"}],"wp:featuredmedia":[{"embeddable":true,"href":"https:\/\/ilcrogiuolo.it\/en\/wp-json\/wp\/v2\/media\/4712"}],"wp:attachment":[{"href":"https:\/\/ilcrogiuolo.it\/en\/wp-json\/wp\/v2\/media?parent=19987"}],"wp:term":[{"taxonomy":"product_brand","embeddable":true,"href":"https:\/\/ilcrogiuolo.it\/en\/wp-json\/wp\/v2\/product_brand?post=19987"},{"taxonomy":"product_cat","embeddable":true,"href":"https:\/\/ilcrogiuolo.it\/en\/wp-json\/wp\/v2\/product_cat?post=19987"},{"taxonomy":"product_tag","embeddable":true,"href":"https:\/\/ilcrogiuolo.it\/en\/wp-json\/wp\/v2\/product_tag?post=19987"}],"curies":[{"name":"wp","href":"https:\/\/api.w.org\/{rel}","templated":true}]}}