{"id":17080,"date":"2020-01-18T08:21:02","date_gmt":"2020-01-18T08:02:39","guid":{"rendered":"https:\/\/ilcrogiuolo.it\/p\/ponto-logun-ede-medal-silver-925\/"},"modified":"2020-02-07T11:30:32","modified_gmt":"2020-02-07T10:30:32","slug":"ponto-logun-ede-medal-silver-925","status":"publish","type":"product","link":"https:\/\/ilcrogiuolo.it\/en\/p\/ponto-logun-ede-medal-silver-925\/","title":{"rendered":"PONTO LOGUN EDE&#8217; MEDAL &#8211; SILVER 925"},"content":{"rendered":"<p style=\"color: #eb5a00; font-weight: bold;\">The medal is supplied in velvet packaging and detailed instructions in Italian.<\/p>\n<p>This medal in silver 925 (3 grs) reproduces the symbols of the Orix\u00e0 Logun Ed\u00e8, son of Oxossi and Ox\u00f9m.<\/p>\n","protected":false},"excerpt":{"rendered":"<p>The medal is supplied in velvet packaging and detailed instructions in Italian. This medal in silver 925 (3 grs) reproduces&#8230;<\/p>\n","protected":false},"featured_media":46122,"template":"","meta":{"_acf_changed":false},"product_brand":[],"product_cat":[1618,1254,1206],"product_tag":[],"class_list":{"0":"post-17080","1":"product","2":"type-product","3":"status-publish","4":"has-post-thumbnail","6":"product_cat-talisman-and-ponto-orixas-and-exus","7":"product_cat-sudamerica-tradition-veve-pontos-patois","8":"product_cat-talismans-amulets","10":"first","11":"instock","12":"taxable","13":"shipping-taxable","14":"purchasable","15":"product-type-variable","16":"has-default-attributes","17":"add-to-wishlist-before_image"},"acf":[],"yoast_head":"<!-- This site is optimized with the Yoast SEO plugin v26.9 - https:\/\/yoast.com\/product\/yoast-seo-wordpress\/ -->\n<title>PONTO LOGUN EDE&#039; MEDAL - SILVER 925 - Il Crogiuolo<\/title>\n<meta name=\"description\" content=\"PONTO LOGUN EDE&#039; MEDAL - SILVER 925 The medal is supplied in velvet packaging and detailed instructions in Italian. This medal in silver 925 (3 grs) reproduces the symbols of the Orix\u00e0 Logun\" \/>\n<meta name=\"robots\" content=\"index, follow, max-snippet:-1, max-image-preview:large, max-video-preview:-1\" \/>\n<link rel=\"canonical\" href=\"https:\/\/ilcrogiuolo.it\/en\/p\/ponto-logun-ede-medal-silver-925\/\" \/>\n<meta property=\"og:locale\" content=\"en_US\" \/>\n<meta property=\"og:type\" content=\"article\" \/>\n<meta property=\"og:title\" content=\"PONTO LOGUN EDE&#039; MEDAL - SILVER 925 - Il Crogiuolo\" \/>\n<meta property=\"og:description\" content=\"PONTO LOGUN EDE&#039; MEDAL - SILVER 925 The medal is supplied in velvet packaging and detailed instructions in Italian. This medal in silver 925 (3 grs) reproduces the symbols of the Orix\u00e0 Logun\" \/>\n<meta property=\"og:url\" content=\"https:\/\/ilcrogiuolo.it\/en\/p\/ponto-logun-ede-medal-silver-925\/\" \/>\n<meta property=\"og:site_name\" content=\"Il Crogiuolo\" \/>\n<meta property=\"article:publisher\" content=\"https:\/\/www.facebook.com\/Il-Crogiuolo-681876418491758\" \/>\n<meta property=\"article:modified_time\" content=\"2020-02-07T10:30:32+00:00\" \/>\n<meta property=\"og:image\" content=\"https:\/\/ilcrogiuolo.it\/wp-content\/uploads\/2020\/01\/logunede_2363928.jpg\" \/>\n\t<meta property=\"og:image:width\" content=\"627\" \/>\n\t<meta property=\"og:image:height\" content=\"600\" \/>\n\t<meta property=\"og:image:type\" content=\"image\/jpeg\" \/>\n<meta name=\"twitter:card\" content=\"summary_large_image\" \/>\n<script type=\"application\/ld+json\" class=\"yoast-schema-graph\">{\"@context\":\"https:\/\/schema.org\",\"@graph\":[{\"@type\":\"WebPage\",\"@id\":\"https:\/\/ilcrogiuolo.it\/en\/p\/ponto-logun-ede-medal-silver-925\/\",\"url\":\"https:\/\/ilcrogiuolo.it\/en\/p\/ponto-logun-ede-medal-silver-925\/\",\"name\":\"PONTO LOGUN EDE' MEDAL - SILVER 925 - Il Crogiuolo\",\"isPartOf\":{\"@id\":\"https:\/\/ilcrogiuolo.it\/en\/#website\"},\"primaryImageOfPage\":{\"@id\":\"https:\/\/ilcrogiuolo.it\/en\/p\/ponto-logun-ede-medal-silver-925\/#primaryimage\"},\"image\":{\"@id\":\"https:\/\/ilcrogiuolo.it\/en\/p\/ponto-logun-ede-medal-silver-925\/#primaryimage\"},\"thumbnailUrl\":\"https:\/\/ilcrogiuolo.it\/wp-content\/uploads\/2020\/01\/logunede_2363928-2.jpg\",\"datePublished\":\"2020-01-18T08:02:39+00:00\",\"dateModified\":\"2020-02-07T10:30:32+00:00\",\"description\":\"PONTO LOGUN EDE' MEDAL - SILVER 925 The medal is supplied in velvet packaging and detailed instructions in Italian. This medal in silver 925 (3 grs) reproduces the symbols of the Orix\u00e0 Logun\",\"breadcrumb\":{\"@id\":\"https:\/\/ilcrogiuolo.it\/en\/p\/ponto-logun-ede-medal-silver-925\/#breadcrumb\"},\"inLanguage\":\"en-US\",\"potentialAction\":[{\"@type\":\"ReadAction\",\"target\":[\"https:\/\/ilcrogiuolo.it\/en\/p\/ponto-logun-ede-medal-silver-925\/\"]}]},{\"@type\":\"ImageObject\",\"inLanguage\":\"en-US\",\"@id\":\"https:\/\/ilcrogiuolo.it\/en\/p\/ponto-logun-ede-medal-silver-925\/#primaryimage\",\"url\":\"https:\/\/ilcrogiuolo.it\/wp-content\/uploads\/2020\/01\/logunede_2363928-2.jpg\",\"contentUrl\":\"https:\/\/ilcrogiuolo.it\/wp-content\/uploads\/2020\/01\/logunede_2363928-2.jpg\",\"width\":627,\"height\":600},{\"@type\":\"BreadcrumbList\",\"@id\":\"https:\/\/ilcrogiuolo.it\/en\/p\/ponto-logun-ede-medal-silver-925\/#breadcrumb\",\"itemListElement\":[{\"@type\":\"ListItem\",\"position\":1,\"name\":\"Home\",\"item\":\"https:\/\/ilcrogiuolo.it\/en\/\"},{\"@type\":\"ListItem\",\"position\":2,\"name\":\"Shop\",\"item\":\"https:\/\/ilcrogiuolo.it\/en\/shop\/\"},{\"@type\":\"ListItem\",\"position\":3,\"name\":\"PONTO LOGUN EDE&#8217; MEDAL &#8211; SILVER 925\"}]},{\"@type\":\"WebSite\",\"@id\":\"https:\/\/ilcrogiuolo.it\/en\/#website\",\"url\":\"https:\/\/ilcrogiuolo.it\/en\/\",\"name\":\"Il Crogiuolo\",\"description\":\"\",\"publisher\":{\"@id\":\"https:\/\/ilcrogiuolo.it\/en\/#organization\"},\"potentialAction\":[{\"@type\":\"SearchAction\",\"target\":{\"@type\":\"EntryPoint\",\"urlTemplate\":\"https:\/\/ilcrogiuolo.it\/en\/?s={search_term_string}\"},\"query-input\":{\"@type\":\"PropertyValueSpecification\",\"valueRequired\":true,\"valueName\":\"search_term_string\"}}],\"inLanguage\":\"en-US\"},{\"@type\":\"Organization\",\"@id\":\"https:\/\/ilcrogiuolo.it\/en\/#organization\",\"name\":\"Il Crogiuolo\",\"url\":\"https:\/\/ilcrogiuolo.it\/en\/\",\"logo\":{\"@type\":\"ImageObject\",\"inLanguage\":\"en-US\",\"@id\":\"https:\/\/ilcrogiuolo.it\/en\/#\/schema\/logo\/image\/\",\"url\":\"https:\/\/ilcrogiuolo.it\/wp-content\/uploads\/2020\/04\/logo.png\",\"contentUrl\":\"https:\/\/ilcrogiuolo.it\/wp-content\/uploads\/2020\/04\/logo.png\",\"width\":200,\"height\":49,\"caption\":\"Il Crogiuolo\"},\"image\":{\"@id\":\"https:\/\/ilcrogiuolo.it\/en\/#\/schema\/logo\/image\/\"},\"sameAs\":[\"https:\/\/www.facebook.com\/Il-Crogiuolo-681876418491758\"]}]}<\/script>\n<!-- \/ Yoast SEO plugin. -->","yoast_head_json":{"title":"PONTO LOGUN EDE' MEDAL - SILVER 925 - Il Crogiuolo","description":"PONTO LOGUN EDE' MEDAL - SILVER 925 The medal is supplied in velvet packaging and detailed instructions in Italian. This medal in silver 925 (3 grs) reproduces the symbols of the Orix\u00e0 Logun","robots":{"index":"index","follow":"follow","max-snippet":"max-snippet:-1","max-image-preview":"max-image-preview:large","max-video-preview":"max-video-preview:-1"},"canonical":"https:\/\/ilcrogiuolo.it\/en\/p\/ponto-logun-ede-medal-silver-925\/","og_locale":"en_US","og_type":"article","og_title":"PONTO LOGUN EDE' MEDAL - SILVER 925 - Il Crogiuolo","og_description":"PONTO LOGUN EDE' MEDAL - SILVER 925 The medal is supplied in velvet packaging and detailed instructions in Italian. This medal in silver 925 (3 grs) reproduces the symbols of the Orix\u00e0 Logun","og_url":"https:\/\/ilcrogiuolo.it\/en\/p\/ponto-logun-ede-medal-silver-925\/","og_site_name":"Il Crogiuolo","article_publisher":"https:\/\/www.facebook.com\/Il-Crogiuolo-681876418491758","article_modified_time":"2020-02-07T10:30:32+00:00","og_image":[{"width":627,"height":600,"url":"https:\/\/ilcrogiuolo.it\/wp-content\/uploads\/2020\/01\/logunede_2363928.jpg","type":"image\/jpeg"}],"twitter_card":"summary_large_image","schema":{"@context":"https:\/\/schema.org","@graph":[{"@type":"WebPage","@id":"https:\/\/ilcrogiuolo.it\/en\/p\/ponto-logun-ede-medal-silver-925\/","url":"https:\/\/ilcrogiuolo.it\/en\/p\/ponto-logun-ede-medal-silver-925\/","name":"PONTO LOGUN EDE' MEDAL - SILVER 925 - Il Crogiuolo","isPartOf":{"@id":"https:\/\/ilcrogiuolo.it\/en\/#website"},"primaryImageOfPage":{"@id":"https:\/\/ilcrogiuolo.it\/en\/p\/ponto-logun-ede-medal-silver-925\/#primaryimage"},"image":{"@id":"https:\/\/ilcrogiuolo.it\/en\/p\/ponto-logun-ede-medal-silver-925\/#primaryimage"},"thumbnailUrl":"https:\/\/ilcrogiuolo.it\/wp-content\/uploads\/2020\/01\/logunede_2363928-2.jpg","datePublished":"2020-01-18T08:02:39+00:00","dateModified":"2020-02-07T10:30:32+00:00","description":"PONTO LOGUN EDE' MEDAL - SILVER 925 The medal is supplied in velvet packaging and detailed instructions in Italian. This medal in silver 925 (3 grs) reproduces the symbols of the Orix\u00e0 Logun","breadcrumb":{"@id":"https:\/\/ilcrogiuolo.it\/en\/p\/ponto-logun-ede-medal-silver-925\/#breadcrumb"},"inLanguage":"en-US","potentialAction":[{"@type":"ReadAction","target":["https:\/\/ilcrogiuolo.it\/en\/p\/ponto-logun-ede-medal-silver-925\/"]}]},{"@type":"ImageObject","inLanguage":"en-US","@id":"https:\/\/ilcrogiuolo.it\/en\/p\/ponto-logun-ede-medal-silver-925\/#primaryimage","url":"https:\/\/ilcrogiuolo.it\/wp-content\/uploads\/2020\/01\/logunede_2363928-2.jpg","contentUrl":"https:\/\/ilcrogiuolo.it\/wp-content\/uploads\/2020\/01\/logunede_2363928-2.jpg","width":627,"height":600},{"@type":"BreadcrumbList","@id":"https:\/\/ilcrogiuolo.it\/en\/p\/ponto-logun-ede-medal-silver-925\/#breadcrumb","itemListElement":[{"@type":"ListItem","position":1,"name":"Home","item":"https:\/\/ilcrogiuolo.it\/en\/"},{"@type":"ListItem","position":2,"name":"Shop","item":"https:\/\/ilcrogiuolo.it\/en\/shop\/"},{"@type":"ListItem","position":3,"name":"PONTO LOGUN EDE&#8217; MEDAL &#8211; SILVER 925"}]},{"@type":"WebSite","@id":"https:\/\/ilcrogiuolo.it\/en\/#website","url":"https:\/\/ilcrogiuolo.it\/en\/","name":"Il Crogiuolo","description":"","publisher":{"@id":"https:\/\/ilcrogiuolo.it\/en\/#organization"},"potentialAction":[{"@type":"SearchAction","target":{"@type":"EntryPoint","urlTemplate":"https:\/\/ilcrogiuolo.it\/en\/?s={search_term_string}"},"query-input":{"@type":"PropertyValueSpecification","valueRequired":true,"valueName":"search_term_string"}}],"inLanguage":"en-US"},{"@type":"Organization","@id":"https:\/\/ilcrogiuolo.it\/en\/#organization","name":"Il Crogiuolo","url":"https:\/\/ilcrogiuolo.it\/en\/","logo":{"@type":"ImageObject","inLanguage":"en-US","@id":"https:\/\/ilcrogiuolo.it\/en\/#\/schema\/logo\/image\/","url":"https:\/\/ilcrogiuolo.it\/wp-content\/uploads\/2020\/04\/logo.png","contentUrl":"https:\/\/ilcrogiuolo.it\/wp-content\/uploads\/2020\/04\/logo.png","width":200,"height":49,"caption":"Il Crogiuolo"},"image":{"@id":"https:\/\/ilcrogiuolo.it\/en\/#\/schema\/logo\/image\/"},"sameAs":["https:\/\/www.facebook.com\/Il-Crogiuolo-681876418491758"]}]}},"_links":{"self":[{"href":"https:\/\/ilcrogiuolo.it\/en\/wp-json\/wp\/v2\/product\/17080","targetHints":{"allow":["GET"]}}],"collection":[{"href":"https:\/\/ilcrogiuolo.it\/en\/wp-json\/wp\/v2\/product"}],"about":[{"href":"https:\/\/ilcrogiuolo.it\/en\/wp-json\/wp\/v2\/types\/product"}],"wp:featuredmedia":[{"embeddable":true,"href":"https:\/\/ilcrogiuolo.it\/en\/wp-json\/wp\/v2\/media\/46122"}],"wp:attachment":[{"href":"https:\/\/ilcrogiuolo.it\/en\/wp-json\/wp\/v2\/media?parent=17080"}],"wp:term":[{"taxonomy":"product_brand","embeddable":true,"href":"https:\/\/ilcrogiuolo.it\/en\/wp-json\/wp\/v2\/product_brand?post=17080"},{"taxonomy":"product_cat","embeddable":true,"href":"https:\/\/ilcrogiuolo.it\/en\/wp-json\/wp\/v2\/product_cat?post=17080"},{"taxonomy":"product_tag","embeddable":true,"href":"https:\/\/ilcrogiuolo.it\/en\/wp-json\/wp\/v2\/product_tag?post=17080"}],"curies":[{"name":"wp","href":"https:\/\/api.w.org\/{rel}","templated":true}]}}