{"id":16954,"date":"2020-01-18T08:20:03","date_gmt":"2020-01-18T07:20:03","guid":{"rendered":"https:\/\/ilcrogiuolo.it\/p\/garfo-fork-of-exu-and-pomba-gira-cm-20-5\/"},"modified":"2021-03-26T10:37:03","modified_gmt":"2021-03-26T09:37:03","slug":"garfo-fork-of-exu-and-pomba-gira-cm-20-5","status":"publish","type":"product","link":"https:\/\/ilcrogiuolo.it\/en\/p\/garfo-fork-of-exu-and-pomba-gira-cm-20-5\/","title":{"rendered":"GARFO &#8211; FORK OF  EX\u00da AND POMBA GIRA   CM 20.5"},"content":{"rendered":"<p>Iron pitchfork with three tips. This has to be placed in front of the statue of Ex\u00f9 or Pomba Gira in Quimbanda tradition. In some statues you can insert it in the hand with tips facing up, so that the Entity will work in positive way.<\/p>\n","protected":false},"excerpt":{"rendered":"<p>Iron pitchfork with three tips. This has to be placed in front of the statue of Ex\u00f9 or Pomba Gira&#8230;<\/p>\n","protected":false},"featured_media":53604,"template":"","meta":{"_acf_changed":false},"product_brand":[],"product_cat":[1567,1217,1203],"product_tag":[],"class_list":{"0":"post-16954","1":"product","2":"type-product","3":"status-publish","4":"has-post-thumbnail","6":"product_cat-brazilian-items","7":"product_cat-basic-items-and-ritual-foods","8":"product_cat-ritual-tools","10":"first","11":"instock","12":"taxable","13":"shipping-taxable","14":"purchasable","15":"product-type-variable","16":"has-default-attributes","17":"add-to-wishlist-before_image"},"acf":[],"yoast_head":"<!-- This site is optimized with the Yoast SEO plugin v26.9 - https:\/\/yoast.com\/product\/yoast-seo-wordpress\/ -->\n<title>GARFO - FORK OF EX\u00da AND POMBA GIRA  CM 20.5 - Il Crogiuolo<\/title>\n<meta name=\"description\" content=\"GARFO - FORK OF EX\u00da AND POMBA GIRA  CM 20.5 Iron pitchfork with three tips. This has to be placed in front of the statue of Ex\u00f9 or Pomba Gira in Quimbanda tradition. In some statues you can insert\" \/>\n<meta name=\"robots\" content=\"index, follow, max-snippet:-1, max-image-preview:large, max-video-preview:-1\" \/>\n<link rel=\"canonical\" href=\"https:\/\/ilcrogiuolo.it\/en\/p\/garfo-fork-of-exu-and-pomba-gira-cm-20-5\/\" \/>\n<meta property=\"og:locale\" content=\"en_US\" \/>\n<meta property=\"og:type\" content=\"article\" \/>\n<meta property=\"og:title\" content=\"GARFO - FORK OF EX\u00da AND POMBA GIRA  CM 20.5 - Il Crogiuolo\" \/>\n<meta property=\"og:description\" content=\"GARFO - FORK OF EX\u00da AND POMBA GIRA  CM 20.5 Iron pitchfork with three tips. This has to be placed in front of the statue of Ex\u00f9 or Pomba Gira in Quimbanda tradition. In some statues you can insert\" \/>\n<meta property=\"og:url\" content=\"https:\/\/ilcrogiuolo.it\/en\/p\/garfo-fork-of-exu-and-pomba-gira-cm-20-5\/\" \/>\n<meta property=\"og:site_name\" content=\"Il Crogiuolo\" \/>\n<meta property=\"article:publisher\" content=\"https:\/\/www.facebook.com\/Il-Crogiuolo-681876418491758\" \/>\n<meta property=\"article:modified_time\" content=\"2021-03-26T09:37:03+00:00\" \/>\n<meta property=\"og:image\" content=\"https:\/\/ilcrogiuolo.it\/wp-content\/uploads\/2020\/01\/garfo-exu-maschio.png\" \/>\n\t<meta property=\"og:image:width\" content=\"1500\" \/>\n\t<meta property=\"og:image:height\" content=\"1454\" \/>\n\t<meta property=\"og:image:type\" content=\"image\/png\" \/>\n<meta name=\"twitter:card\" content=\"summary_large_image\" \/>\n<meta name=\"twitter:label1\" content=\"Est. reading time\" \/>\n\t<meta name=\"twitter:data1\" content=\"1 minute\" \/>\n<script type=\"application\/ld+json\" class=\"yoast-schema-graph\">{\"@context\":\"https:\/\/schema.org\",\"@graph\":[{\"@type\":\"WebPage\",\"@id\":\"https:\/\/ilcrogiuolo.it\/en\/p\/garfo-fork-of-exu-and-pomba-gira-cm-20-5\/\",\"url\":\"https:\/\/ilcrogiuolo.it\/en\/p\/garfo-fork-of-exu-and-pomba-gira-cm-20-5\/\",\"name\":\"GARFO - FORK OF EX\u00da AND POMBA GIRA CM 20.5 - Il Crogiuolo\",\"isPartOf\":{\"@id\":\"https:\/\/ilcrogiuolo.it\/en\/#website\"},\"primaryImageOfPage\":{\"@id\":\"https:\/\/ilcrogiuolo.it\/en\/p\/garfo-fork-of-exu-and-pomba-gira-cm-20-5\/#primaryimage\"},\"image\":{\"@id\":\"https:\/\/ilcrogiuolo.it\/en\/p\/garfo-fork-of-exu-and-pomba-gira-cm-20-5\/#primaryimage\"},\"thumbnailUrl\":\"https:\/\/ilcrogiuolo.it\/wp-content\/uploads\/2020\/01\/garfo-exu-maschio.png\",\"datePublished\":\"2020-01-18T07:20:03+00:00\",\"dateModified\":\"2021-03-26T09:37:03+00:00\",\"description\":\"GARFO - FORK OF EX\u00da AND POMBA GIRA CM 20.5 Iron pitchfork with three tips. This has to be placed in front of the statue of Ex\u00f9 or Pomba Gira in Quimbanda tradition. In some statues you can insert\",\"breadcrumb\":{\"@id\":\"https:\/\/ilcrogiuolo.it\/en\/p\/garfo-fork-of-exu-and-pomba-gira-cm-20-5\/#breadcrumb\"},\"inLanguage\":\"en-US\",\"potentialAction\":[{\"@type\":\"ReadAction\",\"target\":[\"https:\/\/ilcrogiuolo.it\/en\/p\/garfo-fork-of-exu-and-pomba-gira-cm-20-5\/\"]}]},{\"@type\":\"ImageObject\",\"inLanguage\":\"en-US\",\"@id\":\"https:\/\/ilcrogiuolo.it\/en\/p\/garfo-fork-of-exu-and-pomba-gira-cm-20-5\/#primaryimage\",\"url\":\"https:\/\/ilcrogiuolo.it\/wp-content\/uploads\/2020\/01\/garfo-exu-maschio.png\",\"contentUrl\":\"https:\/\/ilcrogiuolo.it\/wp-content\/uploads\/2020\/01\/garfo-exu-maschio.png\",\"width\":1500,\"height\":1454},{\"@type\":\"BreadcrumbList\",\"@id\":\"https:\/\/ilcrogiuolo.it\/en\/p\/garfo-fork-of-exu-and-pomba-gira-cm-20-5\/#breadcrumb\",\"itemListElement\":[{\"@type\":\"ListItem\",\"position\":1,\"name\":\"Home\",\"item\":\"https:\/\/ilcrogiuolo.it\/en\/\"},{\"@type\":\"ListItem\",\"position\":2,\"name\":\"Shop\",\"item\":\"https:\/\/ilcrogiuolo.it\/en\/shop\/\"},{\"@type\":\"ListItem\",\"position\":3,\"name\":\"GARFO &#8211; FORK OF EX\u00da AND POMBA GIRA CM 20.5\"}]},{\"@type\":\"WebSite\",\"@id\":\"https:\/\/ilcrogiuolo.it\/en\/#website\",\"url\":\"https:\/\/ilcrogiuolo.it\/en\/\",\"name\":\"Il Crogiuolo\",\"description\":\"\",\"publisher\":{\"@id\":\"https:\/\/ilcrogiuolo.it\/en\/#organization\"},\"potentialAction\":[{\"@type\":\"SearchAction\",\"target\":{\"@type\":\"EntryPoint\",\"urlTemplate\":\"https:\/\/ilcrogiuolo.it\/en\/?s={search_term_string}\"},\"query-input\":{\"@type\":\"PropertyValueSpecification\",\"valueRequired\":true,\"valueName\":\"search_term_string\"}}],\"inLanguage\":\"en-US\"},{\"@type\":\"Organization\",\"@id\":\"https:\/\/ilcrogiuolo.it\/en\/#organization\",\"name\":\"Il Crogiuolo\",\"url\":\"https:\/\/ilcrogiuolo.it\/en\/\",\"logo\":{\"@type\":\"ImageObject\",\"inLanguage\":\"en-US\",\"@id\":\"https:\/\/ilcrogiuolo.it\/en\/#\/schema\/logo\/image\/\",\"url\":\"https:\/\/ilcrogiuolo.it\/wp-content\/uploads\/2020\/04\/logo.png\",\"contentUrl\":\"https:\/\/ilcrogiuolo.it\/wp-content\/uploads\/2020\/04\/logo.png\",\"width\":200,\"height\":49,\"caption\":\"Il Crogiuolo\"},\"image\":{\"@id\":\"https:\/\/ilcrogiuolo.it\/en\/#\/schema\/logo\/image\/\"},\"sameAs\":[\"https:\/\/www.facebook.com\/Il-Crogiuolo-681876418491758\"]}]}<\/script>\n<!-- \/ Yoast SEO plugin. -->","yoast_head_json":{"title":"GARFO - FORK OF EX\u00da AND POMBA GIRA  CM 20.5 - Il Crogiuolo","description":"GARFO - FORK OF EX\u00da AND POMBA GIRA  CM 20.5 Iron pitchfork with three tips. This has to be placed in front of the statue of Ex\u00f9 or Pomba Gira in Quimbanda tradition. In some statues you can insert","robots":{"index":"index","follow":"follow","max-snippet":"max-snippet:-1","max-image-preview":"max-image-preview:large","max-video-preview":"max-video-preview:-1"},"canonical":"https:\/\/ilcrogiuolo.it\/en\/p\/garfo-fork-of-exu-and-pomba-gira-cm-20-5\/","og_locale":"en_US","og_type":"article","og_title":"GARFO - FORK OF EX\u00da AND POMBA GIRA  CM 20.5 - Il Crogiuolo","og_description":"GARFO - FORK OF EX\u00da AND POMBA GIRA  CM 20.5 Iron pitchfork with three tips. This has to be placed in front of the statue of Ex\u00f9 or Pomba Gira in Quimbanda tradition. In some statues you can insert","og_url":"https:\/\/ilcrogiuolo.it\/en\/p\/garfo-fork-of-exu-and-pomba-gira-cm-20-5\/","og_site_name":"Il Crogiuolo","article_publisher":"https:\/\/www.facebook.com\/Il-Crogiuolo-681876418491758","article_modified_time":"2021-03-26T09:37:03+00:00","og_image":[{"width":1500,"height":1454,"url":"https:\/\/ilcrogiuolo.it\/wp-content\/uploads\/2020\/01\/garfo-exu-maschio.png","type":"image\/png"}],"twitter_card":"summary_large_image","twitter_misc":{"Est. reading time":"1 minute"},"schema":{"@context":"https:\/\/schema.org","@graph":[{"@type":"WebPage","@id":"https:\/\/ilcrogiuolo.it\/en\/p\/garfo-fork-of-exu-and-pomba-gira-cm-20-5\/","url":"https:\/\/ilcrogiuolo.it\/en\/p\/garfo-fork-of-exu-and-pomba-gira-cm-20-5\/","name":"GARFO - FORK OF EX\u00da AND POMBA GIRA CM 20.5 - Il Crogiuolo","isPartOf":{"@id":"https:\/\/ilcrogiuolo.it\/en\/#website"},"primaryImageOfPage":{"@id":"https:\/\/ilcrogiuolo.it\/en\/p\/garfo-fork-of-exu-and-pomba-gira-cm-20-5\/#primaryimage"},"image":{"@id":"https:\/\/ilcrogiuolo.it\/en\/p\/garfo-fork-of-exu-and-pomba-gira-cm-20-5\/#primaryimage"},"thumbnailUrl":"https:\/\/ilcrogiuolo.it\/wp-content\/uploads\/2020\/01\/garfo-exu-maschio.png","datePublished":"2020-01-18T07:20:03+00:00","dateModified":"2021-03-26T09:37:03+00:00","description":"GARFO - FORK OF EX\u00da AND POMBA GIRA CM 20.5 Iron pitchfork with three tips. This has to be placed in front of the statue of Ex\u00f9 or Pomba Gira in Quimbanda tradition. In some statues you can insert","breadcrumb":{"@id":"https:\/\/ilcrogiuolo.it\/en\/p\/garfo-fork-of-exu-and-pomba-gira-cm-20-5\/#breadcrumb"},"inLanguage":"en-US","potentialAction":[{"@type":"ReadAction","target":["https:\/\/ilcrogiuolo.it\/en\/p\/garfo-fork-of-exu-and-pomba-gira-cm-20-5\/"]}]},{"@type":"ImageObject","inLanguage":"en-US","@id":"https:\/\/ilcrogiuolo.it\/en\/p\/garfo-fork-of-exu-and-pomba-gira-cm-20-5\/#primaryimage","url":"https:\/\/ilcrogiuolo.it\/wp-content\/uploads\/2020\/01\/garfo-exu-maschio.png","contentUrl":"https:\/\/ilcrogiuolo.it\/wp-content\/uploads\/2020\/01\/garfo-exu-maschio.png","width":1500,"height":1454},{"@type":"BreadcrumbList","@id":"https:\/\/ilcrogiuolo.it\/en\/p\/garfo-fork-of-exu-and-pomba-gira-cm-20-5\/#breadcrumb","itemListElement":[{"@type":"ListItem","position":1,"name":"Home","item":"https:\/\/ilcrogiuolo.it\/en\/"},{"@type":"ListItem","position":2,"name":"Shop","item":"https:\/\/ilcrogiuolo.it\/en\/shop\/"},{"@type":"ListItem","position":3,"name":"GARFO &#8211; FORK OF EX\u00da AND POMBA GIRA CM 20.5"}]},{"@type":"WebSite","@id":"https:\/\/ilcrogiuolo.it\/en\/#website","url":"https:\/\/ilcrogiuolo.it\/en\/","name":"Il Crogiuolo","description":"","publisher":{"@id":"https:\/\/ilcrogiuolo.it\/en\/#organization"},"potentialAction":[{"@type":"SearchAction","target":{"@type":"EntryPoint","urlTemplate":"https:\/\/ilcrogiuolo.it\/en\/?s={search_term_string}"},"query-input":{"@type":"PropertyValueSpecification","valueRequired":true,"valueName":"search_term_string"}}],"inLanguage":"en-US"},{"@type":"Organization","@id":"https:\/\/ilcrogiuolo.it\/en\/#organization","name":"Il Crogiuolo","url":"https:\/\/ilcrogiuolo.it\/en\/","logo":{"@type":"ImageObject","inLanguage":"en-US","@id":"https:\/\/ilcrogiuolo.it\/en\/#\/schema\/logo\/image\/","url":"https:\/\/ilcrogiuolo.it\/wp-content\/uploads\/2020\/04\/logo.png","contentUrl":"https:\/\/ilcrogiuolo.it\/wp-content\/uploads\/2020\/04\/logo.png","width":200,"height":49,"caption":"Il Crogiuolo"},"image":{"@id":"https:\/\/ilcrogiuolo.it\/en\/#\/schema\/logo\/image\/"},"sameAs":["https:\/\/www.facebook.com\/Il-Crogiuolo-681876418491758"]}]}},"_links":{"self":[{"href":"https:\/\/ilcrogiuolo.it\/en\/wp-json\/wp\/v2\/product\/16954","targetHints":{"allow":["GET"]}}],"collection":[{"href":"https:\/\/ilcrogiuolo.it\/en\/wp-json\/wp\/v2\/product"}],"about":[{"href":"https:\/\/ilcrogiuolo.it\/en\/wp-json\/wp\/v2\/types\/product"}],"wp:featuredmedia":[{"embeddable":true,"href":"https:\/\/ilcrogiuolo.it\/en\/wp-json\/wp\/v2\/media\/53604"}],"wp:attachment":[{"href":"https:\/\/ilcrogiuolo.it\/en\/wp-json\/wp\/v2\/media?parent=16954"}],"wp:term":[{"taxonomy":"product_brand","embeddable":true,"href":"https:\/\/ilcrogiuolo.it\/en\/wp-json\/wp\/v2\/product_brand?post=16954"},{"taxonomy":"product_cat","embeddable":true,"href":"https:\/\/ilcrogiuolo.it\/en\/wp-json\/wp\/v2\/product_cat?post=16954"},{"taxonomy":"product_tag","embeddable":true,"href":"https:\/\/ilcrogiuolo.it\/en\/wp-json\/wp\/v2\/product_tag?post=16954"}],"curies":[{"name":"wp","href":"https:\/\/api.w.org\/{rel}","templated":true}]}}