{"id":16473,"date":"2020-01-18T08:16:10","date_gmt":"2020-01-18T07:58:07","guid":{"rendered":"https:\/\/ilcrogiuolo.it\/p\/coracao-do-amor-ritual\/"},"modified":"2021-03-26T10:54:19","modified_gmt":"2021-03-26T09:54:19","slug":"coracao-do-amor-loves-heart-ritual","status":"publish","type":"product","link":"https:\/\/ilcrogiuolo.it\/en\/p\/coracao-do-amor-loves-heart-ritual\/","title":{"rendered":"CORA\u00c7\u00c3O DO AMOR &#8211; LOVE&#8217;S HEART RITUAL"},"content":{"rendered":"<p>Rituals are faithfully translated from the tradition to which they belong and within them include the traditional ingredients used to make them. Il Crogiuolo offers them there as genuine curiosity magic with the original ingredients and faithful instruction. LOVE&#8217;S HEART RITUAL is a ritual to obtain a complete victory on the sentimental partner. This Rite fact acting, traditionally, on the feelings of the mate to lead to an emotional awakening. You can then create links, or generate interest in people not yet involved emotionally.<\/p>\n","protected":false},"excerpt":{"rendered":"<p>Rituals are faithfully translated from the tradition to which they belong and within them include the traditional ingredients used to&#8230;<\/p>\n","protected":false},"featured_media":14783,"template":"","meta":{"_acf_changed":false},"product_brand":[],"product_cat":[1543,1210,1199],"product_tag":[],"class_list":{"0":"post-16473","1":"product","2":"type-product","3":"status-publish","4":"has-post-thumbnail","6":"product_cat-propitiatory-rituals-for-love","7":"product_cat-afro-brazilian-rituals-saints-items","8":"product_cat-esoteric","10":"first","11":"instock","12":"taxable","13":"shipping-taxable","14":"purchasable","15":"product-type-variable","16":"has-default-attributes","17":"add-to-wishlist-before_image"},"acf":[],"yoast_head":"<!-- This site is optimized with the Yoast SEO plugin v26.9 - https:\/\/yoast.com\/product\/yoast-seo-wordpress\/ -->\n<title>CORA\u00c7\u00c3O DO AMOR - LOVE&#039;S HEART RITUAL - Il Crogiuolo<\/title>\n<meta name=\"description\" content=\"CORA\u00c7\u00c3O DO AMOR - LOVE&#039;S HEART RITUAL Rituals are faithfully translated from the tradition to which they belong and within them include the traditional ingredients used to make them. Il\" \/>\n<meta name=\"robots\" content=\"index, follow, max-snippet:-1, max-image-preview:large, max-video-preview:-1\" \/>\n<link rel=\"canonical\" href=\"https:\/\/ilcrogiuolo.it\/en\/p\/coracao-do-amor-loves-heart-ritual\/\" \/>\n<meta property=\"og:locale\" content=\"en_US\" \/>\n<meta property=\"og:type\" content=\"article\" \/>\n<meta property=\"og:title\" content=\"CORA\u00c7\u00c3O DO AMOR - LOVE&#039;S HEART RITUAL - Il Crogiuolo\" \/>\n<meta property=\"og:description\" content=\"CORA\u00c7\u00c3O DO AMOR - LOVE&#039;S HEART RITUAL Rituals are faithfully translated from the tradition to which they belong and within them include the traditional ingredients used to make them. Il\" \/>\n<meta property=\"og:url\" content=\"https:\/\/ilcrogiuolo.it\/en\/p\/coracao-do-amor-loves-heart-ritual\/\" \/>\n<meta property=\"og:site_name\" content=\"Il Crogiuolo\" \/>\n<meta property=\"article:publisher\" content=\"https:\/\/www.facebook.com\/Il-Crogiuolo-681876418491758\" \/>\n<meta property=\"article:modified_time\" content=\"2021-03-26T09:54:19+00:00\" \/>\n<meta property=\"og:image\" content=\"https:\/\/ilcrogiuolo.it\/wp-content\/uploads\/2020\/01\/ritualeamoremagiarossamacumba_3602402.jpg\" \/>\n\t<meta property=\"og:image:width\" content=\"627\" \/>\n\t<meta property=\"og:image:height\" content=\"600\" \/>\n\t<meta property=\"og:image:type\" content=\"image\/jpeg\" \/>\n<meta name=\"twitter:card\" content=\"summary_large_image\" \/>\n<meta name=\"twitter:label1\" content=\"Est. reading time\" \/>\n\t<meta name=\"twitter:data1\" content=\"1 minute\" \/>\n<script type=\"application\/ld+json\" class=\"yoast-schema-graph\">{\"@context\":\"https:\/\/schema.org\",\"@graph\":[{\"@type\":\"WebPage\",\"@id\":\"https:\/\/ilcrogiuolo.it\/en\/p\/coracao-do-amor-loves-heart-ritual\/\",\"url\":\"https:\/\/ilcrogiuolo.it\/en\/p\/coracao-do-amor-loves-heart-ritual\/\",\"name\":\"CORA\u00c7\u00c3O DO AMOR - LOVE'S HEART RITUAL - Il Crogiuolo\",\"isPartOf\":{\"@id\":\"https:\/\/ilcrogiuolo.it\/en\/#website\"},\"primaryImageOfPage\":{\"@id\":\"https:\/\/ilcrogiuolo.it\/en\/p\/coracao-do-amor-loves-heart-ritual\/#primaryimage\"},\"image\":{\"@id\":\"https:\/\/ilcrogiuolo.it\/en\/p\/coracao-do-amor-loves-heart-ritual\/#primaryimage\"},\"thumbnailUrl\":\"https:\/\/ilcrogiuolo.it\/wp-content\/uploads\/2020\/01\/ritualeamoremagiarossamacumba_3602402.jpg\",\"datePublished\":\"2020-01-18T07:58:07+00:00\",\"dateModified\":\"2021-03-26T09:54:19+00:00\",\"description\":\"CORA\u00c7\u00c3O DO AMOR - LOVE'S HEART RITUAL Rituals are faithfully translated from the tradition to which they belong and within them include the traditional ingredients used to make them. Il\",\"breadcrumb\":{\"@id\":\"https:\/\/ilcrogiuolo.it\/en\/p\/coracao-do-amor-loves-heart-ritual\/#breadcrumb\"},\"inLanguage\":\"en-US\",\"potentialAction\":[{\"@type\":\"ReadAction\",\"target\":[\"https:\/\/ilcrogiuolo.it\/en\/p\/coracao-do-amor-loves-heart-ritual\/\"]}]},{\"@type\":\"ImageObject\",\"inLanguage\":\"en-US\",\"@id\":\"https:\/\/ilcrogiuolo.it\/en\/p\/coracao-do-amor-loves-heart-ritual\/#primaryimage\",\"url\":\"https:\/\/ilcrogiuolo.it\/wp-content\/uploads\/2020\/01\/ritualeamoremagiarossamacumba_3602402.jpg\",\"contentUrl\":\"https:\/\/ilcrogiuolo.it\/wp-content\/uploads\/2020\/01\/ritualeamoremagiarossamacumba_3602402.jpg\",\"width\":627,\"height\":600},{\"@type\":\"BreadcrumbList\",\"@id\":\"https:\/\/ilcrogiuolo.it\/en\/p\/coracao-do-amor-loves-heart-ritual\/#breadcrumb\",\"itemListElement\":[{\"@type\":\"ListItem\",\"position\":1,\"name\":\"Home\",\"item\":\"https:\/\/ilcrogiuolo.it\/en\/\"},{\"@type\":\"ListItem\",\"position\":2,\"name\":\"Shop\",\"item\":\"https:\/\/ilcrogiuolo.it\/en\/shop\/\"},{\"@type\":\"ListItem\",\"position\":3,\"name\":\"CORA\u00c7\u00c3O DO AMOR &#8211; LOVE&#8217;S HEART RITUAL\"}]},{\"@type\":\"WebSite\",\"@id\":\"https:\/\/ilcrogiuolo.it\/en\/#website\",\"url\":\"https:\/\/ilcrogiuolo.it\/en\/\",\"name\":\"Il Crogiuolo\",\"description\":\"\",\"publisher\":{\"@id\":\"https:\/\/ilcrogiuolo.it\/en\/#organization\"},\"potentialAction\":[{\"@type\":\"SearchAction\",\"target\":{\"@type\":\"EntryPoint\",\"urlTemplate\":\"https:\/\/ilcrogiuolo.it\/en\/?s={search_term_string}\"},\"query-input\":{\"@type\":\"PropertyValueSpecification\",\"valueRequired\":true,\"valueName\":\"search_term_string\"}}],\"inLanguage\":\"en-US\"},{\"@type\":\"Organization\",\"@id\":\"https:\/\/ilcrogiuolo.it\/en\/#organization\",\"name\":\"Il Crogiuolo\",\"url\":\"https:\/\/ilcrogiuolo.it\/en\/\",\"logo\":{\"@type\":\"ImageObject\",\"inLanguage\":\"en-US\",\"@id\":\"https:\/\/ilcrogiuolo.it\/en\/#\/schema\/logo\/image\/\",\"url\":\"https:\/\/ilcrogiuolo.it\/wp-content\/uploads\/2020\/04\/logo.png\",\"contentUrl\":\"https:\/\/ilcrogiuolo.it\/wp-content\/uploads\/2020\/04\/logo.png\",\"width\":200,\"height\":49,\"caption\":\"Il Crogiuolo\"},\"image\":{\"@id\":\"https:\/\/ilcrogiuolo.it\/en\/#\/schema\/logo\/image\/\"},\"sameAs\":[\"https:\/\/www.facebook.com\/Il-Crogiuolo-681876418491758\"]}]}<\/script>\n<!-- \/ Yoast SEO plugin. -->","yoast_head_json":{"title":"CORA\u00c7\u00c3O DO AMOR - LOVE'S HEART RITUAL - Il Crogiuolo","description":"CORA\u00c7\u00c3O DO AMOR - LOVE'S HEART RITUAL Rituals are faithfully translated from the tradition to which they belong and within them include the traditional ingredients used to make them. Il","robots":{"index":"index","follow":"follow","max-snippet":"max-snippet:-1","max-image-preview":"max-image-preview:large","max-video-preview":"max-video-preview:-1"},"canonical":"https:\/\/ilcrogiuolo.it\/en\/p\/coracao-do-amor-loves-heart-ritual\/","og_locale":"en_US","og_type":"article","og_title":"CORA\u00c7\u00c3O DO AMOR - LOVE'S HEART RITUAL - Il Crogiuolo","og_description":"CORA\u00c7\u00c3O DO AMOR - LOVE'S HEART RITUAL Rituals are faithfully translated from the tradition to which they belong and within them include the traditional ingredients used to make them. Il","og_url":"https:\/\/ilcrogiuolo.it\/en\/p\/coracao-do-amor-loves-heart-ritual\/","og_site_name":"Il Crogiuolo","article_publisher":"https:\/\/www.facebook.com\/Il-Crogiuolo-681876418491758","article_modified_time":"2021-03-26T09:54:19+00:00","og_image":[{"width":627,"height":600,"url":"https:\/\/ilcrogiuolo.it\/wp-content\/uploads\/2020\/01\/ritualeamoremagiarossamacumba_3602402.jpg","type":"image\/jpeg"}],"twitter_card":"summary_large_image","twitter_misc":{"Est. reading time":"1 minute"},"schema":{"@context":"https:\/\/schema.org","@graph":[{"@type":"WebPage","@id":"https:\/\/ilcrogiuolo.it\/en\/p\/coracao-do-amor-loves-heart-ritual\/","url":"https:\/\/ilcrogiuolo.it\/en\/p\/coracao-do-amor-loves-heart-ritual\/","name":"CORA\u00c7\u00c3O DO AMOR - LOVE'S HEART RITUAL - Il Crogiuolo","isPartOf":{"@id":"https:\/\/ilcrogiuolo.it\/en\/#website"},"primaryImageOfPage":{"@id":"https:\/\/ilcrogiuolo.it\/en\/p\/coracao-do-amor-loves-heart-ritual\/#primaryimage"},"image":{"@id":"https:\/\/ilcrogiuolo.it\/en\/p\/coracao-do-amor-loves-heart-ritual\/#primaryimage"},"thumbnailUrl":"https:\/\/ilcrogiuolo.it\/wp-content\/uploads\/2020\/01\/ritualeamoremagiarossamacumba_3602402.jpg","datePublished":"2020-01-18T07:58:07+00:00","dateModified":"2021-03-26T09:54:19+00:00","description":"CORA\u00c7\u00c3O DO AMOR - LOVE'S HEART RITUAL Rituals are faithfully translated from the tradition to which they belong and within them include the traditional ingredients used to make them. Il","breadcrumb":{"@id":"https:\/\/ilcrogiuolo.it\/en\/p\/coracao-do-amor-loves-heart-ritual\/#breadcrumb"},"inLanguage":"en-US","potentialAction":[{"@type":"ReadAction","target":["https:\/\/ilcrogiuolo.it\/en\/p\/coracao-do-amor-loves-heart-ritual\/"]}]},{"@type":"ImageObject","inLanguage":"en-US","@id":"https:\/\/ilcrogiuolo.it\/en\/p\/coracao-do-amor-loves-heart-ritual\/#primaryimage","url":"https:\/\/ilcrogiuolo.it\/wp-content\/uploads\/2020\/01\/ritualeamoremagiarossamacumba_3602402.jpg","contentUrl":"https:\/\/ilcrogiuolo.it\/wp-content\/uploads\/2020\/01\/ritualeamoremagiarossamacumba_3602402.jpg","width":627,"height":600},{"@type":"BreadcrumbList","@id":"https:\/\/ilcrogiuolo.it\/en\/p\/coracao-do-amor-loves-heart-ritual\/#breadcrumb","itemListElement":[{"@type":"ListItem","position":1,"name":"Home","item":"https:\/\/ilcrogiuolo.it\/en\/"},{"@type":"ListItem","position":2,"name":"Shop","item":"https:\/\/ilcrogiuolo.it\/en\/shop\/"},{"@type":"ListItem","position":3,"name":"CORA\u00c7\u00c3O DO AMOR &#8211; LOVE&#8217;S HEART RITUAL"}]},{"@type":"WebSite","@id":"https:\/\/ilcrogiuolo.it\/en\/#website","url":"https:\/\/ilcrogiuolo.it\/en\/","name":"Il Crogiuolo","description":"","publisher":{"@id":"https:\/\/ilcrogiuolo.it\/en\/#organization"},"potentialAction":[{"@type":"SearchAction","target":{"@type":"EntryPoint","urlTemplate":"https:\/\/ilcrogiuolo.it\/en\/?s={search_term_string}"},"query-input":{"@type":"PropertyValueSpecification","valueRequired":true,"valueName":"search_term_string"}}],"inLanguage":"en-US"},{"@type":"Organization","@id":"https:\/\/ilcrogiuolo.it\/en\/#organization","name":"Il Crogiuolo","url":"https:\/\/ilcrogiuolo.it\/en\/","logo":{"@type":"ImageObject","inLanguage":"en-US","@id":"https:\/\/ilcrogiuolo.it\/en\/#\/schema\/logo\/image\/","url":"https:\/\/ilcrogiuolo.it\/wp-content\/uploads\/2020\/04\/logo.png","contentUrl":"https:\/\/ilcrogiuolo.it\/wp-content\/uploads\/2020\/04\/logo.png","width":200,"height":49,"caption":"Il Crogiuolo"},"image":{"@id":"https:\/\/ilcrogiuolo.it\/en\/#\/schema\/logo\/image\/"},"sameAs":["https:\/\/www.facebook.com\/Il-Crogiuolo-681876418491758"]}]}},"_links":{"self":[{"href":"https:\/\/ilcrogiuolo.it\/en\/wp-json\/wp\/v2\/product\/16473","targetHints":{"allow":["GET"]}}],"collection":[{"href":"https:\/\/ilcrogiuolo.it\/en\/wp-json\/wp\/v2\/product"}],"about":[{"href":"https:\/\/ilcrogiuolo.it\/en\/wp-json\/wp\/v2\/types\/product"}],"wp:featuredmedia":[{"embeddable":true,"href":"https:\/\/ilcrogiuolo.it\/en\/wp-json\/wp\/v2\/media\/14783"}],"wp:attachment":[{"href":"https:\/\/ilcrogiuolo.it\/en\/wp-json\/wp\/v2\/media?parent=16473"}],"wp:term":[{"taxonomy":"product_brand","embeddable":true,"href":"https:\/\/ilcrogiuolo.it\/en\/wp-json\/wp\/v2\/product_brand?post=16473"},{"taxonomy":"product_cat","embeddable":true,"href":"https:\/\/ilcrogiuolo.it\/en\/wp-json\/wp\/v2\/product_cat?post=16473"},{"taxonomy":"product_tag","embeddable":true,"href":"https:\/\/ilcrogiuolo.it\/en\/wp-json\/wp\/v2\/product_tag?post=16473"}],"curies":[{"name":"wp","href":"https:\/\/api.w.org\/{rel}","templated":true}]}}