{"id":12691,"date":"2020-01-14T17:18:21","date_gmt":"2020-01-14T18:35:23","guid":{"rendered":"https:\/\/ilcrogiuolo.it\/p\/mirrors-oracle\/"},"modified":"2020-01-14T19:35:23","modified_gmt":"2020-01-14T18:35:23","slug":"mirrors-oracle","status":"publish","type":"product","link":"https:\/\/ilcrogiuolo.it\/en\/p\/mirrors-oracle\/","title":{"rendered":"MIRRORS &#8211; Oracle"},"content":{"rendered":"<p>\n\t<span title=\"Avete mai pensato a quante sfaccettature ha il vostro carattere?\">Have you ever thought about how many facets does your character? <\/span><span title=\"Volete scoprire a quale divinit\u00e0 della Grecia antica assomigliate?\n\">Do you want to find out what you look like gods of ancient Greece?<\/span><br \/>\n\t<span title=\"Attraverso gli Specchi potrete indagare la vostra personalit\u00e0 e incontrare un\u2019immagine inaspettata di voi stessi.\">Through the Mirrors you will investigate your personality and meet unexpected image of yourself. <\/span><span title=\"Potrete percorrere, giocando, un cammino che dalle divinit\u00e0 classiche, attraverso i livelli dell\u2019Io, Super-Io e Es, porta a scoprire le carte che illustrano il vostro modo di essere.\n\">Guests can wander around, playing, a path from the classical gods, through the levels of the ego, superego and id, it leads to discovering the maps showing your way of being.<\/span><br \/>\n\t<span title=\"Dipinte ad arte da Mom\u00f2 Calascibetta, evocano figure archetipiche e le rendono moderne;\">Artfully painted by Momo Calascibetta, evoke archetypal figures and make them modern; <\/span><span title=\"potranno essere lo strumento per condividere con gli amici una riflessione su come appariamo a loro e loro a noi.\n\">They will be the tool to share with friends a reflection on how we look to them and they to us.<\/span><br \/>\n\t<span title=\"Questo \u00e8 il modo pi\u00f9 semplice per introdurre un'opera che raccoglie in s\u00e9 tre mondi, quello della psicologia, quello classico e quello dell'arte moderna e che offre l'occasione di riflettere sulla nostra personalit\u00e0 e su quegli aspetti del nostro carattere che altrimenti\">This is the easiest way to introduce a work that brings together three worlds, that of psychology, the classical and the modern and offering the opportunity to reflect on our personality and on those aspects of our character that otherwise <\/span><span title=\"potrebbero rimanere inesplorati.\n\">They may remain unexplored.<\/span><br \/>\n\t<span title=\"Non \u00e8 possibile definire facilmente noi stessi, n\u00e9 farlo definitivamente.\">you can not easily define ourselves, nor do it permanently. <\/span><span title=\"La nostra personalit\u00e0 muta continuamente con le nostre esperienze, quando agiamo sul mondo, quando reagiamo a quello che accade intorno a noi, quando siamo soli o quando interagiamo con gli altri.\">Our constantly changing personality with our experiences, when we act on the world, when we react to what happens around us, when we are alone or when we interact with others. <\/span><span title=\"Questi quattro momenti sono alcune delle tappe del percorso, che gli Specchi ci aiuteranno a compiere, lungo il quale incontreremo anche i nostri difetti ed impareremo a conoscere i livelli della nostra psiche.\n\">These four moments are some of the stopping points and that mirrors will help us to do, along which also meet our faults and learn to know the levels of our psyche.<\/span><br \/>\n\t<span title=\"Una parte di noi, infatti, ci spinge a seguire i nostri desideri e i nostri impulsi, mentre un\u2019altra ci ricorda le norme morali ed etiche imposte dal nostro ambiente culturale.\">A part of us, in fact, urges us to follow our desires and our impulses, while another reminds us of the moral and ethical standards imposed by our cultural environment. <\/span><span title=\"Noi mediamo continuamente fra le loro opposte tensioni e, razionalmente, cerchiamo di realizzare noi stessi, per quanto l\u2019inaccessibile Inconscio ci suggestioni in modo profondo.\">We constantly mediate between their opposing tensions and, rationally, we try to realize ourselves, as the inaccessible unconscious influences us in a profound way. <\/span><span title=\"Gli Specchi riflettono il fascino delle divinit\u00e0 classiche, facendone soggetti delle carte di Mom\u00f2 Calascibetta e incarnazioni di personalit\u00e0 diverse che, per chi vorr\u00e0 giocare secondo le regole indicate nel libro, si intrecceranno per delineare gli aspetti del nostro carattere.\n\">Mirrors reflect the charm of classical gods, making subjects of Momo Calascibetta cards and different personalities incarnations that, for those who want to play by the rules outlined in the book, will intertwine to outline the aspects of our character.<\/span><br \/>\n\t<span title=\"Le sfumature dell\u2019indole degli dei sono attualizzate non soltanto dal meccanismo del gioco ma anche dalle immagini dell\u2019artista che \u00e8 conosciuto per la sua evidente originalit\u00e0 e per la sua capacit\u00e0 di osservare la societ\u00e0 moderna.\">The nuances of the dell&#39;indole are discounted not only by the mechanism of the game but also by images of the artist who is known for its originality and for its apparent ability to observe modern society. <\/span><span title=\"Le scelte cromatiche di Mom\u00f2 e l'accostamento di alcuni elementi apparentemente tra loro lontani, stimolano l'introspezione e rendono accessibile il mistero che naturalmente deriva dall\u2019osservazione della natura del nostro intimo.\">The color choices of Momo and the combination of some elements apparently distant from each other, stimulate introspection and make accessible the mystery which of course comes from the observation of the nature of our intimate. <\/span><span title=\"L\u2019opera, cos\u00ec strutturata, fornisce nozioni documentate dei miti antichi e della psicanalisi.\">The work, well structured, provides documented knowledge of the ancient myths and psychoanalysis. <\/span><span title=\"Le immagini delle carte sono non soltanto un\u2019effige di un archetipo, ma un dipinto d\u2019autore in miniatura e Il gioco illustrato nel libro, stimola la riflessione e fornisce una descrizione della nostra personalit\u00e0.\">The images of the cards are not just an effigy of an archetype, but a painting copyright miniature and The game shown in the book, thought-provoking and provides a description of our personality. <\/span><span title=\"Diventa uno strumento utile per riflettere su noi stessi in pi\u00f9 occasioni, scoprire come siamo mutati e condividere con i nostri amici l\u2019impressione reciproca del nostro modo di essere ed apparire.\n\">Becomes a useful tool for reflecting on ourselves on several occasions, find out how we are changed and share with our friends mutual impression of our way of being and appearing.<\/span><br \/>\n\t<span title=\"Gli autori vi invitano a specchiarvi in questa opera e a scoprire qualcosa di sorprendente.\n\n\">The authors invite you to specchiarvi in \u200b\u200bthis work and to discover something surprising.<\/span><\/p>\n<p>\t<span title=\"Prefazione.\">Preface. <\/span><span title=\"La Grecia classica e la psicologia si sono incontrate spesso, basti pensare aFreud e al complesso d'Edipo, al riferimento alle divinit\u00e0 come modelli archetipici in Jung che, nel suo libro Tipi psicologici, ripercorrendo il camminodi personalit\u00e0 notevoli, impegnate nella de?nizione del\">Greece classic and psychology have met often, just think aFreud and the Oedipus complex, in reference to deities like archetypal patterns in which Jung in his book Psychological Types, retracing the camminodi remarkable personality, engaged in the de? Nition of <\/span><span title=\"rapporto fral'interiorit\u00e0 e il mondo, ricorda l'opposizione, proposta da Nietzsche, tral'Apollineo e il Dionisiaco.\">fral&#39;interiorit&agrave; relationship and the world, recalls the opposition, proposed by Nietzsche, tral&#39;Apollineo and Dionysian. <\/span><span title=\"In particolare hanno ispirato il nostro lavoro due pubblicazioni di grandesuccesso negli anni \u201980, Goddesses in everywoman e Gods in everyman della psichiatra junghiana Jean Shinoda Bolen.\">In particular they have inspired our work two publications of grandesuccesso 80s, Goddesses and Gods in Everyman everywoman in the Jungian psychiatrist Jean Shinoda Bolen. <\/span><span title=\"Le carte, denominate Specchi, vogliono dare forma a questo procedimentogi\u00e0 conosciuto e associare, in un gioco, le divinit\u00e0 della Grecia antica agli aspetti della psiche.\">The cards, called Mirrors, want to shape this procedimentogi&agrave; known and associate, in a game, the gods of ancient Greece to the aspects of the psyche. <\/span><span title=\"Le divinit\u00e0, illustrate da Mom\u00f2, ri?ettono, infatti, particolari personalit\u00e0, le carte, a cui il gioco ci avr\u00e0 guidato, rispecchiano aspetti delnostro carattere mentre il gioco stesso permetter\u00e0 di ri?ettere sul nostro modo di agire nel mondo e di confrontarci\">The deities, illustrated by Momo, re? Ect, in fact, unique personalities, the cards, to which the game will have guided us, reflect aspects delnostro character while the game itself will re? Ect on the way we act in the world and confront <\/span><span title=\"con gli altri.\">with the others. <\/span><span title=\"(Raff?aella Marcaletti)\n\n\">(Raff? Aella Marcaletti)<\/span><\/p>\n<p>\t<span title=\"Editore: Vangelista Editore\n\">Publisher: Publisher Vangelista<\/span><br \/>\n\t<span title=\"Autori: Raffaella Marcaletti - Mom\u00f2 Calascibetta\n\">Authors: Raffaella Marcaletti &#8211; Momo Calascibetta<\/span><br \/>\n\t<span title=\"Edizione Bilingua: Italiano\/Inglese\n\n\">Bilingua edition: Italian \/ English<\/span><\/p>\n<p>\t<span title=\"Anno Pubblicazione: 2015\n\">Publication Year: 2015<\/span><br \/>\n\t<span title=\"Numero Pagine: 128\">Pages Number: 128<\/span><font face=\"Verdana, Arial, Helvetica, sans-serif\"><!--?xml:namespace prefix = o ns = \"urn:schemas-microsoft-com:office:office\" \/--><o_p><\/o_p><\/font><\/p>\n","protected":false},"excerpt":{"rendered":"<p>Have you ever thought about how many facets does your character? Do you want to find out what you look&#8230;<\/p>\n","protected":false},"featured_media":8995,"template":"","meta":{"_acf_changed":false},"product_brand":[],"product_cat":[1673,1202,1219],"product_tag":[],"class_list":{"0":"post-12691","1":"product","2":"type-product","3":"status-publish","4":"has-post-thumbnail","6":"product_cat-oracles-and-divination-cards-lo-scarabeo","7":"product_cat-divination-tools-and-amulets","8":"product_cat-tarots-sibyls-oracles","10":"first","11":"outofstock","12":"taxable","13":"shipping-taxable","14":"purchasable","15":"product-type-simple","16":"add-to-wishlist-before_image"},"acf":[],"yoast_head":"<!-- This site is optimized with the Yoast SEO plugin v26.9 - https:\/\/yoast.com\/product\/yoast-seo-wordpress\/ -->\n<title>MIRRORS - Oracle - Il Crogiuolo<\/title>\n<meta name=\"description\" content=\"MIRRORS - Oracle Have you ever thought about how many facets does your character? Do you want to find out what you look like gods of ancient Greece? Through the Mirrors\" \/>\n<meta name=\"robots\" content=\"index, follow, max-snippet:-1, max-image-preview:large, max-video-preview:-1\" \/>\n<link rel=\"canonical\" href=\"https:\/\/ilcrogiuolo.it\/en\/p\/mirrors-oracle\/\" \/>\n<meta property=\"og:locale\" content=\"en_US\" \/>\n<meta property=\"og:type\" content=\"article\" \/>\n<meta property=\"og:title\" content=\"MIRRORS - Oracle - Il Crogiuolo\" \/>\n<meta property=\"og:description\" content=\"MIRRORS - Oracle Have you ever thought about how many facets does your character? Do you want to find out what you look like gods of ancient Greece? Through the Mirrors\" \/>\n<meta property=\"og:url\" content=\"https:\/\/ilcrogiuolo.it\/en\/p\/mirrors-oracle\/\" \/>\n<meta property=\"og:site_name\" content=\"Il Crogiuolo\" \/>\n<meta property=\"article:publisher\" content=\"https:\/\/www.facebook.com\/Il-Crogiuolo-681876418491758\" \/>\n<meta property=\"og:image\" content=\"https:\/\/ilcrogiuolo.it\/wp-content\/uploads\/2020\/01\/specchicartearchetipioracolo_4421910.jpg\" \/>\n\t<meta property=\"og:image:width\" content=\"627\" \/>\n\t<meta property=\"og:image:height\" content=\"600\" \/>\n\t<meta property=\"og:image:type\" content=\"image\/jpeg\" \/>\n<meta name=\"twitter:card\" content=\"summary_large_image\" \/>\n<meta name=\"twitter:label1\" content=\"Est. reading time\" \/>\n\t<meta name=\"twitter:data1\" content=\"3 minutes\" \/>\n<script type=\"application\/ld+json\" class=\"yoast-schema-graph\">{\"@context\":\"https:\/\/schema.org\",\"@graph\":[{\"@type\":\"WebPage\",\"@id\":\"https:\/\/ilcrogiuolo.it\/en\/p\/mirrors-oracle\/\",\"url\":\"https:\/\/ilcrogiuolo.it\/en\/p\/mirrors-oracle\/\",\"name\":\"MIRRORS - Oracle - Il Crogiuolo\",\"isPartOf\":{\"@id\":\"https:\/\/ilcrogiuolo.it\/en\/#website\"},\"primaryImageOfPage\":{\"@id\":\"https:\/\/ilcrogiuolo.it\/en\/p\/mirrors-oracle\/#primaryimage\"},\"image\":{\"@id\":\"https:\/\/ilcrogiuolo.it\/en\/p\/mirrors-oracle\/#primaryimage\"},\"thumbnailUrl\":\"https:\/\/ilcrogiuolo.it\/wp-content\/uploads\/2020\/01\/specchicartearchetipioracolo_4421910.jpg\",\"datePublished\":\"2020-01-14T18:35:23+00:00\",\"description\":\"MIRRORS - Oracle Have you ever thought about how many facets does your character? Do you want to find out what you look like gods of ancient Greece? Through the Mirrors\",\"breadcrumb\":{\"@id\":\"https:\/\/ilcrogiuolo.it\/en\/p\/mirrors-oracle\/#breadcrumb\"},\"inLanguage\":\"en-US\",\"potentialAction\":[{\"@type\":\"ReadAction\",\"target\":[\"https:\/\/ilcrogiuolo.it\/en\/p\/mirrors-oracle\/\"]}]},{\"@type\":\"ImageObject\",\"inLanguage\":\"en-US\",\"@id\":\"https:\/\/ilcrogiuolo.it\/en\/p\/mirrors-oracle\/#primaryimage\",\"url\":\"https:\/\/ilcrogiuolo.it\/wp-content\/uploads\/2020\/01\/specchicartearchetipioracolo_4421910.jpg\",\"contentUrl\":\"https:\/\/ilcrogiuolo.it\/wp-content\/uploads\/2020\/01\/specchicartearchetipioracolo_4421910.jpg\",\"width\":627,\"height\":600},{\"@type\":\"BreadcrumbList\",\"@id\":\"https:\/\/ilcrogiuolo.it\/en\/p\/mirrors-oracle\/#breadcrumb\",\"itemListElement\":[{\"@type\":\"ListItem\",\"position\":1,\"name\":\"Home\",\"item\":\"https:\/\/ilcrogiuolo.it\/en\/\"},{\"@type\":\"ListItem\",\"position\":2,\"name\":\"Shop\",\"item\":\"https:\/\/ilcrogiuolo.it\/en\/shop\/\"},{\"@type\":\"ListItem\",\"position\":3,\"name\":\"MIRRORS &#8211; Oracle\"}]},{\"@type\":\"WebSite\",\"@id\":\"https:\/\/ilcrogiuolo.it\/en\/#website\",\"url\":\"https:\/\/ilcrogiuolo.it\/en\/\",\"name\":\"Il Crogiuolo\",\"description\":\"\",\"publisher\":{\"@id\":\"https:\/\/ilcrogiuolo.it\/en\/#organization\"},\"potentialAction\":[{\"@type\":\"SearchAction\",\"target\":{\"@type\":\"EntryPoint\",\"urlTemplate\":\"https:\/\/ilcrogiuolo.it\/en\/?s={search_term_string}\"},\"query-input\":{\"@type\":\"PropertyValueSpecification\",\"valueRequired\":true,\"valueName\":\"search_term_string\"}}],\"inLanguage\":\"en-US\"},{\"@type\":\"Organization\",\"@id\":\"https:\/\/ilcrogiuolo.it\/en\/#organization\",\"name\":\"Il Crogiuolo\",\"url\":\"https:\/\/ilcrogiuolo.it\/en\/\",\"logo\":{\"@type\":\"ImageObject\",\"inLanguage\":\"en-US\",\"@id\":\"https:\/\/ilcrogiuolo.it\/en\/#\/schema\/logo\/image\/\",\"url\":\"https:\/\/ilcrogiuolo.it\/wp-content\/uploads\/2020\/04\/logo.png\",\"contentUrl\":\"https:\/\/ilcrogiuolo.it\/wp-content\/uploads\/2020\/04\/logo.png\",\"width\":200,\"height\":49,\"caption\":\"Il Crogiuolo\"},\"image\":{\"@id\":\"https:\/\/ilcrogiuolo.it\/en\/#\/schema\/logo\/image\/\"},\"sameAs\":[\"https:\/\/www.facebook.com\/Il-Crogiuolo-681876418491758\"]}]}<\/script>\n<!-- \/ Yoast SEO plugin. -->","yoast_head_json":{"title":"MIRRORS - Oracle - Il Crogiuolo","description":"MIRRORS - Oracle Have you ever thought about how many facets does your character? Do you want to find out what you look like gods of ancient Greece? Through the Mirrors","robots":{"index":"index","follow":"follow","max-snippet":"max-snippet:-1","max-image-preview":"max-image-preview:large","max-video-preview":"max-video-preview:-1"},"canonical":"https:\/\/ilcrogiuolo.it\/en\/p\/mirrors-oracle\/","og_locale":"en_US","og_type":"article","og_title":"MIRRORS - Oracle - Il Crogiuolo","og_description":"MIRRORS - Oracle Have you ever thought about how many facets does your character? Do you want to find out what you look like gods of ancient Greece? Through the Mirrors","og_url":"https:\/\/ilcrogiuolo.it\/en\/p\/mirrors-oracle\/","og_site_name":"Il Crogiuolo","article_publisher":"https:\/\/www.facebook.com\/Il-Crogiuolo-681876418491758","og_image":[{"width":627,"height":600,"url":"https:\/\/ilcrogiuolo.it\/wp-content\/uploads\/2020\/01\/specchicartearchetipioracolo_4421910.jpg","type":"image\/jpeg"}],"twitter_card":"summary_large_image","twitter_misc":{"Est. reading time":"3 minutes"},"schema":{"@context":"https:\/\/schema.org","@graph":[{"@type":"WebPage","@id":"https:\/\/ilcrogiuolo.it\/en\/p\/mirrors-oracle\/","url":"https:\/\/ilcrogiuolo.it\/en\/p\/mirrors-oracle\/","name":"MIRRORS - Oracle - Il Crogiuolo","isPartOf":{"@id":"https:\/\/ilcrogiuolo.it\/en\/#website"},"primaryImageOfPage":{"@id":"https:\/\/ilcrogiuolo.it\/en\/p\/mirrors-oracle\/#primaryimage"},"image":{"@id":"https:\/\/ilcrogiuolo.it\/en\/p\/mirrors-oracle\/#primaryimage"},"thumbnailUrl":"https:\/\/ilcrogiuolo.it\/wp-content\/uploads\/2020\/01\/specchicartearchetipioracolo_4421910.jpg","datePublished":"2020-01-14T18:35:23+00:00","description":"MIRRORS - Oracle Have you ever thought about how many facets does your character? Do you want to find out what you look like gods of ancient Greece? Through the Mirrors","breadcrumb":{"@id":"https:\/\/ilcrogiuolo.it\/en\/p\/mirrors-oracle\/#breadcrumb"},"inLanguage":"en-US","potentialAction":[{"@type":"ReadAction","target":["https:\/\/ilcrogiuolo.it\/en\/p\/mirrors-oracle\/"]}]},{"@type":"ImageObject","inLanguage":"en-US","@id":"https:\/\/ilcrogiuolo.it\/en\/p\/mirrors-oracle\/#primaryimage","url":"https:\/\/ilcrogiuolo.it\/wp-content\/uploads\/2020\/01\/specchicartearchetipioracolo_4421910.jpg","contentUrl":"https:\/\/ilcrogiuolo.it\/wp-content\/uploads\/2020\/01\/specchicartearchetipioracolo_4421910.jpg","width":627,"height":600},{"@type":"BreadcrumbList","@id":"https:\/\/ilcrogiuolo.it\/en\/p\/mirrors-oracle\/#breadcrumb","itemListElement":[{"@type":"ListItem","position":1,"name":"Home","item":"https:\/\/ilcrogiuolo.it\/en\/"},{"@type":"ListItem","position":2,"name":"Shop","item":"https:\/\/ilcrogiuolo.it\/en\/shop\/"},{"@type":"ListItem","position":3,"name":"MIRRORS &#8211; Oracle"}]},{"@type":"WebSite","@id":"https:\/\/ilcrogiuolo.it\/en\/#website","url":"https:\/\/ilcrogiuolo.it\/en\/","name":"Il Crogiuolo","description":"","publisher":{"@id":"https:\/\/ilcrogiuolo.it\/en\/#organization"},"potentialAction":[{"@type":"SearchAction","target":{"@type":"EntryPoint","urlTemplate":"https:\/\/ilcrogiuolo.it\/en\/?s={search_term_string}"},"query-input":{"@type":"PropertyValueSpecification","valueRequired":true,"valueName":"search_term_string"}}],"inLanguage":"en-US"},{"@type":"Organization","@id":"https:\/\/ilcrogiuolo.it\/en\/#organization","name":"Il Crogiuolo","url":"https:\/\/ilcrogiuolo.it\/en\/","logo":{"@type":"ImageObject","inLanguage":"en-US","@id":"https:\/\/ilcrogiuolo.it\/en\/#\/schema\/logo\/image\/","url":"https:\/\/ilcrogiuolo.it\/wp-content\/uploads\/2020\/04\/logo.png","contentUrl":"https:\/\/ilcrogiuolo.it\/wp-content\/uploads\/2020\/04\/logo.png","width":200,"height":49,"caption":"Il Crogiuolo"},"image":{"@id":"https:\/\/ilcrogiuolo.it\/en\/#\/schema\/logo\/image\/"},"sameAs":["https:\/\/www.facebook.com\/Il-Crogiuolo-681876418491758"]}]}},"_links":{"self":[{"href":"https:\/\/ilcrogiuolo.it\/en\/wp-json\/wp\/v2\/product\/12691","targetHints":{"allow":["GET"]}}],"collection":[{"href":"https:\/\/ilcrogiuolo.it\/en\/wp-json\/wp\/v2\/product"}],"about":[{"href":"https:\/\/ilcrogiuolo.it\/en\/wp-json\/wp\/v2\/types\/product"}],"wp:featuredmedia":[{"embeddable":true,"href":"https:\/\/ilcrogiuolo.it\/en\/wp-json\/wp\/v2\/media\/8995"}],"wp:attachment":[{"href":"https:\/\/ilcrogiuolo.it\/en\/wp-json\/wp\/v2\/media?parent=12691"}],"wp:term":[{"taxonomy":"product_brand","embeddable":true,"href":"https:\/\/ilcrogiuolo.it\/en\/wp-json\/wp\/v2\/product_brand?post=12691"},{"taxonomy":"product_cat","embeddable":true,"href":"https:\/\/ilcrogiuolo.it\/en\/wp-json\/wp\/v2\/product_cat?post=12691"},{"taxonomy":"product_tag","embeddable":true,"href":"https:\/\/ilcrogiuolo.it\/en\/wp-json\/wp\/v2\/product_tag?post=12691"}],"curies":[{"name":"wp","href":"https:\/\/api.w.org\/{rel}","templated":true}]}}