{"id":12653,"date":"2020-01-14T17:18:09","date_gmt":"2020-01-14T18:35:01","guid":{"rendered":"https:\/\/ilcrogiuolo.it\/p\/head-of-saint-barbara-of-the-andes\/"},"modified":"2020-01-14T19:35:01","modified_gmt":"2020-01-14T18:35:01","slug":"head-of-saint-barbara-of-the-andes","status":"publish","type":"product","link":"https:\/\/ilcrogiuolo.it\/en\/p\/head-of-saint-barbara-of-the-andes\/","title":{"rendered":"HEAD OF SAINT BARBARA OF THE ANDES"},"content":{"rendered":"<p>\n\t<span title=\"La figura di Santa Barbara, nella cultura andina, \u00e8 invariabilmente legata alla magia tradizionale.\">The figure of Santa Barbara, in the Andean culture, is invariably linked to the traditional magic. <\/span><span title=\"Nell'agiografia cristiana, Barbara, martirizzata sotto Massimiano, venne decapitata perch\u00e9 si rifiut\u00f2 di rinnegare la fede in Ges\u00f9 Cristo.\">Christian hagiography, Barbara, martyred under Maximilian, was beheaded because they refused to renounce their faith in Jesus Christ. <\/span><span title=\"Nello stesso istante della sua morte un fulmine colp\u00ec suo padre, reo di essere lui stesso l'esecutore del martirio della figlia.\">At the same moment of his death lightning he struck his father, guilty himself to be the executor of the martyrdom of his daughter. <\/span><span title=\"Questo episodio diede origine a diverse leggende.\">This incident gave rise to many legends. <\/span><span title=\"Nelle Ande la figura di Santa Barbara viene associata dunque alla giustizia divina, alla protezione, alla difesa, ma va oltre, venendo a rappresentare l'archetipo della Strega, investita di tutte le caratteristiche della sciamana di quei luoghi magici, in uno strano sincretismo.\">In the Andes, the figure of Santa Barbara is therefore associated with the divine justice, protection, defense, but goes beyond, coming to represent the archetype of the Witch, invested with all the features of the shaman of those magical places, in a strange syncretism. <\/span><span title=\"Ci si rivolge a lei chiamandola semplicemente Barbara, quasi a sottolineare la confidenza che intercorre tra l'operatore ed il suo agente magico, ma anche per connotarla di un'aura di mistica ferocia.\">It turns to her as simply Barbara, as if to emphasize the confidence between the operator and his magical agent, but also to connote it with an aura of mystique ferocity. <\/span><span title=\"Nelle Ande si costruiscono, secondo un rituale particolare, dei feticci chiamati Testa di Santa Barbara, che vengono impiegati nelle Mesadas (cerimonie sacre) per evocare i poteri della Magia e della Stregoneria.\">In the Andes are built, according to a particular ritual, fetish called Head of Santa Barbara, which are used in Mesadas (sacred ceremonies) to evoke the powers of magic and witchcraft. <\/span><span title=\"Nonostante la santa cattolica fosse considerata adolescente, Santa Barbara de Los Andes ha il viso di una vecchia dall'espressione corrucciata.\">Despite the Catholic saint was considered adolescent, Santa Barbara de Los Andes has the face of an old expression frown. <\/span><span title=\"Si dice che chi sia in possesso della Testa di Santa Barbara possa ottenere grandi vantaggi in ogni campo, trionfare sui nemici, unire e separare le coppie a suo piacimento, essere tutelato da ogni attacco magico e materiale purch\u00e8 rispetti il culto secondo l'antico rituale\">It is said that whoever is in possession of the head of Santa Barbara can get great advantages in every field, triumph over enemies, joining and separating couples at will, it is protected from any attack and magic as long as it respects the worship according to ancient ritual <\/span><span title=\".\">. <\/span><span title=\"La Cabeza de Santa Barbara de los Andes \u00e8 un vero e proprio feticcio esoterico.\">The Cabeza de Santa Barbara de los Andes is a real fetish esoteric. <\/span><span title=\"Viene preparata a mano, con la resina di un albero sacro a cui sono mescolate polveri di radici ed erbe speciali provenienti unicamente dalle foreste del Nord del Per\u00f9, e rezada (consacrata con preghiere speciali) durante la fabbricazione.\">It is prepared by hand, with the resin of a tree sacred to which are mixed powders of roots and herbs special coming only from the forests of northern Peru, and rezada (consecrated with special prayers) during manufacture. <\/span><span title=\"Nonostante l'aspetto inquietante la \u201cBarbara de los Andes\u201d non \u00e8 una figura negativa, ma viene ad essere una vera e propria guida magica per lo Sciamano di quei luoghi misteriosi.\">Despite the disturbing aspect the &quot;Barbara de los Andes&quot; is not a negative figure, but it gets to be a real guide for the Shaman magic of those mysterious places. <\/span><span title=\"Magia e religione si intrecciano in uno strano rapporto il cui solo confine \u00e8 quello dell'animo umano.\n\n\">Magic and religion intertwine in a strange relationship where the only boundary is that of the human soul.<\/span><\/p>\n<p>\t<span title=\"La Cabeza de Santa Barbara \u00e8 gi\u00e0 consacrata e preparata, ma va attivata dal nuovo proprietario secondo un rituale specifico.\n\n\">The Cabeza de Santa Barbara is already consecrated and prepared, but must be activated by the new owner according to a specific ritual.<\/span><\/p>\n","protected":false},"excerpt":{"rendered":"<p>The figure of Santa Barbara, in the Andean culture, is invariably linked to the traditional magic. Christian hagiography, Barbara, martyred&#8230;<\/p>\n","protected":false},"featured_media":8883,"template":"","meta":{"_acf_changed":false},"product_brand":[],"product_cat":[1635,1216,1204],"product_tag":[],"class_list":{"0":"post-12653","1":"product","2":"type-product","3":"status-publish","4":"has-post-thumbnail","6":"product_cat-other-traditions","7":"product_cat-orixas-exus-pomba-giras-statues-fetishes","8":"product_cat-statues","10":"first","11":"outofstock","12":"taxable","13":"shipping-taxable","14":"purchasable","15":"product-type-simple","16":"add-to-wishlist-before_image"},"acf":[],"yoast_head":"<!-- This site is optimized with the Yoast SEO plugin v26.9 - https:\/\/yoast.com\/product\/yoast-seo-wordpress\/ -->\n<title>HEAD OF SAINT BARBARA OF THE ANDES - Il Crogiuolo<\/title>\n<meta name=\"description\" content=\"HEAD OF SAINT BARBARA OF THE ANDES The figure of Santa Barbara, in the Andean culture, is invariably linked to the traditional magic. Christian hagiography, Barbara, martyred under\" \/>\n<meta name=\"robots\" content=\"index, follow, max-snippet:-1, max-image-preview:large, max-video-preview:-1\" \/>\n<link rel=\"canonical\" href=\"https:\/\/ilcrogiuolo.it\/en\/p\/head-of-saint-barbara-of-the-andes\/\" \/>\n<meta property=\"og:locale\" content=\"en_US\" \/>\n<meta property=\"og:type\" content=\"article\" \/>\n<meta property=\"og:title\" content=\"HEAD OF SAINT BARBARA OF THE ANDES - Il Crogiuolo\" \/>\n<meta property=\"og:description\" content=\"HEAD OF SAINT BARBARA OF THE ANDES The figure of Santa Barbara, in the Andean culture, is invariably linked to the traditional magic. Christian hagiography, Barbara, martyred under\" \/>\n<meta property=\"og:url\" content=\"https:\/\/ilcrogiuolo.it\/en\/p\/head-of-saint-barbara-of-the-andes\/\" \/>\n<meta property=\"og:site_name\" content=\"Il Crogiuolo\" \/>\n<meta property=\"article:publisher\" content=\"https:\/\/www.facebook.com\/Il-Crogiuolo-681876418491758\" \/>\n<meta property=\"og:image\" content=\"https:\/\/ilcrogiuolo.it\/wp-content\/uploads\/2020\/01\/barbaradelosandesperu_2006495.jpg\" \/>\n\t<meta property=\"og:image:width\" content=\"627\" \/>\n\t<meta property=\"og:image:height\" content=\"600\" \/>\n\t<meta property=\"og:image:type\" content=\"image\/jpeg\" \/>\n<meta name=\"twitter:card\" content=\"summary_large_image\" \/>\n<meta name=\"twitter:label1\" content=\"Est. reading time\" \/>\n\t<meta name=\"twitter:data1\" content=\"2 minutes\" \/>\n<script type=\"application\/ld+json\" class=\"yoast-schema-graph\">{\"@context\":\"https:\/\/schema.org\",\"@graph\":[{\"@type\":\"WebPage\",\"@id\":\"https:\/\/ilcrogiuolo.it\/en\/p\/head-of-saint-barbara-of-the-andes\/\",\"url\":\"https:\/\/ilcrogiuolo.it\/en\/p\/head-of-saint-barbara-of-the-andes\/\",\"name\":\"HEAD OF SAINT BARBARA OF THE ANDES - Il Crogiuolo\",\"isPartOf\":{\"@id\":\"https:\/\/ilcrogiuolo.it\/en\/#website\"},\"primaryImageOfPage\":{\"@id\":\"https:\/\/ilcrogiuolo.it\/en\/p\/head-of-saint-barbara-of-the-andes\/#primaryimage\"},\"image\":{\"@id\":\"https:\/\/ilcrogiuolo.it\/en\/p\/head-of-saint-barbara-of-the-andes\/#primaryimage\"},\"thumbnailUrl\":\"https:\/\/ilcrogiuolo.it\/wp-content\/uploads\/2020\/01\/barbaradelosandesperu_2006495.jpg\",\"datePublished\":\"2020-01-14T18:35:01+00:00\",\"description\":\"HEAD OF SAINT BARBARA OF THE ANDES The figure of Santa Barbara, in the Andean culture, is invariably linked to the traditional magic. Christian hagiography, Barbara, martyred under\",\"breadcrumb\":{\"@id\":\"https:\/\/ilcrogiuolo.it\/en\/p\/head-of-saint-barbara-of-the-andes\/#breadcrumb\"},\"inLanguage\":\"en-US\",\"potentialAction\":[{\"@type\":\"ReadAction\",\"target\":[\"https:\/\/ilcrogiuolo.it\/en\/p\/head-of-saint-barbara-of-the-andes\/\"]}]},{\"@type\":\"ImageObject\",\"inLanguage\":\"en-US\",\"@id\":\"https:\/\/ilcrogiuolo.it\/en\/p\/head-of-saint-barbara-of-the-andes\/#primaryimage\",\"url\":\"https:\/\/ilcrogiuolo.it\/wp-content\/uploads\/2020\/01\/barbaradelosandesperu_2006495.jpg\",\"contentUrl\":\"https:\/\/ilcrogiuolo.it\/wp-content\/uploads\/2020\/01\/barbaradelosandesperu_2006495.jpg\",\"width\":627,\"height\":600},{\"@type\":\"BreadcrumbList\",\"@id\":\"https:\/\/ilcrogiuolo.it\/en\/p\/head-of-saint-barbara-of-the-andes\/#breadcrumb\",\"itemListElement\":[{\"@type\":\"ListItem\",\"position\":1,\"name\":\"Home\",\"item\":\"https:\/\/ilcrogiuolo.it\/en\/\"},{\"@type\":\"ListItem\",\"position\":2,\"name\":\"Shop\",\"item\":\"https:\/\/ilcrogiuolo.it\/en\/shop\/\"},{\"@type\":\"ListItem\",\"position\":3,\"name\":\"HEAD OF SAINT BARBARA OF THE ANDES\"}]},{\"@type\":\"WebSite\",\"@id\":\"https:\/\/ilcrogiuolo.it\/en\/#website\",\"url\":\"https:\/\/ilcrogiuolo.it\/en\/\",\"name\":\"Il Crogiuolo\",\"description\":\"\",\"publisher\":{\"@id\":\"https:\/\/ilcrogiuolo.it\/en\/#organization\"},\"potentialAction\":[{\"@type\":\"SearchAction\",\"target\":{\"@type\":\"EntryPoint\",\"urlTemplate\":\"https:\/\/ilcrogiuolo.it\/en\/?s={search_term_string}\"},\"query-input\":{\"@type\":\"PropertyValueSpecification\",\"valueRequired\":true,\"valueName\":\"search_term_string\"}}],\"inLanguage\":\"en-US\"},{\"@type\":\"Organization\",\"@id\":\"https:\/\/ilcrogiuolo.it\/en\/#organization\",\"name\":\"Il Crogiuolo\",\"url\":\"https:\/\/ilcrogiuolo.it\/en\/\",\"logo\":{\"@type\":\"ImageObject\",\"inLanguage\":\"en-US\",\"@id\":\"https:\/\/ilcrogiuolo.it\/en\/#\/schema\/logo\/image\/\",\"url\":\"https:\/\/ilcrogiuolo.it\/wp-content\/uploads\/2020\/04\/logo.png\",\"contentUrl\":\"https:\/\/ilcrogiuolo.it\/wp-content\/uploads\/2020\/04\/logo.png\",\"width\":200,\"height\":49,\"caption\":\"Il Crogiuolo\"},\"image\":{\"@id\":\"https:\/\/ilcrogiuolo.it\/en\/#\/schema\/logo\/image\/\"},\"sameAs\":[\"https:\/\/www.facebook.com\/Il-Crogiuolo-681876418491758\"]}]}<\/script>\n<!-- \/ Yoast SEO plugin. -->","yoast_head_json":{"title":"HEAD OF SAINT BARBARA OF THE ANDES - Il Crogiuolo","description":"HEAD OF SAINT BARBARA OF THE ANDES The figure of Santa Barbara, in the Andean culture, is invariably linked to the traditional magic. Christian hagiography, Barbara, martyred under","robots":{"index":"index","follow":"follow","max-snippet":"max-snippet:-1","max-image-preview":"max-image-preview:large","max-video-preview":"max-video-preview:-1"},"canonical":"https:\/\/ilcrogiuolo.it\/en\/p\/head-of-saint-barbara-of-the-andes\/","og_locale":"en_US","og_type":"article","og_title":"HEAD OF SAINT BARBARA OF THE ANDES - Il Crogiuolo","og_description":"HEAD OF SAINT BARBARA OF THE ANDES The figure of Santa Barbara, in the Andean culture, is invariably linked to the traditional magic. Christian hagiography, Barbara, martyred under","og_url":"https:\/\/ilcrogiuolo.it\/en\/p\/head-of-saint-barbara-of-the-andes\/","og_site_name":"Il Crogiuolo","article_publisher":"https:\/\/www.facebook.com\/Il-Crogiuolo-681876418491758","og_image":[{"width":627,"height":600,"url":"https:\/\/ilcrogiuolo.it\/wp-content\/uploads\/2020\/01\/barbaradelosandesperu_2006495.jpg","type":"image\/jpeg"}],"twitter_card":"summary_large_image","twitter_misc":{"Est. reading time":"2 minutes"},"schema":{"@context":"https:\/\/schema.org","@graph":[{"@type":"WebPage","@id":"https:\/\/ilcrogiuolo.it\/en\/p\/head-of-saint-barbara-of-the-andes\/","url":"https:\/\/ilcrogiuolo.it\/en\/p\/head-of-saint-barbara-of-the-andes\/","name":"HEAD OF SAINT BARBARA OF THE ANDES - Il Crogiuolo","isPartOf":{"@id":"https:\/\/ilcrogiuolo.it\/en\/#website"},"primaryImageOfPage":{"@id":"https:\/\/ilcrogiuolo.it\/en\/p\/head-of-saint-barbara-of-the-andes\/#primaryimage"},"image":{"@id":"https:\/\/ilcrogiuolo.it\/en\/p\/head-of-saint-barbara-of-the-andes\/#primaryimage"},"thumbnailUrl":"https:\/\/ilcrogiuolo.it\/wp-content\/uploads\/2020\/01\/barbaradelosandesperu_2006495.jpg","datePublished":"2020-01-14T18:35:01+00:00","description":"HEAD OF SAINT BARBARA OF THE ANDES The figure of Santa Barbara, in the Andean culture, is invariably linked to the traditional magic. Christian hagiography, Barbara, martyred under","breadcrumb":{"@id":"https:\/\/ilcrogiuolo.it\/en\/p\/head-of-saint-barbara-of-the-andes\/#breadcrumb"},"inLanguage":"en-US","potentialAction":[{"@type":"ReadAction","target":["https:\/\/ilcrogiuolo.it\/en\/p\/head-of-saint-barbara-of-the-andes\/"]}]},{"@type":"ImageObject","inLanguage":"en-US","@id":"https:\/\/ilcrogiuolo.it\/en\/p\/head-of-saint-barbara-of-the-andes\/#primaryimage","url":"https:\/\/ilcrogiuolo.it\/wp-content\/uploads\/2020\/01\/barbaradelosandesperu_2006495.jpg","contentUrl":"https:\/\/ilcrogiuolo.it\/wp-content\/uploads\/2020\/01\/barbaradelosandesperu_2006495.jpg","width":627,"height":600},{"@type":"BreadcrumbList","@id":"https:\/\/ilcrogiuolo.it\/en\/p\/head-of-saint-barbara-of-the-andes\/#breadcrumb","itemListElement":[{"@type":"ListItem","position":1,"name":"Home","item":"https:\/\/ilcrogiuolo.it\/en\/"},{"@type":"ListItem","position":2,"name":"Shop","item":"https:\/\/ilcrogiuolo.it\/en\/shop\/"},{"@type":"ListItem","position":3,"name":"HEAD OF SAINT BARBARA OF THE ANDES"}]},{"@type":"WebSite","@id":"https:\/\/ilcrogiuolo.it\/en\/#website","url":"https:\/\/ilcrogiuolo.it\/en\/","name":"Il Crogiuolo","description":"","publisher":{"@id":"https:\/\/ilcrogiuolo.it\/en\/#organization"},"potentialAction":[{"@type":"SearchAction","target":{"@type":"EntryPoint","urlTemplate":"https:\/\/ilcrogiuolo.it\/en\/?s={search_term_string}"},"query-input":{"@type":"PropertyValueSpecification","valueRequired":true,"valueName":"search_term_string"}}],"inLanguage":"en-US"},{"@type":"Organization","@id":"https:\/\/ilcrogiuolo.it\/en\/#organization","name":"Il Crogiuolo","url":"https:\/\/ilcrogiuolo.it\/en\/","logo":{"@type":"ImageObject","inLanguage":"en-US","@id":"https:\/\/ilcrogiuolo.it\/en\/#\/schema\/logo\/image\/","url":"https:\/\/ilcrogiuolo.it\/wp-content\/uploads\/2020\/04\/logo.png","contentUrl":"https:\/\/ilcrogiuolo.it\/wp-content\/uploads\/2020\/04\/logo.png","width":200,"height":49,"caption":"Il Crogiuolo"},"image":{"@id":"https:\/\/ilcrogiuolo.it\/en\/#\/schema\/logo\/image\/"},"sameAs":["https:\/\/www.facebook.com\/Il-Crogiuolo-681876418491758"]}]}},"_links":{"self":[{"href":"https:\/\/ilcrogiuolo.it\/en\/wp-json\/wp\/v2\/product\/12653","targetHints":{"allow":["GET"]}}],"collection":[{"href":"https:\/\/ilcrogiuolo.it\/en\/wp-json\/wp\/v2\/product"}],"about":[{"href":"https:\/\/ilcrogiuolo.it\/en\/wp-json\/wp\/v2\/types\/product"}],"wp:featuredmedia":[{"embeddable":true,"href":"https:\/\/ilcrogiuolo.it\/en\/wp-json\/wp\/v2\/media\/8883"}],"wp:attachment":[{"href":"https:\/\/ilcrogiuolo.it\/en\/wp-json\/wp\/v2\/media?parent=12653"}],"wp:term":[{"taxonomy":"product_brand","embeddable":true,"href":"https:\/\/ilcrogiuolo.it\/en\/wp-json\/wp\/v2\/product_brand?post=12653"},{"taxonomy":"product_cat","embeddable":true,"href":"https:\/\/ilcrogiuolo.it\/en\/wp-json\/wp\/v2\/product_cat?post=12653"},{"taxonomy":"product_tag","embeddable":true,"href":"https:\/\/ilcrogiuolo.it\/en\/wp-json\/wp\/v2\/product_tag?post=12653"}],"curies":[{"name":"wp","href":"https:\/\/api.w.org\/{rel}","templated":true}]}}