{"id":11618,"date":"2020-01-14T17:11:32","date_gmt":"2020-01-14T18:23:41","guid":{"rendered":"https:\/\/ilcrogiuolo.it\/p\/saint-radegund-baron-samedis-prayer-parchment\/"},"modified":"2020-05-26T16:20:40","modified_gmt":"2020-05-26T14:20:40","slug":"saint-radegund-baron-samedis-prayer-parchment","status":"publish","type":"product","link":"https:\/\/ilcrogiuolo.it\/en\/p\/saint-radegund-baron-samedis-prayer-parchment\/","title":{"rendered":"Saint Radegund Bar\u00f2n Samed\u00ec&#8217;s prayer &#8211; Parchment"},"content":{"rendered":"<p>These special prayers consist of high quality prints reproduced on parchment with the related sacred image. They can be hung or framed This article is in great demand and can be used in rituals and spiritual practices.<br \/>\nThe Prayer of St. Radegund Baron Samedi shows the image of Santa and the text of the prayer. Belongs to the tradition of Haitian Voodoo oldest and most secret, a real precious rarity. Is recited for the purpose of protection and defense from every evil or hung behind the door. Text in the original language Creole.<\/p>\n","protected":false},"excerpt":{"rendered":"<p>These special prayers consist of high quality prints reproduced on parchment with the related sacred image. They can be hung&#8230;<\/p>\n","protected":false},"featured_media":5738,"template":"","meta":{"_acf_changed":false},"product_brand":[],"product_cat":[1639,1199,1225],"product_tag":[],"class_list":{"0":"post-11618","1":"product","2":"type-product","3":"status-publish","4":"has-post-thumbnail","6":"product_cat-prayers-on-parchment","7":"product_cat-esoteric","8":"product_cat-posters-printings-prayers","10":"first","11":"instock","12":"taxable","13":"shipping-taxable","14":"purchasable","15":"product-type-simple","16":"add-to-wishlist-before_image"},"acf":[],"yoast_head":"<!-- This site is optimized with the Yoast SEO plugin v26.9 - https:\/\/yoast.com\/product\/yoast-seo-wordpress\/ -->\n<title>Saint Radegund Bar\u00f2n Samed\u00ec&#039;s prayer - Parchment - Il Crogiuolo<\/title>\n<meta name=\"description\" content=\"Saint Radegund Bar\u00f2n Samed\u00ec&#039;s prayer - Parchment These special prayers consist of high quality prints reproduced on parchment with the related sacred image. They can be hung or framed This article is in\" \/>\n<meta name=\"robots\" content=\"index, follow, max-snippet:-1, max-image-preview:large, max-video-preview:-1\" \/>\n<link rel=\"canonical\" href=\"https:\/\/ilcrogiuolo.it\/en\/p\/saint-radegund-baron-samedis-prayer-parchment\/\" \/>\n<meta property=\"og:locale\" content=\"en_US\" \/>\n<meta property=\"og:type\" content=\"article\" \/>\n<meta property=\"og:title\" content=\"Saint Radegund Bar\u00f2n Samed\u00ec&#039;s prayer - Parchment - Il Crogiuolo\" \/>\n<meta property=\"og:description\" content=\"Saint Radegund Bar\u00f2n Samed\u00ec&#039;s prayer - Parchment These special prayers consist of high quality prints reproduced on parchment with the related sacred image. They can be hung or framed This article is in\" \/>\n<meta property=\"og:url\" content=\"https:\/\/ilcrogiuolo.it\/en\/p\/saint-radegund-baron-samedis-prayer-parchment\/\" \/>\n<meta property=\"og:site_name\" content=\"Il Crogiuolo\" \/>\n<meta property=\"article:publisher\" content=\"https:\/\/www.facebook.com\/Il-Crogiuolo-681876418491758\" \/>\n<meta property=\"article:modified_time\" content=\"2020-05-26T14:20:40+00:00\" \/>\n<meta property=\"og:image\" content=\"https:\/\/ilcrogiuolo.it\/wp-content\/uploads\/2020\/01\/orazione_3504731.jpg\" \/>\n\t<meta property=\"og:image:width\" content=\"627\" \/>\n\t<meta property=\"og:image:height\" content=\"600\" \/>\n\t<meta property=\"og:image:type\" content=\"image\/jpeg\" \/>\n<meta name=\"twitter:card\" content=\"summary_large_image\" \/>\n<script type=\"application\/ld+json\" class=\"yoast-schema-graph\">{\"@context\":\"https:\/\/schema.org\",\"@graph\":[{\"@type\":\"WebPage\",\"@id\":\"https:\/\/ilcrogiuolo.it\/en\/p\/saint-radegund-baron-samedis-prayer-parchment\/\",\"url\":\"https:\/\/ilcrogiuolo.it\/en\/p\/saint-radegund-baron-samedis-prayer-parchment\/\",\"name\":\"Saint Radegund Bar\u00f2n Samed\u00ec's prayer - Parchment - Il Crogiuolo\",\"isPartOf\":{\"@id\":\"https:\/\/ilcrogiuolo.it\/en\/#website\"},\"primaryImageOfPage\":{\"@id\":\"https:\/\/ilcrogiuolo.it\/en\/p\/saint-radegund-baron-samedis-prayer-parchment\/#primaryimage\"},\"image\":{\"@id\":\"https:\/\/ilcrogiuolo.it\/en\/p\/saint-radegund-baron-samedis-prayer-parchment\/#primaryimage\"},\"thumbnailUrl\":\"https:\/\/ilcrogiuolo.it\/wp-content\/uploads\/2020\/01\/orazione_3504731.jpg\",\"datePublished\":\"2020-01-14T18:23:41+00:00\",\"dateModified\":\"2020-05-26T14:20:40+00:00\",\"description\":\"Saint Radegund Bar\u00f2n Samed\u00ec's prayer - Parchment These special prayers consist of high quality prints reproduced on parchment with the related sacred image. They can be hung or framed This article is in\",\"breadcrumb\":{\"@id\":\"https:\/\/ilcrogiuolo.it\/en\/p\/saint-radegund-baron-samedis-prayer-parchment\/#breadcrumb\"},\"inLanguage\":\"en-US\",\"potentialAction\":[{\"@type\":\"ReadAction\",\"target\":[\"https:\/\/ilcrogiuolo.it\/en\/p\/saint-radegund-baron-samedis-prayer-parchment\/\"]}]},{\"@type\":\"ImageObject\",\"inLanguage\":\"en-US\",\"@id\":\"https:\/\/ilcrogiuolo.it\/en\/p\/saint-radegund-baron-samedis-prayer-parchment\/#primaryimage\",\"url\":\"https:\/\/ilcrogiuolo.it\/wp-content\/uploads\/2020\/01\/orazione_3504731.jpg\",\"contentUrl\":\"https:\/\/ilcrogiuolo.it\/wp-content\/uploads\/2020\/01\/orazione_3504731.jpg\",\"width\":627,\"height\":600},{\"@type\":\"BreadcrumbList\",\"@id\":\"https:\/\/ilcrogiuolo.it\/en\/p\/saint-radegund-baron-samedis-prayer-parchment\/#breadcrumb\",\"itemListElement\":[{\"@type\":\"ListItem\",\"position\":1,\"name\":\"Home\",\"item\":\"https:\/\/ilcrogiuolo.it\/en\/\"},{\"@type\":\"ListItem\",\"position\":2,\"name\":\"Shop\",\"item\":\"https:\/\/ilcrogiuolo.it\/en\/shop\/\"},{\"@type\":\"ListItem\",\"position\":3,\"name\":\"Saint Radegund Bar\u00f2n Samed\u00ec&#8217;s prayer &#8211; Parchment\"}]},{\"@type\":\"WebSite\",\"@id\":\"https:\/\/ilcrogiuolo.it\/en\/#website\",\"url\":\"https:\/\/ilcrogiuolo.it\/en\/\",\"name\":\"Il Crogiuolo\",\"description\":\"\",\"publisher\":{\"@id\":\"https:\/\/ilcrogiuolo.it\/en\/#organization\"},\"potentialAction\":[{\"@type\":\"SearchAction\",\"target\":{\"@type\":\"EntryPoint\",\"urlTemplate\":\"https:\/\/ilcrogiuolo.it\/en\/?s={search_term_string}\"},\"query-input\":{\"@type\":\"PropertyValueSpecification\",\"valueRequired\":true,\"valueName\":\"search_term_string\"}}],\"inLanguage\":\"en-US\"},{\"@type\":\"Organization\",\"@id\":\"https:\/\/ilcrogiuolo.it\/en\/#organization\",\"name\":\"Il Crogiuolo\",\"url\":\"https:\/\/ilcrogiuolo.it\/en\/\",\"logo\":{\"@type\":\"ImageObject\",\"inLanguage\":\"en-US\",\"@id\":\"https:\/\/ilcrogiuolo.it\/en\/#\/schema\/logo\/image\/\",\"url\":\"https:\/\/ilcrogiuolo.it\/wp-content\/uploads\/2020\/04\/logo.png\",\"contentUrl\":\"https:\/\/ilcrogiuolo.it\/wp-content\/uploads\/2020\/04\/logo.png\",\"width\":200,\"height\":49,\"caption\":\"Il Crogiuolo\"},\"image\":{\"@id\":\"https:\/\/ilcrogiuolo.it\/en\/#\/schema\/logo\/image\/\"},\"sameAs\":[\"https:\/\/www.facebook.com\/Il-Crogiuolo-681876418491758\"]}]}<\/script>\n<!-- \/ Yoast SEO plugin. -->","yoast_head_json":{"title":"Saint Radegund Bar\u00f2n Samed\u00ec's prayer - Parchment - Il Crogiuolo","description":"Saint Radegund Bar\u00f2n Samed\u00ec's prayer - Parchment These special prayers consist of high quality prints reproduced on parchment with the related sacred image. They can be hung or framed This article is in","robots":{"index":"index","follow":"follow","max-snippet":"max-snippet:-1","max-image-preview":"max-image-preview:large","max-video-preview":"max-video-preview:-1"},"canonical":"https:\/\/ilcrogiuolo.it\/en\/p\/saint-radegund-baron-samedis-prayer-parchment\/","og_locale":"en_US","og_type":"article","og_title":"Saint Radegund Bar\u00f2n Samed\u00ec's prayer - Parchment - Il Crogiuolo","og_description":"Saint Radegund Bar\u00f2n Samed\u00ec's prayer - Parchment These special prayers consist of high quality prints reproduced on parchment with the related sacred image. They can be hung or framed This article is in","og_url":"https:\/\/ilcrogiuolo.it\/en\/p\/saint-radegund-baron-samedis-prayer-parchment\/","og_site_name":"Il Crogiuolo","article_publisher":"https:\/\/www.facebook.com\/Il-Crogiuolo-681876418491758","article_modified_time":"2020-05-26T14:20:40+00:00","og_image":[{"width":627,"height":600,"url":"https:\/\/ilcrogiuolo.it\/wp-content\/uploads\/2020\/01\/orazione_3504731.jpg","type":"image\/jpeg"}],"twitter_card":"summary_large_image","schema":{"@context":"https:\/\/schema.org","@graph":[{"@type":"WebPage","@id":"https:\/\/ilcrogiuolo.it\/en\/p\/saint-radegund-baron-samedis-prayer-parchment\/","url":"https:\/\/ilcrogiuolo.it\/en\/p\/saint-radegund-baron-samedis-prayer-parchment\/","name":"Saint Radegund Bar\u00f2n Samed\u00ec's prayer - Parchment - Il Crogiuolo","isPartOf":{"@id":"https:\/\/ilcrogiuolo.it\/en\/#website"},"primaryImageOfPage":{"@id":"https:\/\/ilcrogiuolo.it\/en\/p\/saint-radegund-baron-samedis-prayer-parchment\/#primaryimage"},"image":{"@id":"https:\/\/ilcrogiuolo.it\/en\/p\/saint-radegund-baron-samedis-prayer-parchment\/#primaryimage"},"thumbnailUrl":"https:\/\/ilcrogiuolo.it\/wp-content\/uploads\/2020\/01\/orazione_3504731.jpg","datePublished":"2020-01-14T18:23:41+00:00","dateModified":"2020-05-26T14:20:40+00:00","description":"Saint Radegund Bar\u00f2n Samed\u00ec's prayer - Parchment These special prayers consist of high quality prints reproduced on parchment with the related sacred image. They can be hung or framed This article is in","breadcrumb":{"@id":"https:\/\/ilcrogiuolo.it\/en\/p\/saint-radegund-baron-samedis-prayer-parchment\/#breadcrumb"},"inLanguage":"en-US","potentialAction":[{"@type":"ReadAction","target":["https:\/\/ilcrogiuolo.it\/en\/p\/saint-radegund-baron-samedis-prayer-parchment\/"]}]},{"@type":"ImageObject","inLanguage":"en-US","@id":"https:\/\/ilcrogiuolo.it\/en\/p\/saint-radegund-baron-samedis-prayer-parchment\/#primaryimage","url":"https:\/\/ilcrogiuolo.it\/wp-content\/uploads\/2020\/01\/orazione_3504731.jpg","contentUrl":"https:\/\/ilcrogiuolo.it\/wp-content\/uploads\/2020\/01\/orazione_3504731.jpg","width":627,"height":600},{"@type":"BreadcrumbList","@id":"https:\/\/ilcrogiuolo.it\/en\/p\/saint-radegund-baron-samedis-prayer-parchment\/#breadcrumb","itemListElement":[{"@type":"ListItem","position":1,"name":"Home","item":"https:\/\/ilcrogiuolo.it\/en\/"},{"@type":"ListItem","position":2,"name":"Shop","item":"https:\/\/ilcrogiuolo.it\/en\/shop\/"},{"@type":"ListItem","position":3,"name":"Saint Radegund Bar\u00f2n Samed\u00ec&#8217;s prayer &#8211; Parchment"}]},{"@type":"WebSite","@id":"https:\/\/ilcrogiuolo.it\/en\/#website","url":"https:\/\/ilcrogiuolo.it\/en\/","name":"Il Crogiuolo","description":"","publisher":{"@id":"https:\/\/ilcrogiuolo.it\/en\/#organization"},"potentialAction":[{"@type":"SearchAction","target":{"@type":"EntryPoint","urlTemplate":"https:\/\/ilcrogiuolo.it\/en\/?s={search_term_string}"},"query-input":{"@type":"PropertyValueSpecification","valueRequired":true,"valueName":"search_term_string"}}],"inLanguage":"en-US"},{"@type":"Organization","@id":"https:\/\/ilcrogiuolo.it\/en\/#organization","name":"Il Crogiuolo","url":"https:\/\/ilcrogiuolo.it\/en\/","logo":{"@type":"ImageObject","inLanguage":"en-US","@id":"https:\/\/ilcrogiuolo.it\/en\/#\/schema\/logo\/image\/","url":"https:\/\/ilcrogiuolo.it\/wp-content\/uploads\/2020\/04\/logo.png","contentUrl":"https:\/\/ilcrogiuolo.it\/wp-content\/uploads\/2020\/04\/logo.png","width":200,"height":49,"caption":"Il Crogiuolo"},"image":{"@id":"https:\/\/ilcrogiuolo.it\/en\/#\/schema\/logo\/image\/"},"sameAs":["https:\/\/www.facebook.com\/Il-Crogiuolo-681876418491758"]}]}},"_links":{"self":[{"href":"https:\/\/ilcrogiuolo.it\/en\/wp-json\/wp\/v2\/product\/11618","targetHints":{"allow":["GET"]}}],"collection":[{"href":"https:\/\/ilcrogiuolo.it\/en\/wp-json\/wp\/v2\/product"}],"about":[{"href":"https:\/\/ilcrogiuolo.it\/en\/wp-json\/wp\/v2\/types\/product"}],"wp:featuredmedia":[{"embeddable":true,"href":"https:\/\/ilcrogiuolo.it\/en\/wp-json\/wp\/v2\/media\/5738"}],"wp:attachment":[{"href":"https:\/\/ilcrogiuolo.it\/en\/wp-json\/wp\/v2\/media?parent=11618"}],"wp:term":[{"taxonomy":"product_brand","embeddable":true,"href":"https:\/\/ilcrogiuolo.it\/en\/wp-json\/wp\/v2\/product_brand?post=11618"},{"taxonomy":"product_cat","embeddable":true,"href":"https:\/\/ilcrogiuolo.it\/en\/wp-json\/wp\/v2\/product_cat?post=11618"},{"taxonomy":"product_tag","embeddable":true,"href":"https:\/\/ilcrogiuolo.it\/en\/wp-json\/wp\/v2\/product_tag?post=11618"}],"curies":[{"name":"wp","href":"https:\/\/api.w.org\/{rel}","templated":true}]}}