{"id":11597,"date":"2020-01-14T17:11:25","date_gmt":"2020-01-14T18:23:27","guid":{"rendered":"https:\/\/ilcrogiuolo.it\/p\/course-of-macumba-1st-edition-3\/"},"modified":"2020-04-21T19:42:13","modified_gmt":"2020-04-21T17:42:13","slug":"course-of-macumba-1st-edition-3","status":"publish","type":"product","link":"https:\/\/ilcrogiuolo.it\/en\/p\/course-of-macumba-1st-edition-3\/","title":{"rendered":"Course of Macumba 1st Edition"},"content":{"rendered":"<p>This course includes: A videotape plus a wast textbook: History and origin of the Macumba,Orix\u00e1s, Ex\u00fa, Pretos Velhos, Caboclos, Magi ritual cousine, Eb\u00f3, Pontos Cantados, Pontos Rescados, Magic of Brazilian candle, The use of the Statue, original Brazilian rituals etc&#8230;<\/p>\n","protected":false},"excerpt":{"rendered":"<p>This course includes: A videotape plus a wast textbook: History and origin of the Macumba,Orix\u00e1s, Ex\u00fa, Pretos Velhos, Caboclos, Magi&#8230;<\/p>\n","protected":false},"featured_media":5675,"template":"","meta":{"_acf_changed":false},"product_brand":[],"product_cat":[1621,1222,1200],"product_tag":[],"class_list":{"0":"post-11597","1":"product","2":"type-product","3":"status-publish","4":"has-post-thumbnail","6":"product_cat-e-books","7":"product_cat-esoteric-bookshop-ebook","8":"product_cat-esoteric-bookstore","10":"first","11":"instock","12":"downloadable","13":"virtual","14":"taxable","15":"purchasable","16":"product-type-simple","17":"add-to-wishlist-before_image"},"acf":[],"yoast_head":"<!-- This site is optimized with the Yoast SEO plugin v26.9 - https:\/\/yoast.com\/product\/yoast-seo-wordpress\/ -->\n<title>Course of Macumba 1st Edition - Il Crogiuolo<\/title>\n<meta name=\"description\" content=\"Course of Macumba 1st Edition This course includes: A videotape plus a wast textbook: History and origin of the Macumba,Orix\u00e1s, Ex\u00fa, Pretos Velhos, Caboclos, Magi ritual cousine, Eb\u00f3,\" \/>\n<meta name=\"robots\" content=\"index, follow, max-snippet:-1, max-image-preview:large, max-video-preview:-1\" \/>\n<link rel=\"canonical\" href=\"https:\/\/ilcrogiuolo.it\/en\/p\/course-of-macumba-1st-edition-3\/\" \/>\n<meta property=\"og:locale\" content=\"en_US\" \/>\n<meta property=\"og:type\" content=\"article\" \/>\n<meta property=\"og:title\" content=\"Course of Macumba 1st Edition - Il Crogiuolo\" \/>\n<meta property=\"og:description\" content=\"Course of Macumba 1st Edition This course includes: A videotape plus a wast textbook: History and origin of the Macumba,Orix\u00e1s, Ex\u00fa, Pretos Velhos, Caboclos, Magi ritual cousine, Eb\u00f3,\" \/>\n<meta property=\"og:url\" content=\"https:\/\/ilcrogiuolo.it\/en\/p\/course-of-macumba-1st-edition-3\/\" \/>\n<meta property=\"og:site_name\" content=\"Il Crogiuolo\" \/>\n<meta property=\"article:publisher\" content=\"https:\/\/www.facebook.com\/Il-Crogiuolo-681876418491758\" \/>\n<meta property=\"article:modified_time\" content=\"2020-04-21T17:42:13+00:00\" \/>\n<meta property=\"og:image\" content=\"https:\/\/ilcrogiuolo.it\/wp-content\/uploads\/2020\/01\/macumbalibroexufatturemagiabrasiliana_9434346.jpg\" \/>\n\t<meta property=\"og:image:width\" content=\"627\" \/>\n\t<meta property=\"og:image:height\" content=\"600\" \/>\n\t<meta property=\"og:image:type\" content=\"image\/jpeg\" \/>\n<meta name=\"twitter:card\" content=\"summary_large_image\" \/>\n<script type=\"application\/ld+json\" class=\"yoast-schema-graph\">{\"@context\":\"https:\/\/schema.org\",\"@graph\":[{\"@type\":\"WebPage\",\"@id\":\"https:\/\/ilcrogiuolo.it\/en\/p\/course-of-macumba-1st-edition-3\/\",\"url\":\"https:\/\/ilcrogiuolo.it\/en\/p\/course-of-macumba-1st-edition-3\/\",\"name\":\"Course of Macumba 1st Edition - Il Crogiuolo\",\"isPartOf\":{\"@id\":\"https:\/\/ilcrogiuolo.it\/en\/#website\"},\"primaryImageOfPage\":{\"@id\":\"https:\/\/ilcrogiuolo.it\/en\/p\/course-of-macumba-1st-edition-3\/#primaryimage\"},\"image\":{\"@id\":\"https:\/\/ilcrogiuolo.it\/en\/p\/course-of-macumba-1st-edition-3\/#primaryimage\"},\"thumbnailUrl\":\"https:\/\/ilcrogiuolo.it\/wp-content\/uploads\/2020\/01\/macumbalibroexufatturemagiabrasiliana_9434346.jpg\",\"datePublished\":\"2020-01-14T18:23:27+00:00\",\"dateModified\":\"2020-04-21T17:42:13+00:00\",\"description\":\"Course of Macumba 1st Edition This course includes: A videotape plus a wast textbook: History and origin of the Macumba,Orix\u00e1s, Ex\u00fa, Pretos Velhos, Caboclos, Magi ritual cousine, Eb\u00f3,\",\"breadcrumb\":{\"@id\":\"https:\/\/ilcrogiuolo.it\/en\/p\/course-of-macumba-1st-edition-3\/#breadcrumb\"},\"inLanguage\":\"en-US\",\"potentialAction\":[{\"@type\":\"ReadAction\",\"target\":[\"https:\/\/ilcrogiuolo.it\/en\/p\/course-of-macumba-1st-edition-3\/\"]}]},{\"@type\":\"ImageObject\",\"inLanguage\":\"en-US\",\"@id\":\"https:\/\/ilcrogiuolo.it\/en\/p\/course-of-macumba-1st-edition-3\/#primaryimage\",\"url\":\"https:\/\/ilcrogiuolo.it\/wp-content\/uploads\/2020\/01\/macumbalibroexufatturemagiabrasiliana_9434346.jpg\",\"contentUrl\":\"https:\/\/ilcrogiuolo.it\/wp-content\/uploads\/2020\/01\/macumbalibroexufatturemagiabrasiliana_9434346.jpg\",\"width\":627,\"height\":600},{\"@type\":\"BreadcrumbList\",\"@id\":\"https:\/\/ilcrogiuolo.it\/en\/p\/course-of-macumba-1st-edition-3\/#breadcrumb\",\"itemListElement\":[{\"@type\":\"ListItem\",\"position\":1,\"name\":\"Home\",\"item\":\"https:\/\/ilcrogiuolo.it\/en\/\"},{\"@type\":\"ListItem\",\"position\":2,\"name\":\"Shop\",\"item\":\"https:\/\/ilcrogiuolo.it\/en\/shop\/\"},{\"@type\":\"ListItem\",\"position\":3,\"name\":\"Course of Macumba 1st Edition\"}]},{\"@type\":\"WebSite\",\"@id\":\"https:\/\/ilcrogiuolo.it\/en\/#website\",\"url\":\"https:\/\/ilcrogiuolo.it\/en\/\",\"name\":\"Il Crogiuolo\",\"description\":\"\",\"publisher\":{\"@id\":\"https:\/\/ilcrogiuolo.it\/en\/#organization\"},\"potentialAction\":[{\"@type\":\"SearchAction\",\"target\":{\"@type\":\"EntryPoint\",\"urlTemplate\":\"https:\/\/ilcrogiuolo.it\/en\/?s={search_term_string}\"},\"query-input\":{\"@type\":\"PropertyValueSpecification\",\"valueRequired\":true,\"valueName\":\"search_term_string\"}}],\"inLanguage\":\"en-US\"},{\"@type\":\"Organization\",\"@id\":\"https:\/\/ilcrogiuolo.it\/en\/#organization\",\"name\":\"Il Crogiuolo\",\"url\":\"https:\/\/ilcrogiuolo.it\/en\/\",\"logo\":{\"@type\":\"ImageObject\",\"inLanguage\":\"en-US\",\"@id\":\"https:\/\/ilcrogiuolo.it\/en\/#\/schema\/logo\/image\/\",\"url\":\"https:\/\/ilcrogiuolo.it\/wp-content\/uploads\/2020\/04\/logo.png\",\"contentUrl\":\"https:\/\/ilcrogiuolo.it\/wp-content\/uploads\/2020\/04\/logo.png\",\"width\":200,\"height\":49,\"caption\":\"Il Crogiuolo\"},\"image\":{\"@id\":\"https:\/\/ilcrogiuolo.it\/en\/#\/schema\/logo\/image\/\"},\"sameAs\":[\"https:\/\/www.facebook.com\/Il-Crogiuolo-681876418491758\"]}]}<\/script>\n<!-- \/ Yoast SEO plugin. -->","yoast_head_json":{"title":"Course of Macumba 1st Edition - Il Crogiuolo","description":"Course of Macumba 1st Edition This course includes: A videotape plus a wast textbook: History and origin of the Macumba,Orix\u00e1s, Ex\u00fa, Pretos Velhos, Caboclos, Magi ritual cousine, Eb\u00f3,","robots":{"index":"index","follow":"follow","max-snippet":"max-snippet:-1","max-image-preview":"max-image-preview:large","max-video-preview":"max-video-preview:-1"},"canonical":"https:\/\/ilcrogiuolo.it\/en\/p\/course-of-macumba-1st-edition-3\/","og_locale":"en_US","og_type":"article","og_title":"Course of Macumba 1st Edition - Il Crogiuolo","og_description":"Course of Macumba 1st Edition This course includes: A videotape plus a wast textbook: History and origin of the Macumba,Orix\u00e1s, Ex\u00fa, Pretos Velhos, Caboclos, Magi ritual cousine, Eb\u00f3,","og_url":"https:\/\/ilcrogiuolo.it\/en\/p\/course-of-macumba-1st-edition-3\/","og_site_name":"Il Crogiuolo","article_publisher":"https:\/\/www.facebook.com\/Il-Crogiuolo-681876418491758","article_modified_time":"2020-04-21T17:42:13+00:00","og_image":[{"width":627,"height":600,"url":"https:\/\/ilcrogiuolo.it\/wp-content\/uploads\/2020\/01\/macumbalibroexufatturemagiabrasiliana_9434346.jpg","type":"image\/jpeg"}],"twitter_card":"summary_large_image","schema":{"@context":"https:\/\/schema.org","@graph":[{"@type":"WebPage","@id":"https:\/\/ilcrogiuolo.it\/en\/p\/course-of-macumba-1st-edition-3\/","url":"https:\/\/ilcrogiuolo.it\/en\/p\/course-of-macumba-1st-edition-3\/","name":"Course of Macumba 1st Edition - Il Crogiuolo","isPartOf":{"@id":"https:\/\/ilcrogiuolo.it\/en\/#website"},"primaryImageOfPage":{"@id":"https:\/\/ilcrogiuolo.it\/en\/p\/course-of-macumba-1st-edition-3\/#primaryimage"},"image":{"@id":"https:\/\/ilcrogiuolo.it\/en\/p\/course-of-macumba-1st-edition-3\/#primaryimage"},"thumbnailUrl":"https:\/\/ilcrogiuolo.it\/wp-content\/uploads\/2020\/01\/macumbalibroexufatturemagiabrasiliana_9434346.jpg","datePublished":"2020-01-14T18:23:27+00:00","dateModified":"2020-04-21T17:42:13+00:00","description":"Course of Macumba 1st Edition This course includes: A videotape plus a wast textbook: History and origin of the Macumba,Orix\u00e1s, Ex\u00fa, Pretos Velhos, Caboclos, Magi ritual cousine, Eb\u00f3,","breadcrumb":{"@id":"https:\/\/ilcrogiuolo.it\/en\/p\/course-of-macumba-1st-edition-3\/#breadcrumb"},"inLanguage":"en-US","potentialAction":[{"@type":"ReadAction","target":["https:\/\/ilcrogiuolo.it\/en\/p\/course-of-macumba-1st-edition-3\/"]}]},{"@type":"ImageObject","inLanguage":"en-US","@id":"https:\/\/ilcrogiuolo.it\/en\/p\/course-of-macumba-1st-edition-3\/#primaryimage","url":"https:\/\/ilcrogiuolo.it\/wp-content\/uploads\/2020\/01\/macumbalibroexufatturemagiabrasiliana_9434346.jpg","contentUrl":"https:\/\/ilcrogiuolo.it\/wp-content\/uploads\/2020\/01\/macumbalibroexufatturemagiabrasiliana_9434346.jpg","width":627,"height":600},{"@type":"BreadcrumbList","@id":"https:\/\/ilcrogiuolo.it\/en\/p\/course-of-macumba-1st-edition-3\/#breadcrumb","itemListElement":[{"@type":"ListItem","position":1,"name":"Home","item":"https:\/\/ilcrogiuolo.it\/en\/"},{"@type":"ListItem","position":2,"name":"Shop","item":"https:\/\/ilcrogiuolo.it\/en\/shop\/"},{"@type":"ListItem","position":3,"name":"Course of Macumba 1st Edition"}]},{"@type":"WebSite","@id":"https:\/\/ilcrogiuolo.it\/en\/#website","url":"https:\/\/ilcrogiuolo.it\/en\/","name":"Il Crogiuolo","description":"","publisher":{"@id":"https:\/\/ilcrogiuolo.it\/en\/#organization"},"potentialAction":[{"@type":"SearchAction","target":{"@type":"EntryPoint","urlTemplate":"https:\/\/ilcrogiuolo.it\/en\/?s={search_term_string}"},"query-input":{"@type":"PropertyValueSpecification","valueRequired":true,"valueName":"search_term_string"}}],"inLanguage":"en-US"},{"@type":"Organization","@id":"https:\/\/ilcrogiuolo.it\/en\/#organization","name":"Il Crogiuolo","url":"https:\/\/ilcrogiuolo.it\/en\/","logo":{"@type":"ImageObject","inLanguage":"en-US","@id":"https:\/\/ilcrogiuolo.it\/en\/#\/schema\/logo\/image\/","url":"https:\/\/ilcrogiuolo.it\/wp-content\/uploads\/2020\/04\/logo.png","contentUrl":"https:\/\/ilcrogiuolo.it\/wp-content\/uploads\/2020\/04\/logo.png","width":200,"height":49,"caption":"Il Crogiuolo"},"image":{"@id":"https:\/\/ilcrogiuolo.it\/en\/#\/schema\/logo\/image\/"},"sameAs":["https:\/\/www.facebook.com\/Il-Crogiuolo-681876418491758"]}]}},"_links":{"self":[{"href":"https:\/\/ilcrogiuolo.it\/en\/wp-json\/wp\/v2\/product\/11597","targetHints":{"allow":["GET"]}}],"collection":[{"href":"https:\/\/ilcrogiuolo.it\/en\/wp-json\/wp\/v2\/product"}],"about":[{"href":"https:\/\/ilcrogiuolo.it\/en\/wp-json\/wp\/v2\/types\/product"}],"wp:featuredmedia":[{"embeddable":true,"href":"https:\/\/ilcrogiuolo.it\/en\/wp-json\/wp\/v2\/media\/5675"}],"wp:attachment":[{"href":"https:\/\/ilcrogiuolo.it\/en\/wp-json\/wp\/v2\/media?parent=11597"}],"wp:term":[{"taxonomy":"product_brand","embeddable":true,"href":"https:\/\/ilcrogiuolo.it\/en\/wp-json\/wp\/v2\/product_brand?post=11597"},{"taxonomy":"product_cat","embeddable":true,"href":"https:\/\/ilcrogiuolo.it\/en\/wp-json\/wp\/v2\/product_cat?post=11597"},{"taxonomy":"product_tag","embeddable":true,"href":"https:\/\/ilcrogiuolo.it\/en\/wp-json\/wp\/v2\/product_tag?post=11597"}],"curies":[{"name":"wp","href":"https:\/\/api.w.org\/{rel}","templated":true}]}}