{"id":11475,"date":"2020-01-14T17:10:49","date_gmt":"2020-01-14T18:22:15","guid":{"rendered":"https:\/\/ilcrogiuolo.it\/p\/payment-to-the-earth-ritual\/"},"modified":"2020-02-28T07:59:33","modified_gmt":"2020-02-28T06:59:33","slug":"payment-to-the-earth-ritual","status":"publish","type":"product","link":"https:\/\/ilcrogiuolo.it\/en\/p\/payment-to-the-earth-ritual\/","title":{"rendered":"\u201cPAYMENT TO THE EARTH\u201d RITUAL"},"content":{"rendered":"<p><span lang=\"EN-US\">In all ancient cultures, everywhere in the world, as the end of the year approaches or in some peculiar moments of our life, the \u201cpayment to the Earth\u201d ceremony is fulfilled. Ritual consists in a donation to Mother Earth, mother of the cosmos and all that is in it, first of all to propitiate the upcoming new year but even during the year in order to get our desires fulfilled. Ancient Celts used to pay homage to the Earth by gifting it: this is a very common practice widespread all over the world with slight differences. In African tradition and by consequence in the Afro American one, the ritual is called Eb\u00f2 Iku\u00f2 and is addressed to Onil\u00e9, Orix\u00e0 of the Earth in itself, or to Nan\u00e0 Buruk\u00f9. In the culture of the Andes ritual is addressed to Pachamama, Mother Earth. Main theme of this thousand-years-old practices, which in a sense can leave us astonished, is that these \u201cpayment to the Earth\u201d rituals are very similar one to another, as if they were revealed, in past historic, to humans by the same divinities.<!--?xml:namespace prefix = o ns = \"urn:schemas-microsoft-com:office:office\" \/--><\/span><\/p>\n<p><span lang=\"EN-US\">So this ritual can be used for<\/span><\/p>\n<p><span lang=\"EN-US\">&#8211; propitiate the coming of the new year, pushing poverty, unhappiness, loneliness away and welcoming instead friendship, richness, love and peace \u00a0<\/span><\/p>\n<p><span lang=\"EN-US\">&#8211; propitiate resolution of health, money, love or family troubles<\/span><\/p>\n<p><span lang=\"EN-US\">&#8211; remove any kind of vices, bah behavior, rumors and to push enemies away <\/span><\/p>\n","protected":false},"excerpt":{"rendered":"<p>In all ancient cultures, everywhere in the world, as the end of the year approaches or in some peculiar moments&#8230;<\/p>\n","protected":false},"featured_media":5391,"template":"","meta":{"_acf_changed":false},"product_brand":[],"product_cat":[1646,1199,1237],"product_tag":[],"class_list":{"0":"post-11475","1":"product","2":"type-product","3":"status-publish","4":"has-post-thumbnail","6":"product_cat-popular-magic-witchcraft","7":"product_cat-esoteric","8":"product_cat-rituals-planetary-witchcraft-angelic","10":"first","11":"instock","12":"taxable","13":"shipping-taxable","14":"purchasable","15":"product-type-simple","16":"add-to-wishlist-before_image"},"acf":[],"yoast_head":"<!-- This site is optimized with the Yoast SEO plugin v26.9 - https:\/\/yoast.com\/product\/yoast-seo-wordpress\/ -->\n<title>PAYMENT TO THE EARTH - RITUAL<\/title>\n<meta name=\"description\" content=\"\u201cPAYMENT TO THE EARTH\u201d RITUAL In all ancient cultures, everywhere in the world, as the end of the year approaches or in some peculiar moments of our life, the \u201cpayment to the Earth\u201d\" \/>\n<meta name=\"robots\" content=\"index, follow, max-snippet:-1, max-image-preview:large, max-video-preview:-1\" \/>\n<link rel=\"canonical\" href=\"https:\/\/ilcrogiuolo.it\/en\/p\/payment-to-the-earth-ritual\/\" \/>\n<meta property=\"og:locale\" content=\"en_US\" \/>\n<meta property=\"og:type\" content=\"article\" \/>\n<meta property=\"og:title\" content=\"PAYMENT TO THE EARTH - RITUAL\" \/>\n<meta property=\"og:description\" content=\"\u201cPAYMENT TO THE EARTH\u201d RITUAL In all ancient cultures, everywhere in the world, as the end of the year approaches or in some peculiar moments of our life, the \u201cpayment to the Earth\u201d\" \/>\n<meta property=\"og:url\" content=\"https:\/\/ilcrogiuolo.it\/en\/p\/payment-to-the-earth-ritual\/\" \/>\n<meta property=\"og:site_name\" content=\"Il Crogiuolo\" \/>\n<meta property=\"article:publisher\" content=\"https:\/\/www.facebook.com\/Il-Crogiuolo-681876418491758\" \/>\n<meta property=\"article:modified_time\" content=\"2020-02-28T06:59:33+00:00\" \/>\n<meta property=\"og:image\" content=\"https:\/\/ilcrogiuolo.it\/wp-content\/uploads\/2020\/01\/pagamentoallaterradespachomoda_2754357.jpg\" \/>\n\t<meta property=\"og:image:width\" content=\"627\" \/>\n\t<meta property=\"og:image:height\" content=\"600\" \/>\n\t<meta property=\"og:image:type\" content=\"image\/jpeg\" \/>\n<meta name=\"twitter:card\" content=\"summary_large_image\" \/>\n<meta name=\"twitter:label1\" content=\"Est. reading time\" \/>\n\t<meta name=\"twitter:data1\" content=\"1 minute\" \/>\n<script type=\"application\/ld+json\" class=\"yoast-schema-graph\">{\"@context\":\"https:\/\/schema.org\",\"@graph\":[{\"@type\":\"WebPage\",\"@id\":\"https:\/\/ilcrogiuolo.it\/en\/p\/payment-to-the-earth-ritual\/\",\"url\":\"https:\/\/ilcrogiuolo.it\/en\/p\/payment-to-the-earth-ritual\/\",\"name\":\"PAYMENT TO THE EARTH - RITUAL\",\"isPartOf\":{\"@id\":\"https:\/\/ilcrogiuolo.it\/en\/#website\"},\"primaryImageOfPage\":{\"@id\":\"https:\/\/ilcrogiuolo.it\/en\/p\/payment-to-the-earth-ritual\/#primaryimage\"},\"image\":{\"@id\":\"https:\/\/ilcrogiuolo.it\/en\/p\/payment-to-the-earth-ritual\/#primaryimage\"},\"thumbnailUrl\":\"https:\/\/ilcrogiuolo.it\/wp-content\/uploads\/2020\/01\/pagamentoallaterradespachomoda_2754357.jpg\",\"datePublished\":\"2020-01-14T18:22:15+00:00\",\"dateModified\":\"2020-02-28T06:59:33+00:00\",\"description\":\"\u201cPAYMENT TO THE EARTH\u201d RITUAL In all ancient cultures, everywhere in the world, as the end of the year approaches or in some peculiar moments of our life, the \u201cpayment to the Earth\u201d\",\"breadcrumb\":{\"@id\":\"https:\/\/ilcrogiuolo.it\/en\/p\/payment-to-the-earth-ritual\/#breadcrumb\"},\"inLanguage\":\"en-US\",\"potentialAction\":[{\"@type\":\"ReadAction\",\"target\":[\"https:\/\/ilcrogiuolo.it\/en\/p\/payment-to-the-earth-ritual\/\"]}]},{\"@type\":\"ImageObject\",\"inLanguage\":\"en-US\",\"@id\":\"https:\/\/ilcrogiuolo.it\/en\/p\/payment-to-the-earth-ritual\/#primaryimage\",\"url\":\"https:\/\/ilcrogiuolo.it\/wp-content\/uploads\/2020\/01\/pagamentoallaterradespachomoda_2754357.jpg\",\"contentUrl\":\"https:\/\/ilcrogiuolo.it\/wp-content\/uploads\/2020\/01\/pagamentoallaterradespachomoda_2754357.jpg\",\"width\":627,\"height\":600},{\"@type\":\"BreadcrumbList\",\"@id\":\"https:\/\/ilcrogiuolo.it\/en\/p\/payment-to-the-earth-ritual\/#breadcrumb\",\"itemListElement\":[{\"@type\":\"ListItem\",\"position\":1,\"name\":\"Home\",\"item\":\"https:\/\/ilcrogiuolo.it\/en\/\"},{\"@type\":\"ListItem\",\"position\":2,\"name\":\"Shop\",\"item\":\"https:\/\/ilcrogiuolo.it\/en\/shop\/\"},{\"@type\":\"ListItem\",\"position\":3,\"name\":\"\u201cPAYMENT TO THE EARTH\u201d RITUAL\"}]},{\"@type\":\"WebSite\",\"@id\":\"https:\/\/ilcrogiuolo.it\/en\/#website\",\"url\":\"https:\/\/ilcrogiuolo.it\/en\/\",\"name\":\"Il Crogiuolo\",\"description\":\"\",\"publisher\":{\"@id\":\"https:\/\/ilcrogiuolo.it\/en\/#organization\"},\"potentialAction\":[{\"@type\":\"SearchAction\",\"target\":{\"@type\":\"EntryPoint\",\"urlTemplate\":\"https:\/\/ilcrogiuolo.it\/en\/?s={search_term_string}\"},\"query-input\":{\"@type\":\"PropertyValueSpecification\",\"valueRequired\":true,\"valueName\":\"search_term_string\"}}],\"inLanguage\":\"en-US\"},{\"@type\":\"Organization\",\"@id\":\"https:\/\/ilcrogiuolo.it\/en\/#organization\",\"name\":\"Il Crogiuolo\",\"url\":\"https:\/\/ilcrogiuolo.it\/en\/\",\"logo\":{\"@type\":\"ImageObject\",\"inLanguage\":\"en-US\",\"@id\":\"https:\/\/ilcrogiuolo.it\/en\/#\/schema\/logo\/image\/\",\"url\":\"https:\/\/ilcrogiuolo.it\/wp-content\/uploads\/2020\/04\/logo.png\",\"contentUrl\":\"https:\/\/ilcrogiuolo.it\/wp-content\/uploads\/2020\/04\/logo.png\",\"width\":200,\"height\":49,\"caption\":\"Il Crogiuolo\"},\"image\":{\"@id\":\"https:\/\/ilcrogiuolo.it\/en\/#\/schema\/logo\/image\/\"},\"sameAs\":[\"https:\/\/www.facebook.com\/Il-Crogiuolo-681876418491758\"]}]}<\/script>\n<!-- \/ Yoast SEO plugin. -->","yoast_head_json":{"title":"PAYMENT TO THE EARTH - RITUAL","description":"\u201cPAYMENT TO THE EARTH\u201d RITUAL In all ancient cultures, everywhere in the world, as the end of the year approaches or in some peculiar moments of our life, the \u201cpayment to the Earth\u201d","robots":{"index":"index","follow":"follow","max-snippet":"max-snippet:-1","max-image-preview":"max-image-preview:large","max-video-preview":"max-video-preview:-1"},"canonical":"https:\/\/ilcrogiuolo.it\/en\/p\/payment-to-the-earth-ritual\/","og_locale":"en_US","og_type":"article","og_title":"PAYMENT TO THE EARTH - RITUAL","og_description":"\u201cPAYMENT TO THE EARTH\u201d RITUAL In all ancient cultures, everywhere in the world, as the end of the year approaches or in some peculiar moments of our life, the \u201cpayment to the Earth\u201d","og_url":"https:\/\/ilcrogiuolo.it\/en\/p\/payment-to-the-earth-ritual\/","og_site_name":"Il Crogiuolo","article_publisher":"https:\/\/www.facebook.com\/Il-Crogiuolo-681876418491758","article_modified_time":"2020-02-28T06:59:33+00:00","og_image":[{"width":627,"height":600,"url":"https:\/\/ilcrogiuolo.it\/wp-content\/uploads\/2020\/01\/pagamentoallaterradespachomoda_2754357.jpg","type":"image\/jpeg"}],"twitter_card":"summary_large_image","twitter_misc":{"Est. reading time":"1 minute"},"schema":{"@context":"https:\/\/schema.org","@graph":[{"@type":"WebPage","@id":"https:\/\/ilcrogiuolo.it\/en\/p\/payment-to-the-earth-ritual\/","url":"https:\/\/ilcrogiuolo.it\/en\/p\/payment-to-the-earth-ritual\/","name":"PAYMENT TO THE EARTH - RITUAL","isPartOf":{"@id":"https:\/\/ilcrogiuolo.it\/en\/#website"},"primaryImageOfPage":{"@id":"https:\/\/ilcrogiuolo.it\/en\/p\/payment-to-the-earth-ritual\/#primaryimage"},"image":{"@id":"https:\/\/ilcrogiuolo.it\/en\/p\/payment-to-the-earth-ritual\/#primaryimage"},"thumbnailUrl":"https:\/\/ilcrogiuolo.it\/wp-content\/uploads\/2020\/01\/pagamentoallaterradespachomoda_2754357.jpg","datePublished":"2020-01-14T18:22:15+00:00","dateModified":"2020-02-28T06:59:33+00:00","description":"\u201cPAYMENT TO THE EARTH\u201d RITUAL In all ancient cultures, everywhere in the world, as the end of the year approaches or in some peculiar moments of our life, the \u201cpayment to the Earth\u201d","breadcrumb":{"@id":"https:\/\/ilcrogiuolo.it\/en\/p\/payment-to-the-earth-ritual\/#breadcrumb"},"inLanguage":"en-US","potentialAction":[{"@type":"ReadAction","target":["https:\/\/ilcrogiuolo.it\/en\/p\/payment-to-the-earth-ritual\/"]}]},{"@type":"ImageObject","inLanguage":"en-US","@id":"https:\/\/ilcrogiuolo.it\/en\/p\/payment-to-the-earth-ritual\/#primaryimage","url":"https:\/\/ilcrogiuolo.it\/wp-content\/uploads\/2020\/01\/pagamentoallaterradespachomoda_2754357.jpg","contentUrl":"https:\/\/ilcrogiuolo.it\/wp-content\/uploads\/2020\/01\/pagamentoallaterradespachomoda_2754357.jpg","width":627,"height":600},{"@type":"BreadcrumbList","@id":"https:\/\/ilcrogiuolo.it\/en\/p\/payment-to-the-earth-ritual\/#breadcrumb","itemListElement":[{"@type":"ListItem","position":1,"name":"Home","item":"https:\/\/ilcrogiuolo.it\/en\/"},{"@type":"ListItem","position":2,"name":"Shop","item":"https:\/\/ilcrogiuolo.it\/en\/shop\/"},{"@type":"ListItem","position":3,"name":"\u201cPAYMENT TO THE EARTH\u201d RITUAL"}]},{"@type":"WebSite","@id":"https:\/\/ilcrogiuolo.it\/en\/#website","url":"https:\/\/ilcrogiuolo.it\/en\/","name":"Il Crogiuolo","description":"","publisher":{"@id":"https:\/\/ilcrogiuolo.it\/en\/#organization"},"potentialAction":[{"@type":"SearchAction","target":{"@type":"EntryPoint","urlTemplate":"https:\/\/ilcrogiuolo.it\/en\/?s={search_term_string}"},"query-input":{"@type":"PropertyValueSpecification","valueRequired":true,"valueName":"search_term_string"}}],"inLanguage":"en-US"},{"@type":"Organization","@id":"https:\/\/ilcrogiuolo.it\/en\/#organization","name":"Il Crogiuolo","url":"https:\/\/ilcrogiuolo.it\/en\/","logo":{"@type":"ImageObject","inLanguage":"en-US","@id":"https:\/\/ilcrogiuolo.it\/en\/#\/schema\/logo\/image\/","url":"https:\/\/ilcrogiuolo.it\/wp-content\/uploads\/2020\/04\/logo.png","contentUrl":"https:\/\/ilcrogiuolo.it\/wp-content\/uploads\/2020\/04\/logo.png","width":200,"height":49,"caption":"Il Crogiuolo"},"image":{"@id":"https:\/\/ilcrogiuolo.it\/en\/#\/schema\/logo\/image\/"},"sameAs":["https:\/\/www.facebook.com\/Il-Crogiuolo-681876418491758"]}]}},"_links":{"self":[{"href":"https:\/\/ilcrogiuolo.it\/en\/wp-json\/wp\/v2\/product\/11475","targetHints":{"allow":["GET"]}}],"collection":[{"href":"https:\/\/ilcrogiuolo.it\/en\/wp-json\/wp\/v2\/product"}],"about":[{"href":"https:\/\/ilcrogiuolo.it\/en\/wp-json\/wp\/v2\/types\/product"}],"wp:featuredmedia":[{"embeddable":true,"href":"https:\/\/ilcrogiuolo.it\/en\/wp-json\/wp\/v2\/media\/5391"}],"wp:attachment":[{"href":"https:\/\/ilcrogiuolo.it\/en\/wp-json\/wp\/v2\/media?parent=11475"}],"wp:term":[{"taxonomy":"product_brand","embeddable":true,"href":"https:\/\/ilcrogiuolo.it\/en\/wp-json\/wp\/v2\/product_brand?post=11475"},{"taxonomy":"product_cat","embeddable":true,"href":"https:\/\/ilcrogiuolo.it\/en\/wp-json\/wp\/v2\/product_cat?post=11475"},{"taxonomy":"product_tag","embeddable":true,"href":"https:\/\/ilcrogiuolo.it\/en\/wp-json\/wp\/v2\/product_tag?post=11475"}],"curies":[{"name":"wp","href":"https:\/\/api.w.org\/{rel}","templated":true}]}}