{"id":11375,"date":"2020-01-14T17:10:16","date_gmt":"2020-01-14T18:21:18","guid":{"rendered":"https:\/\/ilcrogiuolo.it\/p\/sarava\/"},"modified":"2020-09-11T15:17:24","modified_gmt":"2020-09-11T13:17:24","slug":"sarava-91-pages-e-book-pdf-edition","status":"publish","type":"product","link":"https:\/\/ilcrogiuolo.it\/en\/p\/sarava-91-pages-e-book-pdf-edition\/","title":{"rendered":"Sarav\u00e1 &#8211; 91 pages &#8211; E-book pdf edition"},"content":{"rendered":"<p>History and origin of the Macumba, metaphisical conception of the man, Orix\u00e1s and Ex\u00fas, Quinbanda, the days of the week refered to the Saints. Green Magic, the plants in the Magic, Pontos Rescados, Pontos Cantados Magical Practices, Magic Baths,the stone Im\u00e3, magic lamps, Divination (Buzios), prays and orations,Dictionary of the Brazilian terms.<\/p>\n","protected":false},"excerpt":{"rendered":"<p>History and origin of the Macumba, metaphisical conception of the man, Orix\u00e1s and Ex\u00fas, Quinbanda, the days of the week&#8230;<\/p>\n","protected":false},"featured_media":50012,"template":"","meta":{"_acf_changed":false},"product_brand":[],"product_cat":[1621,1222,1200],"product_tag":[],"class_list":{"0":"post-11375","1":"product","2":"type-product","3":"status-publish","4":"has-post-thumbnail","6":"product_cat-e-books","7":"product_cat-esoteric-bookshop-ebook","8":"product_cat-esoteric-bookstore","10":"first","11":"instock","12":"downloadable","13":"virtual","14":"taxable","15":"purchasable","16":"product-type-simple","17":"add-to-wishlist-before_image"},"acf":[],"yoast_head":"<!-- This site is optimized with the Yoast SEO plugin v26.9 - https:\/\/yoast.com\/product\/yoast-seo-wordpress\/ -->\n<title>Sarav\u00e1 - 91 pages - E-book pdf edition - Il Crogiuolo<\/title>\n<meta name=\"description\" content=\"Sarav\u00e1 - 91 pages - E-book pdf edition History and origin of the Macumba, metaphisical conception of the man, Orix\u00e1s and Ex\u00fas, Quinbanda, the days of the week refered to the Saints. Green\" \/>\n<meta name=\"robots\" content=\"index, follow, max-snippet:-1, max-image-preview:large, max-video-preview:-1\" \/>\n<link rel=\"canonical\" href=\"https:\/\/ilcrogiuolo.it\/en\/p\/sarava-91-pages-e-book-pdf-edition\/\" \/>\n<meta property=\"og:locale\" content=\"en_US\" \/>\n<meta property=\"og:type\" content=\"article\" \/>\n<meta property=\"og:title\" content=\"Sarav\u00e1 - 91 pages - E-book pdf edition - Il Crogiuolo\" \/>\n<meta property=\"og:description\" content=\"Sarav\u00e1 - 91 pages - E-book pdf edition History and origin of the Macumba, metaphisical conception of the man, Orix\u00e1s and Ex\u00fas, Quinbanda, the days of the week refered to the Saints. Green\" \/>\n<meta property=\"og:url\" content=\"https:\/\/ilcrogiuolo.it\/en\/p\/sarava-91-pages-e-book-pdf-edition\/\" \/>\n<meta property=\"og:site_name\" content=\"Il Crogiuolo\" \/>\n<meta property=\"article:publisher\" content=\"https:\/\/www.facebook.com\/Il-Crogiuolo-681876418491758\" \/>\n<meta property=\"article:modified_time\" content=\"2020-09-11T13:17:24+00:00\" \/>\n<meta property=\"og:image\" content=\"https:\/\/ilcrogiuolo.it\/wp-content\/uploads\/2020\/01\/SARAVA-EBOOK.png\" \/>\n\t<meta property=\"og:image:width\" content=\"924\" \/>\n\t<meta property=\"og:image:height\" content=\"898\" \/>\n\t<meta property=\"og:image:type\" content=\"image\/png\" \/>\n<meta name=\"twitter:card\" content=\"summary_large_image\" \/>\n<script type=\"application\/ld+json\" class=\"yoast-schema-graph\">{\"@context\":\"https:\/\/schema.org\",\"@graph\":[{\"@type\":\"WebPage\",\"@id\":\"https:\/\/ilcrogiuolo.it\/en\/p\/sarava-91-pages-e-book-pdf-edition\/\",\"url\":\"https:\/\/ilcrogiuolo.it\/en\/p\/sarava-91-pages-e-book-pdf-edition\/\",\"name\":\"Sarav\u00e1 - 91 pages - E-book pdf edition - Il Crogiuolo\",\"isPartOf\":{\"@id\":\"https:\/\/ilcrogiuolo.it\/en\/#website\"},\"primaryImageOfPage\":{\"@id\":\"https:\/\/ilcrogiuolo.it\/en\/p\/sarava-91-pages-e-book-pdf-edition\/#primaryimage\"},\"image\":{\"@id\":\"https:\/\/ilcrogiuolo.it\/en\/p\/sarava-91-pages-e-book-pdf-edition\/#primaryimage\"},\"thumbnailUrl\":\"https:\/\/ilcrogiuolo.it\/wp-content\/uploads\/2020\/01\/sarava-libro-magia-brasiliana-rituali.png\",\"datePublished\":\"2020-01-14T18:21:18+00:00\",\"dateModified\":\"2020-09-11T13:17:24+00:00\",\"description\":\"Sarav\u00e1 - 91 pages - E-book pdf edition History and origin of the Macumba, metaphisical conception of the man, Orix\u00e1s and Ex\u00fas, Quinbanda, the days of the week refered to the Saints. Green\",\"breadcrumb\":{\"@id\":\"https:\/\/ilcrogiuolo.it\/en\/p\/sarava-91-pages-e-book-pdf-edition\/#breadcrumb\"},\"inLanguage\":\"en-US\",\"potentialAction\":[{\"@type\":\"ReadAction\",\"target\":[\"https:\/\/ilcrogiuolo.it\/en\/p\/sarava-91-pages-e-book-pdf-edition\/\"]}]},{\"@type\":\"ImageObject\",\"inLanguage\":\"en-US\",\"@id\":\"https:\/\/ilcrogiuolo.it\/en\/p\/sarava-91-pages-e-book-pdf-edition\/#primaryimage\",\"url\":\"https:\/\/ilcrogiuolo.it\/wp-content\/uploads\/2020\/01\/sarava-libro-magia-brasiliana-rituali.png\",\"contentUrl\":\"https:\/\/ilcrogiuolo.it\/wp-content\/uploads\/2020\/01\/sarava-libro-magia-brasiliana-rituali.png\",\"width\":768,\"height\":746},{\"@type\":\"BreadcrumbList\",\"@id\":\"https:\/\/ilcrogiuolo.it\/en\/p\/sarava-91-pages-e-book-pdf-edition\/#breadcrumb\",\"itemListElement\":[{\"@type\":\"ListItem\",\"position\":1,\"name\":\"Home\",\"item\":\"https:\/\/ilcrogiuolo.it\/en\/\"},{\"@type\":\"ListItem\",\"position\":2,\"name\":\"Shop\",\"item\":\"https:\/\/ilcrogiuolo.it\/en\/shop\/\"},{\"@type\":\"ListItem\",\"position\":3,\"name\":\"Sarav\u00e1 &#8211; 91 pages &#8211; E-book pdf edition\"}]},{\"@type\":\"WebSite\",\"@id\":\"https:\/\/ilcrogiuolo.it\/en\/#website\",\"url\":\"https:\/\/ilcrogiuolo.it\/en\/\",\"name\":\"Il Crogiuolo\",\"description\":\"\",\"publisher\":{\"@id\":\"https:\/\/ilcrogiuolo.it\/en\/#organization\"},\"potentialAction\":[{\"@type\":\"SearchAction\",\"target\":{\"@type\":\"EntryPoint\",\"urlTemplate\":\"https:\/\/ilcrogiuolo.it\/en\/?s={search_term_string}\"},\"query-input\":{\"@type\":\"PropertyValueSpecification\",\"valueRequired\":true,\"valueName\":\"search_term_string\"}}],\"inLanguage\":\"en-US\"},{\"@type\":\"Organization\",\"@id\":\"https:\/\/ilcrogiuolo.it\/en\/#organization\",\"name\":\"Il Crogiuolo\",\"url\":\"https:\/\/ilcrogiuolo.it\/en\/\",\"logo\":{\"@type\":\"ImageObject\",\"inLanguage\":\"en-US\",\"@id\":\"https:\/\/ilcrogiuolo.it\/en\/#\/schema\/logo\/image\/\",\"url\":\"https:\/\/ilcrogiuolo.it\/wp-content\/uploads\/2020\/04\/logo.png\",\"contentUrl\":\"https:\/\/ilcrogiuolo.it\/wp-content\/uploads\/2020\/04\/logo.png\",\"width\":200,\"height\":49,\"caption\":\"Il Crogiuolo\"},\"image\":{\"@id\":\"https:\/\/ilcrogiuolo.it\/en\/#\/schema\/logo\/image\/\"},\"sameAs\":[\"https:\/\/www.facebook.com\/Il-Crogiuolo-681876418491758\"]}]}<\/script>\n<!-- \/ Yoast SEO plugin. -->","yoast_head_json":{"title":"Sarav\u00e1 - 91 pages - E-book pdf edition - Il Crogiuolo","description":"Sarav\u00e1 - 91 pages - E-book pdf edition History and origin of the Macumba, metaphisical conception of the man, Orix\u00e1s and Ex\u00fas, Quinbanda, the days of the week refered to the Saints. Green","robots":{"index":"index","follow":"follow","max-snippet":"max-snippet:-1","max-image-preview":"max-image-preview:large","max-video-preview":"max-video-preview:-1"},"canonical":"https:\/\/ilcrogiuolo.it\/en\/p\/sarava-91-pages-e-book-pdf-edition\/","og_locale":"en_US","og_type":"article","og_title":"Sarav\u00e1 - 91 pages - E-book pdf edition - Il Crogiuolo","og_description":"Sarav\u00e1 - 91 pages - E-book pdf edition History and origin of the Macumba, metaphisical conception of the man, Orix\u00e1s and Ex\u00fas, Quinbanda, the days of the week refered to the Saints. Green","og_url":"https:\/\/ilcrogiuolo.it\/en\/p\/sarava-91-pages-e-book-pdf-edition\/","og_site_name":"Il Crogiuolo","article_publisher":"https:\/\/www.facebook.com\/Il-Crogiuolo-681876418491758","article_modified_time":"2020-09-11T13:17:24+00:00","og_image":[{"width":924,"height":898,"url":"https:\/\/ilcrogiuolo.it\/wp-content\/uploads\/2020\/01\/SARAVA-EBOOK.png","type":"image\/png"}],"twitter_card":"summary_large_image","schema":{"@context":"https:\/\/schema.org","@graph":[{"@type":"WebPage","@id":"https:\/\/ilcrogiuolo.it\/en\/p\/sarava-91-pages-e-book-pdf-edition\/","url":"https:\/\/ilcrogiuolo.it\/en\/p\/sarava-91-pages-e-book-pdf-edition\/","name":"Sarav\u00e1 - 91 pages - E-book pdf edition - Il Crogiuolo","isPartOf":{"@id":"https:\/\/ilcrogiuolo.it\/en\/#website"},"primaryImageOfPage":{"@id":"https:\/\/ilcrogiuolo.it\/en\/p\/sarava-91-pages-e-book-pdf-edition\/#primaryimage"},"image":{"@id":"https:\/\/ilcrogiuolo.it\/en\/p\/sarava-91-pages-e-book-pdf-edition\/#primaryimage"},"thumbnailUrl":"https:\/\/ilcrogiuolo.it\/wp-content\/uploads\/2020\/01\/sarava-libro-magia-brasiliana-rituali.png","datePublished":"2020-01-14T18:21:18+00:00","dateModified":"2020-09-11T13:17:24+00:00","description":"Sarav\u00e1 - 91 pages - E-book pdf edition History and origin of the Macumba, metaphisical conception of the man, Orix\u00e1s and Ex\u00fas, Quinbanda, the days of the week refered to the Saints. Green","breadcrumb":{"@id":"https:\/\/ilcrogiuolo.it\/en\/p\/sarava-91-pages-e-book-pdf-edition\/#breadcrumb"},"inLanguage":"en-US","potentialAction":[{"@type":"ReadAction","target":["https:\/\/ilcrogiuolo.it\/en\/p\/sarava-91-pages-e-book-pdf-edition\/"]}]},{"@type":"ImageObject","inLanguage":"en-US","@id":"https:\/\/ilcrogiuolo.it\/en\/p\/sarava-91-pages-e-book-pdf-edition\/#primaryimage","url":"https:\/\/ilcrogiuolo.it\/wp-content\/uploads\/2020\/01\/sarava-libro-magia-brasiliana-rituali.png","contentUrl":"https:\/\/ilcrogiuolo.it\/wp-content\/uploads\/2020\/01\/sarava-libro-magia-brasiliana-rituali.png","width":768,"height":746},{"@type":"BreadcrumbList","@id":"https:\/\/ilcrogiuolo.it\/en\/p\/sarava-91-pages-e-book-pdf-edition\/#breadcrumb","itemListElement":[{"@type":"ListItem","position":1,"name":"Home","item":"https:\/\/ilcrogiuolo.it\/en\/"},{"@type":"ListItem","position":2,"name":"Shop","item":"https:\/\/ilcrogiuolo.it\/en\/shop\/"},{"@type":"ListItem","position":3,"name":"Sarav\u00e1 &#8211; 91 pages &#8211; E-book pdf edition"}]},{"@type":"WebSite","@id":"https:\/\/ilcrogiuolo.it\/en\/#website","url":"https:\/\/ilcrogiuolo.it\/en\/","name":"Il Crogiuolo","description":"","publisher":{"@id":"https:\/\/ilcrogiuolo.it\/en\/#organization"},"potentialAction":[{"@type":"SearchAction","target":{"@type":"EntryPoint","urlTemplate":"https:\/\/ilcrogiuolo.it\/en\/?s={search_term_string}"},"query-input":{"@type":"PropertyValueSpecification","valueRequired":true,"valueName":"search_term_string"}}],"inLanguage":"en-US"},{"@type":"Organization","@id":"https:\/\/ilcrogiuolo.it\/en\/#organization","name":"Il Crogiuolo","url":"https:\/\/ilcrogiuolo.it\/en\/","logo":{"@type":"ImageObject","inLanguage":"en-US","@id":"https:\/\/ilcrogiuolo.it\/en\/#\/schema\/logo\/image\/","url":"https:\/\/ilcrogiuolo.it\/wp-content\/uploads\/2020\/04\/logo.png","contentUrl":"https:\/\/ilcrogiuolo.it\/wp-content\/uploads\/2020\/04\/logo.png","width":200,"height":49,"caption":"Il Crogiuolo"},"image":{"@id":"https:\/\/ilcrogiuolo.it\/en\/#\/schema\/logo\/image\/"},"sameAs":["https:\/\/www.facebook.com\/Il-Crogiuolo-681876418491758"]}]}},"_links":{"self":[{"href":"https:\/\/ilcrogiuolo.it\/en\/wp-json\/wp\/v2\/product\/11375","targetHints":{"allow":["GET"]}}],"collection":[{"href":"https:\/\/ilcrogiuolo.it\/en\/wp-json\/wp\/v2\/product"}],"about":[{"href":"https:\/\/ilcrogiuolo.it\/en\/wp-json\/wp\/v2\/types\/product"}],"wp:featuredmedia":[{"embeddable":true,"href":"https:\/\/ilcrogiuolo.it\/en\/wp-json\/wp\/v2\/media\/50012"}],"wp:attachment":[{"href":"https:\/\/ilcrogiuolo.it\/en\/wp-json\/wp\/v2\/media?parent=11375"}],"wp:term":[{"taxonomy":"product_brand","embeddable":true,"href":"https:\/\/ilcrogiuolo.it\/en\/wp-json\/wp\/v2\/product_brand?post=11375"},{"taxonomy":"product_cat","embeddable":true,"href":"https:\/\/ilcrogiuolo.it\/en\/wp-json\/wp\/v2\/product_cat?post=11375"},{"taxonomy":"product_tag","embeddable":true,"href":"https:\/\/ilcrogiuolo.it\/en\/wp-json\/wp\/v2\/product_tag?post=11375"}],"curies":[{"name":"wp","href":"https:\/\/api.w.org\/{rel}","templated":true}]}}