{"id":11263,"date":"2020-01-14T17:09:28","date_gmt":"2020-01-14T18:20:00","guid":{"rendered":"https:\/\/ilcrogiuolo.it\/p\/ritual-pusanga\/"},"modified":"2020-02-26T09:40:46","modified_gmt":"2020-02-26T08:40:46","slug":"ritual-pusanga","status":"publish","type":"product","link":"https:\/\/ilcrogiuolo.it\/en\/p\/ritual-pusanga\/","title":{"rendered":"Ritual Pusanga"},"content":{"rendered":"<p><span title=\"Nella tradizione amazzonica del Per\u00f9 viene preparata una particolare estratto chiamato Pusanga.\">In the Peruvian Amazon it is traditionally prepared a special extract called Pusanga. <\/span><span title=\"Questa miscela nasce dalla mistura di erbe e piante tropicali che hanno il potere di attirare a se le persone e le cose che si desiderano.\">This mixture comes from a mix of tropical herbs and plants that have the power to attract people to himself and the things that you wish. <\/span><span title=\"Per questo motivo la Pusanga ha sviluppato una reputazione impressionante al punto da venire chiamata \u201cla medicina dell\u2019amore delle Amazzoni\u201d, dal momento che l\u2019amore, naturalmente, \u00e8 la cosa a cui la maggior parte della gente anela. \">For this reason the Pusanga has developed an impressive reputation to the point of being called &#8220;the love medicine of the Amazon&#8221;, since love, of course, is the thing that most people yearn.<\/span><\/p>\n<p><span title=\"Composta da fiori ed erbe che da sempre sono considerate piante di attrazione e desiderio il segreto della Pusanga per\u00f2 risiede nella sua preparazione.\">Consisting of flowers and herbs that have always been considered Attraction plants and desire the secret of Pusanga however lies in its preparation. <\/span><span title=\"Aldil\u00e0 dei suoi ingredienti, mantenuti ancora segreti generazione dopo generazione, la base di questo liquido \u00e8 un\u2019acqua particolare chiamata \u201cagua de colpa\u201d.\">Beyond its ingredients, kept secret even generation after generation, the basis of this liquid water is particularly called &#8220;agua de fault.&#8221; <\/span><span title=\"L\u2019agua de colpa consiste nei residui di acqua piovana della foresta che si accumulano in particolari piscine naturali di argilla.\">The agua de fault consists in the residue of rain water in the forest that accumulate in specific natural pools of clay. <\/span><span title=\"Queste piscine diventano il punto di ritrovo di tutti gli animali della foresta, ma anche dei vari insediamenti umani.\">These pools become the meeting point of all the animals of the forest, but also of the various human settlements. <\/span><span title=\"La cosa strana \u00e8 che, e qui sta il mistero, sulle rive di questi luoghi persone ed animali si abbeverano senza mai aggredirsi, indipendentemente dalla specie, \u00e8 come fosse una zona franca di tregua.\">The strange thing is that, and therein lies the mystery, on the banks of these places, people and animals are watered without ever committing aggressions, regardless of species, it is like a truce free zone. <\/span><span title=\"Queste acque sono reputate sacre ed in grado altres\u00ec di curare diverse malattie.\">These waters are sacred and can also reputed to cure various diseases. <\/span><span title=\"Ad oggi scienziati e ricercatori ne stanno studiando la composizione senza per\u00f2 riuscire a trovarne una spiegazione esauriente delle propriet\u00e0 terapeutiche non imputabili unicamente, a detta degli studiosi, al terreno. \">To date scientists and researchers there are studying the composition but could not find a full explanation of the therapeutic properties can not be attributed solely, according to the scholars, to the ground.<\/span><\/p>\n<p><span title=\"Javier Aravelo, uno degli chamanes pi\u00f9 famoso di quei luoghi, afferma che la Pusanga, una volta indossata come un profumo, ha il potere di penetrare direttamente nello spirito di una persona e di conferirle il potere di attirare l\u2019amore come un magnete.\">Javier Aravelo, chamanes one of the most famous of those places, he says that the Pusanga, once worn as a perfume, has the power to penetrate into the spirit of a person and give it the power to attract love like a magnet. <\/span><span title=\"Il Crogiuolo\u00ae dopo anni di ricerche \u00e8 riuscito ad importare questa speciale essenza direttamente dal Per\u00f9 e ne garantisce la genuinit\u00e0 e l\u2019autenticit\u00e0.\">Esoteric after years of research has been able to import this special essence directly from Peru and guarantees the genuineness and authenticity. <\/span><span title=\"Diffidate da qualsiasi altra imitazione e ricercate sempre il marchio di garanzia che vi render\u00e0 certi della veridicit\u00e0 del prodotto.\">Beware of any other imitation and sought always the hallmark that will make sure the product authenticity. <\/span><span title=\"Il nostro staff ha finalmente tradotto il rituale completo della Pusanga, come ancora oggi viene eseguito da chamanes e curanderos e ve lo propone integralmente come un vero tesoro folklorico, patrimonio di una tradizione che lungi dall'essere estinta \u00e8 ancora viva nella foresta Amazzonica come uno\">Our staff has finally translated the complete ritual of Pusanga, as still is performed by chamanes and curanderos use and it offers fully as a true folk treasure, heritage of a tradition that far from being extinct is still living in the Amazon rainforest as one <\/span><span title=\"dei segreti pi\u00f9 gelosamente custoditi.\">of the most closely guarded secrets. <\/span><span title=\"Non serve infatti essere sciamani per poter godere del potere di questa miscela, l\u2019importante \u00e8 avere gli elementi giusti e seguire alla lettera le indicazioni lasciate dai brujos di quei luoghi. \">Does not in fact need to be shamans in order to enjoy the power of this mixture, the important thing is to have the right elements and follow to the letter the instructions left by brujos of those places.<\/span><\/p>\n<p><span title=\"Secondo quanto si tramanda si pu\u00f2 impiegare il Rituale Pusanga de Amor per differenti scopi: fare ritornare un amante, fidanzata\/o, sedurre un amore recalcitrante, ammorbidire il compagno\/ae renderla pi\u00f9 amorevole, rinvigorire una passione ma anche per ottenere l'esaudimento di\">According to what has been handed down it may be used Pusanga the Ritual de Amor for different purposes: to return a lover, girlfriend \/ or seduce a recalcitrant love, soften Spouse \/ a and make it more loving, reinvigorate a passion but also for the fulfillment of <\/span><span title=\"un sogno.\">a dream.<\/span><\/p>\n","protected":false},"excerpt":{"rendered":"<p>In the Peruvian Amazon it is traditionally prepared a special extract called Pusanga. This mixture comes from a mix of&#8230;<\/p>\n","protected":false},"featured_media":4805,"template":"","meta":{"_acf_changed":false},"product_brand":[],"product_cat":[1544,1210,1199],"product_tag":[],"class_list":{"0":"post-11263","1":"product","2":"type-product","3":"status-publish","4":"has-post-thumbnail","6":"product_cat-propitiatory-rituals-for-money-work","7":"product_cat-afro-brazilian-rituals-saints-items","8":"product_cat-esoteric","10":"first","11":"instock","12":"taxable","13":"shipping-taxable","14":"purchasable","15":"product-type-simple","16":"add-to-wishlist-before_image"},"acf":[],"yoast_head":"<!-- This site is optimized with the Yoast SEO plugin v26.9 - https:\/\/yoast.com\/product\/yoast-seo-wordpress\/ -->\n<title>Ritual Pusanga - Il Crogiuolo<\/title>\n<meta name=\"description\" content=\"Ritual Pusanga In the Peruvian Amazon it is traditionally prepared a special extract called Pusanga. This mixture comes from a mix of tropical herbs and plants that have\" \/>\n<meta name=\"robots\" content=\"index, follow, max-snippet:-1, max-image-preview:large, max-video-preview:-1\" \/>\n<link rel=\"canonical\" href=\"https:\/\/ilcrogiuolo.it\/en\/p\/ritual-pusanga\/\" \/>\n<meta property=\"og:locale\" content=\"en_US\" \/>\n<meta property=\"og:type\" content=\"article\" \/>\n<meta property=\"og:title\" content=\"Ritual Pusanga - Il Crogiuolo\" \/>\n<meta property=\"og:description\" content=\"Ritual Pusanga In the Peruvian Amazon it is traditionally prepared a special extract called Pusanga. This mixture comes from a mix of tropical herbs and plants that have\" \/>\n<meta property=\"og:url\" content=\"https:\/\/ilcrogiuolo.it\/en\/p\/ritual-pusanga\/\" \/>\n<meta property=\"og:site_name\" content=\"Il Crogiuolo\" \/>\n<meta property=\"article:publisher\" content=\"https:\/\/www.facebook.com\/Il-Crogiuolo-681876418491758\" \/>\n<meta property=\"article:modified_time\" content=\"2020-02-26T08:40:46+00:00\" \/>\n<meta property=\"og:image\" content=\"https:\/\/ilcrogiuolo.it\/wp-content\/uploads\/2020\/01\/puzangapusangaritualeamoreincamagiarossalegamento_3034805.jpg\" \/>\n\t<meta property=\"og:image:width\" content=\"627\" \/>\n\t<meta property=\"og:image:height\" content=\"600\" \/>\n\t<meta property=\"og:image:type\" content=\"image\/jpeg\" \/>\n<meta name=\"twitter:card\" content=\"summary_large_image\" \/>\n<meta name=\"twitter:label1\" content=\"Est. reading time\" \/>\n\t<meta name=\"twitter:data1\" content=\"2 minutes\" \/>\n<script type=\"application\/ld+json\" class=\"yoast-schema-graph\">{\"@context\":\"https:\/\/schema.org\",\"@graph\":[{\"@type\":\"WebPage\",\"@id\":\"https:\/\/ilcrogiuolo.it\/en\/p\/ritual-pusanga\/\",\"url\":\"https:\/\/ilcrogiuolo.it\/en\/p\/ritual-pusanga\/\",\"name\":\"Ritual Pusanga - Il Crogiuolo\",\"isPartOf\":{\"@id\":\"https:\/\/ilcrogiuolo.it\/en\/#website\"},\"primaryImageOfPage\":{\"@id\":\"https:\/\/ilcrogiuolo.it\/en\/p\/ritual-pusanga\/#primaryimage\"},\"image\":{\"@id\":\"https:\/\/ilcrogiuolo.it\/en\/p\/ritual-pusanga\/#primaryimage\"},\"thumbnailUrl\":\"https:\/\/ilcrogiuolo.it\/wp-content\/uploads\/2020\/01\/puzangapusangaritualeamoreincamagiarossalegamento_3034805.jpg\",\"datePublished\":\"2020-01-14T18:20:00+00:00\",\"dateModified\":\"2020-02-26T08:40:46+00:00\",\"description\":\"Ritual Pusanga In the Peruvian Amazon it is traditionally prepared a special extract called Pusanga. This mixture comes from a mix of tropical herbs and plants that have\",\"breadcrumb\":{\"@id\":\"https:\/\/ilcrogiuolo.it\/en\/p\/ritual-pusanga\/#breadcrumb\"},\"inLanguage\":\"en-US\",\"potentialAction\":[{\"@type\":\"ReadAction\",\"target\":[\"https:\/\/ilcrogiuolo.it\/en\/p\/ritual-pusanga\/\"]}]},{\"@type\":\"ImageObject\",\"inLanguage\":\"en-US\",\"@id\":\"https:\/\/ilcrogiuolo.it\/en\/p\/ritual-pusanga\/#primaryimage\",\"url\":\"https:\/\/ilcrogiuolo.it\/wp-content\/uploads\/2020\/01\/puzangapusangaritualeamoreincamagiarossalegamento_3034805.jpg\",\"contentUrl\":\"https:\/\/ilcrogiuolo.it\/wp-content\/uploads\/2020\/01\/puzangapusangaritualeamoreincamagiarossalegamento_3034805.jpg\",\"width\":627,\"height\":600},{\"@type\":\"BreadcrumbList\",\"@id\":\"https:\/\/ilcrogiuolo.it\/en\/p\/ritual-pusanga\/#breadcrumb\",\"itemListElement\":[{\"@type\":\"ListItem\",\"position\":1,\"name\":\"Home\",\"item\":\"https:\/\/ilcrogiuolo.it\/en\/\"},{\"@type\":\"ListItem\",\"position\":2,\"name\":\"Shop\",\"item\":\"https:\/\/ilcrogiuolo.it\/en\/shop\/\"},{\"@type\":\"ListItem\",\"position\":3,\"name\":\"Ritual Pusanga\"}]},{\"@type\":\"WebSite\",\"@id\":\"https:\/\/ilcrogiuolo.it\/en\/#website\",\"url\":\"https:\/\/ilcrogiuolo.it\/en\/\",\"name\":\"Il Crogiuolo\",\"description\":\"\",\"publisher\":{\"@id\":\"https:\/\/ilcrogiuolo.it\/en\/#organization\"},\"potentialAction\":[{\"@type\":\"SearchAction\",\"target\":{\"@type\":\"EntryPoint\",\"urlTemplate\":\"https:\/\/ilcrogiuolo.it\/en\/?s={search_term_string}\"},\"query-input\":{\"@type\":\"PropertyValueSpecification\",\"valueRequired\":true,\"valueName\":\"search_term_string\"}}],\"inLanguage\":\"en-US\"},{\"@type\":\"Organization\",\"@id\":\"https:\/\/ilcrogiuolo.it\/en\/#organization\",\"name\":\"Il Crogiuolo\",\"url\":\"https:\/\/ilcrogiuolo.it\/en\/\",\"logo\":{\"@type\":\"ImageObject\",\"inLanguage\":\"en-US\",\"@id\":\"https:\/\/ilcrogiuolo.it\/en\/#\/schema\/logo\/image\/\",\"url\":\"https:\/\/ilcrogiuolo.it\/wp-content\/uploads\/2020\/04\/logo.png\",\"contentUrl\":\"https:\/\/ilcrogiuolo.it\/wp-content\/uploads\/2020\/04\/logo.png\",\"width\":200,\"height\":49,\"caption\":\"Il Crogiuolo\"},\"image\":{\"@id\":\"https:\/\/ilcrogiuolo.it\/en\/#\/schema\/logo\/image\/\"},\"sameAs\":[\"https:\/\/www.facebook.com\/Il-Crogiuolo-681876418491758\"]}]}<\/script>\n<!-- \/ Yoast SEO plugin. -->","yoast_head_json":{"title":"Ritual Pusanga - Il Crogiuolo","description":"Ritual Pusanga In the Peruvian Amazon it is traditionally prepared a special extract called Pusanga. This mixture comes from a mix of tropical herbs and plants that have","robots":{"index":"index","follow":"follow","max-snippet":"max-snippet:-1","max-image-preview":"max-image-preview:large","max-video-preview":"max-video-preview:-1"},"canonical":"https:\/\/ilcrogiuolo.it\/en\/p\/ritual-pusanga\/","og_locale":"en_US","og_type":"article","og_title":"Ritual Pusanga - Il Crogiuolo","og_description":"Ritual Pusanga In the Peruvian Amazon it is traditionally prepared a special extract called Pusanga. This mixture comes from a mix of tropical herbs and plants that have","og_url":"https:\/\/ilcrogiuolo.it\/en\/p\/ritual-pusanga\/","og_site_name":"Il Crogiuolo","article_publisher":"https:\/\/www.facebook.com\/Il-Crogiuolo-681876418491758","article_modified_time":"2020-02-26T08:40:46+00:00","og_image":[{"width":627,"height":600,"url":"https:\/\/ilcrogiuolo.it\/wp-content\/uploads\/2020\/01\/puzangapusangaritualeamoreincamagiarossalegamento_3034805.jpg","type":"image\/jpeg"}],"twitter_card":"summary_large_image","twitter_misc":{"Est. reading time":"2 minutes"},"schema":{"@context":"https:\/\/schema.org","@graph":[{"@type":"WebPage","@id":"https:\/\/ilcrogiuolo.it\/en\/p\/ritual-pusanga\/","url":"https:\/\/ilcrogiuolo.it\/en\/p\/ritual-pusanga\/","name":"Ritual Pusanga - Il Crogiuolo","isPartOf":{"@id":"https:\/\/ilcrogiuolo.it\/en\/#website"},"primaryImageOfPage":{"@id":"https:\/\/ilcrogiuolo.it\/en\/p\/ritual-pusanga\/#primaryimage"},"image":{"@id":"https:\/\/ilcrogiuolo.it\/en\/p\/ritual-pusanga\/#primaryimage"},"thumbnailUrl":"https:\/\/ilcrogiuolo.it\/wp-content\/uploads\/2020\/01\/puzangapusangaritualeamoreincamagiarossalegamento_3034805.jpg","datePublished":"2020-01-14T18:20:00+00:00","dateModified":"2020-02-26T08:40:46+00:00","description":"Ritual Pusanga In the Peruvian Amazon it is traditionally prepared a special extract called Pusanga. This mixture comes from a mix of tropical herbs and plants that have","breadcrumb":{"@id":"https:\/\/ilcrogiuolo.it\/en\/p\/ritual-pusanga\/#breadcrumb"},"inLanguage":"en-US","potentialAction":[{"@type":"ReadAction","target":["https:\/\/ilcrogiuolo.it\/en\/p\/ritual-pusanga\/"]}]},{"@type":"ImageObject","inLanguage":"en-US","@id":"https:\/\/ilcrogiuolo.it\/en\/p\/ritual-pusanga\/#primaryimage","url":"https:\/\/ilcrogiuolo.it\/wp-content\/uploads\/2020\/01\/puzangapusangaritualeamoreincamagiarossalegamento_3034805.jpg","contentUrl":"https:\/\/ilcrogiuolo.it\/wp-content\/uploads\/2020\/01\/puzangapusangaritualeamoreincamagiarossalegamento_3034805.jpg","width":627,"height":600},{"@type":"BreadcrumbList","@id":"https:\/\/ilcrogiuolo.it\/en\/p\/ritual-pusanga\/#breadcrumb","itemListElement":[{"@type":"ListItem","position":1,"name":"Home","item":"https:\/\/ilcrogiuolo.it\/en\/"},{"@type":"ListItem","position":2,"name":"Shop","item":"https:\/\/ilcrogiuolo.it\/en\/shop\/"},{"@type":"ListItem","position":3,"name":"Ritual Pusanga"}]},{"@type":"WebSite","@id":"https:\/\/ilcrogiuolo.it\/en\/#website","url":"https:\/\/ilcrogiuolo.it\/en\/","name":"Il Crogiuolo","description":"","publisher":{"@id":"https:\/\/ilcrogiuolo.it\/en\/#organization"},"potentialAction":[{"@type":"SearchAction","target":{"@type":"EntryPoint","urlTemplate":"https:\/\/ilcrogiuolo.it\/en\/?s={search_term_string}"},"query-input":{"@type":"PropertyValueSpecification","valueRequired":true,"valueName":"search_term_string"}}],"inLanguage":"en-US"},{"@type":"Organization","@id":"https:\/\/ilcrogiuolo.it\/en\/#organization","name":"Il Crogiuolo","url":"https:\/\/ilcrogiuolo.it\/en\/","logo":{"@type":"ImageObject","inLanguage":"en-US","@id":"https:\/\/ilcrogiuolo.it\/en\/#\/schema\/logo\/image\/","url":"https:\/\/ilcrogiuolo.it\/wp-content\/uploads\/2020\/04\/logo.png","contentUrl":"https:\/\/ilcrogiuolo.it\/wp-content\/uploads\/2020\/04\/logo.png","width":200,"height":49,"caption":"Il Crogiuolo"},"image":{"@id":"https:\/\/ilcrogiuolo.it\/en\/#\/schema\/logo\/image\/"},"sameAs":["https:\/\/www.facebook.com\/Il-Crogiuolo-681876418491758"]}]}},"_links":{"self":[{"href":"https:\/\/ilcrogiuolo.it\/en\/wp-json\/wp\/v2\/product\/11263","targetHints":{"allow":["GET"]}}],"collection":[{"href":"https:\/\/ilcrogiuolo.it\/en\/wp-json\/wp\/v2\/product"}],"about":[{"href":"https:\/\/ilcrogiuolo.it\/en\/wp-json\/wp\/v2\/types\/product"}],"wp:featuredmedia":[{"embeddable":true,"href":"https:\/\/ilcrogiuolo.it\/en\/wp-json\/wp\/v2\/media\/4805"}],"wp:attachment":[{"href":"https:\/\/ilcrogiuolo.it\/en\/wp-json\/wp\/v2\/media?parent=11263"}],"wp:term":[{"taxonomy":"product_brand","embeddable":true,"href":"https:\/\/ilcrogiuolo.it\/en\/wp-json\/wp\/v2\/product_brand?post=11263"},{"taxonomy":"product_cat","embeddable":true,"href":"https:\/\/ilcrogiuolo.it\/en\/wp-json\/wp\/v2\/product_cat?post=11263"},{"taxonomy":"product_tag","embeddable":true,"href":"https:\/\/ilcrogiuolo.it\/en\/wp-json\/wp\/v2\/product_tag?post=11263"}],"curies":[{"name":"wp","href":"https:\/\/api.w.org\/{rel}","templated":true}]}}