{"id":11209,"date":"2020-01-14T17:09:03","date_gmt":"2020-01-14T18:19:11","guid":{"rendered":"https:\/\/ilcrogiuolo.it\/p\/pomba-giras-oil\/"},"modified":"2020-02-25T09:15:38","modified_gmt":"2020-02-25T08:15:38","slug":"pomba-giras-oil","status":"publish","type":"product","link":"https:\/\/ilcrogiuolo.it\/en\/p\/pomba-giras-oil\/","title":{"rendered":"Pomba Giras &#8211; Oil"},"content":{"rendered":"<p class=\"MsoNormal\" style=\"margin: 0cm 0cm 0pt;\"><span lang=\"EN-US\">According to African tradition, sexuality is not seen as a sin, it is not something dirty or negative. Each Orix\u00e0 entity has its own way of living and its expressing sexuality and many are the stories that can describes the idea of sex: anyway Pomba Gira is the ultimate entity that more than anyone else expresses and interprets the many categories of the sexual sphere. Pomba Gira is not a proper Orix\u00e0, it is a typical Brazilian character thus cannot be found in the Africa. Name originates from the word Bombonjiro, that means \u201cspirit of the crosses\u201d in bantu. In Mythology it is known as the partner of Ex\u00f9 or even a female Ex\u00f9. Ex\u00f9 and Pomba are the only divinities recognized by Quimbanda cult. Pomba Gira affects mostly the sphere of sex, attraction and seduction.THE BLOOD OF POMBA GIRA is traditionally considered as a spiritual, mesmerized oil devoted to Quimbamba ritual and used for its strength and power. Traditionally used to evoke Pomba Gira Ax\u00e8 in dedicated rituals.Pomba Gira blood favours sexual attraction and conquer and also helps breaking through partner\u2019s resistances as its make-up al of a sudden awakens kundalini chakra. Thanks to Pomba Gira Ax\u00e8, even the less hot man and the most frigid woman will turn into the most uninhibited lovers, willing to give themselves to somebody. According to the myth, Pomba Gira is called the Lady of the Seven Seas because of her incredible sexual appetite, she is also considered as patron of the prostitutes and of all those women who make a living by selling their body.<\/span><\/p>\n","protected":false},"excerpt":{"rendered":"<p>According to African tradition, sexuality is not seen as a sin, it is not something dirty or negative. Each Orix\u00e0&#8230;<\/p>\n","protected":false},"featured_media":4610,"template":"","meta":{"_acf_changed":false},"product_brand":[],"product_cat":[1602,1221,1199],"product_tag":[],"class_list":{"0":"post-11209","1":"product","2":"type-product","3":"status-publish","4":"has-post-thumbnail","6":"product_cat-ritual-oils-of-orixas-exus-aceites","7":"product_cat-esoteric-baths-quinquennial-liquids-soaps","8":"product_cat-esoteric","10":"first","11":"instock","12":"taxable","13":"shipping-taxable","14":"purchasable","15":"product-type-simple","16":"add-to-wishlist-before_image"},"acf":[],"yoast_head":"<!-- This site is optimized with the Yoast SEO plugin v26.9 - https:\/\/yoast.com\/product\/yoast-seo-wordpress\/ -->\n<title>Pomba Giras - Oil - Il Crogiuolo<\/title>\n<meta name=\"description\" content=\"Pomba Giras - Oil According to African tradition, sexuality is not seen as a sin, it is not something dirty or negative. Each Orix\u00e0 entity has its own way of living and its\" \/>\n<meta name=\"robots\" content=\"index, follow, max-snippet:-1, max-image-preview:large, max-video-preview:-1\" \/>\n<link rel=\"canonical\" href=\"https:\/\/ilcrogiuolo.it\/en\/p\/pomba-giras-oil\/\" \/>\n<meta property=\"og:locale\" content=\"en_US\" \/>\n<meta property=\"og:type\" content=\"article\" \/>\n<meta property=\"og:title\" content=\"Pomba Giras - Oil - Il Crogiuolo\" \/>\n<meta property=\"og:description\" content=\"Pomba Giras - Oil According to African tradition, sexuality is not seen as a sin, it is not something dirty or negative. Each Orix\u00e0 entity has its own way of living and its\" \/>\n<meta property=\"og:url\" content=\"https:\/\/ilcrogiuolo.it\/en\/p\/pomba-giras-oil\/\" \/>\n<meta property=\"og:site_name\" content=\"Il Crogiuolo\" \/>\n<meta property=\"article:publisher\" content=\"https:\/\/www.facebook.com\/Il-Crogiuolo-681876418491758\" \/>\n<meta property=\"article:modified_time\" content=\"2020-02-25T08:15:38+00:00\" \/>\n<meta property=\"og:image\" content=\"https:\/\/ilcrogiuolo.it\/wp-content\/uploads\/2020\/01\/oliiaceiteesotericosesoterici_2607246.jpg\" \/>\n\t<meta property=\"og:image:width\" content=\"627\" \/>\n\t<meta property=\"og:image:height\" content=\"600\" \/>\n\t<meta property=\"og:image:type\" content=\"image\/jpeg\" \/>\n<meta name=\"twitter:card\" content=\"summary_large_image\" \/>\n<meta name=\"twitter:label1\" content=\"Est. reading time\" \/>\n\t<meta name=\"twitter:data1\" content=\"1 minute\" \/>\n<script type=\"application\/ld+json\" class=\"yoast-schema-graph\">{\"@context\":\"https:\/\/schema.org\",\"@graph\":[{\"@type\":\"WebPage\",\"@id\":\"https:\/\/ilcrogiuolo.it\/en\/p\/pomba-giras-oil\/\",\"url\":\"https:\/\/ilcrogiuolo.it\/en\/p\/pomba-giras-oil\/\",\"name\":\"Pomba Giras - Oil - Il Crogiuolo\",\"isPartOf\":{\"@id\":\"https:\/\/ilcrogiuolo.it\/en\/#website\"},\"primaryImageOfPage\":{\"@id\":\"https:\/\/ilcrogiuolo.it\/en\/p\/pomba-giras-oil\/#primaryimage\"},\"image\":{\"@id\":\"https:\/\/ilcrogiuolo.it\/en\/p\/pomba-giras-oil\/#primaryimage\"},\"thumbnailUrl\":\"https:\/\/ilcrogiuolo.it\/wp-content\/uploads\/2020\/01\/oliiaceiteesotericosesoterici_2607246.jpg\",\"datePublished\":\"2020-01-14T18:19:11+00:00\",\"dateModified\":\"2020-02-25T08:15:38+00:00\",\"description\":\"Pomba Giras - Oil According to African tradition, sexuality is not seen as a sin, it is not something dirty or negative. Each Orix\u00e0 entity has its own way of living and its\",\"breadcrumb\":{\"@id\":\"https:\/\/ilcrogiuolo.it\/en\/p\/pomba-giras-oil\/#breadcrumb\"},\"inLanguage\":\"en-US\",\"potentialAction\":[{\"@type\":\"ReadAction\",\"target\":[\"https:\/\/ilcrogiuolo.it\/en\/p\/pomba-giras-oil\/\"]}]},{\"@type\":\"ImageObject\",\"inLanguage\":\"en-US\",\"@id\":\"https:\/\/ilcrogiuolo.it\/en\/p\/pomba-giras-oil\/#primaryimage\",\"url\":\"https:\/\/ilcrogiuolo.it\/wp-content\/uploads\/2020\/01\/oliiaceiteesotericosesoterici_2607246.jpg\",\"contentUrl\":\"https:\/\/ilcrogiuolo.it\/wp-content\/uploads\/2020\/01\/oliiaceiteesotericosesoterici_2607246.jpg\",\"width\":627,\"height\":600},{\"@type\":\"BreadcrumbList\",\"@id\":\"https:\/\/ilcrogiuolo.it\/en\/p\/pomba-giras-oil\/#breadcrumb\",\"itemListElement\":[{\"@type\":\"ListItem\",\"position\":1,\"name\":\"Home\",\"item\":\"https:\/\/ilcrogiuolo.it\/en\/\"},{\"@type\":\"ListItem\",\"position\":2,\"name\":\"Shop\",\"item\":\"https:\/\/ilcrogiuolo.it\/en\/shop\/\"},{\"@type\":\"ListItem\",\"position\":3,\"name\":\"Pomba Giras &#8211; Oil\"}]},{\"@type\":\"WebSite\",\"@id\":\"https:\/\/ilcrogiuolo.it\/en\/#website\",\"url\":\"https:\/\/ilcrogiuolo.it\/en\/\",\"name\":\"Il Crogiuolo\",\"description\":\"\",\"publisher\":{\"@id\":\"https:\/\/ilcrogiuolo.it\/en\/#organization\"},\"potentialAction\":[{\"@type\":\"SearchAction\",\"target\":{\"@type\":\"EntryPoint\",\"urlTemplate\":\"https:\/\/ilcrogiuolo.it\/en\/?s={search_term_string}\"},\"query-input\":{\"@type\":\"PropertyValueSpecification\",\"valueRequired\":true,\"valueName\":\"search_term_string\"}}],\"inLanguage\":\"en-US\"},{\"@type\":\"Organization\",\"@id\":\"https:\/\/ilcrogiuolo.it\/en\/#organization\",\"name\":\"Il Crogiuolo\",\"url\":\"https:\/\/ilcrogiuolo.it\/en\/\",\"logo\":{\"@type\":\"ImageObject\",\"inLanguage\":\"en-US\",\"@id\":\"https:\/\/ilcrogiuolo.it\/en\/#\/schema\/logo\/image\/\",\"url\":\"https:\/\/ilcrogiuolo.it\/wp-content\/uploads\/2020\/04\/logo.png\",\"contentUrl\":\"https:\/\/ilcrogiuolo.it\/wp-content\/uploads\/2020\/04\/logo.png\",\"width\":200,\"height\":49,\"caption\":\"Il Crogiuolo\"},\"image\":{\"@id\":\"https:\/\/ilcrogiuolo.it\/en\/#\/schema\/logo\/image\/\"},\"sameAs\":[\"https:\/\/www.facebook.com\/Il-Crogiuolo-681876418491758\"]}]}<\/script>\n<!-- \/ Yoast SEO plugin. -->","yoast_head_json":{"title":"Pomba Giras - Oil - Il Crogiuolo","description":"Pomba Giras - Oil According to African tradition, sexuality is not seen as a sin, it is not something dirty or negative. Each Orix\u00e0 entity has its own way of living and its","robots":{"index":"index","follow":"follow","max-snippet":"max-snippet:-1","max-image-preview":"max-image-preview:large","max-video-preview":"max-video-preview:-1"},"canonical":"https:\/\/ilcrogiuolo.it\/en\/p\/pomba-giras-oil\/","og_locale":"en_US","og_type":"article","og_title":"Pomba Giras - Oil - Il Crogiuolo","og_description":"Pomba Giras - Oil According to African tradition, sexuality is not seen as a sin, it is not something dirty or negative. Each Orix\u00e0 entity has its own way of living and its","og_url":"https:\/\/ilcrogiuolo.it\/en\/p\/pomba-giras-oil\/","og_site_name":"Il Crogiuolo","article_publisher":"https:\/\/www.facebook.com\/Il-Crogiuolo-681876418491758","article_modified_time":"2020-02-25T08:15:38+00:00","og_image":[{"width":627,"height":600,"url":"https:\/\/ilcrogiuolo.it\/wp-content\/uploads\/2020\/01\/oliiaceiteesotericosesoterici_2607246.jpg","type":"image\/jpeg"}],"twitter_card":"summary_large_image","twitter_misc":{"Est. reading time":"1 minute"},"schema":{"@context":"https:\/\/schema.org","@graph":[{"@type":"WebPage","@id":"https:\/\/ilcrogiuolo.it\/en\/p\/pomba-giras-oil\/","url":"https:\/\/ilcrogiuolo.it\/en\/p\/pomba-giras-oil\/","name":"Pomba Giras - Oil - Il Crogiuolo","isPartOf":{"@id":"https:\/\/ilcrogiuolo.it\/en\/#website"},"primaryImageOfPage":{"@id":"https:\/\/ilcrogiuolo.it\/en\/p\/pomba-giras-oil\/#primaryimage"},"image":{"@id":"https:\/\/ilcrogiuolo.it\/en\/p\/pomba-giras-oil\/#primaryimage"},"thumbnailUrl":"https:\/\/ilcrogiuolo.it\/wp-content\/uploads\/2020\/01\/oliiaceiteesotericosesoterici_2607246.jpg","datePublished":"2020-01-14T18:19:11+00:00","dateModified":"2020-02-25T08:15:38+00:00","description":"Pomba Giras - Oil According to African tradition, sexuality is not seen as a sin, it is not something dirty or negative. Each Orix\u00e0 entity has its own way of living and its","breadcrumb":{"@id":"https:\/\/ilcrogiuolo.it\/en\/p\/pomba-giras-oil\/#breadcrumb"},"inLanguage":"en-US","potentialAction":[{"@type":"ReadAction","target":["https:\/\/ilcrogiuolo.it\/en\/p\/pomba-giras-oil\/"]}]},{"@type":"ImageObject","inLanguage":"en-US","@id":"https:\/\/ilcrogiuolo.it\/en\/p\/pomba-giras-oil\/#primaryimage","url":"https:\/\/ilcrogiuolo.it\/wp-content\/uploads\/2020\/01\/oliiaceiteesotericosesoterici_2607246.jpg","contentUrl":"https:\/\/ilcrogiuolo.it\/wp-content\/uploads\/2020\/01\/oliiaceiteesotericosesoterici_2607246.jpg","width":627,"height":600},{"@type":"BreadcrumbList","@id":"https:\/\/ilcrogiuolo.it\/en\/p\/pomba-giras-oil\/#breadcrumb","itemListElement":[{"@type":"ListItem","position":1,"name":"Home","item":"https:\/\/ilcrogiuolo.it\/en\/"},{"@type":"ListItem","position":2,"name":"Shop","item":"https:\/\/ilcrogiuolo.it\/en\/shop\/"},{"@type":"ListItem","position":3,"name":"Pomba Giras &#8211; Oil"}]},{"@type":"WebSite","@id":"https:\/\/ilcrogiuolo.it\/en\/#website","url":"https:\/\/ilcrogiuolo.it\/en\/","name":"Il Crogiuolo","description":"","publisher":{"@id":"https:\/\/ilcrogiuolo.it\/en\/#organization"},"potentialAction":[{"@type":"SearchAction","target":{"@type":"EntryPoint","urlTemplate":"https:\/\/ilcrogiuolo.it\/en\/?s={search_term_string}"},"query-input":{"@type":"PropertyValueSpecification","valueRequired":true,"valueName":"search_term_string"}}],"inLanguage":"en-US"},{"@type":"Organization","@id":"https:\/\/ilcrogiuolo.it\/en\/#organization","name":"Il Crogiuolo","url":"https:\/\/ilcrogiuolo.it\/en\/","logo":{"@type":"ImageObject","inLanguage":"en-US","@id":"https:\/\/ilcrogiuolo.it\/en\/#\/schema\/logo\/image\/","url":"https:\/\/ilcrogiuolo.it\/wp-content\/uploads\/2020\/04\/logo.png","contentUrl":"https:\/\/ilcrogiuolo.it\/wp-content\/uploads\/2020\/04\/logo.png","width":200,"height":49,"caption":"Il Crogiuolo"},"image":{"@id":"https:\/\/ilcrogiuolo.it\/en\/#\/schema\/logo\/image\/"},"sameAs":["https:\/\/www.facebook.com\/Il-Crogiuolo-681876418491758"]}]}},"_links":{"self":[{"href":"https:\/\/ilcrogiuolo.it\/en\/wp-json\/wp\/v2\/product\/11209","targetHints":{"allow":["GET"]}}],"collection":[{"href":"https:\/\/ilcrogiuolo.it\/en\/wp-json\/wp\/v2\/product"}],"about":[{"href":"https:\/\/ilcrogiuolo.it\/en\/wp-json\/wp\/v2\/types\/product"}],"wp:featuredmedia":[{"embeddable":true,"href":"https:\/\/ilcrogiuolo.it\/en\/wp-json\/wp\/v2\/media\/4610"}],"wp:attachment":[{"href":"https:\/\/ilcrogiuolo.it\/en\/wp-json\/wp\/v2\/media?parent=11209"}],"wp:term":[{"taxonomy":"product_brand","embeddable":true,"href":"https:\/\/ilcrogiuolo.it\/en\/wp-json\/wp\/v2\/product_brand?post=11209"},{"taxonomy":"product_cat","embeddable":true,"href":"https:\/\/ilcrogiuolo.it\/en\/wp-json\/wp\/v2\/product_cat?post=11209"},{"taxonomy":"product_tag","embeddable":true,"href":"https:\/\/ilcrogiuolo.it\/en\/wp-json\/wp\/v2\/product_tag?post=11209"}],"curies":[{"name":"wp","href":"https:\/\/api.w.org\/{rel}","templated":true}]}}