{"id":10652,"date":"2020-01-14T17:05:47","date_gmt":"2020-01-14T18:13:21","guid":{"rendered":"https:\/\/ilcrogiuolo.it\/p\/dilegum-ritual-necklace-yellow\/"},"modified":"2020-02-18T15:18:35","modified_gmt":"2020-02-18T14:18:35","slug":"dilegum-ritual-necklace-yellow","status":"publish","type":"product","link":"https:\/\/ilcrogiuolo.it\/en\/p\/dilegum-ritual-necklace-yellow\/","title":{"rendered":"DILEGUM &#8211; RITUAL NECKLACE &#8211; YELLOW"},"content":{"rendered":"<p>It is called dileg\u00f9m a special necklace (guia) made with\u00a0braided strands of beads of the color of the entity to which it is dedicated. Used in the Candombl\u00e9 and Umbanda rituals. dileg\u00f9m is richly handworked and\u00a0is an article of precious artistic value.<\/p>\n<p>The yellow dileg\u00f9m is associated usually to Orix\u00e0 Ox\u00f9m (Ochun).<\/p>\n","protected":false},"excerpt":{"rendered":"<p>It is called dileg\u00f9m a special necklace (guia) made with\u00a0braided strands of beads of the color of the entity to&#8230;<\/p>\n","protected":false},"featured_media":50103,"template":"","meta":{"_acf_changed":false},"product_brand":[],"product_cat":[1613,1218,1203],"product_tag":[],"class_list":{"0":"post-10652","1":"product","2":"type-product","3":"status-publish","4":"has-post-thumbnail","6":"product_cat-dilegum","7":"product_cat-guias-and-ritual-necklaces","8":"product_cat-ritual-tools","10":"first","11":"instock","12":"taxable","13":"shipping-taxable","14":"purchasable","15":"product-type-simple","16":"add-to-wishlist-before_image"},"acf":[],"yoast_head":"<!-- This site is optimized with the Yoast SEO plugin v26.9 - https:\/\/yoast.com\/product\/yoast-seo-wordpress\/ -->\n<title>DILEGUM - RITUAL NECKLACE - YELLOW - Il Crogiuolo<\/title>\n<meta name=\"description\" content=\"DILEGUM - RITUAL NECKLACE - YELLOW It is called dileg\u00f9m a special necklace (guia) made with\u00a0braided strands of beads of the color of the entity to which it is dedicated. Used in the\" \/>\n<meta name=\"robots\" content=\"index, follow, max-snippet:-1, max-image-preview:large, max-video-preview:-1\" \/>\n<link rel=\"canonical\" href=\"https:\/\/ilcrogiuolo.it\/en\/p\/dilegum-ritual-necklace-yellow\/\" \/>\n<meta property=\"og:locale\" content=\"en_US\" \/>\n<meta property=\"og:type\" content=\"article\" \/>\n<meta property=\"og:title\" content=\"DILEGUM - RITUAL NECKLACE - YELLOW - Il Crogiuolo\" \/>\n<meta property=\"og:description\" content=\"DILEGUM - RITUAL NECKLACE - YELLOW It is called dileg\u00f9m a special necklace (guia) made with\u00a0braided strands of beads of the color of the entity to which it is dedicated. Used in the\" \/>\n<meta property=\"og:url\" content=\"https:\/\/ilcrogiuolo.it\/en\/p\/dilegum-ritual-necklace-yellow\/\" \/>\n<meta property=\"og:site_name\" content=\"Il Crogiuolo\" \/>\n<meta property=\"article:publisher\" content=\"https:\/\/www.facebook.com\/Il-Crogiuolo-681876418491758\" \/>\n<meta property=\"article:modified_time\" content=\"2020-02-18T14:18:35+00:00\" \/>\n<meta property=\"og:image\" content=\"https:\/\/ilcrogiuolo.it\/wp-content\/uploads\/2020\/01\/dilegum-collana-candomble-oxum.png\" \/>\n\t<meta property=\"og:image:width\" content=\"1080\" \/>\n\t<meta property=\"og:image:height\" content=\"1080\" \/>\n\t<meta property=\"og:image:type\" content=\"image\/png\" \/>\n<meta name=\"twitter:card\" content=\"summary_large_image\" \/>\n<script type=\"application\/ld+json\" class=\"yoast-schema-graph\">{\"@context\":\"https:\/\/schema.org\",\"@graph\":[{\"@type\":\"WebPage\",\"@id\":\"https:\/\/ilcrogiuolo.it\/en\/p\/dilegum-ritual-necklace-yellow\/\",\"url\":\"https:\/\/ilcrogiuolo.it\/en\/p\/dilegum-ritual-necklace-yellow\/\",\"name\":\"DILEGUM - RITUAL NECKLACE - YELLOW - Il Crogiuolo\",\"isPartOf\":{\"@id\":\"https:\/\/ilcrogiuolo.it\/en\/#website\"},\"primaryImageOfPage\":{\"@id\":\"https:\/\/ilcrogiuolo.it\/en\/p\/dilegum-ritual-necklace-yellow\/#primaryimage\"},\"image\":{\"@id\":\"https:\/\/ilcrogiuolo.it\/en\/p\/dilegum-ritual-necklace-yellow\/#primaryimage\"},\"thumbnailUrl\":\"https:\/\/ilcrogiuolo.it\/wp-content\/uploads\/2020\/01\/dilegum-collana-candomble-oxum-2.png\",\"datePublished\":\"2020-01-14T18:13:21+00:00\",\"dateModified\":\"2020-02-18T14:18:35+00:00\",\"description\":\"DILEGUM - RITUAL NECKLACE - YELLOW It is called dileg\u00f9m a special necklace (guia) made with\u00a0braided strands of beads of the color of the entity to which it is dedicated. Used in the\",\"breadcrumb\":{\"@id\":\"https:\/\/ilcrogiuolo.it\/en\/p\/dilegum-ritual-necklace-yellow\/#breadcrumb\"},\"inLanguage\":\"en-US\",\"potentialAction\":[{\"@type\":\"ReadAction\",\"target\":[\"https:\/\/ilcrogiuolo.it\/en\/p\/dilegum-ritual-necklace-yellow\/\"]}]},{\"@type\":\"ImageObject\",\"inLanguage\":\"en-US\",\"@id\":\"https:\/\/ilcrogiuolo.it\/en\/p\/dilegum-ritual-necklace-yellow\/#primaryimage\",\"url\":\"https:\/\/ilcrogiuolo.it\/wp-content\/uploads\/2020\/01\/dilegum-collana-candomble-oxum-2.png\",\"contentUrl\":\"https:\/\/ilcrogiuolo.it\/wp-content\/uploads\/2020\/01\/dilegum-collana-candomble-oxum-2.png\",\"width\":1080,\"height\":1080},{\"@type\":\"BreadcrumbList\",\"@id\":\"https:\/\/ilcrogiuolo.it\/en\/p\/dilegum-ritual-necklace-yellow\/#breadcrumb\",\"itemListElement\":[{\"@type\":\"ListItem\",\"position\":1,\"name\":\"Home\",\"item\":\"https:\/\/ilcrogiuolo.it\/en\/\"},{\"@type\":\"ListItem\",\"position\":2,\"name\":\"Shop\",\"item\":\"https:\/\/ilcrogiuolo.it\/en\/shop\/\"},{\"@type\":\"ListItem\",\"position\":3,\"name\":\"DILEGUM &#8211; RITUAL NECKLACE &#8211; YELLOW\"}]},{\"@type\":\"WebSite\",\"@id\":\"https:\/\/ilcrogiuolo.it\/en\/#website\",\"url\":\"https:\/\/ilcrogiuolo.it\/en\/\",\"name\":\"Il Crogiuolo\",\"description\":\"\",\"publisher\":{\"@id\":\"https:\/\/ilcrogiuolo.it\/en\/#organization\"},\"potentialAction\":[{\"@type\":\"SearchAction\",\"target\":{\"@type\":\"EntryPoint\",\"urlTemplate\":\"https:\/\/ilcrogiuolo.it\/en\/?s={search_term_string}\"},\"query-input\":{\"@type\":\"PropertyValueSpecification\",\"valueRequired\":true,\"valueName\":\"search_term_string\"}}],\"inLanguage\":\"en-US\"},{\"@type\":\"Organization\",\"@id\":\"https:\/\/ilcrogiuolo.it\/en\/#organization\",\"name\":\"Il Crogiuolo\",\"url\":\"https:\/\/ilcrogiuolo.it\/en\/\",\"logo\":{\"@type\":\"ImageObject\",\"inLanguage\":\"en-US\",\"@id\":\"https:\/\/ilcrogiuolo.it\/en\/#\/schema\/logo\/image\/\",\"url\":\"https:\/\/ilcrogiuolo.it\/wp-content\/uploads\/2020\/04\/logo.png\",\"contentUrl\":\"https:\/\/ilcrogiuolo.it\/wp-content\/uploads\/2020\/04\/logo.png\",\"width\":200,\"height\":49,\"caption\":\"Il Crogiuolo\"},\"image\":{\"@id\":\"https:\/\/ilcrogiuolo.it\/en\/#\/schema\/logo\/image\/\"},\"sameAs\":[\"https:\/\/www.facebook.com\/Il-Crogiuolo-681876418491758\"]}]}<\/script>\n<!-- \/ Yoast SEO plugin. -->","yoast_head_json":{"title":"DILEGUM - RITUAL NECKLACE - YELLOW - Il Crogiuolo","description":"DILEGUM - RITUAL NECKLACE - YELLOW It is called dileg\u00f9m a special necklace (guia) made with\u00a0braided strands of beads of the color of the entity to which it is dedicated. Used in the","robots":{"index":"index","follow":"follow","max-snippet":"max-snippet:-1","max-image-preview":"max-image-preview:large","max-video-preview":"max-video-preview:-1"},"canonical":"https:\/\/ilcrogiuolo.it\/en\/p\/dilegum-ritual-necklace-yellow\/","og_locale":"en_US","og_type":"article","og_title":"DILEGUM - RITUAL NECKLACE - YELLOW - Il Crogiuolo","og_description":"DILEGUM - RITUAL NECKLACE - YELLOW It is called dileg\u00f9m a special necklace (guia) made with\u00a0braided strands of beads of the color of the entity to which it is dedicated. Used in the","og_url":"https:\/\/ilcrogiuolo.it\/en\/p\/dilegum-ritual-necklace-yellow\/","og_site_name":"Il Crogiuolo","article_publisher":"https:\/\/www.facebook.com\/Il-Crogiuolo-681876418491758","article_modified_time":"2020-02-18T14:18:35+00:00","og_image":[{"width":1080,"height":1080,"url":"https:\/\/ilcrogiuolo.it\/wp-content\/uploads\/2020\/01\/dilegum-collana-candomble-oxum.png","type":"image\/png"}],"twitter_card":"summary_large_image","schema":{"@context":"https:\/\/schema.org","@graph":[{"@type":"WebPage","@id":"https:\/\/ilcrogiuolo.it\/en\/p\/dilegum-ritual-necklace-yellow\/","url":"https:\/\/ilcrogiuolo.it\/en\/p\/dilegum-ritual-necklace-yellow\/","name":"DILEGUM - RITUAL NECKLACE - YELLOW - Il Crogiuolo","isPartOf":{"@id":"https:\/\/ilcrogiuolo.it\/en\/#website"},"primaryImageOfPage":{"@id":"https:\/\/ilcrogiuolo.it\/en\/p\/dilegum-ritual-necklace-yellow\/#primaryimage"},"image":{"@id":"https:\/\/ilcrogiuolo.it\/en\/p\/dilegum-ritual-necklace-yellow\/#primaryimage"},"thumbnailUrl":"https:\/\/ilcrogiuolo.it\/wp-content\/uploads\/2020\/01\/dilegum-collana-candomble-oxum-2.png","datePublished":"2020-01-14T18:13:21+00:00","dateModified":"2020-02-18T14:18:35+00:00","description":"DILEGUM - RITUAL NECKLACE - YELLOW It is called dileg\u00f9m a special necklace (guia) made with\u00a0braided strands of beads of the color of the entity to which it is dedicated. Used in the","breadcrumb":{"@id":"https:\/\/ilcrogiuolo.it\/en\/p\/dilegum-ritual-necklace-yellow\/#breadcrumb"},"inLanguage":"en-US","potentialAction":[{"@type":"ReadAction","target":["https:\/\/ilcrogiuolo.it\/en\/p\/dilegum-ritual-necklace-yellow\/"]}]},{"@type":"ImageObject","inLanguage":"en-US","@id":"https:\/\/ilcrogiuolo.it\/en\/p\/dilegum-ritual-necklace-yellow\/#primaryimage","url":"https:\/\/ilcrogiuolo.it\/wp-content\/uploads\/2020\/01\/dilegum-collana-candomble-oxum-2.png","contentUrl":"https:\/\/ilcrogiuolo.it\/wp-content\/uploads\/2020\/01\/dilegum-collana-candomble-oxum-2.png","width":1080,"height":1080},{"@type":"BreadcrumbList","@id":"https:\/\/ilcrogiuolo.it\/en\/p\/dilegum-ritual-necklace-yellow\/#breadcrumb","itemListElement":[{"@type":"ListItem","position":1,"name":"Home","item":"https:\/\/ilcrogiuolo.it\/en\/"},{"@type":"ListItem","position":2,"name":"Shop","item":"https:\/\/ilcrogiuolo.it\/en\/shop\/"},{"@type":"ListItem","position":3,"name":"DILEGUM &#8211; RITUAL NECKLACE &#8211; YELLOW"}]},{"@type":"WebSite","@id":"https:\/\/ilcrogiuolo.it\/en\/#website","url":"https:\/\/ilcrogiuolo.it\/en\/","name":"Il Crogiuolo","description":"","publisher":{"@id":"https:\/\/ilcrogiuolo.it\/en\/#organization"},"potentialAction":[{"@type":"SearchAction","target":{"@type":"EntryPoint","urlTemplate":"https:\/\/ilcrogiuolo.it\/en\/?s={search_term_string}"},"query-input":{"@type":"PropertyValueSpecification","valueRequired":true,"valueName":"search_term_string"}}],"inLanguage":"en-US"},{"@type":"Organization","@id":"https:\/\/ilcrogiuolo.it\/en\/#organization","name":"Il Crogiuolo","url":"https:\/\/ilcrogiuolo.it\/en\/","logo":{"@type":"ImageObject","inLanguage":"en-US","@id":"https:\/\/ilcrogiuolo.it\/en\/#\/schema\/logo\/image\/","url":"https:\/\/ilcrogiuolo.it\/wp-content\/uploads\/2020\/04\/logo.png","contentUrl":"https:\/\/ilcrogiuolo.it\/wp-content\/uploads\/2020\/04\/logo.png","width":200,"height":49,"caption":"Il Crogiuolo"},"image":{"@id":"https:\/\/ilcrogiuolo.it\/en\/#\/schema\/logo\/image\/"},"sameAs":["https:\/\/www.facebook.com\/Il-Crogiuolo-681876418491758"]}]}},"_links":{"self":[{"href":"https:\/\/ilcrogiuolo.it\/en\/wp-json\/wp\/v2\/product\/10652","targetHints":{"allow":["GET"]}}],"collection":[{"href":"https:\/\/ilcrogiuolo.it\/en\/wp-json\/wp\/v2\/product"}],"about":[{"href":"https:\/\/ilcrogiuolo.it\/en\/wp-json\/wp\/v2\/types\/product"}],"wp:featuredmedia":[{"embeddable":true,"href":"https:\/\/ilcrogiuolo.it\/en\/wp-json\/wp\/v2\/media\/50103"}],"wp:attachment":[{"href":"https:\/\/ilcrogiuolo.it\/en\/wp-json\/wp\/v2\/media?parent=10652"}],"wp:term":[{"taxonomy":"product_brand","embeddable":true,"href":"https:\/\/ilcrogiuolo.it\/en\/wp-json\/wp\/v2\/product_brand?post=10652"},{"taxonomy":"product_cat","embeddable":true,"href":"https:\/\/ilcrogiuolo.it\/en\/wp-json\/wp\/v2\/product_cat?post=10652"},{"taxonomy":"product_tag","embeddable":true,"href":"https:\/\/ilcrogiuolo.it\/en\/wp-json\/wp\/v2\/product_tag?post=10652"}],"curies":[{"name":"wp","href":"https:\/\/api.w.org\/{rel}","templated":true}]}}