{"id":10619,"date":"2020-01-14T17:05:42","date_gmt":"2020-01-14T18:12:59","guid":{"rendered":"https:\/\/ilcrogiuolo.it\/p\/dilegum-ritual-necklace-green-and-yellow\/"},"modified":"2020-02-18T15:16:17","modified_gmt":"2020-02-18T14:16:17","slug":"dilegum-ritual-necklace-green-and-yellow","status":"publish","type":"product","link":"https:\/\/ilcrogiuolo.it\/en\/p\/dilegum-ritual-necklace-green-and-yellow\/","title":{"rendered":"DILEGUM &#8211; RITUAL NECKLACE GREEN AND YELLOW"},"content":{"rendered":"<p>It is called dileg\u00f9m a special necklace (guia) made with\u00a0braided strands of beads of the color of the entity to which it is dedicated. Used in the Candombl\u00e9 and Umbanda rituals. dileg\u00f9m is richly handworked and\u00a0is an article of precious artistic value.<\/p>\n<p>Green and yellow dileg\u00f9m is associated to Orix\u00e0 If\u00e0 (Orula), Oxumar\u00e9 and sometimes to Oxossi.<\/p>\n","protected":false},"excerpt":{"rendered":"<p>It is called dileg\u00f9m a special necklace (guia) made with\u00a0braided strands of beads of the color of the entity to&#8230;<\/p>\n","protected":false},"featured_media":19645,"template":"","meta":{"_acf_changed":false},"product_brand":[],"product_cat":[1613,1218,1203],"product_tag":[],"class_list":{"0":"post-10619","1":"product","2":"type-product","3":"status-publish","4":"has-post-thumbnail","6":"product_cat-dilegum","7":"product_cat-guias-and-ritual-necklaces","8":"product_cat-ritual-tools","10":"first","11":"instock","12":"taxable","13":"shipping-taxable","14":"purchasable","15":"product-type-simple","16":"add-to-wishlist-before_image"},"acf":[],"yoast_head":"<!-- This site is optimized with the Yoast SEO plugin v26.9 - https:\/\/yoast.com\/product\/yoast-seo-wordpress\/ -->\n<title>DILEGUM - RITUAL NECKLACE GREEN AND YELLOW - Il Crogiuolo<\/title>\n<meta name=\"description\" content=\"DILEGUM - RITUAL NECKLACE GREEN AND YELLOW It is called dileg\u00f9m a special necklace (guia) made with\u00a0braided strands of beads of the color of the entity to which it is dedicated. Used in the\" \/>\n<meta name=\"robots\" content=\"index, follow, max-snippet:-1, max-image-preview:large, max-video-preview:-1\" \/>\n<link rel=\"canonical\" href=\"https:\/\/ilcrogiuolo.it\/en\/p\/dilegum-ritual-necklace-green-and-yellow\/\" \/>\n<meta property=\"og:locale\" content=\"en_US\" \/>\n<meta property=\"og:type\" content=\"article\" \/>\n<meta property=\"og:title\" content=\"DILEGUM - RITUAL NECKLACE GREEN AND YELLOW - Il Crogiuolo\" \/>\n<meta property=\"og:description\" content=\"DILEGUM - RITUAL NECKLACE GREEN AND YELLOW It is called dileg\u00f9m a special necklace (guia) made with\u00a0braided strands of beads of the color of the entity to which it is dedicated. Used in the\" \/>\n<meta property=\"og:url\" content=\"https:\/\/ilcrogiuolo.it\/en\/p\/dilegum-ritual-necklace-green-and-yellow\/\" \/>\n<meta property=\"og:site_name\" content=\"Il Crogiuolo\" \/>\n<meta property=\"article:publisher\" content=\"https:\/\/www.facebook.com\/Il-Crogiuolo-681876418491758\" \/>\n<meta property=\"article:modified_time\" content=\"2020-02-18T14:16:17+00:00\" \/>\n<meta property=\"og:image\" content=\"https:\/\/ilcrogiuolo.it\/wp-content\/uploads\/2020\/01\/dsc0102_4514652-1.jpg\" \/>\n\t<meta property=\"og:image:width\" content=\"627\" \/>\n\t<meta property=\"og:image:height\" content=\"600\" \/>\n\t<meta property=\"og:image:type\" content=\"image\/jpeg\" \/>\n<meta name=\"twitter:card\" content=\"summary_large_image\" \/>\n<script type=\"application\/ld+json\" class=\"yoast-schema-graph\">{\"@context\":\"https:\/\/schema.org\",\"@graph\":[{\"@type\":\"WebPage\",\"@id\":\"https:\/\/ilcrogiuolo.it\/en\/p\/dilegum-ritual-necklace-green-and-yellow\/\",\"url\":\"https:\/\/ilcrogiuolo.it\/en\/p\/dilegum-ritual-necklace-green-and-yellow\/\",\"name\":\"DILEGUM - RITUAL NECKLACE GREEN AND YELLOW - Il Crogiuolo\",\"isPartOf\":{\"@id\":\"https:\/\/ilcrogiuolo.it\/en\/#website\"},\"primaryImageOfPage\":{\"@id\":\"https:\/\/ilcrogiuolo.it\/en\/p\/dilegum-ritual-necklace-green-and-yellow\/#primaryimage\"},\"image\":{\"@id\":\"https:\/\/ilcrogiuolo.it\/en\/p\/dilegum-ritual-necklace-green-and-yellow\/#primaryimage\"},\"thumbnailUrl\":\"https:\/\/ilcrogiuolo.it\/wp-content\/uploads\/2020\/01\/dsc0102_4514652-1.jpg\",\"datePublished\":\"2020-01-14T18:12:59+00:00\",\"dateModified\":\"2020-02-18T14:16:17+00:00\",\"description\":\"DILEGUM - RITUAL NECKLACE GREEN AND YELLOW It is called dileg\u00f9m a special necklace (guia) made with\u00a0braided strands of beads of the color of the entity to which it is dedicated. Used in the\",\"breadcrumb\":{\"@id\":\"https:\/\/ilcrogiuolo.it\/en\/p\/dilegum-ritual-necklace-green-and-yellow\/#breadcrumb\"},\"inLanguage\":\"en-US\",\"potentialAction\":[{\"@type\":\"ReadAction\",\"target\":[\"https:\/\/ilcrogiuolo.it\/en\/p\/dilegum-ritual-necklace-green-and-yellow\/\"]}]},{\"@type\":\"ImageObject\",\"inLanguage\":\"en-US\",\"@id\":\"https:\/\/ilcrogiuolo.it\/en\/p\/dilegum-ritual-necklace-green-and-yellow\/#primaryimage\",\"url\":\"https:\/\/ilcrogiuolo.it\/wp-content\/uploads\/2020\/01\/dsc0102_4514652-1.jpg\",\"contentUrl\":\"https:\/\/ilcrogiuolo.it\/wp-content\/uploads\/2020\/01\/dsc0102_4514652-1.jpg\",\"width\":627,\"height\":600},{\"@type\":\"BreadcrumbList\",\"@id\":\"https:\/\/ilcrogiuolo.it\/en\/p\/dilegum-ritual-necklace-green-and-yellow\/#breadcrumb\",\"itemListElement\":[{\"@type\":\"ListItem\",\"position\":1,\"name\":\"Home\",\"item\":\"https:\/\/ilcrogiuolo.it\/en\/\"},{\"@type\":\"ListItem\",\"position\":2,\"name\":\"Shop\",\"item\":\"https:\/\/ilcrogiuolo.it\/en\/shop\/\"},{\"@type\":\"ListItem\",\"position\":3,\"name\":\"DILEGUM &#8211; RITUAL NECKLACE GREEN AND YELLOW\"}]},{\"@type\":\"WebSite\",\"@id\":\"https:\/\/ilcrogiuolo.it\/en\/#website\",\"url\":\"https:\/\/ilcrogiuolo.it\/en\/\",\"name\":\"Il Crogiuolo\",\"description\":\"\",\"publisher\":{\"@id\":\"https:\/\/ilcrogiuolo.it\/en\/#organization\"},\"potentialAction\":[{\"@type\":\"SearchAction\",\"target\":{\"@type\":\"EntryPoint\",\"urlTemplate\":\"https:\/\/ilcrogiuolo.it\/en\/?s={search_term_string}\"},\"query-input\":{\"@type\":\"PropertyValueSpecification\",\"valueRequired\":true,\"valueName\":\"search_term_string\"}}],\"inLanguage\":\"en-US\"},{\"@type\":\"Organization\",\"@id\":\"https:\/\/ilcrogiuolo.it\/en\/#organization\",\"name\":\"Il Crogiuolo\",\"url\":\"https:\/\/ilcrogiuolo.it\/en\/\",\"logo\":{\"@type\":\"ImageObject\",\"inLanguage\":\"en-US\",\"@id\":\"https:\/\/ilcrogiuolo.it\/en\/#\/schema\/logo\/image\/\",\"url\":\"https:\/\/ilcrogiuolo.it\/wp-content\/uploads\/2020\/04\/logo.png\",\"contentUrl\":\"https:\/\/ilcrogiuolo.it\/wp-content\/uploads\/2020\/04\/logo.png\",\"width\":200,\"height\":49,\"caption\":\"Il Crogiuolo\"},\"image\":{\"@id\":\"https:\/\/ilcrogiuolo.it\/en\/#\/schema\/logo\/image\/\"},\"sameAs\":[\"https:\/\/www.facebook.com\/Il-Crogiuolo-681876418491758\"]}]}<\/script>\n<!-- \/ Yoast SEO plugin. -->","yoast_head_json":{"title":"DILEGUM - RITUAL NECKLACE GREEN AND YELLOW - Il Crogiuolo","description":"DILEGUM - RITUAL NECKLACE GREEN AND YELLOW It is called dileg\u00f9m a special necklace (guia) made with\u00a0braided strands of beads of the color of the entity to which it is dedicated. Used in the","robots":{"index":"index","follow":"follow","max-snippet":"max-snippet:-1","max-image-preview":"max-image-preview:large","max-video-preview":"max-video-preview:-1"},"canonical":"https:\/\/ilcrogiuolo.it\/en\/p\/dilegum-ritual-necklace-green-and-yellow\/","og_locale":"en_US","og_type":"article","og_title":"DILEGUM - RITUAL NECKLACE GREEN AND YELLOW - Il Crogiuolo","og_description":"DILEGUM - RITUAL NECKLACE GREEN AND YELLOW It is called dileg\u00f9m a special necklace (guia) made with\u00a0braided strands of beads of the color of the entity to which it is dedicated. Used in the","og_url":"https:\/\/ilcrogiuolo.it\/en\/p\/dilegum-ritual-necklace-green-and-yellow\/","og_site_name":"Il Crogiuolo","article_publisher":"https:\/\/www.facebook.com\/Il-Crogiuolo-681876418491758","article_modified_time":"2020-02-18T14:16:17+00:00","og_image":[{"width":627,"height":600,"url":"https:\/\/ilcrogiuolo.it\/wp-content\/uploads\/2020\/01\/dsc0102_4514652-1.jpg","type":"image\/jpeg"}],"twitter_card":"summary_large_image","schema":{"@context":"https:\/\/schema.org","@graph":[{"@type":"WebPage","@id":"https:\/\/ilcrogiuolo.it\/en\/p\/dilegum-ritual-necklace-green-and-yellow\/","url":"https:\/\/ilcrogiuolo.it\/en\/p\/dilegum-ritual-necklace-green-and-yellow\/","name":"DILEGUM - RITUAL NECKLACE GREEN AND YELLOW - Il Crogiuolo","isPartOf":{"@id":"https:\/\/ilcrogiuolo.it\/en\/#website"},"primaryImageOfPage":{"@id":"https:\/\/ilcrogiuolo.it\/en\/p\/dilegum-ritual-necklace-green-and-yellow\/#primaryimage"},"image":{"@id":"https:\/\/ilcrogiuolo.it\/en\/p\/dilegum-ritual-necklace-green-and-yellow\/#primaryimage"},"thumbnailUrl":"https:\/\/ilcrogiuolo.it\/wp-content\/uploads\/2020\/01\/dsc0102_4514652-1.jpg","datePublished":"2020-01-14T18:12:59+00:00","dateModified":"2020-02-18T14:16:17+00:00","description":"DILEGUM - RITUAL NECKLACE GREEN AND YELLOW It is called dileg\u00f9m a special necklace (guia) made with\u00a0braided strands of beads of the color of the entity to which it is dedicated. Used in the","breadcrumb":{"@id":"https:\/\/ilcrogiuolo.it\/en\/p\/dilegum-ritual-necklace-green-and-yellow\/#breadcrumb"},"inLanguage":"en-US","potentialAction":[{"@type":"ReadAction","target":["https:\/\/ilcrogiuolo.it\/en\/p\/dilegum-ritual-necklace-green-and-yellow\/"]}]},{"@type":"ImageObject","inLanguage":"en-US","@id":"https:\/\/ilcrogiuolo.it\/en\/p\/dilegum-ritual-necklace-green-and-yellow\/#primaryimage","url":"https:\/\/ilcrogiuolo.it\/wp-content\/uploads\/2020\/01\/dsc0102_4514652-1.jpg","contentUrl":"https:\/\/ilcrogiuolo.it\/wp-content\/uploads\/2020\/01\/dsc0102_4514652-1.jpg","width":627,"height":600},{"@type":"BreadcrumbList","@id":"https:\/\/ilcrogiuolo.it\/en\/p\/dilegum-ritual-necklace-green-and-yellow\/#breadcrumb","itemListElement":[{"@type":"ListItem","position":1,"name":"Home","item":"https:\/\/ilcrogiuolo.it\/en\/"},{"@type":"ListItem","position":2,"name":"Shop","item":"https:\/\/ilcrogiuolo.it\/en\/shop\/"},{"@type":"ListItem","position":3,"name":"DILEGUM &#8211; RITUAL NECKLACE GREEN AND YELLOW"}]},{"@type":"WebSite","@id":"https:\/\/ilcrogiuolo.it\/en\/#website","url":"https:\/\/ilcrogiuolo.it\/en\/","name":"Il Crogiuolo","description":"","publisher":{"@id":"https:\/\/ilcrogiuolo.it\/en\/#organization"},"potentialAction":[{"@type":"SearchAction","target":{"@type":"EntryPoint","urlTemplate":"https:\/\/ilcrogiuolo.it\/en\/?s={search_term_string}"},"query-input":{"@type":"PropertyValueSpecification","valueRequired":true,"valueName":"search_term_string"}}],"inLanguage":"en-US"},{"@type":"Organization","@id":"https:\/\/ilcrogiuolo.it\/en\/#organization","name":"Il Crogiuolo","url":"https:\/\/ilcrogiuolo.it\/en\/","logo":{"@type":"ImageObject","inLanguage":"en-US","@id":"https:\/\/ilcrogiuolo.it\/en\/#\/schema\/logo\/image\/","url":"https:\/\/ilcrogiuolo.it\/wp-content\/uploads\/2020\/04\/logo.png","contentUrl":"https:\/\/ilcrogiuolo.it\/wp-content\/uploads\/2020\/04\/logo.png","width":200,"height":49,"caption":"Il Crogiuolo"},"image":{"@id":"https:\/\/ilcrogiuolo.it\/en\/#\/schema\/logo\/image\/"},"sameAs":["https:\/\/www.facebook.com\/Il-Crogiuolo-681876418491758"]}]}},"_links":{"self":[{"href":"https:\/\/ilcrogiuolo.it\/en\/wp-json\/wp\/v2\/product\/10619","targetHints":{"allow":["GET"]}}],"collection":[{"href":"https:\/\/ilcrogiuolo.it\/en\/wp-json\/wp\/v2\/product"}],"about":[{"href":"https:\/\/ilcrogiuolo.it\/en\/wp-json\/wp\/v2\/types\/product"}],"wp:featuredmedia":[{"embeddable":true,"href":"https:\/\/ilcrogiuolo.it\/en\/wp-json\/wp\/v2\/media\/19645"}],"wp:attachment":[{"href":"https:\/\/ilcrogiuolo.it\/en\/wp-json\/wp\/v2\/media?parent=10619"}],"wp:term":[{"taxonomy":"product_brand","embeddable":true,"href":"https:\/\/ilcrogiuolo.it\/en\/wp-json\/wp\/v2\/product_brand?post=10619"},{"taxonomy":"product_cat","embeddable":true,"href":"https:\/\/ilcrogiuolo.it\/en\/wp-json\/wp\/v2\/product_cat?post=10619"},{"taxonomy":"product_tag","embeddable":true,"href":"https:\/\/ilcrogiuolo.it\/en\/wp-json\/wp\/v2\/product_tag?post=10619"}],"curies":[{"name":"wp","href":"https:\/\/api.w.org\/{rel}","templated":true}]}}