{"id":10570,"date":"2020-01-14T17:05:28","date_gmt":"2020-01-14T18:12:28","guid":{"rendered":"https:\/\/ilcrogiuolo.it\/p\/plaster-statue-oxossi-candomble-cm-23\/"},"modified":"2020-02-18T13:55:00","modified_gmt":"2020-02-18T12:55:00","slug":"plaster-statue-oxossi-candomble-cm-23","status":"publish","type":"product","link":"https:\/\/ilcrogiuolo.it\/en\/p\/plaster-statue-oxossi-candomble-cm-23\/","title":{"rendered":"Plaster statue Oxossi Candombl\u00e8 cm 23"},"content":{"rendered":"<p>Plastes representation of Orix\u00e0 Oxossi, the Hunter, Lord of the forests and ecology, food and abundance, in his as it Candombl\u00e9, depicted with clothes and his banners dell&#8217;Orix\u00e0 characteristic rituals.<\/p>\n","protected":false},"excerpt":{"rendered":"<p>Plastes representation of Orix\u00e0 Oxossi, the Hunter, Lord of the forests and ecology, food and abundance, in his as it&#8230;<\/p>\n","protected":false},"featured_media":2752,"template":"","meta":{"_acf_changed":false},"product_brand":[],"product_cat":[1604,1216,1204],"product_tag":[],"class_list":{"0":"post-10570","1":"product","2":"type-product","3":"status-publish","4":"has-post-thumbnail","6":"product_cat-candomble-statues","7":"product_cat-orixas-exus-pomba-giras-statues-fetishes","8":"product_cat-statues","10":"first","11":"outofstock","12":"taxable","13":"shipping-taxable","14":"purchasable","15":"product-type-simple","16":"add-to-wishlist-before_image"},"acf":[],"yoast_head":"<!-- This site is optimized with the Yoast SEO plugin v26.9 - https:\/\/yoast.com\/product\/yoast-seo-wordpress\/ -->\n<title>Plaster statue Oxossi Candombl\u00e8 cm 23 - Il Crogiuolo<\/title>\n<meta name=\"description\" content=\"Plaster statue Oxossi Candombl\u00e8 cm 23 Plastes representation of Orix\u00e0 Oxossi, the Hunter, Lord of the forests and ecology, food and abundance, in his as it Candombl\u00e9, depicted with clothes and\" \/>\n<meta name=\"robots\" content=\"index, follow, max-snippet:-1, max-image-preview:large, max-video-preview:-1\" \/>\n<link rel=\"canonical\" href=\"https:\/\/ilcrogiuolo.it\/en\/p\/plaster-statue-oxossi-candomble-cm-23\/\" \/>\n<meta property=\"og:locale\" content=\"en_US\" \/>\n<meta property=\"og:type\" content=\"article\" \/>\n<meta property=\"og:title\" content=\"Plaster statue Oxossi Candombl\u00e8 cm 23 - Il Crogiuolo\" \/>\n<meta property=\"og:description\" content=\"Plaster statue Oxossi Candombl\u00e8 cm 23 Plastes representation of Orix\u00e0 Oxossi, the Hunter, Lord of the forests and ecology, food and abundance, in his as it Candombl\u00e9, depicted with clothes and\" \/>\n<meta property=\"og:url\" content=\"https:\/\/ilcrogiuolo.it\/en\/p\/plaster-statue-oxossi-candomble-cm-23\/\" \/>\n<meta property=\"og:site_name\" content=\"Il Crogiuolo\" \/>\n<meta property=\"article:publisher\" content=\"https:\/\/www.facebook.com\/Il-Crogiuolo-681876418491758\" \/>\n<meta property=\"article:modified_time\" content=\"2020-02-18T12:55:00+00:00\" \/>\n<meta property=\"og:image\" content=\"https:\/\/ilcrogiuolo.it\/wp-content\/uploads\/2020\/01\/oxossi_0104249.jpg\" \/>\n\t<meta property=\"og:image:width\" content=\"627\" \/>\n\t<meta property=\"og:image:height\" content=\"600\" \/>\n\t<meta property=\"og:image:type\" content=\"image\/jpeg\" \/>\n<meta name=\"twitter:card\" content=\"summary_large_image\" \/>\n<script type=\"application\/ld+json\" class=\"yoast-schema-graph\">{\"@context\":\"https:\/\/schema.org\",\"@graph\":[{\"@type\":\"WebPage\",\"@id\":\"https:\/\/ilcrogiuolo.it\/en\/p\/plaster-statue-oxossi-candomble-cm-23\/\",\"url\":\"https:\/\/ilcrogiuolo.it\/en\/p\/plaster-statue-oxossi-candomble-cm-23\/\",\"name\":\"Plaster statue Oxossi Candombl\u00e8 cm 23 - Il Crogiuolo\",\"isPartOf\":{\"@id\":\"https:\/\/ilcrogiuolo.it\/en\/#website\"},\"primaryImageOfPage\":{\"@id\":\"https:\/\/ilcrogiuolo.it\/en\/p\/plaster-statue-oxossi-candomble-cm-23\/#primaryimage\"},\"image\":{\"@id\":\"https:\/\/ilcrogiuolo.it\/en\/p\/plaster-statue-oxossi-candomble-cm-23\/#primaryimage\"},\"thumbnailUrl\":\"https:\/\/ilcrogiuolo.it\/wp-content\/uploads\/2020\/01\/oxossi_0104249.jpg\",\"datePublished\":\"2020-01-14T18:12:28+00:00\",\"dateModified\":\"2020-02-18T12:55:00+00:00\",\"description\":\"Plaster statue Oxossi Candombl\u00e8 cm 23 Plastes representation of Orix\u00e0 Oxossi, the Hunter, Lord of the forests and ecology, food and abundance, in his as it Candombl\u00e9, depicted with clothes and\",\"breadcrumb\":{\"@id\":\"https:\/\/ilcrogiuolo.it\/en\/p\/plaster-statue-oxossi-candomble-cm-23\/#breadcrumb\"},\"inLanguage\":\"en-US\",\"potentialAction\":[{\"@type\":\"ReadAction\",\"target\":[\"https:\/\/ilcrogiuolo.it\/en\/p\/plaster-statue-oxossi-candomble-cm-23\/\"]}]},{\"@type\":\"ImageObject\",\"inLanguage\":\"en-US\",\"@id\":\"https:\/\/ilcrogiuolo.it\/en\/p\/plaster-statue-oxossi-candomble-cm-23\/#primaryimage\",\"url\":\"https:\/\/ilcrogiuolo.it\/wp-content\/uploads\/2020\/01\/oxossi_0104249.jpg\",\"contentUrl\":\"https:\/\/ilcrogiuolo.it\/wp-content\/uploads\/2020\/01\/oxossi_0104249.jpg\",\"width\":627,\"height\":600},{\"@type\":\"BreadcrumbList\",\"@id\":\"https:\/\/ilcrogiuolo.it\/en\/p\/plaster-statue-oxossi-candomble-cm-23\/#breadcrumb\",\"itemListElement\":[{\"@type\":\"ListItem\",\"position\":1,\"name\":\"Home\",\"item\":\"https:\/\/ilcrogiuolo.it\/en\/\"},{\"@type\":\"ListItem\",\"position\":2,\"name\":\"Shop\",\"item\":\"https:\/\/ilcrogiuolo.it\/en\/shop\/\"},{\"@type\":\"ListItem\",\"position\":3,\"name\":\"Plaster statue Oxossi Candombl\u00e8 cm 23\"}]},{\"@type\":\"WebSite\",\"@id\":\"https:\/\/ilcrogiuolo.it\/en\/#website\",\"url\":\"https:\/\/ilcrogiuolo.it\/en\/\",\"name\":\"Il Crogiuolo\",\"description\":\"\",\"publisher\":{\"@id\":\"https:\/\/ilcrogiuolo.it\/en\/#organization\"},\"potentialAction\":[{\"@type\":\"SearchAction\",\"target\":{\"@type\":\"EntryPoint\",\"urlTemplate\":\"https:\/\/ilcrogiuolo.it\/en\/?s={search_term_string}\"},\"query-input\":{\"@type\":\"PropertyValueSpecification\",\"valueRequired\":true,\"valueName\":\"search_term_string\"}}],\"inLanguage\":\"en-US\"},{\"@type\":\"Organization\",\"@id\":\"https:\/\/ilcrogiuolo.it\/en\/#organization\",\"name\":\"Il Crogiuolo\",\"url\":\"https:\/\/ilcrogiuolo.it\/en\/\",\"logo\":{\"@type\":\"ImageObject\",\"inLanguage\":\"en-US\",\"@id\":\"https:\/\/ilcrogiuolo.it\/en\/#\/schema\/logo\/image\/\",\"url\":\"https:\/\/ilcrogiuolo.it\/wp-content\/uploads\/2020\/04\/logo.png\",\"contentUrl\":\"https:\/\/ilcrogiuolo.it\/wp-content\/uploads\/2020\/04\/logo.png\",\"width\":200,\"height\":49,\"caption\":\"Il Crogiuolo\"},\"image\":{\"@id\":\"https:\/\/ilcrogiuolo.it\/en\/#\/schema\/logo\/image\/\"},\"sameAs\":[\"https:\/\/www.facebook.com\/Il-Crogiuolo-681876418491758\"]}]}<\/script>\n<!-- \/ Yoast SEO plugin. -->","yoast_head_json":{"title":"Plaster statue Oxossi Candombl\u00e8 cm 23 - Il Crogiuolo","description":"Plaster statue Oxossi Candombl\u00e8 cm 23 Plastes representation of Orix\u00e0 Oxossi, the Hunter, Lord of the forests and ecology, food and abundance, in his as it Candombl\u00e9, depicted with clothes and","robots":{"index":"index","follow":"follow","max-snippet":"max-snippet:-1","max-image-preview":"max-image-preview:large","max-video-preview":"max-video-preview:-1"},"canonical":"https:\/\/ilcrogiuolo.it\/en\/p\/plaster-statue-oxossi-candomble-cm-23\/","og_locale":"en_US","og_type":"article","og_title":"Plaster statue Oxossi Candombl\u00e8 cm 23 - Il Crogiuolo","og_description":"Plaster statue Oxossi Candombl\u00e8 cm 23 Plastes representation of Orix\u00e0 Oxossi, the Hunter, Lord of the forests and ecology, food and abundance, in his as it Candombl\u00e9, depicted with clothes and","og_url":"https:\/\/ilcrogiuolo.it\/en\/p\/plaster-statue-oxossi-candomble-cm-23\/","og_site_name":"Il Crogiuolo","article_publisher":"https:\/\/www.facebook.com\/Il-Crogiuolo-681876418491758","article_modified_time":"2020-02-18T12:55:00+00:00","og_image":[{"width":627,"height":600,"url":"https:\/\/ilcrogiuolo.it\/wp-content\/uploads\/2020\/01\/oxossi_0104249.jpg","type":"image\/jpeg"}],"twitter_card":"summary_large_image","schema":{"@context":"https:\/\/schema.org","@graph":[{"@type":"WebPage","@id":"https:\/\/ilcrogiuolo.it\/en\/p\/plaster-statue-oxossi-candomble-cm-23\/","url":"https:\/\/ilcrogiuolo.it\/en\/p\/plaster-statue-oxossi-candomble-cm-23\/","name":"Plaster statue Oxossi Candombl\u00e8 cm 23 - Il Crogiuolo","isPartOf":{"@id":"https:\/\/ilcrogiuolo.it\/en\/#website"},"primaryImageOfPage":{"@id":"https:\/\/ilcrogiuolo.it\/en\/p\/plaster-statue-oxossi-candomble-cm-23\/#primaryimage"},"image":{"@id":"https:\/\/ilcrogiuolo.it\/en\/p\/plaster-statue-oxossi-candomble-cm-23\/#primaryimage"},"thumbnailUrl":"https:\/\/ilcrogiuolo.it\/wp-content\/uploads\/2020\/01\/oxossi_0104249.jpg","datePublished":"2020-01-14T18:12:28+00:00","dateModified":"2020-02-18T12:55:00+00:00","description":"Plaster statue Oxossi Candombl\u00e8 cm 23 Plastes representation of Orix\u00e0 Oxossi, the Hunter, Lord of the forests and ecology, food and abundance, in his as it Candombl\u00e9, depicted with clothes and","breadcrumb":{"@id":"https:\/\/ilcrogiuolo.it\/en\/p\/plaster-statue-oxossi-candomble-cm-23\/#breadcrumb"},"inLanguage":"en-US","potentialAction":[{"@type":"ReadAction","target":["https:\/\/ilcrogiuolo.it\/en\/p\/plaster-statue-oxossi-candomble-cm-23\/"]}]},{"@type":"ImageObject","inLanguage":"en-US","@id":"https:\/\/ilcrogiuolo.it\/en\/p\/plaster-statue-oxossi-candomble-cm-23\/#primaryimage","url":"https:\/\/ilcrogiuolo.it\/wp-content\/uploads\/2020\/01\/oxossi_0104249.jpg","contentUrl":"https:\/\/ilcrogiuolo.it\/wp-content\/uploads\/2020\/01\/oxossi_0104249.jpg","width":627,"height":600},{"@type":"BreadcrumbList","@id":"https:\/\/ilcrogiuolo.it\/en\/p\/plaster-statue-oxossi-candomble-cm-23\/#breadcrumb","itemListElement":[{"@type":"ListItem","position":1,"name":"Home","item":"https:\/\/ilcrogiuolo.it\/en\/"},{"@type":"ListItem","position":2,"name":"Shop","item":"https:\/\/ilcrogiuolo.it\/en\/shop\/"},{"@type":"ListItem","position":3,"name":"Plaster statue Oxossi Candombl\u00e8 cm 23"}]},{"@type":"WebSite","@id":"https:\/\/ilcrogiuolo.it\/en\/#website","url":"https:\/\/ilcrogiuolo.it\/en\/","name":"Il Crogiuolo","description":"","publisher":{"@id":"https:\/\/ilcrogiuolo.it\/en\/#organization"},"potentialAction":[{"@type":"SearchAction","target":{"@type":"EntryPoint","urlTemplate":"https:\/\/ilcrogiuolo.it\/en\/?s={search_term_string}"},"query-input":{"@type":"PropertyValueSpecification","valueRequired":true,"valueName":"search_term_string"}}],"inLanguage":"en-US"},{"@type":"Organization","@id":"https:\/\/ilcrogiuolo.it\/en\/#organization","name":"Il Crogiuolo","url":"https:\/\/ilcrogiuolo.it\/en\/","logo":{"@type":"ImageObject","inLanguage":"en-US","@id":"https:\/\/ilcrogiuolo.it\/en\/#\/schema\/logo\/image\/","url":"https:\/\/ilcrogiuolo.it\/wp-content\/uploads\/2020\/04\/logo.png","contentUrl":"https:\/\/ilcrogiuolo.it\/wp-content\/uploads\/2020\/04\/logo.png","width":200,"height":49,"caption":"Il Crogiuolo"},"image":{"@id":"https:\/\/ilcrogiuolo.it\/en\/#\/schema\/logo\/image\/"},"sameAs":["https:\/\/www.facebook.com\/Il-Crogiuolo-681876418491758"]}]}},"_links":{"self":[{"href":"https:\/\/ilcrogiuolo.it\/en\/wp-json\/wp\/v2\/product\/10570","targetHints":{"allow":["GET"]}}],"collection":[{"href":"https:\/\/ilcrogiuolo.it\/en\/wp-json\/wp\/v2\/product"}],"about":[{"href":"https:\/\/ilcrogiuolo.it\/en\/wp-json\/wp\/v2\/types\/product"}],"wp:featuredmedia":[{"embeddable":true,"href":"https:\/\/ilcrogiuolo.it\/en\/wp-json\/wp\/v2\/media\/2752"}],"wp:attachment":[{"href":"https:\/\/ilcrogiuolo.it\/en\/wp-json\/wp\/v2\/media?parent=10570"}],"wp:term":[{"taxonomy":"product_brand","embeddable":true,"href":"https:\/\/ilcrogiuolo.it\/en\/wp-json\/wp\/v2\/product_brand?post=10570"},{"taxonomy":"product_cat","embeddable":true,"href":"https:\/\/ilcrogiuolo.it\/en\/wp-json\/wp\/v2\/product_cat?post=10570"},{"taxonomy":"product_tag","embeddable":true,"href":"https:\/\/ilcrogiuolo.it\/en\/wp-json\/wp\/v2\/product_tag?post=10570"}],"curies":[{"name":"wp","href":"https:\/\/api.w.org\/{rel}","templated":true}]}}