{"id":10520,"date":"2020-01-14T17:05:18","date_gmt":"2020-01-14T18:11:58","guid":{"rendered":"https:\/\/ilcrogiuolo.it\/p\/jogo-dos-buzios-four-seashells-oracle\/"},"modified":"2020-02-17T18:33:18","modified_gmt":"2020-02-17T17:33:18","slug":"jogo-dos-buzios-four-seashells-oracle","status":"publish","type":"product","link":"https:\/\/ilcrogiuolo.it\/en\/p\/jogo-dos-buzios-four-seashells-oracle\/","title":{"rendered":"Jogo Dos Buzios &#8211; Four Seashells Oracle"},"content":{"rendered":"<p class=\"MsoNormal\" style=\"margin: 0cm 0cm 0pt;\"><span lang=\"EN-US\">The Orix\u00e0 in charge of divination is If\u00e0. If\u00e0 is a very powerful and mysterious saint, often associated to Saint Francis: he represents the mouth of God and speaks through divinatory seashells (buzios). Legend told us that Xang\u00f2 was the first owner of these seashells but had no interest in them, because of his young age, so he gave them to If\u00e0 and had the gift of dance in return. If\u00e0 is believed to have 4 eyes, two are closed during the day, the other two during the night, people cannot understand when he speaks so he has a personal translator, the incomparable Bar\u00e1Ex\u00fa. Seashells are the most popular divinatory tool in Africa, If\u00e0 tables is made of sixteen buzios; consultation is called dilog\u00f9n. Seashells are thrown on air and depending on how they fall (upside down, the position they have etc) an answer is given: 256 combinations of answers are possible. If\u00e0 is foolproof but not everyone can access its mystery. The oracle has an answer for anything is asked: love, money, good luck, health, evil eye. This divinatory practice is very complicated and secret: anyway there is also a practice which uses just four seashells, very popular in Brazil, that allows almost anybody to use this ancient Divinatory Oracle. <\/span><\/p>\n","protected":false},"excerpt":{"rendered":"<p>The Orix\u00e0 in charge of divination is If\u00e0. If\u00e0 is a very powerful and mysterious saint, often associated to Saint&#8230;<\/p>\n","protected":false},"featured_media":2648,"template":"","meta":{"_acf_changed":false},"product_brand":[],"product_cat":[1601,1247,1202],"product_tag":[],"class_list":{"0":"post-10520","1":"product","2":"type-product","3":"status-publish","4":"has-post-thumbnail","6":"product_cat-divination-buzios-and-paneire","7":"product_cat-buzios-oracles-peneiras","8":"product_cat-divination-tools-and-amulets","10":"first","11":"instock","12":"taxable","13":"shipping-taxable","14":"purchasable","15":"product-type-simple","16":"add-to-wishlist-before_image"},"acf":[],"yoast_head":"<!-- This site is optimized with the Yoast SEO plugin v26.9 - https:\/\/yoast.com\/product\/yoast-seo-wordpress\/ -->\n<title>Jogo Dos Buzios - Four Seashells Oracle - Il Crogiuolo<\/title>\n<meta name=\"description\" content=\"Jogo Dos Buzios - Four Seashells Oracle The Orix\u00e0 in charge of divination is If\u00e0. If\u00e0 is a very powerful and mysterious saint, often associated to Saint Francis: he represents the mouth of God\" \/>\n<meta name=\"robots\" content=\"index, follow, max-snippet:-1, max-image-preview:large, max-video-preview:-1\" \/>\n<link rel=\"canonical\" href=\"https:\/\/ilcrogiuolo.it\/en\/p\/jogo-dos-buzios-four-seashells-oracle\/\" \/>\n<meta property=\"og:locale\" content=\"en_US\" \/>\n<meta property=\"og:type\" content=\"article\" \/>\n<meta property=\"og:title\" content=\"Jogo Dos Buzios - Four Seashells Oracle - Il Crogiuolo\" \/>\n<meta property=\"og:description\" content=\"Jogo Dos Buzios - Four Seashells Oracle The Orix\u00e0 in charge of divination is If\u00e0. If\u00e0 is a very powerful and mysterious saint, often associated to Saint Francis: he represents the mouth of God\" \/>\n<meta property=\"og:url\" content=\"https:\/\/ilcrogiuolo.it\/en\/p\/jogo-dos-buzios-four-seashells-oracle\/\" \/>\n<meta property=\"og:site_name\" content=\"Il Crogiuolo\" \/>\n<meta property=\"article:publisher\" content=\"https:\/\/www.facebook.com\/Il-Crogiuolo-681876418491758\" \/>\n<meta property=\"article:modified_time\" content=\"2020-02-17T17:33:18+00:00\" \/>\n<meta property=\"og:image\" content=\"https:\/\/ilcrogiuolo.it\/wp-content\/uploads\/2020\/01\/buzios_3557951.jpg\" \/>\n\t<meta property=\"og:image:width\" content=\"627\" \/>\n\t<meta property=\"og:image:height\" content=\"600\" \/>\n\t<meta property=\"og:image:type\" content=\"image\/jpeg\" \/>\n<meta name=\"twitter:card\" content=\"summary_large_image\" \/>\n<meta name=\"twitter:label1\" content=\"Est. reading time\" \/>\n\t<meta name=\"twitter:data1\" content=\"1 minute\" \/>\n<script type=\"application\/ld+json\" class=\"yoast-schema-graph\">{\"@context\":\"https:\/\/schema.org\",\"@graph\":[{\"@type\":\"WebPage\",\"@id\":\"https:\/\/ilcrogiuolo.it\/en\/p\/jogo-dos-buzios-four-seashells-oracle\/\",\"url\":\"https:\/\/ilcrogiuolo.it\/en\/p\/jogo-dos-buzios-four-seashells-oracle\/\",\"name\":\"Jogo Dos Buzios - Four Seashells Oracle - Il Crogiuolo\",\"isPartOf\":{\"@id\":\"https:\/\/ilcrogiuolo.it\/en\/#website\"},\"primaryImageOfPage\":{\"@id\":\"https:\/\/ilcrogiuolo.it\/en\/p\/jogo-dos-buzios-four-seashells-oracle\/#primaryimage\"},\"image\":{\"@id\":\"https:\/\/ilcrogiuolo.it\/en\/p\/jogo-dos-buzios-four-seashells-oracle\/#primaryimage\"},\"thumbnailUrl\":\"https:\/\/ilcrogiuolo.it\/wp-content\/uploads\/2020\/01\/buzios_3557951.jpg\",\"datePublished\":\"2020-01-14T18:11:58+00:00\",\"dateModified\":\"2020-02-17T17:33:18+00:00\",\"description\":\"Jogo Dos Buzios - Four Seashells Oracle The Orix\u00e0 in charge of divination is If\u00e0. If\u00e0 is a very powerful and mysterious saint, often associated to Saint Francis: he represents the mouth of God\",\"breadcrumb\":{\"@id\":\"https:\/\/ilcrogiuolo.it\/en\/p\/jogo-dos-buzios-four-seashells-oracle\/#breadcrumb\"},\"inLanguage\":\"en-US\",\"potentialAction\":[{\"@type\":\"ReadAction\",\"target\":[\"https:\/\/ilcrogiuolo.it\/en\/p\/jogo-dos-buzios-four-seashells-oracle\/\"]}]},{\"@type\":\"ImageObject\",\"inLanguage\":\"en-US\",\"@id\":\"https:\/\/ilcrogiuolo.it\/en\/p\/jogo-dos-buzios-four-seashells-oracle\/#primaryimage\",\"url\":\"https:\/\/ilcrogiuolo.it\/wp-content\/uploads\/2020\/01\/buzios_3557951.jpg\",\"contentUrl\":\"https:\/\/ilcrogiuolo.it\/wp-content\/uploads\/2020\/01\/buzios_3557951.jpg\",\"width\":627,\"height\":600},{\"@type\":\"BreadcrumbList\",\"@id\":\"https:\/\/ilcrogiuolo.it\/en\/p\/jogo-dos-buzios-four-seashells-oracle\/#breadcrumb\",\"itemListElement\":[{\"@type\":\"ListItem\",\"position\":1,\"name\":\"Home\",\"item\":\"https:\/\/ilcrogiuolo.it\/en\/\"},{\"@type\":\"ListItem\",\"position\":2,\"name\":\"Shop\",\"item\":\"https:\/\/ilcrogiuolo.it\/en\/shop\/\"},{\"@type\":\"ListItem\",\"position\":3,\"name\":\"Jogo Dos Buzios &#8211; Four Seashells Oracle\"}]},{\"@type\":\"WebSite\",\"@id\":\"https:\/\/ilcrogiuolo.it\/en\/#website\",\"url\":\"https:\/\/ilcrogiuolo.it\/en\/\",\"name\":\"Il Crogiuolo\",\"description\":\"\",\"publisher\":{\"@id\":\"https:\/\/ilcrogiuolo.it\/en\/#organization\"},\"potentialAction\":[{\"@type\":\"SearchAction\",\"target\":{\"@type\":\"EntryPoint\",\"urlTemplate\":\"https:\/\/ilcrogiuolo.it\/en\/?s={search_term_string}\"},\"query-input\":{\"@type\":\"PropertyValueSpecification\",\"valueRequired\":true,\"valueName\":\"search_term_string\"}}],\"inLanguage\":\"en-US\"},{\"@type\":\"Organization\",\"@id\":\"https:\/\/ilcrogiuolo.it\/en\/#organization\",\"name\":\"Il Crogiuolo\",\"url\":\"https:\/\/ilcrogiuolo.it\/en\/\",\"logo\":{\"@type\":\"ImageObject\",\"inLanguage\":\"en-US\",\"@id\":\"https:\/\/ilcrogiuolo.it\/en\/#\/schema\/logo\/image\/\",\"url\":\"https:\/\/ilcrogiuolo.it\/wp-content\/uploads\/2020\/04\/logo.png\",\"contentUrl\":\"https:\/\/ilcrogiuolo.it\/wp-content\/uploads\/2020\/04\/logo.png\",\"width\":200,\"height\":49,\"caption\":\"Il Crogiuolo\"},\"image\":{\"@id\":\"https:\/\/ilcrogiuolo.it\/en\/#\/schema\/logo\/image\/\"},\"sameAs\":[\"https:\/\/www.facebook.com\/Il-Crogiuolo-681876418491758\"]}]}<\/script>\n<!-- \/ Yoast SEO plugin. -->","yoast_head_json":{"title":"Jogo Dos Buzios - Four Seashells Oracle - Il Crogiuolo","description":"Jogo Dos Buzios - Four Seashells Oracle The Orix\u00e0 in charge of divination is If\u00e0. If\u00e0 is a very powerful and mysterious saint, often associated to Saint Francis: he represents the mouth of God","robots":{"index":"index","follow":"follow","max-snippet":"max-snippet:-1","max-image-preview":"max-image-preview:large","max-video-preview":"max-video-preview:-1"},"canonical":"https:\/\/ilcrogiuolo.it\/en\/p\/jogo-dos-buzios-four-seashells-oracle\/","og_locale":"en_US","og_type":"article","og_title":"Jogo Dos Buzios - Four Seashells Oracle - Il Crogiuolo","og_description":"Jogo Dos Buzios - Four Seashells Oracle The Orix\u00e0 in charge of divination is If\u00e0. If\u00e0 is a very powerful and mysterious saint, often associated to Saint Francis: he represents the mouth of God","og_url":"https:\/\/ilcrogiuolo.it\/en\/p\/jogo-dos-buzios-four-seashells-oracle\/","og_site_name":"Il Crogiuolo","article_publisher":"https:\/\/www.facebook.com\/Il-Crogiuolo-681876418491758","article_modified_time":"2020-02-17T17:33:18+00:00","og_image":[{"width":627,"height":600,"url":"https:\/\/ilcrogiuolo.it\/wp-content\/uploads\/2020\/01\/buzios_3557951.jpg","type":"image\/jpeg"}],"twitter_card":"summary_large_image","twitter_misc":{"Est. reading time":"1 minute"},"schema":{"@context":"https:\/\/schema.org","@graph":[{"@type":"WebPage","@id":"https:\/\/ilcrogiuolo.it\/en\/p\/jogo-dos-buzios-four-seashells-oracle\/","url":"https:\/\/ilcrogiuolo.it\/en\/p\/jogo-dos-buzios-four-seashells-oracle\/","name":"Jogo Dos Buzios - Four Seashells Oracle - Il Crogiuolo","isPartOf":{"@id":"https:\/\/ilcrogiuolo.it\/en\/#website"},"primaryImageOfPage":{"@id":"https:\/\/ilcrogiuolo.it\/en\/p\/jogo-dos-buzios-four-seashells-oracle\/#primaryimage"},"image":{"@id":"https:\/\/ilcrogiuolo.it\/en\/p\/jogo-dos-buzios-four-seashells-oracle\/#primaryimage"},"thumbnailUrl":"https:\/\/ilcrogiuolo.it\/wp-content\/uploads\/2020\/01\/buzios_3557951.jpg","datePublished":"2020-01-14T18:11:58+00:00","dateModified":"2020-02-17T17:33:18+00:00","description":"Jogo Dos Buzios - Four Seashells Oracle The Orix\u00e0 in charge of divination is If\u00e0. If\u00e0 is a very powerful and mysterious saint, often associated to Saint Francis: he represents the mouth of God","breadcrumb":{"@id":"https:\/\/ilcrogiuolo.it\/en\/p\/jogo-dos-buzios-four-seashells-oracle\/#breadcrumb"},"inLanguage":"en-US","potentialAction":[{"@type":"ReadAction","target":["https:\/\/ilcrogiuolo.it\/en\/p\/jogo-dos-buzios-four-seashells-oracle\/"]}]},{"@type":"ImageObject","inLanguage":"en-US","@id":"https:\/\/ilcrogiuolo.it\/en\/p\/jogo-dos-buzios-four-seashells-oracle\/#primaryimage","url":"https:\/\/ilcrogiuolo.it\/wp-content\/uploads\/2020\/01\/buzios_3557951.jpg","contentUrl":"https:\/\/ilcrogiuolo.it\/wp-content\/uploads\/2020\/01\/buzios_3557951.jpg","width":627,"height":600},{"@type":"BreadcrumbList","@id":"https:\/\/ilcrogiuolo.it\/en\/p\/jogo-dos-buzios-four-seashells-oracle\/#breadcrumb","itemListElement":[{"@type":"ListItem","position":1,"name":"Home","item":"https:\/\/ilcrogiuolo.it\/en\/"},{"@type":"ListItem","position":2,"name":"Shop","item":"https:\/\/ilcrogiuolo.it\/en\/shop\/"},{"@type":"ListItem","position":3,"name":"Jogo Dos Buzios &#8211; Four Seashells Oracle"}]},{"@type":"WebSite","@id":"https:\/\/ilcrogiuolo.it\/en\/#website","url":"https:\/\/ilcrogiuolo.it\/en\/","name":"Il Crogiuolo","description":"","publisher":{"@id":"https:\/\/ilcrogiuolo.it\/en\/#organization"},"potentialAction":[{"@type":"SearchAction","target":{"@type":"EntryPoint","urlTemplate":"https:\/\/ilcrogiuolo.it\/en\/?s={search_term_string}"},"query-input":{"@type":"PropertyValueSpecification","valueRequired":true,"valueName":"search_term_string"}}],"inLanguage":"en-US"},{"@type":"Organization","@id":"https:\/\/ilcrogiuolo.it\/en\/#organization","name":"Il Crogiuolo","url":"https:\/\/ilcrogiuolo.it\/en\/","logo":{"@type":"ImageObject","inLanguage":"en-US","@id":"https:\/\/ilcrogiuolo.it\/en\/#\/schema\/logo\/image\/","url":"https:\/\/ilcrogiuolo.it\/wp-content\/uploads\/2020\/04\/logo.png","contentUrl":"https:\/\/ilcrogiuolo.it\/wp-content\/uploads\/2020\/04\/logo.png","width":200,"height":49,"caption":"Il Crogiuolo"},"image":{"@id":"https:\/\/ilcrogiuolo.it\/en\/#\/schema\/logo\/image\/"},"sameAs":["https:\/\/www.facebook.com\/Il-Crogiuolo-681876418491758"]}]}},"_links":{"self":[{"href":"https:\/\/ilcrogiuolo.it\/en\/wp-json\/wp\/v2\/product\/10520","targetHints":{"allow":["GET"]}}],"collection":[{"href":"https:\/\/ilcrogiuolo.it\/en\/wp-json\/wp\/v2\/product"}],"about":[{"href":"https:\/\/ilcrogiuolo.it\/en\/wp-json\/wp\/v2\/types\/product"}],"wp:featuredmedia":[{"embeddable":true,"href":"https:\/\/ilcrogiuolo.it\/en\/wp-json\/wp\/v2\/media\/2648"}],"wp:attachment":[{"href":"https:\/\/ilcrogiuolo.it\/en\/wp-json\/wp\/v2\/media?parent=10520"}],"wp:term":[{"taxonomy":"product_brand","embeddable":true,"href":"https:\/\/ilcrogiuolo.it\/en\/wp-json\/wp\/v2\/product_brand?post=10520"},{"taxonomy":"product_cat","embeddable":true,"href":"https:\/\/ilcrogiuolo.it\/en\/wp-json\/wp\/v2\/product_cat?post=10520"},{"taxonomy":"product_tag","embeddable":true,"href":"https:\/\/ilcrogiuolo.it\/en\/wp-json\/wp\/v2\/product_tag?post=10520"}],"curies":[{"name":"wp","href":"https:\/\/api.w.org\/{rel}","templated":true}]}}