{"id":10401,"date":"2020-01-14T17:04:59","date_gmt":"2020-01-14T16:04:59","guid":{"rendered":"https:\/\/ilcrogiuolo.it\/p\/eruexim-de-iansa-with-copper-handle\/"},"modified":"2020-02-17T14:03:07","modified_gmt":"2020-02-17T13:03:07","slug":"eruexim-de-iansa-with-copper-handle","status":"publish","type":"product","link":"https:\/\/ilcrogiuolo.it\/en\/p\/eruexim-de-iansa-with-copper-handle\/","title":{"rendered":"ERUEXIM DE IANSA WITH COPPER HANDLE"},"content":{"rendered":"<p>Handmade, ritual brush with\u00a0copper\u00a0handle\u00a0and natural hair used in the rituals of IANSA to rule on Eg\u00f9ns (spirits of the dead), but also in practices of purification and ax\u00e9. This, together with the alfanj\u00e9 (short sword in metal) arethe most important hardwares in this ritualistic Orix\u00e0<\/p>\n","protected":false},"excerpt":{"rendered":"<p>Handmade, ritual brush with\u00a0copper\u00a0handle\u00a0and natural hair used in the rituals of IANSA to rule on Eg\u00f9ns (spirits of the dead),&#8230;<\/p>\n","protected":false},"featured_media":2419,"template":"","meta":{"_acf_changed":false},"product_brand":[],"product_cat":[1627,1217,1203],"product_tag":[],"class_list":{"0":"post-10401","1":"product","2":"type-product","3":"status-publish","4":"has-post-thumbnail","6":"product_cat-ferramentas","7":"product_cat-basic-items-and-ritual-foods","8":"product_cat-ritual-tools","10":"first","11":"instock","12":"taxable","13":"shipping-taxable","14":"purchasable","15":"product-type-simple","16":"add-to-wishlist-before_image"},"acf":[],"yoast_head":"<!-- This site is optimized with the Yoast SEO plugin v26.9 - https:\/\/yoast.com\/product\/yoast-seo-wordpress\/ -->\n<title>ERUEXIM DE IANSA WITH COPPER HANDLE - Il Crogiuolo<\/title>\n<meta name=\"description\" content=\"ERUEXIM DE IANSA WITH COPPER HANDLE Handmade, ritual brush with\u00a0copper\u00a0handle\u00a0and natural hair used in the rituals of IANSA to rule on Eg\u00f9ns (spirits of the dead), but also in practices of\" \/>\n<meta name=\"robots\" content=\"index, follow, max-snippet:-1, max-image-preview:large, max-video-preview:-1\" \/>\n<link rel=\"canonical\" href=\"https:\/\/ilcrogiuolo.it\/en\/p\/eruexim-de-iansa-with-copper-handle\/\" \/>\n<meta property=\"og:locale\" content=\"en_US\" \/>\n<meta property=\"og:type\" content=\"article\" \/>\n<meta property=\"og:title\" content=\"ERUEXIM DE IANSA WITH COPPER HANDLE - Il Crogiuolo\" \/>\n<meta property=\"og:description\" content=\"ERUEXIM DE IANSA WITH COPPER HANDLE Handmade, ritual brush with\u00a0copper\u00a0handle\u00a0and natural hair used in the rituals of IANSA to rule on Eg\u00f9ns (spirits of the dead), but also in practices of\" \/>\n<meta property=\"og:url\" content=\"https:\/\/ilcrogiuolo.it\/en\/p\/eruexim-de-iansa-with-copper-handle\/\" \/>\n<meta property=\"og:site_name\" content=\"Il Crogiuolo\" \/>\n<meta property=\"article:publisher\" content=\"https:\/\/www.facebook.com\/Il-Crogiuolo-681876418491758\" \/>\n<meta property=\"article:modified_time\" content=\"2020-02-17T13:03:07+00:00\" \/>\n<meta property=\"og:image\" content=\"https:\/\/ilcrogiuolo.it\/wp-content\/uploads\/2020\/01\/eruexim_6290806.jpg\" \/>\n\t<meta property=\"og:image:width\" content=\"627\" \/>\n\t<meta property=\"og:image:height\" content=\"600\" \/>\n\t<meta property=\"og:image:type\" content=\"image\/jpeg\" \/>\n<meta name=\"twitter:card\" content=\"summary_large_image\" \/>\n<script type=\"application\/ld+json\" class=\"yoast-schema-graph\">{\"@context\":\"https:\/\/schema.org\",\"@graph\":[{\"@type\":\"WebPage\",\"@id\":\"https:\/\/ilcrogiuolo.it\/en\/p\/eruexim-de-iansa-with-copper-handle\/\",\"url\":\"https:\/\/ilcrogiuolo.it\/en\/p\/eruexim-de-iansa-with-copper-handle\/\",\"name\":\"ERUEXIM DE IANSA WITH COPPER HANDLE - Il Crogiuolo\",\"isPartOf\":{\"@id\":\"https:\/\/ilcrogiuolo.it\/en\/#website\"},\"primaryImageOfPage\":{\"@id\":\"https:\/\/ilcrogiuolo.it\/en\/p\/eruexim-de-iansa-with-copper-handle\/#primaryimage\"},\"image\":{\"@id\":\"https:\/\/ilcrogiuolo.it\/en\/p\/eruexim-de-iansa-with-copper-handle\/#primaryimage\"},\"thumbnailUrl\":\"https:\/\/ilcrogiuolo.it\/wp-content\/uploads\/2020\/01\/eruexim_6290806.jpg\",\"datePublished\":\"2020-01-14T16:04:59+00:00\",\"dateModified\":\"2020-02-17T13:03:07+00:00\",\"description\":\"ERUEXIM DE IANSA WITH COPPER HANDLE Handmade, ritual brush with\u00a0copper\u00a0handle\u00a0and natural hair used in the rituals of IANSA to rule on Eg\u00f9ns (spirits of the dead), but also in practices of\",\"breadcrumb\":{\"@id\":\"https:\/\/ilcrogiuolo.it\/en\/p\/eruexim-de-iansa-with-copper-handle\/#breadcrumb\"},\"inLanguage\":\"en-US\",\"potentialAction\":[{\"@type\":\"ReadAction\",\"target\":[\"https:\/\/ilcrogiuolo.it\/en\/p\/eruexim-de-iansa-with-copper-handle\/\"]}]},{\"@type\":\"ImageObject\",\"inLanguage\":\"en-US\",\"@id\":\"https:\/\/ilcrogiuolo.it\/en\/p\/eruexim-de-iansa-with-copper-handle\/#primaryimage\",\"url\":\"https:\/\/ilcrogiuolo.it\/wp-content\/uploads\/2020\/01\/eruexim_6290806.jpg\",\"contentUrl\":\"https:\/\/ilcrogiuolo.it\/wp-content\/uploads\/2020\/01\/eruexim_6290806.jpg\",\"width\":627,\"height\":600},{\"@type\":\"BreadcrumbList\",\"@id\":\"https:\/\/ilcrogiuolo.it\/en\/p\/eruexim-de-iansa-with-copper-handle\/#breadcrumb\",\"itemListElement\":[{\"@type\":\"ListItem\",\"position\":1,\"name\":\"Home\",\"item\":\"https:\/\/ilcrogiuolo.it\/en\/\"},{\"@type\":\"ListItem\",\"position\":2,\"name\":\"Shop\",\"item\":\"https:\/\/ilcrogiuolo.it\/en\/shop\/\"},{\"@type\":\"ListItem\",\"position\":3,\"name\":\"ERUEXIM DE IANSA WITH COPPER HANDLE\"}]},{\"@type\":\"WebSite\",\"@id\":\"https:\/\/ilcrogiuolo.it\/en\/#website\",\"url\":\"https:\/\/ilcrogiuolo.it\/en\/\",\"name\":\"Il Crogiuolo\",\"description\":\"\",\"publisher\":{\"@id\":\"https:\/\/ilcrogiuolo.it\/en\/#organization\"},\"potentialAction\":[{\"@type\":\"SearchAction\",\"target\":{\"@type\":\"EntryPoint\",\"urlTemplate\":\"https:\/\/ilcrogiuolo.it\/en\/?s={search_term_string}\"},\"query-input\":{\"@type\":\"PropertyValueSpecification\",\"valueRequired\":true,\"valueName\":\"search_term_string\"}}],\"inLanguage\":\"en-US\"},{\"@type\":\"Organization\",\"@id\":\"https:\/\/ilcrogiuolo.it\/en\/#organization\",\"name\":\"Il Crogiuolo\",\"url\":\"https:\/\/ilcrogiuolo.it\/en\/\",\"logo\":{\"@type\":\"ImageObject\",\"inLanguage\":\"en-US\",\"@id\":\"https:\/\/ilcrogiuolo.it\/en\/#\/schema\/logo\/image\/\",\"url\":\"https:\/\/ilcrogiuolo.it\/wp-content\/uploads\/2020\/04\/logo.png\",\"contentUrl\":\"https:\/\/ilcrogiuolo.it\/wp-content\/uploads\/2020\/04\/logo.png\",\"width\":200,\"height\":49,\"caption\":\"Il Crogiuolo\"},\"image\":{\"@id\":\"https:\/\/ilcrogiuolo.it\/en\/#\/schema\/logo\/image\/\"},\"sameAs\":[\"https:\/\/www.facebook.com\/Il-Crogiuolo-681876418491758\"]}]}<\/script>\n<!-- \/ Yoast SEO plugin. -->","yoast_head_json":{"title":"ERUEXIM DE IANSA WITH COPPER HANDLE - Il Crogiuolo","description":"ERUEXIM DE IANSA WITH COPPER HANDLE Handmade, ritual brush with\u00a0copper\u00a0handle\u00a0and natural hair used in the rituals of IANSA to rule on Eg\u00f9ns (spirits of the dead), but also in practices of","robots":{"index":"index","follow":"follow","max-snippet":"max-snippet:-1","max-image-preview":"max-image-preview:large","max-video-preview":"max-video-preview:-1"},"canonical":"https:\/\/ilcrogiuolo.it\/en\/p\/eruexim-de-iansa-with-copper-handle\/","og_locale":"en_US","og_type":"article","og_title":"ERUEXIM DE IANSA WITH COPPER HANDLE - Il Crogiuolo","og_description":"ERUEXIM DE IANSA WITH COPPER HANDLE Handmade, ritual brush with\u00a0copper\u00a0handle\u00a0and natural hair used in the rituals of IANSA to rule on Eg\u00f9ns (spirits of the dead), but also in practices of","og_url":"https:\/\/ilcrogiuolo.it\/en\/p\/eruexim-de-iansa-with-copper-handle\/","og_site_name":"Il Crogiuolo","article_publisher":"https:\/\/www.facebook.com\/Il-Crogiuolo-681876418491758","article_modified_time":"2020-02-17T13:03:07+00:00","og_image":[{"width":627,"height":600,"url":"https:\/\/ilcrogiuolo.it\/wp-content\/uploads\/2020\/01\/eruexim_6290806.jpg","type":"image\/jpeg"}],"twitter_card":"summary_large_image","schema":{"@context":"https:\/\/schema.org","@graph":[{"@type":"WebPage","@id":"https:\/\/ilcrogiuolo.it\/en\/p\/eruexim-de-iansa-with-copper-handle\/","url":"https:\/\/ilcrogiuolo.it\/en\/p\/eruexim-de-iansa-with-copper-handle\/","name":"ERUEXIM DE IANSA WITH COPPER HANDLE - Il Crogiuolo","isPartOf":{"@id":"https:\/\/ilcrogiuolo.it\/en\/#website"},"primaryImageOfPage":{"@id":"https:\/\/ilcrogiuolo.it\/en\/p\/eruexim-de-iansa-with-copper-handle\/#primaryimage"},"image":{"@id":"https:\/\/ilcrogiuolo.it\/en\/p\/eruexim-de-iansa-with-copper-handle\/#primaryimage"},"thumbnailUrl":"https:\/\/ilcrogiuolo.it\/wp-content\/uploads\/2020\/01\/eruexim_6290806.jpg","datePublished":"2020-01-14T16:04:59+00:00","dateModified":"2020-02-17T13:03:07+00:00","description":"ERUEXIM DE IANSA WITH COPPER HANDLE Handmade, ritual brush with\u00a0copper\u00a0handle\u00a0and natural hair used in the rituals of IANSA to rule on Eg\u00f9ns (spirits of the dead), but also in practices of","breadcrumb":{"@id":"https:\/\/ilcrogiuolo.it\/en\/p\/eruexim-de-iansa-with-copper-handle\/#breadcrumb"},"inLanguage":"en-US","potentialAction":[{"@type":"ReadAction","target":["https:\/\/ilcrogiuolo.it\/en\/p\/eruexim-de-iansa-with-copper-handle\/"]}]},{"@type":"ImageObject","inLanguage":"en-US","@id":"https:\/\/ilcrogiuolo.it\/en\/p\/eruexim-de-iansa-with-copper-handle\/#primaryimage","url":"https:\/\/ilcrogiuolo.it\/wp-content\/uploads\/2020\/01\/eruexim_6290806.jpg","contentUrl":"https:\/\/ilcrogiuolo.it\/wp-content\/uploads\/2020\/01\/eruexim_6290806.jpg","width":627,"height":600},{"@type":"BreadcrumbList","@id":"https:\/\/ilcrogiuolo.it\/en\/p\/eruexim-de-iansa-with-copper-handle\/#breadcrumb","itemListElement":[{"@type":"ListItem","position":1,"name":"Home","item":"https:\/\/ilcrogiuolo.it\/en\/"},{"@type":"ListItem","position":2,"name":"Shop","item":"https:\/\/ilcrogiuolo.it\/en\/shop\/"},{"@type":"ListItem","position":3,"name":"ERUEXIM DE IANSA WITH COPPER HANDLE"}]},{"@type":"WebSite","@id":"https:\/\/ilcrogiuolo.it\/en\/#website","url":"https:\/\/ilcrogiuolo.it\/en\/","name":"Il Crogiuolo","description":"","publisher":{"@id":"https:\/\/ilcrogiuolo.it\/en\/#organization"},"potentialAction":[{"@type":"SearchAction","target":{"@type":"EntryPoint","urlTemplate":"https:\/\/ilcrogiuolo.it\/en\/?s={search_term_string}"},"query-input":{"@type":"PropertyValueSpecification","valueRequired":true,"valueName":"search_term_string"}}],"inLanguage":"en-US"},{"@type":"Organization","@id":"https:\/\/ilcrogiuolo.it\/en\/#organization","name":"Il Crogiuolo","url":"https:\/\/ilcrogiuolo.it\/en\/","logo":{"@type":"ImageObject","inLanguage":"en-US","@id":"https:\/\/ilcrogiuolo.it\/en\/#\/schema\/logo\/image\/","url":"https:\/\/ilcrogiuolo.it\/wp-content\/uploads\/2020\/04\/logo.png","contentUrl":"https:\/\/ilcrogiuolo.it\/wp-content\/uploads\/2020\/04\/logo.png","width":200,"height":49,"caption":"Il Crogiuolo"},"image":{"@id":"https:\/\/ilcrogiuolo.it\/en\/#\/schema\/logo\/image\/"},"sameAs":["https:\/\/www.facebook.com\/Il-Crogiuolo-681876418491758"]}]}},"_links":{"self":[{"href":"https:\/\/ilcrogiuolo.it\/en\/wp-json\/wp\/v2\/product\/10401","targetHints":{"allow":["GET"]}}],"collection":[{"href":"https:\/\/ilcrogiuolo.it\/en\/wp-json\/wp\/v2\/product"}],"about":[{"href":"https:\/\/ilcrogiuolo.it\/en\/wp-json\/wp\/v2\/types\/product"}],"wp:featuredmedia":[{"embeddable":true,"href":"https:\/\/ilcrogiuolo.it\/en\/wp-json\/wp\/v2\/media\/2419"}],"wp:attachment":[{"href":"https:\/\/ilcrogiuolo.it\/en\/wp-json\/wp\/v2\/media?parent=10401"}],"wp:term":[{"taxonomy":"product_brand","embeddable":true,"href":"https:\/\/ilcrogiuolo.it\/en\/wp-json\/wp\/v2\/product_brand?post=10401"},{"taxonomy":"product_cat","embeddable":true,"href":"https:\/\/ilcrogiuolo.it\/en\/wp-json\/wp\/v2\/product_cat?post=10401"},{"taxonomy":"product_tag","embeddable":true,"href":"https:\/\/ilcrogiuolo.it\/en\/wp-json\/wp\/v2\/product_tag?post=10401"}],"curies":[{"name":"wp","href":"https:\/\/api.w.org\/{rel}","templated":true}]}}