{"id":10151,"date":"2020-01-14T17:03:47","date_gmt":"2020-01-14T16:03:47","guid":{"rendered":"https:\/\/ilcrogiuolo.it\/p\/10151\/"},"modified":"2020-02-14T17:36:14","modified_gmt":"2020-02-14T16:36:14","slug":"exu-do-lodo-exu-del-fango-cm-40","status":"publish","type":"product","link":"https:\/\/ilcrogiuolo.it\/en\/p\/exu-do-lodo-exu-del-fango-cm-40\/","title":{"rendered":"EX\u00da DO LODO (EX\u00da DEL FANGO)  cm 40"},"content":{"rendered":"<p>The Exusand Pomba Giras are entities that are within the cult Quimbanda. Despite their artisticre presentation mannered not to be confused neither with nor with the demons of the Goetia demons of Judeo-Christian culture. Each statue represents an entity of Quimbanda (or Pomba Exu Gira) with its attributes and its stylization. Some pictures have a baroque work and are distinguished by the attention to detail and the delicacy of the lines. The statues of Exu and Pomba Gira are used to adorn the altars Quimbanda or accompany spiritualy the faithful of this ancient African religion.<\/p>\n","protected":false},"excerpt":{"rendered":"<p>The Exusand Pomba Giras are entities that are within the cult Quimbanda. Despite their artisticre presentation mannered not to be&#8230;<\/p>\n","protected":false},"featured_media":1757,"template":"","meta":{"_acf_changed":false},"product_brand":[],"product_cat":[1569,1216,1204],"product_tag":[],"class_list":{"0":"post-10151","1":"product","2":"type-product","3":"status-publish","4":"has-post-thumbnail","6":"product_cat-exus-plaster-cast-statues","7":"product_cat-orixas-exus-pomba-giras-statues-fetishes","8":"product_cat-statues","10":"first","11":"outofstock","12":"taxable","13":"shipping-taxable","14":"purchasable","15":"product-type-simple","16":"add-to-wishlist-before_image"},"acf":[],"yoast_head":"<!-- This site is optimized with the Yoast SEO plugin v26.9 - https:\/\/yoast.com\/product\/yoast-seo-wordpress\/ -->\n<title>EX\u00da DO LODO (EX\u00da DEL FANGO) cm 40 - Il Crogiuolo<\/title>\n<meta name=\"description\" content=\"EX\u00da DO LODO (EX\u00da DEL FANGO) cm 40 The Exusand Pomba Giras are entities that are within the cult Quimbanda. Despite their artisticre presentation mannered not to be confused neither with\" \/>\n<meta name=\"robots\" content=\"index, follow, max-snippet:-1, max-image-preview:large, max-video-preview:-1\" \/>\n<link rel=\"canonical\" href=\"https:\/\/ilcrogiuolo.it\/en\/p\/exu-do-lodo-exu-del-fango-cm-40\/\" \/>\n<meta property=\"og:locale\" content=\"en_US\" \/>\n<meta property=\"og:type\" content=\"article\" \/>\n<meta property=\"og:title\" content=\"EX\u00da DO LODO (EX\u00da DEL FANGO) cm 40 - Il Crogiuolo\" \/>\n<meta property=\"og:description\" content=\"EX\u00da DO LODO (EX\u00da DEL FANGO) cm 40 The Exusand Pomba Giras are entities that are within the cult Quimbanda. Despite their artisticre presentation mannered not to be confused neither with\" \/>\n<meta property=\"og:url\" content=\"https:\/\/ilcrogiuolo.it\/en\/p\/exu-do-lodo-exu-del-fango-cm-40\/\" \/>\n<meta property=\"og:site_name\" content=\"Il Crogiuolo\" \/>\n<meta property=\"article:publisher\" content=\"https:\/\/www.facebook.com\/Il-Crogiuolo-681876418491758\" \/>\n<meta property=\"article:modified_time\" content=\"2020-02-14T16:36:14+00:00\" \/>\n<meta property=\"og:image\" content=\"https:\/\/ilcrogiuolo.it\/wp-content\/uploads\/2020\/01\/exudolodotiriri_0496557.jpg\" \/>\n\t<meta property=\"og:image:width\" content=\"627\" \/>\n\t<meta property=\"og:image:height\" content=\"600\" \/>\n\t<meta property=\"og:image:type\" content=\"image\/jpeg\" \/>\n<meta name=\"twitter:card\" content=\"summary_large_image\" \/>\n<script type=\"application\/ld+json\" class=\"yoast-schema-graph\">{\"@context\":\"https:\/\/schema.org\",\"@graph\":[{\"@type\":\"WebPage\",\"@id\":\"https:\/\/ilcrogiuolo.it\/en\/p\/exu-do-lodo-exu-del-fango-cm-40\/\",\"url\":\"https:\/\/ilcrogiuolo.it\/en\/p\/exu-do-lodo-exu-del-fango-cm-40\/\",\"name\":\"EX\u00da DO LODO (EX\u00da DEL FANGO) cm 40 - Il Crogiuolo\",\"isPartOf\":{\"@id\":\"https:\/\/ilcrogiuolo.it\/en\/#website\"},\"primaryImageOfPage\":{\"@id\":\"https:\/\/ilcrogiuolo.it\/en\/p\/exu-do-lodo-exu-del-fango-cm-40\/#primaryimage\"},\"image\":{\"@id\":\"https:\/\/ilcrogiuolo.it\/en\/p\/exu-do-lodo-exu-del-fango-cm-40\/#primaryimage\"},\"thumbnailUrl\":\"https:\/\/ilcrogiuolo.it\/wp-content\/uploads\/2020\/01\/exudolodotiriri_0496557.jpg\",\"datePublished\":\"2020-01-14T16:03:47+00:00\",\"dateModified\":\"2020-02-14T16:36:14+00:00\",\"description\":\"EX\u00da DO LODO (EX\u00da DEL FANGO) cm 40 The Exusand Pomba Giras are entities that are within the cult Quimbanda. Despite their artisticre presentation mannered not to be confused neither with\",\"breadcrumb\":{\"@id\":\"https:\/\/ilcrogiuolo.it\/en\/p\/exu-do-lodo-exu-del-fango-cm-40\/#breadcrumb\"},\"inLanguage\":\"en-US\",\"potentialAction\":[{\"@type\":\"ReadAction\",\"target\":[\"https:\/\/ilcrogiuolo.it\/en\/p\/exu-do-lodo-exu-del-fango-cm-40\/\"]}]},{\"@type\":\"ImageObject\",\"inLanguage\":\"en-US\",\"@id\":\"https:\/\/ilcrogiuolo.it\/en\/p\/exu-do-lodo-exu-del-fango-cm-40\/#primaryimage\",\"url\":\"https:\/\/ilcrogiuolo.it\/wp-content\/uploads\/2020\/01\/exudolodotiriri_0496557.jpg\",\"contentUrl\":\"https:\/\/ilcrogiuolo.it\/wp-content\/uploads\/2020\/01\/exudolodotiriri_0496557.jpg\",\"width\":627,\"height\":600},{\"@type\":\"BreadcrumbList\",\"@id\":\"https:\/\/ilcrogiuolo.it\/en\/p\/exu-do-lodo-exu-del-fango-cm-40\/#breadcrumb\",\"itemListElement\":[{\"@type\":\"ListItem\",\"position\":1,\"name\":\"Home\",\"item\":\"https:\/\/ilcrogiuolo.it\/en\/\"},{\"@type\":\"ListItem\",\"position\":2,\"name\":\"Shop\",\"item\":\"https:\/\/ilcrogiuolo.it\/en\/shop\/\"},{\"@type\":\"ListItem\",\"position\":3,\"name\":\"EX\u00da DO LODO (EX\u00da DEL FANGO) cm 40\"}]},{\"@type\":\"WebSite\",\"@id\":\"https:\/\/ilcrogiuolo.it\/en\/#website\",\"url\":\"https:\/\/ilcrogiuolo.it\/en\/\",\"name\":\"Il Crogiuolo\",\"description\":\"\",\"publisher\":{\"@id\":\"https:\/\/ilcrogiuolo.it\/en\/#organization\"},\"potentialAction\":[{\"@type\":\"SearchAction\",\"target\":{\"@type\":\"EntryPoint\",\"urlTemplate\":\"https:\/\/ilcrogiuolo.it\/en\/?s={search_term_string}\"},\"query-input\":{\"@type\":\"PropertyValueSpecification\",\"valueRequired\":true,\"valueName\":\"search_term_string\"}}],\"inLanguage\":\"en-US\"},{\"@type\":\"Organization\",\"@id\":\"https:\/\/ilcrogiuolo.it\/en\/#organization\",\"name\":\"Il Crogiuolo\",\"url\":\"https:\/\/ilcrogiuolo.it\/en\/\",\"logo\":{\"@type\":\"ImageObject\",\"inLanguage\":\"en-US\",\"@id\":\"https:\/\/ilcrogiuolo.it\/en\/#\/schema\/logo\/image\/\",\"url\":\"https:\/\/ilcrogiuolo.it\/wp-content\/uploads\/2020\/04\/logo.png\",\"contentUrl\":\"https:\/\/ilcrogiuolo.it\/wp-content\/uploads\/2020\/04\/logo.png\",\"width\":200,\"height\":49,\"caption\":\"Il Crogiuolo\"},\"image\":{\"@id\":\"https:\/\/ilcrogiuolo.it\/en\/#\/schema\/logo\/image\/\"},\"sameAs\":[\"https:\/\/www.facebook.com\/Il-Crogiuolo-681876418491758\"]}]}<\/script>\n<!-- \/ Yoast SEO plugin. -->","yoast_head_json":{"title":"EX\u00da DO LODO (EX\u00da DEL FANGO) cm 40 - Il Crogiuolo","description":"EX\u00da DO LODO (EX\u00da DEL FANGO) cm 40 The Exusand Pomba Giras are entities that are within the cult Quimbanda. Despite their artisticre presentation mannered not to be confused neither with","robots":{"index":"index","follow":"follow","max-snippet":"max-snippet:-1","max-image-preview":"max-image-preview:large","max-video-preview":"max-video-preview:-1"},"canonical":"https:\/\/ilcrogiuolo.it\/en\/p\/exu-do-lodo-exu-del-fango-cm-40\/","og_locale":"en_US","og_type":"article","og_title":"EX\u00da DO LODO (EX\u00da DEL FANGO) cm 40 - Il Crogiuolo","og_description":"EX\u00da DO LODO (EX\u00da DEL FANGO) cm 40 The Exusand Pomba Giras are entities that are within the cult Quimbanda. Despite their artisticre presentation mannered not to be confused neither with","og_url":"https:\/\/ilcrogiuolo.it\/en\/p\/exu-do-lodo-exu-del-fango-cm-40\/","og_site_name":"Il Crogiuolo","article_publisher":"https:\/\/www.facebook.com\/Il-Crogiuolo-681876418491758","article_modified_time":"2020-02-14T16:36:14+00:00","og_image":[{"width":627,"height":600,"url":"https:\/\/ilcrogiuolo.it\/wp-content\/uploads\/2020\/01\/exudolodotiriri_0496557.jpg","type":"image\/jpeg"}],"twitter_card":"summary_large_image","schema":{"@context":"https:\/\/schema.org","@graph":[{"@type":"WebPage","@id":"https:\/\/ilcrogiuolo.it\/en\/p\/exu-do-lodo-exu-del-fango-cm-40\/","url":"https:\/\/ilcrogiuolo.it\/en\/p\/exu-do-lodo-exu-del-fango-cm-40\/","name":"EX\u00da DO LODO (EX\u00da DEL FANGO) cm 40 - Il Crogiuolo","isPartOf":{"@id":"https:\/\/ilcrogiuolo.it\/en\/#website"},"primaryImageOfPage":{"@id":"https:\/\/ilcrogiuolo.it\/en\/p\/exu-do-lodo-exu-del-fango-cm-40\/#primaryimage"},"image":{"@id":"https:\/\/ilcrogiuolo.it\/en\/p\/exu-do-lodo-exu-del-fango-cm-40\/#primaryimage"},"thumbnailUrl":"https:\/\/ilcrogiuolo.it\/wp-content\/uploads\/2020\/01\/exudolodotiriri_0496557.jpg","datePublished":"2020-01-14T16:03:47+00:00","dateModified":"2020-02-14T16:36:14+00:00","description":"EX\u00da DO LODO (EX\u00da DEL FANGO) cm 40 The Exusand Pomba Giras are entities that are within the cult Quimbanda. Despite their artisticre presentation mannered not to be confused neither with","breadcrumb":{"@id":"https:\/\/ilcrogiuolo.it\/en\/p\/exu-do-lodo-exu-del-fango-cm-40\/#breadcrumb"},"inLanguage":"en-US","potentialAction":[{"@type":"ReadAction","target":["https:\/\/ilcrogiuolo.it\/en\/p\/exu-do-lodo-exu-del-fango-cm-40\/"]}]},{"@type":"ImageObject","inLanguage":"en-US","@id":"https:\/\/ilcrogiuolo.it\/en\/p\/exu-do-lodo-exu-del-fango-cm-40\/#primaryimage","url":"https:\/\/ilcrogiuolo.it\/wp-content\/uploads\/2020\/01\/exudolodotiriri_0496557.jpg","contentUrl":"https:\/\/ilcrogiuolo.it\/wp-content\/uploads\/2020\/01\/exudolodotiriri_0496557.jpg","width":627,"height":600},{"@type":"BreadcrumbList","@id":"https:\/\/ilcrogiuolo.it\/en\/p\/exu-do-lodo-exu-del-fango-cm-40\/#breadcrumb","itemListElement":[{"@type":"ListItem","position":1,"name":"Home","item":"https:\/\/ilcrogiuolo.it\/en\/"},{"@type":"ListItem","position":2,"name":"Shop","item":"https:\/\/ilcrogiuolo.it\/en\/shop\/"},{"@type":"ListItem","position":3,"name":"EX\u00da DO LODO (EX\u00da DEL FANGO) cm 40"}]},{"@type":"WebSite","@id":"https:\/\/ilcrogiuolo.it\/en\/#website","url":"https:\/\/ilcrogiuolo.it\/en\/","name":"Il Crogiuolo","description":"","publisher":{"@id":"https:\/\/ilcrogiuolo.it\/en\/#organization"},"potentialAction":[{"@type":"SearchAction","target":{"@type":"EntryPoint","urlTemplate":"https:\/\/ilcrogiuolo.it\/en\/?s={search_term_string}"},"query-input":{"@type":"PropertyValueSpecification","valueRequired":true,"valueName":"search_term_string"}}],"inLanguage":"en-US"},{"@type":"Organization","@id":"https:\/\/ilcrogiuolo.it\/en\/#organization","name":"Il Crogiuolo","url":"https:\/\/ilcrogiuolo.it\/en\/","logo":{"@type":"ImageObject","inLanguage":"en-US","@id":"https:\/\/ilcrogiuolo.it\/en\/#\/schema\/logo\/image\/","url":"https:\/\/ilcrogiuolo.it\/wp-content\/uploads\/2020\/04\/logo.png","contentUrl":"https:\/\/ilcrogiuolo.it\/wp-content\/uploads\/2020\/04\/logo.png","width":200,"height":49,"caption":"Il Crogiuolo"},"image":{"@id":"https:\/\/ilcrogiuolo.it\/en\/#\/schema\/logo\/image\/"},"sameAs":["https:\/\/www.facebook.com\/Il-Crogiuolo-681876418491758"]}]}},"_links":{"self":[{"href":"https:\/\/ilcrogiuolo.it\/en\/wp-json\/wp\/v2\/product\/10151","targetHints":{"allow":["GET"]}}],"collection":[{"href":"https:\/\/ilcrogiuolo.it\/en\/wp-json\/wp\/v2\/product"}],"about":[{"href":"https:\/\/ilcrogiuolo.it\/en\/wp-json\/wp\/v2\/types\/product"}],"wp:featuredmedia":[{"embeddable":true,"href":"https:\/\/ilcrogiuolo.it\/en\/wp-json\/wp\/v2\/media\/1757"}],"wp:attachment":[{"href":"https:\/\/ilcrogiuolo.it\/en\/wp-json\/wp\/v2\/media?parent=10151"}],"wp:term":[{"taxonomy":"product_brand","embeddable":true,"href":"https:\/\/ilcrogiuolo.it\/en\/wp-json\/wp\/v2\/product_brand?post=10151"},{"taxonomy":"product_cat","embeddable":true,"href":"https:\/\/ilcrogiuolo.it\/en\/wp-json\/wp\/v2\/product_cat?post=10151"},{"taxonomy":"product_tag","embeddable":true,"href":"https:\/\/ilcrogiuolo.it\/en\/wp-json\/wp\/v2\/product_tag?post=10151"}],"curies":[{"name":"wp","href":"https:\/\/api.w.org\/{rel}","templated":true}]}}