{"id":10097,"date":"2020-01-14T17:03:33","date_gmt":"2020-01-14T18:07:48","guid":{"rendered":"https:\/\/ilcrogiuolo.it\/p\/candle-of-nana\/"},"modified":"2020-02-13T18:31:06","modified_gmt":"2020-02-13T17:31:06","slug":"candle-of-nana","status":"publish","type":"product","link":"https:\/\/ilcrogiuolo.it\/en\/p\/candle-of-nana\/","title":{"rendered":"Candle of Nan\u00e3"},"content":{"rendered":"<p>This is the granma of every Saint, it is Nan\u00e3, represented with Saint Anna, Maria&#8217;s Motherand therefore of Yemanj\u00e1. This colour candles are always used together with the defumador of Nan\u00e3, in fact only this way you will be able to utilize completely the powers delivered from the vibration of this Saint. Nan\u00e3 is usually invoked to protect the house, to defend children and protect them from any external harm. The use of this candle is also suggested to become indipendent, to propitiate purity and to favour spiritual experiences, including medium powers. Being an old Saint she is very careful at the morale, therefore she is not only protecting mothers in law, but also on couples to ensure everything goes right and that they both behave in an appropiate manner. It domonates sons and doughters in law with tyrannic willness, and safeguards peace. Light this candle on a a Tuesday during crescent moon or waning moon depending the aims you want to achieve.Light a defumador every day and say the pray. If you want to influence on a house you need to wash the floor with the fluid Descarrego do Lar ,during waning moon,or with Harmonia do Lar during crescent moon. The best day to start is on a Tuesday. The package includes: 1 candle Sete dias, 1 package of defumadores and using instructions. You can assist the candle with the right Po&#8217;, exe, fluid, mixtures to enhances the effects.<\/p>\n","protected":false},"excerpt":{"rendered":"<p>This is the granma of every Saint, it is Nan\u00e3, represented with Saint Anna, Maria&#8217;s Motherand therefore of Yemanj\u00e1. This&#8230;<\/p>\n","protected":false},"featured_media":32608,"template":"","meta":{"_acf_changed":false},"product_brand":[],"product_cat":[1547,1210,1199],"product_tag":[],"class_list":{"0":"post-10097","1":"product","2":"type-product","3":"status-publish","4":"has-post-thumbnail","6":"product_cat-conjuntos-kit-with-the-sete-dias-candles","7":"product_cat-afro-brazilian-rituals-saints-items","8":"product_cat-esoteric","10":"first","11":"instock","12":"taxable","13":"shipping-taxable","14":"purchasable","15":"product-type-simple","16":"add-to-wishlist-before_image"},"acf":[],"yoast_head":"<!-- This site is optimized with the Yoast SEO plugin v26.9 - https:\/\/yoast.com\/product\/yoast-seo-wordpress\/ -->\n<title>Candle of Nan\u00e3 - Il Crogiuolo<\/title>\n<meta name=\"description\" content=\"Candle of Nan\u00e3 This is the granma of every Saint, it is Nan\u00e3, represented with Saint Anna, Maria&#039;s Motherand therefore of Yemanj\u00e1. This colour candles are always used\" \/>\n<meta name=\"robots\" content=\"index, follow, max-snippet:-1, max-image-preview:large, max-video-preview:-1\" \/>\n<link rel=\"canonical\" href=\"https:\/\/ilcrogiuolo.it\/en\/p\/candle-of-nana\/\" \/>\n<meta property=\"og:locale\" content=\"en_US\" \/>\n<meta property=\"og:type\" content=\"article\" \/>\n<meta property=\"og:title\" content=\"Candle of Nan\u00e3 - Il Crogiuolo\" \/>\n<meta property=\"og:description\" content=\"Candle of Nan\u00e3 This is the granma of every Saint, it is Nan\u00e3, represented with Saint Anna, Maria&#039;s Motherand therefore of Yemanj\u00e1. This colour candles are always used\" \/>\n<meta property=\"og:url\" content=\"https:\/\/ilcrogiuolo.it\/en\/p\/candle-of-nana\/\" \/>\n<meta property=\"og:site_name\" content=\"Il Crogiuolo\" \/>\n<meta property=\"article:publisher\" content=\"https:\/\/www.facebook.com\/Il-Crogiuolo-681876418491758\" \/>\n<meta property=\"article:modified_time\" content=\"2020-02-13T17:31:06+00:00\" \/>\n<meta property=\"og:image\" content=\"https:\/\/ilcrogiuolo.it\/wp-content\/uploads\/2020\/01\/conjunto_8754592.jpg\" \/>\n\t<meta property=\"og:image:width\" content=\"627\" \/>\n\t<meta property=\"og:image:height\" content=\"600\" \/>\n\t<meta property=\"og:image:type\" content=\"image\/jpeg\" \/>\n<meta name=\"twitter:card\" content=\"summary_large_image\" \/>\n<meta name=\"twitter:label1\" content=\"Est. reading time\" \/>\n\t<meta name=\"twitter:data1\" content=\"1 minute\" \/>\n<script type=\"application\/ld+json\" class=\"yoast-schema-graph\">{\"@context\":\"https:\/\/schema.org\",\"@graph\":[{\"@type\":\"WebPage\",\"@id\":\"https:\/\/ilcrogiuolo.it\/en\/p\/candle-of-nana\/\",\"url\":\"https:\/\/ilcrogiuolo.it\/en\/p\/candle-of-nana\/\",\"name\":\"Candle of Nan\u00e3 - Il Crogiuolo\",\"isPartOf\":{\"@id\":\"https:\/\/ilcrogiuolo.it\/en\/#website\"},\"primaryImageOfPage\":{\"@id\":\"https:\/\/ilcrogiuolo.it\/en\/p\/candle-of-nana\/#primaryimage\"},\"image\":{\"@id\":\"https:\/\/ilcrogiuolo.it\/en\/p\/candle-of-nana\/#primaryimage\"},\"thumbnailUrl\":\"https:\/\/ilcrogiuolo.it\/wp-content\/uploads\/2020\/01\/nana.jpg\",\"datePublished\":\"2020-01-14T18:07:48+00:00\",\"dateModified\":\"2020-02-13T17:31:06+00:00\",\"description\":\"Candle of Nan\u00e3 This is the granma of every Saint, it is Nan\u00e3, represented with Saint Anna, Maria's Motherand therefore of Yemanj\u00e1. This colour candles are always used\",\"breadcrumb\":{\"@id\":\"https:\/\/ilcrogiuolo.it\/en\/p\/candle-of-nana\/#breadcrumb\"},\"inLanguage\":\"en-US\",\"potentialAction\":[{\"@type\":\"ReadAction\",\"target\":[\"https:\/\/ilcrogiuolo.it\/en\/p\/candle-of-nana\/\"]}]},{\"@type\":\"ImageObject\",\"inLanguage\":\"en-US\",\"@id\":\"https:\/\/ilcrogiuolo.it\/en\/p\/candle-of-nana\/#primaryimage\",\"url\":\"https:\/\/ilcrogiuolo.it\/wp-content\/uploads\/2020\/01\/nana.jpg\",\"contentUrl\":\"https:\/\/ilcrogiuolo.it\/wp-content\/uploads\/2020\/01\/nana.jpg\",\"width\":1000,\"height\":1000},{\"@type\":\"BreadcrumbList\",\"@id\":\"https:\/\/ilcrogiuolo.it\/en\/p\/candle-of-nana\/#breadcrumb\",\"itemListElement\":[{\"@type\":\"ListItem\",\"position\":1,\"name\":\"Home\",\"item\":\"https:\/\/ilcrogiuolo.it\/en\/\"},{\"@type\":\"ListItem\",\"position\":2,\"name\":\"Shop\",\"item\":\"https:\/\/ilcrogiuolo.it\/en\/shop\/\"},{\"@type\":\"ListItem\",\"position\":3,\"name\":\"Candle of Nan\u00e3\"}]},{\"@type\":\"WebSite\",\"@id\":\"https:\/\/ilcrogiuolo.it\/en\/#website\",\"url\":\"https:\/\/ilcrogiuolo.it\/en\/\",\"name\":\"Il Crogiuolo\",\"description\":\"\",\"publisher\":{\"@id\":\"https:\/\/ilcrogiuolo.it\/en\/#organization\"},\"potentialAction\":[{\"@type\":\"SearchAction\",\"target\":{\"@type\":\"EntryPoint\",\"urlTemplate\":\"https:\/\/ilcrogiuolo.it\/en\/?s={search_term_string}\"},\"query-input\":{\"@type\":\"PropertyValueSpecification\",\"valueRequired\":true,\"valueName\":\"search_term_string\"}}],\"inLanguage\":\"en-US\"},{\"@type\":\"Organization\",\"@id\":\"https:\/\/ilcrogiuolo.it\/en\/#organization\",\"name\":\"Il Crogiuolo\",\"url\":\"https:\/\/ilcrogiuolo.it\/en\/\",\"logo\":{\"@type\":\"ImageObject\",\"inLanguage\":\"en-US\",\"@id\":\"https:\/\/ilcrogiuolo.it\/en\/#\/schema\/logo\/image\/\",\"url\":\"https:\/\/ilcrogiuolo.it\/wp-content\/uploads\/2020\/04\/logo.png\",\"contentUrl\":\"https:\/\/ilcrogiuolo.it\/wp-content\/uploads\/2020\/04\/logo.png\",\"width\":200,\"height\":49,\"caption\":\"Il Crogiuolo\"},\"image\":{\"@id\":\"https:\/\/ilcrogiuolo.it\/en\/#\/schema\/logo\/image\/\"},\"sameAs\":[\"https:\/\/www.facebook.com\/Il-Crogiuolo-681876418491758\"]}]}<\/script>\n<!-- \/ Yoast SEO plugin. -->","yoast_head_json":{"title":"Candle of Nan\u00e3 - Il Crogiuolo","description":"Candle of Nan\u00e3 This is the granma of every Saint, it is Nan\u00e3, represented with Saint Anna, Maria's Motherand therefore of Yemanj\u00e1. This colour candles are always used","robots":{"index":"index","follow":"follow","max-snippet":"max-snippet:-1","max-image-preview":"max-image-preview:large","max-video-preview":"max-video-preview:-1"},"canonical":"https:\/\/ilcrogiuolo.it\/en\/p\/candle-of-nana\/","og_locale":"en_US","og_type":"article","og_title":"Candle of Nan\u00e3 - Il Crogiuolo","og_description":"Candle of Nan\u00e3 This is the granma of every Saint, it is Nan\u00e3, represented with Saint Anna, Maria's Motherand therefore of Yemanj\u00e1. This colour candles are always used","og_url":"https:\/\/ilcrogiuolo.it\/en\/p\/candle-of-nana\/","og_site_name":"Il Crogiuolo","article_publisher":"https:\/\/www.facebook.com\/Il-Crogiuolo-681876418491758","article_modified_time":"2020-02-13T17:31:06+00:00","og_image":[{"width":627,"height":600,"url":"https:\/\/ilcrogiuolo.it\/wp-content\/uploads\/2020\/01\/conjunto_8754592.jpg","type":"image\/jpeg"}],"twitter_card":"summary_large_image","twitter_misc":{"Est. reading time":"1 minute"},"schema":{"@context":"https:\/\/schema.org","@graph":[{"@type":"WebPage","@id":"https:\/\/ilcrogiuolo.it\/en\/p\/candle-of-nana\/","url":"https:\/\/ilcrogiuolo.it\/en\/p\/candle-of-nana\/","name":"Candle of Nan\u00e3 - Il Crogiuolo","isPartOf":{"@id":"https:\/\/ilcrogiuolo.it\/en\/#website"},"primaryImageOfPage":{"@id":"https:\/\/ilcrogiuolo.it\/en\/p\/candle-of-nana\/#primaryimage"},"image":{"@id":"https:\/\/ilcrogiuolo.it\/en\/p\/candle-of-nana\/#primaryimage"},"thumbnailUrl":"https:\/\/ilcrogiuolo.it\/wp-content\/uploads\/2020\/01\/nana.jpg","datePublished":"2020-01-14T18:07:48+00:00","dateModified":"2020-02-13T17:31:06+00:00","description":"Candle of Nan\u00e3 This is the granma of every Saint, it is Nan\u00e3, represented with Saint Anna, Maria's Motherand therefore of Yemanj\u00e1. This colour candles are always used","breadcrumb":{"@id":"https:\/\/ilcrogiuolo.it\/en\/p\/candle-of-nana\/#breadcrumb"},"inLanguage":"en-US","potentialAction":[{"@type":"ReadAction","target":["https:\/\/ilcrogiuolo.it\/en\/p\/candle-of-nana\/"]}]},{"@type":"ImageObject","inLanguage":"en-US","@id":"https:\/\/ilcrogiuolo.it\/en\/p\/candle-of-nana\/#primaryimage","url":"https:\/\/ilcrogiuolo.it\/wp-content\/uploads\/2020\/01\/nana.jpg","contentUrl":"https:\/\/ilcrogiuolo.it\/wp-content\/uploads\/2020\/01\/nana.jpg","width":1000,"height":1000},{"@type":"BreadcrumbList","@id":"https:\/\/ilcrogiuolo.it\/en\/p\/candle-of-nana\/#breadcrumb","itemListElement":[{"@type":"ListItem","position":1,"name":"Home","item":"https:\/\/ilcrogiuolo.it\/en\/"},{"@type":"ListItem","position":2,"name":"Shop","item":"https:\/\/ilcrogiuolo.it\/en\/shop\/"},{"@type":"ListItem","position":3,"name":"Candle of Nan\u00e3"}]},{"@type":"WebSite","@id":"https:\/\/ilcrogiuolo.it\/en\/#website","url":"https:\/\/ilcrogiuolo.it\/en\/","name":"Il Crogiuolo","description":"","publisher":{"@id":"https:\/\/ilcrogiuolo.it\/en\/#organization"},"potentialAction":[{"@type":"SearchAction","target":{"@type":"EntryPoint","urlTemplate":"https:\/\/ilcrogiuolo.it\/en\/?s={search_term_string}"},"query-input":{"@type":"PropertyValueSpecification","valueRequired":true,"valueName":"search_term_string"}}],"inLanguage":"en-US"},{"@type":"Organization","@id":"https:\/\/ilcrogiuolo.it\/en\/#organization","name":"Il Crogiuolo","url":"https:\/\/ilcrogiuolo.it\/en\/","logo":{"@type":"ImageObject","inLanguage":"en-US","@id":"https:\/\/ilcrogiuolo.it\/en\/#\/schema\/logo\/image\/","url":"https:\/\/ilcrogiuolo.it\/wp-content\/uploads\/2020\/04\/logo.png","contentUrl":"https:\/\/ilcrogiuolo.it\/wp-content\/uploads\/2020\/04\/logo.png","width":200,"height":49,"caption":"Il Crogiuolo"},"image":{"@id":"https:\/\/ilcrogiuolo.it\/en\/#\/schema\/logo\/image\/"},"sameAs":["https:\/\/www.facebook.com\/Il-Crogiuolo-681876418491758"]}]}},"_links":{"self":[{"href":"https:\/\/ilcrogiuolo.it\/en\/wp-json\/wp\/v2\/product\/10097","targetHints":{"allow":["GET"]}}],"collection":[{"href":"https:\/\/ilcrogiuolo.it\/en\/wp-json\/wp\/v2\/product"}],"about":[{"href":"https:\/\/ilcrogiuolo.it\/en\/wp-json\/wp\/v2\/types\/product"}],"wp:featuredmedia":[{"embeddable":true,"href":"https:\/\/ilcrogiuolo.it\/en\/wp-json\/wp\/v2\/media\/32608"}],"wp:attachment":[{"href":"https:\/\/ilcrogiuolo.it\/en\/wp-json\/wp\/v2\/media?parent=10097"}],"wp:term":[{"taxonomy":"product_brand","embeddable":true,"href":"https:\/\/ilcrogiuolo.it\/en\/wp-json\/wp\/v2\/product_brand?post=10097"},{"taxonomy":"product_cat","embeddable":true,"href":"https:\/\/ilcrogiuolo.it\/en\/wp-json\/wp\/v2\/product_cat?post=10097"},{"taxonomy":"product_tag","embeddable":true,"href":"https:\/\/ilcrogiuolo.it\/en\/wp-json\/wp\/v2\/product_tag?post=10097"}],"curies":[{"name":"wp","href":"https:\/\/api.w.org\/{rel}","templated":true}]}}