{"id":10096,"date":"2020-01-14T17:03:33","date_gmt":"2020-01-14T18:07:47","guid":{"rendered":"https:\/\/ilcrogiuolo.it\/p\/candle-of-povo-cor-de-rosa-pink\/"},"modified":"2020-02-13T18:31:15","modified_gmt":"2020-02-13T17:31:15","slug":"candle-of-povo-cor-de-rosa-pink","status":"publish","type":"product","link":"https:\/\/ilcrogiuolo.it\/en\/p\/candle-of-povo-cor-de-rosa-pink\/","title":{"rendered":"Candle of Povo Cor de Rosa &#8211; pink"},"content":{"rendered":"<p>Pink is the colour of sweet feelings, friendship, feminism and feelings. In the Candombl\u00ea it is attributed to two powerful Orixa&#8217;: Saint Cathrine from Alexandria,the first wife of Xang\u00f4 e Yemanj\u00e1 Azili, a manifestation of the lady of the sea, the lagoon. The day of Oba&#8217; is Wednesday, instead the one of Yemanj\u00e1 Azili is Saturday. If you wish to propitiate an union, a friendship, if you want to find out a betrayal or to rejoin a couple, the use of this candle is of great help, especially joined with talcum powder, and the following defumadores:Uni\u00e3o, Atra\u00e7\u00e3o do Amor, Amor. The love rituals that are done with a pink candles are aimed at serious and lasting relations that are aiming at the marriage. With the support of this candle you can have amazing study results, especially before university, in fact Oba&#8217; protects the students and enables them to get better results, boosting concentration and commitment. The powders Seguran\u00e7a, Firmeza e Ben Can Tudo will strengthen your request and the positive results. It is suggested to spray the picture of the student with the powders and to place on top of it the candle.Every day for seven day you need to light a defumador Hei de Vencer o Tira Teima (if the difficulties of the student depend upon his distress) and you also need to pray to Saint Cathrine. Pink candles, with the support of Oba&#8217; , are useful for Chefs, because they will be able to give their best. The package includes: 1 candle Sete dias, , 1 package of defumadores and using instructions. You can assist the candle with the right Po&#8217;, exe, fluid, mixtures to enhances the effects.<\/p>\n","protected":false},"excerpt":{"rendered":"<p>Pink is the colour of sweet feelings, friendship, feminism and feelings. In the Candombl\u00ea it is attributed to two powerful&#8230;<\/p>\n","protected":false},"featured_media":32604,"template":"","meta":{"_acf_changed":false},"product_brand":[],"product_cat":[1547,1210,1199],"product_tag":[],"class_list":{"0":"post-10096","1":"product","2":"type-product","3":"status-publish","4":"has-post-thumbnail","6":"product_cat-conjuntos-kit-with-the-sete-dias-candles","7":"product_cat-afro-brazilian-rituals-saints-items","8":"product_cat-esoteric","10":"first","11":"instock","12":"taxable","13":"shipping-taxable","14":"purchasable","15":"product-type-simple","16":"add-to-wishlist-before_image"},"acf":[],"yoast_head":"<!-- This site is optimized with the Yoast SEO plugin v26.9 - https:\/\/yoast.com\/product\/yoast-seo-wordpress\/ -->\n<title>Candle of Povo Cor de Rosa - pink - Il Crogiuolo<\/title>\n<meta name=\"description\" content=\"Candle of Povo Cor de Rosa - pink Pink is the colour of sweet feelings, friendship, feminism and feelings. In the Candombl\u00ea it is attributed to two powerful Orixa&#039;: Saint Cathrine from\" \/>\n<meta name=\"robots\" content=\"index, follow, max-snippet:-1, max-image-preview:large, max-video-preview:-1\" \/>\n<link rel=\"canonical\" href=\"https:\/\/ilcrogiuolo.it\/en\/p\/candle-of-povo-cor-de-rosa-pink\/\" \/>\n<meta property=\"og:locale\" content=\"en_US\" \/>\n<meta property=\"og:type\" content=\"article\" \/>\n<meta property=\"og:title\" content=\"Candle of Povo Cor de Rosa - pink - Il Crogiuolo\" \/>\n<meta property=\"og:description\" content=\"Candle of Povo Cor de Rosa - pink Pink is the colour of sweet feelings, friendship, feminism and feelings. In the Candombl\u00ea it is attributed to two powerful Orixa&#039;: Saint Cathrine from\" \/>\n<meta property=\"og:url\" content=\"https:\/\/ilcrogiuolo.it\/en\/p\/candle-of-povo-cor-de-rosa-pink\/\" \/>\n<meta property=\"og:site_name\" content=\"Il Crogiuolo\" \/>\n<meta property=\"article:publisher\" content=\"https:\/\/www.facebook.com\/Il-Crogiuolo-681876418491758\" \/>\n<meta property=\"article:modified_time\" content=\"2020-02-13T17:31:15+00:00\" \/>\n<meta property=\"og:image\" content=\"https:\/\/ilcrogiuolo.it\/wp-content\/uploads\/2020\/01\/conjunto_8960553.jpg\" \/>\n\t<meta property=\"og:image:width\" content=\"627\" \/>\n\t<meta property=\"og:image:height\" content=\"600\" \/>\n\t<meta property=\"og:image:type\" content=\"image\/jpeg\" \/>\n<meta name=\"twitter:card\" content=\"summary_large_image\" \/>\n<meta name=\"twitter:label1\" content=\"Est. reading time\" \/>\n\t<meta name=\"twitter:data1\" content=\"1 minute\" \/>\n<script type=\"application\/ld+json\" class=\"yoast-schema-graph\">{\"@context\":\"https:\/\/schema.org\",\"@graph\":[{\"@type\":\"WebPage\",\"@id\":\"https:\/\/ilcrogiuolo.it\/en\/p\/candle-of-povo-cor-de-rosa-pink\/\",\"url\":\"https:\/\/ilcrogiuolo.it\/en\/p\/candle-of-povo-cor-de-rosa-pink\/\",\"name\":\"Candle of Povo Cor de Rosa - pink - Il Crogiuolo\",\"isPartOf\":{\"@id\":\"https:\/\/ilcrogiuolo.it\/en\/#website\"},\"primaryImageOfPage\":{\"@id\":\"https:\/\/ilcrogiuolo.it\/en\/p\/candle-of-povo-cor-de-rosa-pink\/#primaryimage\"},\"image\":{\"@id\":\"https:\/\/ilcrogiuolo.it\/en\/p\/candle-of-povo-cor-de-rosa-pink\/#primaryimage\"},\"thumbnailUrl\":\"https:\/\/ilcrogiuolo.it\/wp-content\/uploads\/2020\/01\/povo-cor-de-rosa.jpg\",\"datePublished\":\"2020-01-14T18:07:47+00:00\",\"dateModified\":\"2020-02-13T17:31:15+00:00\",\"description\":\"Candle of Povo Cor de Rosa - pink Pink is the colour of sweet feelings, friendship, feminism and feelings. In the Candombl\u00ea it is attributed to two powerful Orixa': Saint Cathrine from\",\"breadcrumb\":{\"@id\":\"https:\/\/ilcrogiuolo.it\/en\/p\/candle-of-povo-cor-de-rosa-pink\/#breadcrumb\"},\"inLanguage\":\"en-US\",\"potentialAction\":[{\"@type\":\"ReadAction\",\"target\":[\"https:\/\/ilcrogiuolo.it\/en\/p\/candle-of-povo-cor-de-rosa-pink\/\"]}]},{\"@type\":\"ImageObject\",\"inLanguage\":\"en-US\",\"@id\":\"https:\/\/ilcrogiuolo.it\/en\/p\/candle-of-povo-cor-de-rosa-pink\/#primaryimage\",\"url\":\"https:\/\/ilcrogiuolo.it\/wp-content\/uploads\/2020\/01\/povo-cor-de-rosa.jpg\",\"contentUrl\":\"https:\/\/ilcrogiuolo.it\/wp-content\/uploads\/2020\/01\/povo-cor-de-rosa.jpg\",\"width\":1000,\"height\":1000},{\"@type\":\"BreadcrumbList\",\"@id\":\"https:\/\/ilcrogiuolo.it\/en\/p\/candle-of-povo-cor-de-rosa-pink\/#breadcrumb\",\"itemListElement\":[{\"@type\":\"ListItem\",\"position\":1,\"name\":\"Home\",\"item\":\"https:\/\/ilcrogiuolo.it\/en\/\"},{\"@type\":\"ListItem\",\"position\":2,\"name\":\"Shop\",\"item\":\"https:\/\/ilcrogiuolo.it\/en\/shop\/\"},{\"@type\":\"ListItem\",\"position\":3,\"name\":\"Candle of Povo Cor de Rosa &#8211; pink\"}]},{\"@type\":\"WebSite\",\"@id\":\"https:\/\/ilcrogiuolo.it\/en\/#website\",\"url\":\"https:\/\/ilcrogiuolo.it\/en\/\",\"name\":\"Il Crogiuolo\",\"description\":\"\",\"publisher\":{\"@id\":\"https:\/\/ilcrogiuolo.it\/en\/#organization\"},\"potentialAction\":[{\"@type\":\"SearchAction\",\"target\":{\"@type\":\"EntryPoint\",\"urlTemplate\":\"https:\/\/ilcrogiuolo.it\/en\/?s={search_term_string}\"},\"query-input\":{\"@type\":\"PropertyValueSpecification\",\"valueRequired\":true,\"valueName\":\"search_term_string\"}}],\"inLanguage\":\"en-US\"},{\"@type\":\"Organization\",\"@id\":\"https:\/\/ilcrogiuolo.it\/en\/#organization\",\"name\":\"Il Crogiuolo\",\"url\":\"https:\/\/ilcrogiuolo.it\/en\/\",\"logo\":{\"@type\":\"ImageObject\",\"inLanguage\":\"en-US\",\"@id\":\"https:\/\/ilcrogiuolo.it\/en\/#\/schema\/logo\/image\/\",\"url\":\"https:\/\/ilcrogiuolo.it\/wp-content\/uploads\/2020\/04\/logo.png\",\"contentUrl\":\"https:\/\/ilcrogiuolo.it\/wp-content\/uploads\/2020\/04\/logo.png\",\"width\":200,\"height\":49,\"caption\":\"Il Crogiuolo\"},\"image\":{\"@id\":\"https:\/\/ilcrogiuolo.it\/en\/#\/schema\/logo\/image\/\"},\"sameAs\":[\"https:\/\/www.facebook.com\/Il-Crogiuolo-681876418491758\"]}]}<\/script>\n<!-- \/ Yoast SEO plugin. -->","yoast_head_json":{"title":"Candle of Povo Cor de Rosa - pink - Il Crogiuolo","description":"Candle of Povo Cor de Rosa - pink Pink is the colour of sweet feelings, friendship, feminism and feelings. In the Candombl\u00ea it is attributed to two powerful Orixa': Saint Cathrine from","robots":{"index":"index","follow":"follow","max-snippet":"max-snippet:-1","max-image-preview":"max-image-preview:large","max-video-preview":"max-video-preview:-1"},"canonical":"https:\/\/ilcrogiuolo.it\/en\/p\/candle-of-povo-cor-de-rosa-pink\/","og_locale":"en_US","og_type":"article","og_title":"Candle of Povo Cor de Rosa - pink - Il Crogiuolo","og_description":"Candle of Povo Cor de Rosa - pink Pink is the colour of sweet feelings, friendship, feminism and feelings. In the Candombl\u00ea it is attributed to two powerful Orixa': Saint Cathrine from","og_url":"https:\/\/ilcrogiuolo.it\/en\/p\/candle-of-povo-cor-de-rosa-pink\/","og_site_name":"Il Crogiuolo","article_publisher":"https:\/\/www.facebook.com\/Il-Crogiuolo-681876418491758","article_modified_time":"2020-02-13T17:31:15+00:00","og_image":[{"width":627,"height":600,"url":"https:\/\/ilcrogiuolo.it\/wp-content\/uploads\/2020\/01\/conjunto_8960553.jpg","type":"image\/jpeg"}],"twitter_card":"summary_large_image","twitter_misc":{"Est. reading time":"1 minute"},"schema":{"@context":"https:\/\/schema.org","@graph":[{"@type":"WebPage","@id":"https:\/\/ilcrogiuolo.it\/en\/p\/candle-of-povo-cor-de-rosa-pink\/","url":"https:\/\/ilcrogiuolo.it\/en\/p\/candle-of-povo-cor-de-rosa-pink\/","name":"Candle of Povo Cor de Rosa - pink - Il Crogiuolo","isPartOf":{"@id":"https:\/\/ilcrogiuolo.it\/en\/#website"},"primaryImageOfPage":{"@id":"https:\/\/ilcrogiuolo.it\/en\/p\/candle-of-povo-cor-de-rosa-pink\/#primaryimage"},"image":{"@id":"https:\/\/ilcrogiuolo.it\/en\/p\/candle-of-povo-cor-de-rosa-pink\/#primaryimage"},"thumbnailUrl":"https:\/\/ilcrogiuolo.it\/wp-content\/uploads\/2020\/01\/povo-cor-de-rosa.jpg","datePublished":"2020-01-14T18:07:47+00:00","dateModified":"2020-02-13T17:31:15+00:00","description":"Candle of Povo Cor de Rosa - pink Pink is the colour of sweet feelings, friendship, feminism and feelings. In the Candombl\u00ea it is attributed to two powerful Orixa': Saint Cathrine from","breadcrumb":{"@id":"https:\/\/ilcrogiuolo.it\/en\/p\/candle-of-povo-cor-de-rosa-pink\/#breadcrumb"},"inLanguage":"en-US","potentialAction":[{"@type":"ReadAction","target":["https:\/\/ilcrogiuolo.it\/en\/p\/candle-of-povo-cor-de-rosa-pink\/"]}]},{"@type":"ImageObject","inLanguage":"en-US","@id":"https:\/\/ilcrogiuolo.it\/en\/p\/candle-of-povo-cor-de-rosa-pink\/#primaryimage","url":"https:\/\/ilcrogiuolo.it\/wp-content\/uploads\/2020\/01\/povo-cor-de-rosa.jpg","contentUrl":"https:\/\/ilcrogiuolo.it\/wp-content\/uploads\/2020\/01\/povo-cor-de-rosa.jpg","width":1000,"height":1000},{"@type":"BreadcrumbList","@id":"https:\/\/ilcrogiuolo.it\/en\/p\/candle-of-povo-cor-de-rosa-pink\/#breadcrumb","itemListElement":[{"@type":"ListItem","position":1,"name":"Home","item":"https:\/\/ilcrogiuolo.it\/en\/"},{"@type":"ListItem","position":2,"name":"Shop","item":"https:\/\/ilcrogiuolo.it\/en\/shop\/"},{"@type":"ListItem","position":3,"name":"Candle of Povo Cor de Rosa &#8211; pink"}]},{"@type":"WebSite","@id":"https:\/\/ilcrogiuolo.it\/en\/#website","url":"https:\/\/ilcrogiuolo.it\/en\/","name":"Il Crogiuolo","description":"","publisher":{"@id":"https:\/\/ilcrogiuolo.it\/en\/#organization"},"potentialAction":[{"@type":"SearchAction","target":{"@type":"EntryPoint","urlTemplate":"https:\/\/ilcrogiuolo.it\/en\/?s={search_term_string}"},"query-input":{"@type":"PropertyValueSpecification","valueRequired":true,"valueName":"search_term_string"}}],"inLanguage":"en-US"},{"@type":"Organization","@id":"https:\/\/ilcrogiuolo.it\/en\/#organization","name":"Il Crogiuolo","url":"https:\/\/ilcrogiuolo.it\/en\/","logo":{"@type":"ImageObject","inLanguage":"en-US","@id":"https:\/\/ilcrogiuolo.it\/en\/#\/schema\/logo\/image\/","url":"https:\/\/ilcrogiuolo.it\/wp-content\/uploads\/2020\/04\/logo.png","contentUrl":"https:\/\/ilcrogiuolo.it\/wp-content\/uploads\/2020\/04\/logo.png","width":200,"height":49,"caption":"Il Crogiuolo"},"image":{"@id":"https:\/\/ilcrogiuolo.it\/en\/#\/schema\/logo\/image\/"},"sameAs":["https:\/\/www.facebook.com\/Il-Crogiuolo-681876418491758"]}]}},"_links":{"self":[{"href":"https:\/\/ilcrogiuolo.it\/en\/wp-json\/wp\/v2\/product\/10096","targetHints":{"allow":["GET"]}}],"collection":[{"href":"https:\/\/ilcrogiuolo.it\/en\/wp-json\/wp\/v2\/product"}],"about":[{"href":"https:\/\/ilcrogiuolo.it\/en\/wp-json\/wp\/v2\/types\/product"}],"wp:featuredmedia":[{"embeddable":true,"href":"https:\/\/ilcrogiuolo.it\/en\/wp-json\/wp\/v2\/media\/32604"}],"wp:attachment":[{"href":"https:\/\/ilcrogiuolo.it\/en\/wp-json\/wp\/v2\/media?parent=10096"}],"wp:term":[{"taxonomy":"product_brand","embeddable":true,"href":"https:\/\/ilcrogiuolo.it\/en\/wp-json\/wp\/v2\/product_brand?post=10096"},{"taxonomy":"product_cat","embeddable":true,"href":"https:\/\/ilcrogiuolo.it\/en\/wp-json\/wp\/v2\/product_cat?post=10096"},{"taxonomy":"product_tag","embeddable":true,"href":"https:\/\/ilcrogiuolo.it\/en\/wp-json\/wp\/v2\/product_tag?post=10096"}],"curies":[{"name":"wp","href":"https:\/\/api.w.org\/{rel}","templated":true}]}}