{"id":10093,"date":"2020-01-14T17:03:33","date_gmt":"2020-01-14T18:07:44","guid":{"rendered":"https:\/\/ilcrogiuolo.it\/p\/candle-of-oxala-white\/"},"modified":"2020-02-13T18:31:35","modified_gmt":"2020-02-13T17:31:35","slug":"candle-of-oxala-white","status":"publish","type":"product","link":"https:\/\/ilcrogiuolo.it\/en\/p\/candle-of-oxala-white\/","title":{"rendered":"Candle of Oxal\u00e1 &#8211; white"},"content":{"rendered":"<p>This is the candle of the Father of all the Orix\u00e1s, even if his devotional and magic use is not only limited to Oxala&#8217;, in fact this white candle is well accepted by any other Saint. In all purification rituals and exorcism one, the white candles are essential.Oxala&#8217; brings peace, harmony, serenity, protection, btightens minds, propitiate recovery and takes tensions away.A white candle needs to be lightened everytime you are doing a prophecy. The defumadores that work best with this candle are:Oxal\u00e1, Protetor Espiritual, Mensajeiro da Paz,Descarrego. The package includes: 1 candle Sete dias, 1 package of defumadores and using instructions. You can assist the candle with the right Po&#8217;, exe, fluid, mixtures to enhances the effects.<\/p>\n","protected":false},"excerpt":{"rendered":"<p>This is the candle of the Father of all the Orix\u00e1s, even if his devotional and magic use is not&#8230;<\/p>\n","protected":false},"featured_media":32614,"template":"","meta":{"_acf_changed":false},"product_brand":[],"product_cat":[1547,1210,1199],"product_tag":[],"class_list":{"0":"post-10093","1":"product","2":"type-product","3":"status-publish","4":"has-post-thumbnail","6":"product_cat-conjuntos-kit-with-the-sete-dias-candles","7":"product_cat-afro-brazilian-rituals-saints-items","8":"product_cat-esoteric","10":"first","11":"instock","12":"taxable","13":"shipping-taxable","14":"purchasable","15":"product-type-simple","16":"add-to-wishlist-before_image"},"acf":[],"yoast_head":"<!-- This site is optimized with the Yoast SEO plugin v26.9 - https:\/\/yoast.com\/product\/yoast-seo-wordpress\/ -->\n<title>Candle of Oxal\u00e1 - white - Il Crogiuolo<\/title>\n<meta name=\"description\" content=\"Candle of Oxal\u00e1 - white This is the candle of the Father of all the Orix\u00e1s, even if his devotional and magic use is not only limited to Oxala&#039;, in fact this white candle is well\" \/>\n<meta name=\"robots\" content=\"index, follow, max-snippet:-1, max-image-preview:large, max-video-preview:-1\" \/>\n<link rel=\"canonical\" href=\"https:\/\/ilcrogiuolo.it\/en\/p\/candle-of-oxala-white\/\" \/>\n<meta property=\"og:locale\" content=\"en_US\" \/>\n<meta property=\"og:type\" content=\"article\" \/>\n<meta property=\"og:title\" content=\"Candle of Oxal\u00e1 - white - Il Crogiuolo\" \/>\n<meta property=\"og:description\" content=\"Candle of Oxal\u00e1 - white This is the candle of the Father of all the Orix\u00e1s, even if his devotional and magic use is not only limited to Oxala&#039;, in fact this white candle is well\" \/>\n<meta property=\"og:url\" content=\"https:\/\/ilcrogiuolo.it\/en\/p\/candle-of-oxala-white\/\" \/>\n<meta property=\"og:site_name\" content=\"Il Crogiuolo\" \/>\n<meta property=\"article:publisher\" content=\"https:\/\/www.facebook.com\/Il-Crogiuolo-681876418491758\" \/>\n<meta property=\"article:modified_time\" content=\"2020-02-13T17:31:35+00:00\" \/>\n<meta property=\"og:image\" content=\"https:\/\/ilcrogiuolo.it\/wp-content\/uploads\/2020\/01\/conjunto_9318698.jpg\" \/>\n\t<meta property=\"og:image:width\" content=\"627\" \/>\n\t<meta property=\"og:image:height\" content=\"600\" \/>\n\t<meta property=\"og:image:type\" content=\"image\/jpeg\" \/>\n<meta name=\"twitter:card\" content=\"summary_large_image\" \/>\n<meta name=\"twitter:label1\" content=\"Est. reading time\" \/>\n\t<meta name=\"twitter:data1\" content=\"1 minute\" \/>\n<script type=\"application\/ld+json\" class=\"yoast-schema-graph\">{\"@context\":\"https:\/\/schema.org\",\"@graph\":[{\"@type\":\"WebPage\",\"@id\":\"https:\/\/ilcrogiuolo.it\/en\/p\/candle-of-oxala-white\/\",\"url\":\"https:\/\/ilcrogiuolo.it\/en\/p\/candle-of-oxala-white\/\",\"name\":\"Candle of Oxal\u00e1 - white - Il Crogiuolo\",\"isPartOf\":{\"@id\":\"https:\/\/ilcrogiuolo.it\/en\/#website\"},\"primaryImageOfPage\":{\"@id\":\"https:\/\/ilcrogiuolo.it\/en\/p\/candle-of-oxala-white\/#primaryimage\"},\"image\":{\"@id\":\"https:\/\/ilcrogiuolo.it\/en\/p\/candle-of-oxala-white\/#primaryimage\"},\"thumbnailUrl\":\"https:\/\/ilcrogiuolo.it\/wp-content\/uploads\/2020\/01\/oxala-rito.jpg\",\"datePublished\":\"2020-01-14T18:07:44+00:00\",\"dateModified\":\"2020-02-13T17:31:35+00:00\",\"description\":\"Candle of Oxal\u00e1 - white This is the candle of the Father of all the Orix\u00e1s, even if his devotional and magic use is not only limited to Oxala', in fact this white candle is well\",\"breadcrumb\":{\"@id\":\"https:\/\/ilcrogiuolo.it\/en\/p\/candle-of-oxala-white\/#breadcrumb\"},\"inLanguage\":\"en-US\",\"potentialAction\":[{\"@type\":\"ReadAction\",\"target\":[\"https:\/\/ilcrogiuolo.it\/en\/p\/candle-of-oxala-white\/\"]}]},{\"@type\":\"ImageObject\",\"inLanguage\":\"en-US\",\"@id\":\"https:\/\/ilcrogiuolo.it\/en\/p\/candle-of-oxala-white\/#primaryimage\",\"url\":\"https:\/\/ilcrogiuolo.it\/wp-content\/uploads\/2020\/01\/oxala-rito.jpg\",\"contentUrl\":\"https:\/\/ilcrogiuolo.it\/wp-content\/uploads\/2020\/01\/oxala-rito.jpg\",\"width\":1000,\"height\":1000},{\"@type\":\"BreadcrumbList\",\"@id\":\"https:\/\/ilcrogiuolo.it\/en\/p\/candle-of-oxala-white\/#breadcrumb\",\"itemListElement\":[{\"@type\":\"ListItem\",\"position\":1,\"name\":\"Home\",\"item\":\"https:\/\/ilcrogiuolo.it\/en\/\"},{\"@type\":\"ListItem\",\"position\":2,\"name\":\"Shop\",\"item\":\"https:\/\/ilcrogiuolo.it\/en\/shop\/\"},{\"@type\":\"ListItem\",\"position\":3,\"name\":\"Candle of Oxal\u00e1 &#8211; white\"}]},{\"@type\":\"WebSite\",\"@id\":\"https:\/\/ilcrogiuolo.it\/en\/#website\",\"url\":\"https:\/\/ilcrogiuolo.it\/en\/\",\"name\":\"Il Crogiuolo\",\"description\":\"\",\"publisher\":{\"@id\":\"https:\/\/ilcrogiuolo.it\/en\/#organization\"},\"potentialAction\":[{\"@type\":\"SearchAction\",\"target\":{\"@type\":\"EntryPoint\",\"urlTemplate\":\"https:\/\/ilcrogiuolo.it\/en\/?s={search_term_string}\"},\"query-input\":{\"@type\":\"PropertyValueSpecification\",\"valueRequired\":true,\"valueName\":\"search_term_string\"}}],\"inLanguage\":\"en-US\"},{\"@type\":\"Organization\",\"@id\":\"https:\/\/ilcrogiuolo.it\/en\/#organization\",\"name\":\"Il Crogiuolo\",\"url\":\"https:\/\/ilcrogiuolo.it\/en\/\",\"logo\":{\"@type\":\"ImageObject\",\"inLanguage\":\"en-US\",\"@id\":\"https:\/\/ilcrogiuolo.it\/en\/#\/schema\/logo\/image\/\",\"url\":\"https:\/\/ilcrogiuolo.it\/wp-content\/uploads\/2020\/04\/logo.png\",\"contentUrl\":\"https:\/\/ilcrogiuolo.it\/wp-content\/uploads\/2020\/04\/logo.png\",\"width\":200,\"height\":49,\"caption\":\"Il Crogiuolo\"},\"image\":{\"@id\":\"https:\/\/ilcrogiuolo.it\/en\/#\/schema\/logo\/image\/\"},\"sameAs\":[\"https:\/\/www.facebook.com\/Il-Crogiuolo-681876418491758\"]}]}<\/script>\n<!-- \/ Yoast SEO plugin. -->","yoast_head_json":{"title":"Candle of Oxal\u00e1 - white - Il Crogiuolo","description":"Candle of Oxal\u00e1 - white This is the candle of the Father of all the Orix\u00e1s, even if his devotional and magic use is not only limited to Oxala', in fact this white candle is well","robots":{"index":"index","follow":"follow","max-snippet":"max-snippet:-1","max-image-preview":"max-image-preview:large","max-video-preview":"max-video-preview:-1"},"canonical":"https:\/\/ilcrogiuolo.it\/en\/p\/candle-of-oxala-white\/","og_locale":"en_US","og_type":"article","og_title":"Candle of Oxal\u00e1 - white - Il Crogiuolo","og_description":"Candle of Oxal\u00e1 - white This is the candle of the Father of all the Orix\u00e1s, even if his devotional and magic use is not only limited to Oxala', in fact this white candle is well","og_url":"https:\/\/ilcrogiuolo.it\/en\/p\/candle-of-oxala-white\/","og_site_name":"Il Crogiuolo","article_publisher":"https:\/\/www.facebook.com\/Il-Crogiuolo-681876418491758","article_modified_time":"2020-02-13T17:31:35+00:00","og_image":[{"width":627,"height":600,"url":"https:\/\/ilcrogiuolo.it\/wp-content\/uploads\/2020\/01\/conjunto_9318698.jpg","type":"image\/jpeg"}],"twitter_card":"summary_large_image","twitter_misc":{"Est. reading time":"1 minute"},"schema":{"@context":"https:\/\/schema.org","@graph":[{"@type":"WebPage","@id":"https:\/\/ilcrogiuolo.it\/en\/p\/candle-of-oxala-white\/","url":"https:\/\/ilcrogiuolo.it\/en\/p\/candle-of-oxala-white\/","name":"Candle of Oxal\u00e1 - white - Il Crogiuolo","isPartOf":{"@id":"https:\/\/ilcrogiuolo.it\/en\/#website"},"primaryImageOfPage":{"@id":"https:\/\/ilcrogiuolo.it\/en\/p\/candle-of-oxala-white\/#primaryimage"},"image":{"@id":"https:\/\/ilcrogiuolo.it\/en\/p\/candle-of-oxala-white\/#primaryimage"},"thumbnailUrl":"https:\/\/ilcrogiuolo.it\/wp-content\/uploads\/2020\/01\/oxala-rito.jpg","datePublished":"2020-01-14T18:07:44+00:00","dateModified":"2020-02-13T17:31:35+00:00","description":"Candle of Oxal\u00e1 - white This is the candle of the Father of all the Orix\u00e1s, even if his devotional and magic use is not only limited to Oxala', in fact this white candle is well","breadcrumb":{"@id":"https:\/\/ilcrogiuolo.it\/en\/p\/candle-of-oxala-white\/#breadcrumb"},"inLanguage":"en-US","potentialAction":[{"@type":"ReadAction","target":["https:\/\/ilcrogiuolo.it\/en\/p\/candle-of-oxala-white\/"]}]},{"@type":"ImageObject","inLanguage":"en-US","@id":"https:\/\/ilcrogiuolo.it\/en\/p\/candle-of-oxala-white\/#primaryimage","url":"https:\/\/ilcrogiuolo.it\/wp-content\/uploads\/2020\/01\/oxala-rito.jpg","contentUrl":"https:\/\/ilcrogiuolo.it\/wp-content\/uploads\/2020\/01\/oxala-rito.jpg","width":1000,"height":1000},{"@type":"BreadcrumbList","@id":"https:\/\/ilcrogiuolo.it\/en\/p\/candle-of-oxala-white\/#breadcrumb","itemListElement":[{"@type":"ListItem","position":1,"name":"Home","item":"https:\/\/ilcrogiuolo.it\/en\/"},{"@type":"ListItem","position":2,"name":"Shop","item":"https:\/\/ilcrogiuolo.it\/en\/shop\/"},{"@type":"ListItem","position":3,"name":"Candle of Oxal\u00e1 &#8211; white"}]},{"@type":"WebSite","@id":"https:\/\/ilcrogiuolo.it\/en\/#website","url":"https:\/\/ilcrogiuolo.it\/en\/","name":"Il Crogiuolo","description":"","publisher":{"@id":"https:\/\/ilcrogiuolo.it\/en\/#organization"},"potentialAction":[{"@type":"SearchAction","target":{"@type":"EntryPoint","urlTemplate":"https:\/\/ilcrogiuolo.it\/en\/?s={search_term_string}"},"query-input":{"@type":"PropertyValueSpecification","valueRequired":true,"valueName":"search_term_string"}}],"inLanguage":"en-US"},{"@type":"Organization","@id":"https:\/\/ilcrogiuolo.it\/en\/#organization","name":"Il Crogiuolo","url":"https:\/\/ilcrogiuolo.it\/en\/","logo":{"@type":"ImageObject","inLanguage":"en-US","@id":"https:\/\/ilcrogiuolo.it\/en\/#\/schema\/logo\/image\/","url":"https:\/\/ilcrogiuolo.it\/wp-content\/uploads\/2020\/04\/logo.png","contentUrl":"https:\/\/ilcrogiuolo.it\/wp-content\/uploads\/2020\/04\/logo.png","width":200,"height":49,"caption":"Il Crogiuolo"},"image":{"@id":"https:\/\/ilcrogiuolo.it\/en\/#\/schema\/logo\/image\/"},"sameAs":["https:\/\/www.facebook.com\/Il-Crogiuolo-681876418491758"]}]}},"_links":{"self":[{"href":"https:\/\/ilcrogiuolo.it\/en\/wp-json\/wp\/v2\/product\/10093","targetHints":{"allow":["GET"]}}],"collection":[{"href":"https:\/\/ilcrogiuolo.it\/en\/wp-json\/wp\/v2\/product"}],"about":[{"href":"https:\/\/ilcrogiuolo.it\/en\/wp-json\/wp\/v2\/types\/product"}],"wp:featuredmedia":[{"embeddable":true,"href":"https:\/\/ilcrogiuolo.it\/en\/wp-json\/wp\/v2\/media\/32614"}],"wp:attachment":[{"href":"https:\/\/ilcrogiuolo.it\/en\/wp-json\/wp\/v2\/media?parent=10093"}],"wp:term":[{"taxonomy":"product_brand","embeddable":true,"href":"https:\/\/ilcrogiuolo.it\/en\/wp-json\/wp\/v2\/product_brand?post=10093"},{"taxonomy":"product_cat","embeddable":true,"href":"https:\/\/ilcrogiuolo.it\/en\/wp-json\/wp\/v2\/product_cat?post=10093"},{"taxonomy":"product_tag","embeddable":true,"href":"https:\/\/ilcrogiuolo.it\/en\/wp-json\/wp\/v2\/product_tag?post=10093"}],"curies":[{"name":"wp","href":"https:\/\/api.w.org\/{rel}","templated":true}]}}