{"id":10092,"date":"2020-01-14T17:03:33","date_gmt":"2020-01-14T18:07:44","guid":{"rendered":"https:\/\/ilcrogiuolo.it\/p\/candle-of-abaluaye-blackor-purple\/"},"modified":"2020-02-13T18:31:48","modified_gmt":"2020-02-13T17:31:48","slug":"candle-of-abaluaye-blackor-purple","status":"publish","type":"product","link":"https:\/\/ilcrogiuolo.it\/en\/p\/candle-of-abaluaye-blackor-purple\/","title":{"rendered":"Candle of Abaluay\u00ea Black (or purple)"},"content":{"rendered":"<p>Abaluay\u00ea -manifestation of Omul\u00fa, is the Lord of the cimiteries, the dark master of the life beyond, death symbol, but as well of the new life. In the afro brazilian tradition he is identified with Saint Lazzaro, Jesus friend, whos was broght back to life from the Master.Abaluay\u00ea is invoked in manyinactivity rituals and black magic, but is also the health Orixa&#8217;. Therefore you can use this candle in the magic healing favoured by Abaluay\u00ea, in those rituals to spell witchcraft, or during meditation practices. It is connected with the earth element and you need to light it on a monday.To better use the vibration delivered by this candle it is deeply suggested to use the defumador of Omulu&#8217; and to let the person who want to be healed , use the homonym soap or the bath. This will certainly bring beneficial results to the patient, by hurring his\/her convalescence and by propitiating the recovery. The healing can be phisical and spiritual. It is suggested to say Sait Lazzaro pray post noted. Light a defumador everyday and read the pray. The package includes: 1 candle Sete dias, 1 package of defumadores and using instructions. You can assist the candle with the right Po&#8217;, exe, fluid, mixtures to enhances the effects<\/p>\n","protected":false},"excerpt":{"rendered":"<p>Abaluay\u00ea -manifestation of Omul\u00fa, is the Lord of the cimiteries, the dark master of the life beyond, death symbol, but&#8230;<\/p>\n","protected":false},"featured_media":32635,"template":"","meta":{"_acf_changed":false},"product_brand":[],"product_cat":[1547,1210,1199],"product_tag":[],"class_list":{"0":"post-10092","1":"product","2":"type-product","3":"status-publish","4":"has-post-thumbnail","6":"product_cat-conjuntos-kit-with-the-sete-dias-candles","7":"product_cat-afro-brazilian-rituals-saints-items","8":"product_cat-esoteric","10":"first","11":"instock","12":"taxable","13":"shipping-taxable","14":"purchasable","15":"product-type-simple","16":"add-to-wishlist-before_image"},"acf":[],"yoast_head":"<!-- This site is optimized with the Yoast SEO plugin v26.9 - https:\/\/yoast.com\/product\/yoast-seo-wordpress\/ -->\n<title>Candle of Abaluay\u00ea Black (or purple) - Il Crogiuolo<\/title>\n<meta name=\"description\" content=\"Candle of Abaluay\u00ea Black (or purple) Abaluay\u00ea -manifestation of Omul\u00fa, is the Lord of the cimiteries, the dark master of the life beyond, death symbol, but as well of the new life. In the\" \/>\n<meta name=\"robots\" content=\"index, follow, max-snippet:-1, max-image-preview:large, max-video-preview:-1\" \/>\n<link rel=\"canonical\" href=\"https:\/\/ilcrogiuolo.it\/en\/p\/candle-of-abaluaye-blackor-purple\/\" \/>\n<meta property=\"og:locale\" content=\"en_US\" \/>\n<meta property=\"og:type\" content=\"article\" \/>\n<meta property=\"og:title\" content=\"Candle of Abaluay\u00ea Black (or purple) - Il Crogiuolo\" \/>\n<meta property=\"og:description\" content=\"Candle of Abaluay\u00ea Black (or purple) Abaluay\u00ea -manifestation of Omul\u00fa, is the Lord of the cimiteries, the dark master of the life beyond, death symbol, but as well of the new life. In the\" \/>\n<meta property=\"og:url\" content=\"https:\/\/ilcrogiuolo.it\/en\/p\/candle-of-abaluaye-blackor-purple\/\" \/>\n<meta property=\"og:site_name\" content=\"Il Crogiuolo\" \/>\n<meta property=\"article:publisher\" content=\"https:\/\/www.facebook.com\/Il-Crogiuolo-681876418491758\" \/>\n<meta property=\"article:modified_time\" content=\"2020-02-13T17:31:48+00:00\" \/>\n<meta property=\"og:image\" content=\"https:\/\/ilcrogiuolo.it\/wp-content\/uploads\/2020\/01\/conjunto_3238561.jpg\" \/>\n\t<meta property=\"og:image:width\" content=\"627\" \/>\n\t<meta property=\"og:image:height\" content=\"600\" \/>\n\t<meta property=\"og:image:type\" content=\"image\/jpeg\" \/>\n<meta name=\"twitter:card\" content=\"summary_large_image\" \/>\n<meta name=\"twitter:label1\" content=\"Est. reading time\" \/>\n\t<meta name=\"twitter:data1\" content=\"1 minute\" \/>\n<script type=\"application\/ld+json\" class=\"yoast-schema-graph\">{\"@context\":\"https:\/\/schema.org\",\"@graph\":[{\"@type\":\"WebPage\",\"@id\":\"https:\/\/ilcrogiuolo.it\/en\/p\/candle-of-abaluaye-blackor-purple\/\",\"url\":\"https:\/\/ilcrogiuolo.it\/en\/p\/candle-of-abaluaye-blackor-purple\/\",\"name\":\"Candle of Abaluay\u00ea Black (or purple) - Il Crogiuolo\",\"isPartOf\":{\"@id\":\"https:\/\/ilcrogiuolo.it\/en\/#website\"},\"primaryImageOfPage\":{\"@id\":\"https:\/\/ilcrogiuolo.it\/en\/p\/candle-of-abaluaye-blackor-purple\/#primaryimage\"},\"image\":{\"@id\":\"https:\/\/ilcrogiuolo.it\/en\/p\/candle-of-abaluaye-blackor-purple\/#primaryimage\"},\"thumbnailUrl\":\"https:\/\/ilcrogiuolo.it\/wp-content\/uploads\/2020\/01\/RITO-OMOLU.jpg\",\"datePublished\":\"2020-01-14T18:07:44+00:00\",\"dateModified\":\"2020-02-13T17:31:48+00:00\",\"description\":\"Candle of Abaluay\u00ea Black (or purple) Abaluay\u00ea -manifestation of Omul\u00fa, is the Lord of the cimiteries, the dark master of the life beyond, death symbol, but as well of the new life. In the\",\"breadcrumb\":{\"@id\":\"https:\/\/ilcrogiuolo.it\/en\/p\/candle-of-abaluaye-blackor-purple\/#breadcrumb\"},\"inLanguage\":\"en-US\",\"potentialAction\":[{\"@type\":\"ReadAction\",\"target\":[\"https:\/\/ilcrogiuolo.it\/en\/p\/candle-of-abaluaye-blackor-purple\/\"]}]},{\"@type\":\"ImageObject\",\"inLanguage\":\"en-US\",\"@id\":\"https:\/\/ilcrogiuolo.it\/en\/p\/candle-of-abaluaye-blackor-purple\/#primaryimage\",\"url\":\"https:\/\/ilcrogiuolo.it\/wp-content\/uploads\/2020\/01\/RITO-OMOLU.jpg\",\"contentUrl\":\"https:\/\/ilcrogiuolo.it\/wp-content\/uploads\/2020\/01\/RITO-OMOLU.jpg\",\"width\":1000,\"height\":1000},{\"@type\":\"BreadcrumbList\",\"@id\":\"https:\/\/ilcrogiuolo.it\/en\/p\/candle-of-abaluaye-blackor-purple\/#breadcrumb\",\"itemListElement\":[{\"@type\":\"ListItem\",\"position\":1,\"name\":\"Home\",\"item\":\"https:\/\/ilcrogiuolo.it\/en\/\"},{\"@type\":\"ListItem\",\"position\":2,\"name\":\"Shop\",\"item\":\"https:\/\/ilcrogiuolo.it\/en\/shop\/\"},{\"@type\":\"ListItem\",\"position\":3,\"name\":\"Candle of Abaluay\u00ea Black (or purple)\"}]},{\"@type\":\"WebSite\",\"@id\":\"https:\/\/ilcrogiuolo.it\/en\/#website\",\"url\":\"https:\/\/ilcrogiuolo.it\/en\/\",\"name\":\"Il Crogiuolo\",\"description\":\"\",\"publisher\":{\"@id\":\"https:\/\/ilcrogiuolo.it\/en\/#organization\"},\"potentialAction\":[{\"@type\":\"SearchAction\",\"target\":{\"@type\":\"EntryPoint\",\"urlTemplate\":\"https:\/\/ilcrogiuolo.it\/en\/?s={search_term_string}\"},\"query-input\":{\"@type\":\"PropertyValueSpecification\",\"valueRequired\":true,\"valueName\":\"search_term_string\"}}],\"inLanguage\":\"en-US\"},{\"@type\":\"Organization\",\"@id\":\"https:\/\/ilcrogiuolo.it\/en\/#organization\",\"name\":\"Il Crogiuolo\",\"url\":\"https:\/\/ilcrogiuolo.it\/en\/\",\"logo\":{\"@type\":\"ImageObject\",\"inLanguage\":\"en-US\",\"@id\":\"https:\/\/ilcrogiuolo.it\/en\/#\/schema\/logo\/image\/\",\"url\":\"https:\/\/ilcrogiuolo.it\/wp-content\/uploads\/2020\/04\/logo.png\",\"contentUrl\":\"https:\/\/ilcrogiuolo.it\/wp-content\/uploads\/2020\/04\/logo.png\",\"width\":200,\"height\":49,\"caption\":\"Il Crogiuolo\"},\"image\":{\"@id\":\"https:\/\/ilcrogiuolo.it\/en\/#\/schema\/logo\/image\/\"},\"sameAs\":[\"https:\/\/www.facebook.com\/Il-Crogiuolo-681876418491758\"]}]}<\/script>\n<!-- \/ Yoast SEO plugin. -->","yoast_head_json":{"title":"Candle of Abaluay\u00ea Black (or purple) - Il Crogiuolo","description":"Candle of Abaluay\u00ea Black (or purple) Abaluay\u00ea -manifestation of Omul\u00fa, is the Lord of the cimiteries, the dark master of the life beyond, death symbol, but as well of the new life. In the","robots":{"index":"index","follow":"follow","max-snippet":"max-snippet:-1","max-image-preview":"max-image-preview:large","max-video-preview":"max-video-preview:-1"},"canonical":"https:\/\/ilcrogiuolo.it\/en\/p\/candle-of-abaluaye-blackor-purple\/","og_locale":"en_US","og_type":"article","og_title":"Candle of Abaluay\u00ea Black (or purple) - Il Crogiuolo","og_description":"Candle of Abaluay\u00ea Black (or purple) Abaluay\u00ea -manifestation of Omul\u00fa, is the Lord of the cimiteries, the dark master of the life beyond, death symbol, but as well of the new life. In the","og_url":"https:\/\/ilcrogiuolo.it\/en\/p\/candle-of-abaluaye-blackor-purple\/","og_site_name":"Il Crogiuolo","article_publisher":"https:\/\/www.facebook.com\/Il-Crogiuolo-681876418491758","article_modified_time":"2020-02-13T17:31:48+00:00","og_image":[{"width":627,"height":600,"url":"https:\/\/ilcrogiuolo.it\/wp-content\/uploads\/2020\/01\/conjunto_3238561.jpg","type":"image\/jpeg"}],"twitter_card":"summary_large_image","twitter_misc":{"Est. reading time":"1 minute"},"schema":{"@context":"https:\/\/schema.org","@graph":[{"@type":"WebPage","@id":"https:\/\/ilcrogiuolo.it\/en\/p\/candle-of-abaluaye-blackor-purple\/","url":"https:\/\/ilcrogiuolo.it\/en\/p\/candle-of-abaluaye-blackor-purple\/","name":"Candle of Abaluay\u00ea Black (or purple) - Il Crogiuolo","isPartOf":{"@id":"https:\/\/ilcrogiuolo.it\/en\/#website"},"primaryImageOfPage":{"@id":"https:\/\/ilcrogiuolo.it\/en\/p\/candle-of-abaluaye-blackor-purple\/#primaryimage"},"image":{"@id":"https:\/\/ilcrogiuolo.it\/en\/p\/candle-of-abaluaye-blackor-purple\/#primaryimage"},"thumbnailUrl":"https:\/\/ilcrogiuolo.it\/wp-content\/uploads\/2020\/01\/RITO-OMOLU.jpg","datePublished":"2020-01-14T18:07:44+00:00","dateModified":"2020-02-13T17:31:48+00:00","description":"Candle of Abaluay\u00ea Black (or purple) Abaluay\u00ea -manifestation of Omul\u00fa, is the Lord of the cimiteries, the dark master of the life beyond, death symbol, but as well of the new life. In the","breadcrumb":{"@id":"https:\/\/ilcrogiuolo.it\/en\/p\/candle-of-abaluaye-blackor-purple\/#breadcrumb"},"inLanguage":"en-US","potentialAction":[{"@type":"ReadAction","target":["https:\/\/ilcrogiuolo.it\/en\/p\/candle-of-abaluaye-blackor-purple\/"]}]},{"@type":"ImageObject","inLanguage":"en-US","@id":"https:\/\/ilcrogiuolo.it\/en\/p\/candle-of-abaluaye-blackor-purple\/#primaryimage","url":"https:\/\/ilcrogiuolo.it\/wp-content\/uploads\/2020\/01\/RITO-OMOLU.jpg","contentUrl":"https:\/\/ilcrogiuolo.it\/wp-content\/uploads\/2020\/01\/RITO-OMOLU.jpg","width":1000,"height":1000},{"@type":"BreadcrumbList","@id":"https:\/\/ilcrogiuolo.it\/en\/p\/candle-of-abaluaye-blackor-purple\/#breadcrumb","itemListElement":[{"@type":"ListItem","position":1,"name":"Home","item":"https:\/\/ilcrogiuolo.it\/en\/"},{"@type":"ListItem","position":2,"name":"Shop","item":"https:\/\/ilcrogiuolo.it\/en\/shop\/"},{"@type":"ListItem","position":3,"name":"Candle of Abaluay\u00ea Black (or purple)"}]},{"@type":"WebSite","@id":"https:\/\/ilcrogiuolo.it\/en\/#website","url":"https:\/\/ilcrogiuolo.it\/en\/","name":"Il Crogiuolo","description":"","publisher":{"@id":"https:\/\/ilcrogiuolo.it\/en\/#organization"},"potentialAction":[{"@type":"SearchAction","target":{"@type":"EntryPoint","urlTemplate":"https:\/\/ilcrogiuolo.it\/en\/?s={search_term_string}"},"query-input":{"@type":"PropertyValueSpecification","valueRequired":true,"valueName":"search_term_string"}}],"inLanguage":"en-US"},{"@type":"Organization","@id":"https:\/\/ilcrogiuolo.it\/en\/#organization","name":"Il Crogiuolo","url":"https:\/\/ilcrogiuolo.it\/en\/","logo":{"@type":"ImageObject","inLanguage":"en-US","@id":"https:\/\/ilcrogiuolo.it\/en\/#\/schema\/logo\/image\/","url":"https:\/\/ilcrogiuolo.it\/wp-content\/uploads\/2020\/04\/logo.png","contentUrl":"https:\/\/ilcrogiuolo.it\/wp-content\/uploads\/2020\/04\/logo.png","width":200,"height":49,"caption":"Il Crogiuolo"},"image":{"@id":"https:\/\/ilcrogiuolo.it\/en\/#\/schema\/logo\/image\/"},"sameAs":["https:\/\/www.facebook.com\/Il-Crogiuolo-681876418491758"]}]}},"_links":{"self":[{"href":"https:\/\/ilcrogiuolo.it\/en\/wp-json\/wp\/v2\/product\/10092","targetHints":{"allow":["GET"]}}],"collection":[{"href":"https:\/\/ilcrogiuolo.it\/en\/wp-json\/wp\/v2\/product"}],"about":[{"href":"https:\/\/ilcrogiuolo.it\/en\/wp-json\/wp\/v2\/types\/product"}],"wp:featuredmedia":[{"embeddable":true,"href":"https:\/\/ilcrogiuolo.it\/en\/wp-json\/wp\/v2\/media\/32635"}],"wp:attachment":[{"href":"https:\/\/ilcrogiuolo.it\/en\/wp-json\/wp\/v2\/media?parent=10092"}],"wp:term":[{"taxonomy":"product_brand","embeddable":true,"href":"https:\/\/ilcrogiuolo.it\/en\/wp-json\/wp\/v2\/product_brand?post=10092"},{"taxonomy":"product_cat","embeddable":true,"href":"https:\/\/ilcrogiuolo.it\/en\/wp-json\/wp\/v2\/product_cat?post=10092"},{"taxonomy":"product_tag","embeddable":true,"href":"https:\/\/ilcrogiuolo.it\/en\/wp-json\/wp\/v2\/product_tag?post=10092"}],"curies":[{"name":"wp","href":"https:\/\/api.w.org\/{rel}","templated":true}]}}