{"id":10087,"date":"2020-01-14T17:03:33","date_gmt":"2020-01-14T18:07:41","guid":{"rendered":"https:\/\/ilcrogiuolo.it\/p\/destranca-tudo-candle-red-and-yellow\/"},"modified":"2020-02-14T09:10:39","modified_gmt":"2020-02-14T08:10:39","slug":"destranca-tudo-candle-red-and-yellow","status":"publish","type":"product","link":"https:\/\/ilcrogiuolo.it\/en\/p\/destranca-tudo-candle-red-and-yellow\/","title":{"rendered":"Destranca Tudo Candle &#8211; Red and yellow"},"content":{"rendered":"<p>This mighty two-colours candle has a double action, it is the candle of Ians\u00e3, Santa Barbara of lightning, one of the three wives of Xang\u00f4.Hot and passionate, Ians\u00e3 is a warrior Orixa&#8217;, brave like a man but beautiful like a queen. This candle is used for the votive offers to this Saint, but it finds its better use in magic. In the study field enhances concentration, it supports learning and improves intellectual productivity: therefore it helps to pass any university exams or in contest. This candle is also very useful for complaints, divorces and legal problems. In fact it allows overcoming them in a short time and with amazing results. It support the success of any business connected with intelligence and stimulates energy. According to the legend, Ians\u00e3 spits fire from her mouth, metaphoric speech; therefore it can also be invoked for all those situations in which the speech is essential. It is therefore suggested for orators, speakers, professors, but also for all those people who can not assert themselves, or are ruled by someone else personality. To obtain better results it is suggested to use it together with the defumadores of Ians\u00e3. Light the candle on a Wednesday, preferably while waning moon. This candle needs to be on for seven days, also light a defumador and say following pray The package includes: 1 candle Sete dias, 1 package of defumadores and using instructions. You can assist the candle with the right Po&#8217;, exe, fluid, mixtures to enhances the effects.<\/p>\n","protected":false},"excerpt":{"rendered":"<p>This mighty two-colours candle has a double action, it is the candle of Ians\u00e3, Santa Barbara of lightning, one of&#8230;<\/p>\n","protected":false},"featured_media":32653,"template":"","meta":{"_acf_changed":false},"product_brand":[],"product_cat":[1547,1210,1199],"product_tag":[],"class_list":{"0":"post-10087","1":"product","2":"type-product","3":"status-publish","4":"has-post-thumbnail","6":"product_cat-conjuntos-kit-with-the-sete-dias-candles","7":"product_cat-afro-brazilian-rituals-saints-items","8":"product_cat-esoteric","10":"first","11":"instock","12":"taxable","13":"shipping-taxable","14":"purchasable","15":"product-type-simple","16":"add-to-wishlist-before_image"},"acf":[],"yoast_head":"<!-- This site is optimized with the Yoast SEO plugin v26.9 - https:\/\/yoast.com\/product\/yoast-seo-wordpress\/ -->\n<title>Destranca Tudo Candle - Red and yellow - Il Crogiuolo<\/title>\n<meta name=\"description\" content=\"Destranca Tudo Candle - Red and yellow This mighty two-colours candle has a double action, it is the candle of Ians\u00e3, Santa Barbara of lightning, one of the three wives of Xang\u00f4.Hot and\" \/>\n<meta name=\"robots\" content=\"index, follow, max-snippet:-1, max-image-preview:large, max-video-preview:-1\" \/>\n<link rel=\"canonical\" href=\"https:\/\/ilcrogiuolo.it\/en\/p\/destranca-tudo-candle-red-and-yellow\/\" \/>\n<meta property=\"og:locale\" content=\"en_US\" \/>\n<meta property=\"og:type\" content=\"article\" \/>\n<meta property=\"og:title\" content=\"Destranca Tudo Candle - Red and yellow - Il Crogiuolo\" \/>\n<meta property=\"og:description\" content=\"Destranca Tudo Candle - Red and yellow This mighty two-colours candle has a double action, it is the candle of Ians\u00e3, Santa Barbara of lightning, one of the three wives of Xang\u00f4.Hot and\" \/>\n<meta property=\"og:url\" content=\"https:\/\/ilcrogiuolo.it\/en\/p\/destranca-tudo-candle-red-and-yellow\/\" \/>\n<meta property=\"og:site_name\" content=\"Il Crogiuolo\" \/>\n<meta property=\"article:publisher\" content=\"https:\/\/www.facebook.com\/Il-Crogiuolo-681876418491758\" \/>\n<meta property=\"article:modified_time\" content=\"2020-02-14T08:10:39+00:00\" \/>\n<meta property=\"og:image\" content=\"https:\/\/ilcrogiuolo.it\/wp-content\/uploads\/2020\/01\/conjunto_9362827.jpg\" \/>\n\t<meta property=\"og:image:width\" content=\"627\" \/>\n\t<meta property=\"og:image:height\" content=\"600\" \/>\n\t<meta property=\"og:image:type\" content=\"image\/jpeg\" \/>\n<meta name=\"twitter:card\" content=\"summary_large_image\" \/>\n<meta name=\"twitter:label1\" content=\"Est. reading time\" \/>\n\t<meta name=\"twitter:data1\" content=\"1 minute\" \/>\n<script type=\"application\/ld+json\" class=\"yoast-schema-graph\">{\"@context\":\"https:\/\/schema.org\",\"@graph\":[{\"@type\":\"WebPage\",\"@id\":\"https:\/\/ilcrogiuolo.it\/en\/p\/destranca-tudo-candle-red-and-yellow\/\",\"url\":\"https:\/\/ilcrogiuolo.it\/en\/p\/destranca-tudo-candle-red-and-yellow\/\",\"name\":\"Destranca Tudo Candle - Red and yellow - Il Crogiuolo\",\"isPartOf\":{\"@id\":\"https:\/\/ilcrogiuolo.it\/en\/#website\"},\"primaryImageOfPage\":{\"@id\":\"https:\/\/ilcrogiuolo.it\/en\/p\/destranca-tudo-candle-red-and-yellow\/#primaryimage\"},\"image\":{\"@id\":\"https:\/\/ilcrogiuolo.it\/en\/p\/destranca-tudo-candle-red-and-yellow\/#primaryimage\"},\"thumbnailUrl\":\"https:\/\/ilcrogiuolo.it\/wp-content\/uploads\/2020\/01\/IANSA.jpg\",\"datePublished\":\"2020-01-14T18:07:41+00:00\",\"dateModified\":\"2020-02-14T08:10:39+00:00\",\"description\":\"Destranca Tudo Candle - Red and yellow This mighty two-colours candle has a double action, it is the candle of Ians\u00e3, Santa Barbara of lightning, one of the three wives of Xang\u00f4.Hot and\",\"breadcrumb\":{\"@id\":\"https:\/\/ilcrogiuolo.it\/en\/p\/destranca-tudo-candle-red-and-yellow\/#breadcrumb\"},\"inLanguage\":\"en-US\",\"potentialAction\":[{\"@type\":\"ReadAction\",\"target\":[\"https:\/\/ilcrogiuolo.it\/en\/p\/destranca-tudo-candle-red-and-yellow\/\"]}]},{\"@type\":\"ImageObject\",\"inLanguage\":\"en-US\",\"@id\":\"https:\/\/ilcrogiuolo.it\/en\/p\/destranca-tudo-candle-red-and-yellow\/#primaryimage\",\"url\":\"https:\/\/ilcrogiuolo.it\/wp-content\/uploads\/2020\/01\/IANSA.jpg\",\"contentUrl\":\"https:\/\/ilcrogiuolo.it\/wp-content\/uploads\/2020\/01\/IANSA.jpg\",\"width\":1000,\"height\":1000},{\"@type\":\"BreadcrumbList\",\"@id\":\"https:\/\/ilcrogiuolo.it\/en\/p\/destranca-tudo-candle-red-and-yellow\/#breadcrumb\",\"itemListElement\":[{\"@type\":\"ListItem\",\"position\":1,\"name\":\"Home\",\"item\":\"https:\/\/ilcrogiuolo.it\/en\/\"},{\"@type\":\"ListItem\",\"position\":2,\"name\":\"Shop\",\"item\":\"https:\/\/ilcrogiuolo.it\/en\/shop\/\"},{\"@type\":\"ListItem\",\"position\":3,\"name\":\"Destranca Tudo Candle &#8211; Red and yellow\"}]},{\"@type\":\"WebSite\",\"@id\":\"https:\/\/ilcrogiuolo.it\/en\/#website\",\"url\":\"https:\/\/ilcrogiuolo.it\/en\/\",\"name\":\"Il Crogiuolo\",\"description\":\"\",\"publisher\":{\"@id\":\"https:\/\/ilcrogiuolo.it\/en\/#organization\"},\"potentialAction\":[{\"@type\":\"SearchAction\",\"target\":{\"@type\":\"EntryPoint\",\"urlTemplate\":\"https:\/\/ilcrogiuolo.it\/en\/?s={search_term_string}\"},\"query-input\":{\"@type\":\"PropertyValueSpecification\",\"valueRequired\":true,\"valueName\":\"search_term_string\"}}],\"inLanguage\":\"en-US\"},{\"@type\":\"Organization\",\"@id\":\"https:\/\/ilcrogiuolo.it\/en\/#organization\",\"name\":\"Il Crogiuolo\",\"url\":\"https:\/\/ilcrogiuolo.it\/en\/\",\"logo\":{\"@type\":\"ImageObject\",\"inLanguage\":\"en-US\",\"@id\":\"https:\/\/ilcrogiuolo.it\/en\/#\/schema\/logo\/image\/\",\"url\":\"https:\/\/ilcrogiuolo.it\/wp-content\/uploads\/2020\/04\/logo.png\",\"contentUrl\":\"https:\/\/ilcrogiuolo.it\/wp-content\/uploads\/2020\/04\/logo.png\",\"width\":200,\"height\":49,\"caption\":\"Il Crogiuolo\"},\"image\":{\"@id\":\"https:\/\/ilcrogiuolo.it\/en\/#\/schema\/logo\/image\/\"},\"sameAs\":[\"https:\/\/www.facebook.com\/Il-Crogiuolo-681876418491758\"]}]}<\/script>\n<!-- \/ Yoast SEO plugin. -->","yoast_head_json":{"title":"Destranca Tudo Candle - Red and yellow - Il Crogiuolo","description":"Destranca Tudo Candle - Red and yellow This mighty two-colours candle has a double action, it is the candle of Ians\u00e3, Santa Barbara of lightning, one of the three wives of Xang\u00f4.Hot and","robots":{"index":"index","follow":"follow","max-snippet":"max-snippet:-1","max-image-preview":"max-image-preview:large","max-video-preview":"max-video-preview:-1"},"canonical":"https:\/\/ilcrogiuolo.it\/en\/p\/destranca-tudo-candle-red-and-yellow\/","og_locale":"en_US","og_type":"article","og_title":"Destranca Tudo Candle - Red and yellow - Il Crogiuolo","og_description":"Destranca Tudo Candle - Red and yellow This mighty two-colours candle has a double action, it is the candle of Ians\u00e3, Santa Barbara of lightning, one of the three wives of Xang\u00f4.Hot and","og_url":"https:\/\/ilcrogiuolo.it\/en\/p\/destranca-tudo-candle-red-and-yellow\/","og_site_name":"Il Crogiuolo","article_publisher":"https:\/\/www.facebook.com\/Il-Crogiuolo-681876418491758","article_modified_time":"2020-02-14T08:10:39+00:00","og_image":[{"width":627,"height":600,"url":"https:\/\/ilcrogiuolo.it\/wp-content\/uploads\/2020\/01\/conjunto_9362827.jpg","type":"image\/jpeg"}],"twitter_card":"summary_large_image","twitter_misc":{"Est. reading time":"1 minute"},"schema":{"@context":"https:\/\/schema.org","@graph":[{"@type":"WebPage","@id":"https:\/\/ilcrogiuolo.it\/en\/p\/destranca-tudo-candle-red-and-yellow\/","url":"https:\/\/ilcrogiuolo.it\/en\/p\/destranca-tudo-candle-red-and-yellow\/","name":"Destranca Tudo Candle - Red and yellow - Il Crogiuolo","isPartOf":{"@id":"https:\/\/ilcrogiuolo.it\/en\/#website"},"primaryImageOfPage":{"@id":"https:\/\/ilcrogiuolo.it\/en\/p\/destranca-tudo-candle-red-and-yellow\/#primaryimage"},"image":{"@id":"https:\/\/ilcrogiuolo.it\/en\/p\/destranca-tudo-candle-red-and-yellow\/#primaryimage"},"thumbnailUrl":"https:\/\/ilcrogiuolo.it\/wp-content\/uploads\/2020\/01\/IANSA.jpg","datePublished":"2020-01-14T18:07:41+00:00","dateModified":"2020-02-14T08:10:39+00:00","description":"Destranca Tudo Candle - Red and yellow This mighty two-colours candle has a double action, it is the candle of Ians\u00e3, Santa Barbara of lightning, one of the three wives of Xang\u00f4.Hot and","breadcrumb":{"@id":"https:\/\/ilcrogiuolo.it\/en\/p\/destranca-tudo-candle-red-and-yellow\/#breadcrumb"},"inLanguage":"en-US","potentialAction":[{"@type":"ReadAction","target":["https:\/\/ilcrogiuolo.it\/en\/p\/destranca-tudo-candle-red-and-yellow\/"]}]},{"@type":"ImageObject","inLanguage":"en-US","@id":"https:\/\/ilcrogiuolo.it\/en\/p\/destranca-tudo-candle-red-and-yellow\/#primaryimage","url":"https:\/\/ilcrogiuolo.it\/wp-content\/uploads\/2020\/01\/IANSA.jpg","contentUrl":"https:\/\/ilcrogiuolo.it\/wp-content\/uploads\/2020\/01\/IANSA.jpg","width":1000,"height":1000},{"@type":"BreadcrumbList","@id":"https:\/\/ilcrogiuolo.it\/en\/p\/destranca-tudo-candle-red-and-yellow\/#breadcrumb","itemListElement":[{"@type":"ListItem","position":1,"name":"Home","item":"https:\/\/ilcrogiuolo.it\/en\/"},{"@type":"ListItem","position":2,"name":"Shop","item":"https:\/\/ilcrogiuolo.it\/en\/shop\/"},{"@type":"ListItem","position":3,"name":"Destranca Tudo Candle &#8211; Red and yellow"}]},{"@type":"WebSite","@id":"https:\/\/ilcrogiuolo.it\/en\/#website","url":"https:\/\/ilcrogiuolo.it\/en\/","name":"Il Crogiuolo","description":"","publisher":{"@id":"https:\/\/ilcrogiuolo.it\/en\/#organization"},"potentialAction":[{"@type":"SearchAction","target":{"@type":"EntryPoint","urlTemplate":"https:\/\/ilcrogiuolo.it\/en\/?s={search_term_string}"},"query-input":{"@type":"PropertyValueSpecification","valueRequired":true,"valueName":"search_term_string"}}],"inLanguage":"en-US"},{"@type":"Organization","@id":"https:\/\/ilcrogiuolo.it\/en\/#organization","name":"Il Crogiuolo","url":"https:\/\/ilcrogiuolo.it\/en\/","logo":{"@type":"ImageObject","inLanguage":"en-US","@id":"https:\/\/ilcrogiuolo.it\/en\/#\/schema\/logo\/image\/","url":"https:\/\/ilcrogiuolo.it\/wp-content\/uploads\/2020\/04\/logo.png","contentUrl":"https:\/\/ilcrogiuolo.it\/wp-content\/uploads\/2020\/04\/logo.png","width":200,"height":49,"caption":"Il Crogiuolo"},"image":{"@id":"https:\/\/ilcrogiuolo.it\/en\/#\/schema\/logo\/image\/"},"sameAs":["https:\/\/www.facebook.com\/Il-Crogiuolo-681876418491758"]}]}},"_links":{"self":[{"href":"https:\/\/ilcrogiuolo.it\/en\/wp-json\/wp\/v2\/product\/10087","targetHints":{"allow":["GET"]}}],"collection":[{"href":"https:\/\/ilcrogiuolo.it\/en\/wp-json\/wp\/v2\/product"}],"about":[{"href":"https:\/\/ilcrogiuolo.it\/en\/wp-json\/wp\/v2\/types\/product"}],"wp:featuredmedia":[{"embeddable":true,"href":"https:\/\/ilcrogiuolo.it\/en\/wp-json\/wp\/v2\/media\/32653"}],"wp:attachment":[{"href":"https:\/\/ilcrogiuolo.it\/en\/wp-json\/wp\/v2\/media?parent=10087"}],"wp:term":[{"taxonomy":"product_brand","embeddable":true,"href":"https:\/\/ilcrogiuolo.it\/en\/wp-json\/wp\/v2\/product_brand?post=10087"},{"taxonomy":"product_cat","embeddable":true,"href":"https:\/\/ilcrogiuolo.it\/en\/wp-json\/wp\/v2\/product_cat?post=10087"},{"taxonomy":"product_tag","embeddable":true,"href":"https:\/\/ilcrogiuolo.it\/en\/wp-json\/wp\/v2\/product_tag?post=10087"}],"curies":[{"name":"wp","href":"https:\/\/api.w.org\/{rel}","templated":true}]}}